{"id":1335,"date":"2023-09-11T14:04:48","date_gmt":"2023-09-11T13:04:48","guid":{"rendered":"https:\/\/www.spottergps.com\/fr\/?page_id=1335"},"modified":"2023-09-11T14:51:20","modified_gmt":"2023-09-11T13:51:20","slug":"comment-puis-je-supprimer-un-spotter","status":"publish","type":"page","link":"https:\/\/www.spottergps.com\/fr\/faq\/produits-et-functionnalites\/comment-puis-je-supprimer-un-spotter\/","title":{"rendered":"Comment puis-je supprimer un Spotter\u00a0?"},"content":{"rendered":"\n<p>Vous pouvez supprimer le Spotter en suivant ces \u00e9tapes. Pour des raisons de confidentialit\u00e9 (GDPR), nous ne pouvons pas le faire pour vous.<\/p>\n\n\n\n<ul class=\"wp-block-list\">\n<li><a href=\"https:\/\/my.spottergps.com\/SpotterApp\/index.html#login\" data-type=\"URL\" data-id=\"https:\/\/my.spottergps.com\/SpotterApp\/index.html#login\">Connectez-vous<\/a> \u00e0 votre compte en ligne ici.<\/li>\n\n\n\n<li>Allez dans \u00ab\u00a0Accueil\u00a0\u00bb dans le menu.<\/li>\n\n\n\n<li>S\u00e9lectionnez le Spotter sur la carte.<\/li>\n\n\n\n<li>Cliquez sur le Spotter et allez dans \u00ab\u00a0Param\u00e8tres\u00a0\u00bb.<\/li>\n\n\n\n<li>Cliquez sur \u00ab\u00a0supprimer le syst\u00e8me du compte\u00a0\u00bb.<\/li>\n\n\n\n<li>Cliquez ensuite \u00e0 nouveau sur \u00ab\u00a0supprimer\u00a0\u00bb si vous \u00eates s\u00fbr.<\/li>\n\n\n\n<li>Le Spotter a maintenant \u00e9t\u00e9 supprim\u00e9 du compte.<\/li>\n<\/ul>\n","protected":false},"excerpt":{"rendered":"<p>Vous pouvez supprimer le Spotter en suivant ces \u00e9tapes. Pour des raisons de confidentialit\u00e9 (GDPR), nous ne pouvons pas le faire pour vous.<\/p>\n","protected":false},"author":8,"featured_media":0,"parent":1182,"menu_order":0,"comment_status":"closed","ping_status":"closed","template":"faq-content.php","meta":{"_acf_changed":false,"footnotes":""},"categories":[],"tags":[],"class_list":["post-1335","page","type-page","status-publish","hentry"],"acf":[],"yoast_head":"<!-- This site is optimized with the Yoast SEO plugin v25.9 - https:\/\/yoast.com\/wordpress\/plugins\/seo\/ -->\n<title>Comment puis-je supprimer un Spotter\u00a0? - Spotter France<\/title>\n<meta name=\"robots\" content=\"index, follow, max-snippet:-1, max-image-preview:large, max-video-preview:-1\" \/>\n<link rel=\"canonical\" href=\"https:\/\/www.spottergps.com\/fr\/faq\/produits-et-functionnalites\/comment-puis-je-supprimer-un-spotter\/\" \/>\n<meta property=\"og:locale\" content=\"fr_FR\" \/>\n<meta property=\"og:type\" content=\"article\" \/>\n<meta property=\"og:title\" content=\"Comment puis-je supprimer un Spotter\u00a0? - Spotter France\" \/>\n<meta property=\"og:description\" content=\"Vous pouvez supprimer le Spotter en suivant ces \u00e9tapes. Pour des raisons de confidentialit\u00e9 (GDPR), nous ne pouvons pas le faire pour vous.\" \/>\n<meta property=\"og:url\" content=\"https:\/\/www.spottergps.com\/fr\/faq\/produits-et-functionnalites\/comment-puis-je-supprimer-un-spotter\/\" \/>\n<meta property=\"og:site_name\" content=\"Spotter France\" \/>\n<meta property=\"article:modified_time\" content=\"2023-09-11T13:51:20+00:00\" \/>\n<meta name=\"twitter:card\" content=\"summary_large_image\" \/>\n<script type=\"application\/ld+json\" class=\"yoast-schema-graph\">{\"@context\":\"https:\/\/schema.org\",\"@graph\":[{\"@type\":\"WebPage\",\"@id\":\"https:\/\/www.spottergps.com\/fr\/faq\/produits-et-functionnalites\/comment-puis-je-supprimer-un-spotter\/\",\"url\":\"https:\/\/www.spottergps.com\/fr\/faq\/produits-et-functionnalites\/comment-puis-je-supprimer-un-spotter\/\",\"name\":\"Comment puis-je supprimer un Spotter\u00a0? - Spotter France\",\"isPartOf\":{\"@id\":\"https:\/\/www.spottergps.com\/fr\/#website\"},\"datePublished\":\"2023-09-11T13:04:48+00:00\",\"dateModified\":\"2023-09-11T13:51:20+00:00\",\"breadcrumb\":{\"@id\":\"https:\/\/www.spottergps.com\/fr\/faq\/produits-et-functionnalites\/comment-puis-je-supprimer-un-spotter\/#breadcrumb\"},\"inLanguage\":\"fr-FR\",\"potentialAction\":[{\"@type\":\"ReadAction\",\"target\":[\"https:\/\/www.spottergps.com\/fr\/faq\/produits-et-functionnalites\/comment-puis-je-supprimer-un-spotter\/\"]}]},{\"@type\":\"BreadcrumbList\",\"@id\":\"https:\/\/www.spottergps.com\/fr\/faq\/produits-et-functionnalites\/comment-puis-je-supprimer-un-spotter\/#breadcrumb\",\"itemListElement\":[{\"@type\":\"ListItem\",\"position\":1,\"name\":\"Home\",\"item\":\"https:\/\/www.spottergps.com\/fr\/\"},{\"@type\":\"ListItem\",\"position\":2,\"name\":\"Comment pouvons-nous vous aider?\",\"item\":\"https:\/\/www.spottergps.com\/fr\/faq\/\"},{\"@type\":\"ListItem\",\"position\":3,\"name\":\"Produits et functionnalit\u00e9s\",\"item\":\"https:\/\/www.spottergps.com\/fr\/faq\/produits-et-functionnalites\/\"},{\"@type\":\"ListItem\",\"position\":4,\"name\":\"Comment puis-je supprimer un Spotter\u00a0?\"}]},{\"@type\":\"WebSite\",\"@id\":\"https:\/\/www.spottergps.com\/fr\/#website\",\"url\":\"https:\/\/www.spottergps.com\/fr\/\",\"name\":\"Spotter France\",\"description\":\"Een andere Spotter websites site\",\"potentialAction\":[{\"@type\":\"SearchAction\",\"target\":{\"@type\":\"EntryPoint\",\"urlTemplate\":\"https:\/\/www.spottergps.com\/fr\/?s={search_term_string}\"},\"query-input\":{\"@type\":\"PropertyValueSpecification\",\"valueRequired\":true,\"valueName\":\"search_term_string\"}}],\"inLanguage\":\"fr-FR\"}]}<\/script>\n<!-- \/ Yoast SEO plugin. -->","yoast_head_json":{"title":"Comment puis-je supprimer un Spotter\u00a0? - Spotter France","robots":{"index":"index","follow":"follow","max-snippet":"max-snippet:-1","max-image-preview":"max-image-preview:large","max-video-preview":"max-video-preview:-1"},"canonical":"https:\/\/www.spottergps.com\/fr\/faq\/produits-et-functionnalites\/comment-puis-je-supprimer-un-spotter\/","og_locale":"fr_FR","og_type":"article","og_title":"Comment puis-je supprimer un Spotter\u00a0? - Spotter France","og_description":"Vous pouvez supprimer le Spotter en suivant ces \u00e9tapes. Pour des raisons de confidentialit\u00e9 (GDPR), nous ne pouvons pas le faire pour vous.","og_url":"https:\/\/www.spottergps.com\/fr\/faq\/produits-et-functionnalites\/comment-puis-je-supprimer-un-spotter\/","og_site_name":"Spotter France","article_modified_time":"2023-09-11T13:51:20+00:00","twitter_card":"summary_large_image","schema":{"@context":"https:\/\/schema.org","@graph":[{"@type":"WebPage","@id":"https:\/\/www.spottergps.com\/fr\/faq\/produits-et-functionnalites\/comment-puis-je-supprimer-un-spotter\/","url":"https:\/\/www.spottergps.com\/fr\/faq\/produits-et-functionnalites\/comment-puis-je-supprimer-un-spotter\/","name":"Comment puis-je supprimer un Spotter\u00a0? - Spotter France","isPartOf":{"@id":"https:\/\/www.spottergps.com\/fr\/#website"},"datePublished":"2023-09-11T13:04:48+00:00","dateModified":"2023-09-11T13:51:20+00:00","breadcrumb":{"@id":"https:\/\/www.spottergps.com\/fr\/faq\/produits-et-functionnalites\/comment-puis-je-supprimer-un-spotter\/#breadcrumb"},"inLanguage":"fr-FR","potentialAction":[{"@type":"ReadAction","target":["https:\/\/www.spottergps.com\/fr\/faq\/produits-et-functionnalites\/comment-puis-je-supprimer-un-spotter\/"]}]},{"@type":"BreadcrumbList","@id":"https:\/\/www.spottergps.com\/fr\/faq\/produits-et-functionnalites\/comment-puis-je-supprimer-un-spotter\/#breadcrumb","itemListElement":[{"@type":"ListItem","position":1,"name":"Home","item":"https:\/\/www.spottergps.com\/fr\/"},{"@type":"ListItem","position":2,"name":"Comment pouvons-nous vous aider?","item":"https:\/\/www.spottergps.com\/fr\/faq\/"},{"@type":"ListItem","position":3,"name":"Produits et functionnalit\u00e9s","item":"https:\/\/www.spottergps.com\/fr\/faq\/produits-et-functionnalites\/"},{"@type":"ListItem","position":4,"name":"Comment puis-je supprimer un Spotter\u00a0?"}]},{"@type":"WebSite","@id":"https:\/\/www.spottergps.com\/fr\/#website","url":"https:\/\/www.spottergps.com\/fr\/","name":"Spotter France","description":"Een andere Spotter websites site","potentialAction":[{"@type":"SearchAction","target":{"@type":"EntryPoint","urlTemplate":"https:\/\/www.spottergps.com\/fr\/?s={search_term_string}"},"query-input":{"@type":"PropertyValueSpecification","valueRequired":true,"valueName":"search_term_string"}}],"inLanguage":"fr-FR"}]}},"_links":{"self":[{"href":"https:\/\/www.spottergps.com\/fr\/wp-json\/wp\/v2\/pages\/1335","targetHints":{"allow":["GET"]}}],"collection":[{"href":"https:\/\/www.spottergps.com\/fr\/wp-json\/wp\/v2\/pages"}],"about":[{"href":"https:\/\/www.spottergps.com\/fr\/wp-json\/wp\/v2\/types\/page"}],"author":[{"embeddable":true,"href":"https:\/\/www.spottergps.com\/fr\/wp-json\/wp\/v2\/users\/8"}],"replies":[{"embeddable":true,"href":"https:\/\/www.spottergps.com\/fr\/wp-json\/wp\/v2\/comments?post=1335"}],"version-history":[{"count":3,"href":"https:\/\/www.spottergps.com\/fr\/wp-json\/wp\/v2\/pages\/1335\/revisions"}],"predecessor-version":[{"id":1367,"href":"https:\/\/www.spottergps.com\/fr\/wp-json\/wp\/v2\/pages\/1335\/revisions\/1367"}],"up":[{"embeddable":true,"href":"https:\/\/www.spottergps.com\/fr\/wp-json\/wp\/v2\/pages\/1182"}],"wp:attachment":[{"href":"https:\/\/www.spottergps.com\/fr\/wp-json\/wp\/v2\/media?parent=1335"}],"wp:term":[{"taxonomy":"category","embeddable":true,"href":"https:\/\/www.spottergps.com\/fr\/wp-json\/wp\/v2\/categories?post=1335"},{"taxonomy":"post_tag","embeddable":true,"href":"https:\/\/www.spottergps.com\/fr\/wp-json\/wp\/v2\/tags?post=1335"}],"curies":[{"name":"wp","href":"https:\/\/api.w.org\/{rel}","templated":true}]}}