{"id":1333,"date":"2023-09-11T14:01:53","date_gmt":"2023-09-11T13:01:53","guid":{"rendered":"https:\/\/www.spottergps.com\/fr\/?page_id=1333"},"modified":"2023-09-11T14:01:54","modified_gmt":"2023-09-11T13:01:54","slug":"le-spotter-est-il-equipe-dune-carte-sim","status":"publish","type":"page","link":"https:\/\/www.spottergps.com\/fr\/faq\/produits-et-functionnalites\/le-spotter-est-il-equipe-dune-carte-sim\/","title":{"rendered":"Le Spotter est-il \u00e9quip\u00e9 d&rsquo;une carte SIM ?"},"content":{"rendered":"\n<p><span lang=\"fr\" style=\"font-family: 'Aller',serif;color: #222222\">Les produits sont \u00e9quip\u00e9s d&rsquo;une carte SIM d&rsquo; itin\u00e9rance s\u00e9curis\u00e9e int\u00e9gr\u00e9e, qui garantit que le Spotter fonctionne dans toute l&rsquo;Europe sur tous les r\u00e9seaux mobiles disponibles sans frais suppl\u00e9mentaires. Les produits fonctionnent \u00e9galement sur tous les r\u00e9seaux mobiles disponibles aux Pays-Bas. <br \/><br \/>La raison en est que nous ne voulons pas d\u00e9pendre de la couverture r\u00e9seau d&rsquo;un seul op\u00e9rateur mobile dans un pays (ou une r\u00e9gion), mais que les produits choisissent toujours le meilleur r\u00e9seau mobile disponible, quel que soit l&rsquo;op\u00e9rateur mobile. Cela signifie que lorsque vous appelez la Spotter GPS Watch ou la Spotter GPS Tracker, ce sera vers un num\u00e9ro de t\u00e9l\u00e9phone mobile europ\u00e9en pour lequel les frais d&rsquo;appel habituels de votre op\u00e9rateur t\u00e9l\u00e9phonique s&rsquo;appliquent.<\/span><\/p>\n","protected":false},"excerpt":{"rendered":"<p>Les produits sont \u00e9quip\u00e9s d&rsquo;une carte SIM d&rsquo; itin\u00e9rance s\u00e9curis\u00e9e int\u00e9gr\u00e9e, qui garantit que le Spotter fonctionne dans toute l&rsquo;Europe sur tous les r\u00e9seaux mobiles disponibles sans frais suppl\u00e9mentaires. Les produits fonctionnent \u00e9galement sur tous les r\u00e9seaux mobiles disponibles aux Pays-Bas. La raison en est que nous ne voulons pas d\u00e9pendre de la couverture r\u00e9seau [&hellip;]<\/p>\n","protected":false},"author":8,"featured_media":0,"parent":1182,"menu_order":0,"comment_status":"closed","ping_status":"closed","template":"faq-content.php","meta":{"_acf_changed":false,"footnotes":""},"categories":[],"tags":[],"class_list":["post-1333","page","type-page","status-publish","hentry"],"acf":[],"yoast_head":"<!-- This site is optimized with the Yoast SEO plugin v25.9 - https:\/\/yoast.com\/wordpress\/plugins\/seo\/ -->\n<title>Le Spotter est-il \u00e9quip\u00e9 d&#039;une carte SIM ? - Spotter France<\/title>\n<meta name=\"robots\" content=\"index, follow, max-snippet:-1, max-image-preview:large, max-video-preview:-1\" \/>\n<link rel=\"canonical\" href=\"https:\/\/www.spottergps.com\/fr\/faq\/produits-et-functionnalites\/le-spotter-est-il-equipe-dune-carte-sim\/\" \/>\n<meta property=\"og:locale\" content=\"fr_FR\" \/>\n<meta property=\"og:type\" content=\"article\" \/>\n<meta property=\"og:title\" content=\"Le Spotter est-il \u00e9quip\u00e9 d&#039;une carte SIM ? - Spotter France\" \/>\n<meta property=\"og:description\" content=\"Les produits sont \u00e9quip\u00e9s d&rsquo;une carte SIM d&rsquo; itin\u00e9rance s\u00e9curis\u00e9e int\u00e9gr\u00e9e, qui garantit que le Spotter fonctionne dans toute l&rsquo;Europe sur tous les r\u00e9seaux mobiles disponibles sans frais suppl\u00e9mentaires. Les produits fonctionnent \u00e9galement sur tous les r\u00e9seaux mobiles disponibles aux Pays-Bas. La raison en est que nous ne voulons pas d\u00e9pendre de la couverture r\u00e9seau [&hellip;]\" \/>\n<meta property=\"og:url\" content=\"https:\/\/www.spottergps.com\/fr\/faq\/produits-et-functionnalites\/le-spotter-est-il-equipe-dune-carte-sim\/\" \/>\n<meta property=\"og:site_name\" content=\"Spotter France\" \/>\n<meta property=\"article:modified_time\" content=\"2023-09-11T13:01:54+00:00\" \/>\n<meta name=\"twitter:card\" content=\"summary_large_image\" \/>\n<meta name=\"twitter:label1\" content=\"Dur\u00e9e de lecture estim\u00e9e\" \/>\n\t<meta name=\"twitter:data1\" content=\"1 minute\" \/>\n<script type=\"application\/ld+json\" class=\"yoast-schema-graph\">{\"@context\":\"https:\/\/schema.org\",\"@graph\":[{\"@type\":\"WebPage\",\"@id\":\"https:\/\/www.spottergps.com\/fr\/faq\/produits-et-functionnalites\/le-spotter-est-il-equipe-dune-carte-sim\/\",\"url\":\"https:\/\/www.spottergps.com\/fr\/faq\/produits-et-functionnalites\/le-spotter-est-il-equipe-dune-carte-sim\/\",\"name\":\"Le Spotter est-il \u00e9quip\u00e9 d'une carte SIM ? - Spotter France\",\"isPartOf\":{\"@id\":\"https:\/\/www.spottergps.com\/fr\/#website\"},\"datePublished\":\"2023-09-11T13:01:53+00:00\",\"dateModified\":\"2023-09-11T13:01:54+00:00\",\"breadcrumb\":{\"@id\":\"https:\/\/www.spottergps.com\/fr\/faq\/produits-et-functionnalites\/le-spotter-est-il-equipe-dune-carte-sim\/#breadcrumb\"},\"inLanguage\":\"fr-FR\",\"potentialAction\":[{\"@type\":\"ReadAction\",\"target\":[\"https:\/\/www.spottergps.com\/fr\/faq\/produits-et-functionnalites\/le-spotter-est-il-equipe-dune-carte-sim\/\"]}]},{\"@type\":\"BreadcrumbList\",\"@id\":\"https:\/\/www.spottergps.com\/fr\/faq\/produits-et-functionnalites\/le-spotter-est-il-equipe-dune-carte-sim\/#breadcrumb\",\"itemListElement\":[{\"@type\":\"ListItem\",\"position\":1,\"name\":\"Home\",\"item\":\"https:\/\/www.spottergps.com\/fr\/\"},{\"@type\":\"ListItem\",\"position\":2,\"name\":\"Comment pouvons-nous vous aider?\",\"item\":\"https:\/\/www.spottergps.com\/fr\/faq\/\"},{\"@type\":\"ListItem\",\"position\":3,\"name\":\"Produits et functionnalit\u00e9s\",\"item\":\"https:\/\/www.spottergps.com\/fr\/faq\/produits-et-functionnalites\/\"},{\"@type\":\"ListItem\",\"position\":4,\"name\":\"Le Spotter est-il \u00e9quip\u00e9 d&rsquo;une carte SIM ?\"}]},{\"@type\":\"WebSite\",\"@id\":\"https:\/\/www.spottergps.com\/fr\/#website\",\"url\":\"https:\/\/www.spottergps.com\/fr\/\",\"name\":\"Spotter France\",\"description\":\"Een andere Spotter websites site\",\"potentialAction\":[{\"@type\":\"SearchAction\",\"target\":{\"@type\":\"EntryPoint\",\"urlTemplate\":\"https:\/\/www.spottergps.com\/fr\/?s={search_term_string}\"},\"query-input\":{\"@type\":\"PropertyValueSpecification\",\"valueRequired\":true,\"valueName\":\"search_term_string\"}}],\"inLanguage\":\"fr-FR\"}]}<\/script>\n<!-- \/ Yoast SEO plugin. -->","yoast_head_json":{"title":"Le Spotter est-il \u00e9quip\u00e9 d'une carte SIM ? - Spotter France","robots":{"index":"index","follow":"follow","max-snippet":"max-snippet:-1","max-image-preview":"max-image-preview:large","max-video-preview":"max-video-preview:-1"},"canonical":"https:\/\/www.spottergps.com\/fr\/faq\/produits-et-functionnalites\/le-spotter-est-il-equipe-dune-carte-sim\/","og_locale":"fr_FR","og_type":"article","og_title":"Le Spotter est-il \u00e9quip\u00e9 d'une carte SIM ? - Spotter France","og_description":"Les produits sont \u00e9quip\u00e9s d&rsquo;une carte SIM d&rsquo; itin\u00e9rance s\u00e9curis\u00e9e int\u00e9gr\u00e9e, qui garantit que le Spotter fonctionne dans toute l&rsquo;Europe sur tous les r\u00e9seaux mobiles disponibles sans frais suppl\u00e9mentaires. Les produits fonctionnent \u00e9galement sur tous les r\u00e9seaux mobiles disponibles aux Pays-Bas. La raison en est que nous ne voulons pas d\u00e9pendre de la couverture r\u00e9seau [&hellip;]","og_url":"https:\/\/www.spottergps.com\/fr\/faq\/produits-et-functionnalites\/le-spotter-est-il-equipe-dune-carte-sim\/","og_site_name":"Spotter France","article_modified_time":"2023-09-11T13:01:54+00:00","twitter_card":"summary_large_image","twitter_misc":{"Dur\u00e9e de lecture estim\u00e9e":"1 minute"},"schema":{"@context":"https:\/\/schema.org","@graph":[{"@type":"WebPage","@id":"https:\/\/www.spottergps.com\/fr\/faq\/produits-et-functionnalites\/le-spotter-est-il-equipe-dune-carte-sim\/","url":"https:\/\/www.spottergps.com\/fr\/faq\/produits-et-functionnalites\/le-spotter-est-il-equipe-dune-carte-sim\/","name":"Le Spotter est-il \u00e9quip\u00e9 d'une carte SIM ? - Spotter France","isPartOf":{"@id":"https:\/\/www.spottergps.com\/fr\/#website"},"datePublished":"2023-09-11T13:01:53+00:00","dateModified":"2023-09-11T13:01:54+00:00","breadcrumb":{"@id":"https:\/\/www.spottergps.com\/fr\/faq\/produits-et-functionnalites\/le-spotter-est-il-equipe-dune-carte-sim\/#breadcrumb"},"inLanguage":"fr-FR","potentialAction":[{"@type":"ReadAction","target":["https:\/\/www.spottergps.com\/fr\/faq\/produits-et-functionnalites\/le-spotter-est-il-equipe-dune-carte-sim\/"]}]},{"@type":"BreadcrumbList","@id":"https:\/\/www.spottergps.com\/fr\/faq\/produits-et-functionnalites\/le-spotter-est-il-equipe-dune-carte-sim\/#breadcrumb","itemListElement":[{"@type":"ListItem","position":1,"name":"Home","item":"https:\/\/www.spottergps.com\/fr\/"},{"@type":"ListItem","position":2,"name":"Comment pouvons-nous vous aider?","item":"https:\/\/www.spottergps.com\/fr\/faq\/"},{"@type":"ListItem","position":3,"name":"Produits et functionnalit\u00e9s","item":"https:\/\/www.spottergps.com\/fr\/faq\/produits-et-functionnalites\/"},{"@type":"ListItem","position":4,"name":"Le Spotter est-il \u00e9quip\u00e9 d&rsquo;une carte SIM ?"}]},{"@type":"WebSite","@id":"https:\/\/www.spottergps.com\/fr\/#website","url":"https:\/\/www.spottergps.com\/fr\/","name":"Spotter France","description":"Een andere Spotter websites site","potentialAction":[{"@type":"SearchAction","target":{"@type":"EntryPoint","urlTemplate":"https:\/\/www.spottergps.com\/fr\/?s={search_term_string}"},"query-input":{"@type":"PropertyValueSpecification","valueRequired":true,"valueName":"search_term_string"}}],"inLanguage":"fr-FR"}]}},"_links":{"self":[{"href":"https:\/\/www.spottergps.com\/fr\/wp-json\/wp\/v2\/pages\/1333","targetHints":{"allow":["GET"]}}],"collection":[{"href":"https:\/\/www.spottergps.com\/fr\/wp-json\/wp\/v2\/pages"}],"about":[{"href":"https:\/\/www.spottergps.com\/fr\/wp-json\/wp\/v2\/types\/page"}],"author":[{"embeddable":true,"href":"https:\/\/www.spottergps.com\/fr\/wp-json\/wp\/v2\/users\/8"}],"replies":[{"embeddable":true,"href":"https:\/\/www.spottergps.com\/fr\/wp-json\/wp\/v2\/comments?post=1333"}],"version-history":[{"count":1,"href":"https:\/\/www.spottergps.com\/fr\/wp-json\/wp\/v2\/pages\/1333\/revisions"}],"predecessor-version":[{"id":1334,"href":"https:\/\/www.spottergps.com\/fr\/wp-json\/wp\/v2\/pages\/1333\/revisions\/1334"}],"up":[{"embeddable":true,"href":"https:\/\/www.spottergps.com\/fr\/wp-json\/wp\/v2\/pages\/1182"}],"wp:attachment":[{"href":"https:\/\/www.spottergps.com\/fr\/wp-json\/wp\/v2\/media?parent=1333"}],"wp:term":[{"taxonomy":"category","embeddable":true,"href":"https:\/\/www.spottergps.com\/fr\/wp-json\/wp\/v2\/categories?post=1333"},{"taxonomy":"post_tag","embeddable":true,"href":"https:\/\/www.spottergps.com\/fr\/wp-json\/wp\/v2\/tags?post=1333"}],"curies":[{"name":"wp","href":"https:\/\/api.w.org\/{rel}","templated":true}]}}