{"id":1331,"date":"2023-09-11T14:00:03","date_gmt":"2023-09-11T13:00:03","guid":{"rendered":"https:\/\/www.spottergps.com\/fr\/?page_id=1331"},"modified":"2024-06-17T14:59:12","modified_gmt":"2024-06-17T13:59:12","slug":"combien-de-temps-puis-je-voir-lhistoire","status":"publish","type":"page","link":"https:\/\/www.spottergps.com\/fr\/faq\/produits-et-functionnalites\/combien-de-temps-puis-je-voir-lhistoire\/","title":{"rendered":"Combien de temps puis-je voir l&rsquo;histoire\u00a0?"},"content":{"rendered":"\n<p><span lang=\"fr\" style=\"font-family: 'Aller',serif;color: #222222\">Vous pouvez consulter tous les emplacements pendant 7 jours, apr\u00e8s quoi les donn\u00e9es seront supprim\u00e9es. Vous pouvez consulter l&#8217;emplacement sur l&rsquo;application ou sur le compte en ligne dans la cat\u00e9gorie \u00ab\u00a0historique\u00a0\u00bb.<\/span><\/p>\n","protected":false},"excerpt":{"rendered":"<p>Vous pouvez consulter tous les emplacements pendant 7 jours, apr\u00e8s quoi les donn\u00e9es seront supprim\u00e9es. Vous pouvez consulter l&#8217;emplacement sur l&rsquo;application ou sur le compte en ligne dans la cat\u00e9gorie \u00ab\u00a0historique\u00a0\u00bb.<\/p>\n","protected":false},"author":8,"featured_media":0,"parent":1182,"menu_order":0,"comment_status":"closed","ping_status":"closed","template":"faq-content.php","meta":{"_acf_changed":false,"footnotes":""},"categories":[],"tags":[],"class_list":["post-1331","page","type-page","status-publish","hentry"],"acf":[],"yoast_head":"<!-- This site is optimized with the Yoast SEO plugin v25.9 - https:\/\/yoast.com\/wordpress\/plugins\/seo\/ -->\n<title>Combien de temps puis-je voir l&#039;histoire\u00a0? - Spotter France<\/title>\n<meta name=\"robots\" content=\"index, follow, max-snippet:-1, max-image-preview:large, max-video-preview:-1\" \/>\n<link rel=\"canonical\" href=\"https:\/\/www.spottergps.com\/fr\/faq\/produits-et-functionnalites\/combien-de-temps-puis-je-voir-lhistoire\/\" \/>\n<meta property=\"og:locale\" content=\"fr_FR\" \/>\n<meta property=\"og:type\" content=\"article\" \/>\n<meta property=\"og:title\" content=\"Combien de temps puis-je voir l&#039;histoire\u00a0? - Spotter France\" \/>\n<meta property=\"og:description\" content=\"Vous pouvez consulter tous les emplacements pendant 7 jours, apr\u00e8s quoi les donn\u00e9es seront supprim\u00e9es. Vous pouvez consulter l&#8217;emplacement sur l&rsquo;application ou sur le compte en ligne dans la cat\u00e9gorie \u00ab\u00a0historique\u00a0\u00bb.\" \/>\n<meta property=\"og:url\" content=\"https:\/\/www.spottergps.com\/fr\/faq\/produits-et-functionnalites\/combien-de-temps-puis-je-voir-lhistoire\/\" \/>\n<meta property=\"og:site_name\" content=\"Spotter France\" \/>\n<meta property=\"article:modified_time\" content=\"2024-06-17T13:59:12+00:00\" \/>\n<meta name=\"twitter:card\" content=\"summary_large_image\" \/>\n<meta name=\"twitter:label1\" content=\"Dur\u00e9e de lecture estim\u00e9e\" \/>\n\t<meta name=\"twitter:data1\" content=\"1 minute\" \/>\n<script type=\"application\/ld+json\" class=\"yoast-schema-graph\">{\"@context\":\"https:\/\/schema.org\",\"@graph\":[{\"@type\":\"WebPage\",\"@id\":\"https:\/\/www.spottergps.com\/fr\/faq\/produits-et-functionnalites\/combien-de-temps-puis-je-voir-lhistoire\/\",\"url\":\"https:\/\/www.spottergps.com\/fr\/faq\/produits-et-functionnalites\/combien-de-temps-puis-je-voir-lhistoire\/\",\"name\":\"Combien de temps puis-je voir l'histoire\u00a0? - Spotter France\",\"isPartOf\":{\"@id\":\"https:\/\/www.spottergps.com\/fr\/#website\"},\"datePublished\":\"2023-09-11T13:00:03+00:00\",\"dateModified\":\"2024-06-17T13:59:12+00:00\",\"breadcrumb\":{\"@id\":\"https:\/\/www.spottergps.com\/fr\/faq\/produits-et-functionnalites\/combien-de-temps-puis-je-voir-lhistoire\/#breadcrumb\"},\"inLanguage\":\"fr-FR\",\"potentialAction\":[{\"@type\":\"ReadAction\",\"target\":[\"https:\/\/www.spottergps.com\/fr\/faq\/produits-et-functionnalites\/combien-de-temps-puis-je-voir-lhistoire\/\"]}]},{\"@type\":\"BreadcrumbList\",\"@id\":\"https:\/\/www.spottergps.com\/fr\/faq\/produits-et-functionnalites\/combien-de-temps-puis-je-voir-lhistoire\/#breadcrumb\",\"itemListElement\":[{\"@type\":\"ListItem\",\"position\":1,\"name\":\"Home\",\"item\":\"https:\/\/www.spottergps.com\/fr\/\"},{\"@type\":\"ListItem\",\"position\":2,\"name\":\"Comment pouvons-nous vous aider?\",\"item\":\"https:\/\/www.spottergps.com\/fr\/faq\/\"},{\"@type\":\"ListItem\",\"position\":3,\"name\":\"Produits et functionnalit\u00e9s\",\"item\":\"https:\/\/www.spottergps.com\/fr\/faq\/produits-et-functionnalites\/\"},{\"@type\":\"ListItem\",\"position\":4,\"name\":\"Combien de temps puis-je voir l'histoire\u00a0?\"}]},{\"@type\":\"WebSite\",\"@id\":\"https:\/\/www.spottergps.com\/fr\/#website\",\"url\":\"https:\/\/www.spottergps.com\/fr\/\",\"name\":\"Spotter France\",\"description\":\"Een andere Spotter websites site\",\"potentialAction\":[{\"@type\":\"SearchAction\",\"target\":{\"@type\":\"EntryPoint\",\"urlTemplate\":\"https:\/\/www.spottergps.com\/fr\/?s={search_term_string}\"},\"query-input\":{\"@type\":\"PropertyValueSpecification\",\"valueRequired\":true,\"valueName\":\"search_term_string\"}}],\"inLanguage\":\"fr-FR\"}]}<\/script>\n<!-- \/ Yoast SEO plugin. -->","yoast_head_json":{"title":"Combien de temps puis-je voir l'histoire\u00a0? - Spotter France","robots":{"index":"index","follow":"follow","max-snippet":"max-snippet:-1","max-image-preview":"max-image-preview:large","max-video-preview":"max-video-preview:-1"},"canonical":"https:\/\/www.spottergps.com\/fr\/faq\/produits-et-functionnalites\/combien-de-temps-puis-je-voir-lhistoire\/","og_locale":"fr_FR","og_type":"article","og_title":"Combien de temps puis-je voir l'histoire\u00a0? - Spotter France","og_description":"Vous pouvez consulter tous les emplacements pendant 7 jours, apr\u00e8s quoi les donn\u00e9es seront supprim\u00e9es. Vous pouvez consulter l&#8217;emplacement sur l&rsquo;application ou sur le compte en ligne dans la cat\u00e9gorie \u00ab\u00a0historique\u00a0\u00bb.","og_url":"https:\/\/www.spottergps.com\/fr\/faq\/produits-et-functionnalites\/combien-de-temps-puis-je-voir-lhistoire\/","og_site_name":"Spotter France","article_modified_time":"2024-06-17T13:59:12+00:00","twitter_card":"summary_large_image","twitter_misc":{"Dur\u00e9e de lecture estim\u00e9e":"1 minute"},"schema":{"@context":"https:\/\/schema.org","@graph":[{"@type":"WebPage","@id":"https:\/\/www.spottergps.com\/fr\/faq\/produits-et-functionnalites\/combien-de-temps-puis-je-voir-lhistoire\/","url":"https:\/\/www.spottergps.com\/fr\/faq\/produits-et-functionnalites\/combien-de-temps-puis-je-voir-lhistoire\/","name":"Combien de temps puis-je voir l'histoire\u00a0? - Spotter France","isPartOf":{"@id":"https:\/\/www.spottergps.com\/fr\/#website"},"datePublished":"2023-09-11T13:00:03+00:00","dateModified":"2024-06-17T13:59:12+00:00","breadcrumb":{"@id":"https:\/\/www.spottergps.com\/fr\/faq\/produits-et-functionnalites\/combien-de-temps-puis-je-voir-lhistoire\/#breadcrumb"},"inLanguage":"fr-FR","potentialAction":[{"@type":"ReadAction","target":["https:\/\/www.spottergps.com\/fr\/faq\/produits-et-functionnalites\/combien-de-temps-puis-je-voir-lhistoire\/"]}]},{"@type":"BreadcrumbList","@id":"https:\/\/www.spottergps.com\/fr\/faq\/produits-et-functionnalites\/combien-de-temps-puis-je-voir-lhistoire\/#breadcrumb","itemListElement":[{"@type":"ListItem","position":1,"name":"Home","item":"https:\/\/www.spottergps.com\/fr\/"},{"@type":"ListItem","position":2,"name":"Comment pouvons-nous vous aider?","item":"https:\/\/www.spottergps.com\/fr\/faq\/"},{"@type":"ListItem","position":3,"name":"Produits et functionnalit\u00e9s","item":"https:\/\/www.spottergps.com\/fr\/faq\/produits-et-functionnalites\/"},{"@type":"ListItem","position":4,"name":"Combien de temps puis-je voir l'histoire\u00a0?"}]},{"@type":"WebSite","@id":"https:\/\/www.spottergps.com\/fr\/#website","url":"https:\/\/www.spottergps.com\/fr\/","name":"Spotter France","description":"Een andere Spotter websites site","potentialAction":[{"@type":"SearchAction","target":{"@type":"EntryPoint","urlTemplate":"https:\/\/www.spottergps.com\/fr\/?s={search_term_string}"},"query-input":{"@type":"PropertyValueSpecification","valueRequired":true,"valueName":"search_term_string"}}],"inLanguage":"fr-FR"}]}},"_links":{"self":[{"href":"https:\/\/www.spottergps.com\/fr\/wp-json\/wp\/v2\/pages\/1331","targetHints":{"allow":["GET"]}}],"collection":[{"href":"https:\/\/www.spottergps.com\/fr\/wp-json\/wp\/v2\/pages"}],"about":[{"href":"https:\/\/www.spottergps.com\/fr\/wp-json\/wp\/v2\/types\/page"}],"author":[{"embeddable":true,"href":"https:\/\/www.spottergps.com\/fr\/wp-json\/wp\/v2\/users\/8"}],"replies":[{"embeddable":true,"href":"https:\/\/www.spottergps.com\/fr\/wp-json\/wp\/v2\/comments?post=1331"}],"version-history":[{"count":2,"href":"https:\/\/www.spottergps.com\/fr\/wp-json\/wp\/v2\/pages\/1331\/revisions"}],"predecessor-version":[{"id":1972,"href":"https:\/\/www.spottergps.com\/fr\/wp-json\/wp\/v2\/pages\/1331\/revisions\/1972"}],"up":[{"embeddable":true,"href":"https:\/\/www.spottergps.com\/fr\/wp-json\/wp\/v2\/pages\/1182"}],"wp:attachment":[{"href":"https:\/\/www.spottergps.com\/fr\/wp-json\/wp\/v2\/media?parent=1331"}],"wp:term":[{"taxonomy":"category","embeddable":true,"href":"https:\/\/www.spottergps.com\/fr\/wp-json\/wp\/v2\/categories?post=1331"},{"taxonomy":"post_tag","embeddable":true,"href":"https:\/\/www.spottergps.com\/fr\/wp-json\/wp\/v2\/tags?post=1331"}],"curies":[{"name":"wp","href":"https:\/\/api.w.org\/{rel}","templated":true}]}}