{"id":1327,"date":"2023-09-11T13:53:52","date_gmt":"2023-09-11T12:53:52","guid":{"rendered":"https:\/\/www.spottergps.com\/fr\/?page_id=1327"},"modified":"2024-04-08T09:38:55","modified_gmt":"2024-04-08T08:38:55","slug":"le-spotter-est-il-etanche","status":"publish","type":"page","link":"https:\/\/www.spottergps.com\/fr\/faq\/produits-et-functionnalites\/le-spotter-est-il-etanche\/","title":{"rendered":"Le Spotter est-il \u00e9tanche ?"},"content":{"rendered":"\n<p>Ci-dessous, vous pouvez en savoir plus sur la r\u00e9sistance \u00e0 l&rsquo;eau par produit.<\/p>\n\n\n\n<p><a href=\"https:\/\/shop.spottergps.com\/fr\/spotter%20gps%20tracker.html\" data-type=\"URL\" data-id=\"https:\/\/shop.spottergps.com\/fr\/spotter%20gps%20tracker.html\"><strong>Traceur GPS Spotter Le traceur<\/strong><\/a><br>GPS Spotter est prot\u00e9g\u00e9 contre les <strong>\u00e9claboussures <\/strong>(IP66). Cela signifie que le Spotter peut supporter un peu d&rsquo;eau, mais ne peut pas \u00eatre tenu sous l&rsquo;eau ou sous la douche.<\/p>\n\n\n\n<div class=\"wp-block-group\"><div class=\"wp-block-group__inner-container is-layout-constrained wp-block-group-is-layout-constrained\">\n<p><strong><a data-type=\"URL\" data-id=\"https:\/\/shop.spottergps.com\/fr\/spotter-x10b.html\" href=\"https:\/\/shop.spottergps.com\/fr\/spotter-x10b.html\">Traceur GPS Spotter Le traceur <\/a><\/strong><u><a data-type=\"URL\" data-id=\"https:\/\/shop.spottergps.com\/fr\/spotter-x10b.html\" href=\"https:\/\/shop.spottergps.com\/fr\/spotter-x10b.html\"><strong>X10<\/strong><\/a><\/u><br>Le tracker GPS Spotter X10 est \u00e9tanche (IP67). Cela signifie que le traceur GPS est totalement \u00e9tanche \u00e0 la poussi\u00e8re et qu&rsquo;il peut \u00eatre immerg\u00e9 jusqu&rsquo;\u00e0 1 m\u00e8tre de profondeur. Nous vous d\u00e9conseillons de nager ou de vous doucher avec le traceur GPS.<\/p>\n\n\n\n<p><a href=\"https:\/\/shop.spottergps.com\/fr\/spotter-gps-watch-black2.html\" data-type=\"URL\" data-id=\"https:\/\/shop.spottergps.com\/fr\/spotter-gps-watch-black2.html\"><strong>Montre GPS<\/strong><\/a><br>Spotter La montre GPS Spotter est <strong>\u00e9tanche <\/strong>(IP67). Cela signifie que la montre est compl\u00e8tement \u00e9tanche \u00e0 la poussi\u00e8re et peut \u00eatre immerg\u00e9e jusqu&rsquo;\u00e0 1 m\u00e8tre de profondeur. Nous vous d\u00e9conseillons de nager ou de vous doucher avec la montre.<br><br><a href=\"https:\/\/shop.spottergps.com\/fr\/spotter-gps-watch-air-black.html\" data-type=\"URL\" data-id=\"https:\/\/shop.spottergps.com\/fr\/spotter-gps-watch-air-black.html\"><strong>Montre GPS Spotter Air<\/strong><\/a><br>La montre GPS Spotter est <strong>\u00e9tanche <\/strong>(IP67). Cela signifie que la montre est compl\u00e8tement \u00e9tanche \u00e0 la poussi\u00e8re et peut \u00eatre immerg\u00e9e jusqu&rsquo;\u00e0 1 m\u00e8tre de profondeur. Nous vous d\u00e9conseillons de nager ou de vous doucher avec la montre.<\/p>\n\n\n\n<p><a data-type=\"URL\" data-id=\"https:\/\/shop.spottergps.com\/fr\/pet-spotter-cat-tracker.html\" href=\"https:\/\/shop.spottergps.com\/fr\/pet-spotter-cat-tracker.html\"><strong>Pet Spotter<\/strong><\/a><br>Le Pet Spotter est <strong>\u00e9tanche <\/strong>(IPX7). Cela signifie que le Pet Spotter peut r\u00e9sister \u00e0 une exposition accidentelle \u00e0 l&rsquo;eau jusqu&rsquo;\u00e0 une profondeur de 1 m\u00e8tre pendant un maximum de 30 minutes.<br><br><strong><a href=\"https:\/\/shop.spottergps.com\/fr\/animal-spotter.html\">Animal Spotter<\/a><\/strong><br>L&rsquo;Animal Spotter est \u00e9tanche (IP67). Cela signifie que ce tracker GPS est compl\u00e8tement \u00e9tanche \u00e0 la poussi\u00e8re et peut \u00eatre immerg\u00e9 jusqu&rsquo;\u00e0 1 m\u00e8tre de profondeur. Nous d\u00e9conseillons de nager ou de se doucher avec l&rsquo;Animal Spotter.<\/p>\n<\/div><\/div>\n","protected":false},"excerpt":{"rendered":"<p>Ci-dessous, vous pouvez en savoir plus sur la r\u00e9sistance \u00e0 l&rsquo;eau par produit. Traceur GPS Spotter Le traceurGPS Spotter est prot\u00e9g\u00e9 contre les \u00e9claboussures (IP66). Cela signifie que le Spotter peut supporter un peu d&rsquo;eau, mais ne peut pas \u00eatre tenu sous l&rsquo;eau ou sous la douche. Traceur GPS Spotter Le traceur X10Le tracker GPS [&hellip;]<\/p>\n","protected":false},"author":8,"featured_media":0,"parent":1182,"menu_order":0,"comment_status":"closed","ping_status":"closed","template":"faq-content.php","meta":{"_acf_changed":false,"footnotes":""},"categories":[],"tags":[],"class_list":["post-1327","page","type-page","status-publish","hentry"],"acf":[],"yoast_head":"<!-- This site is optimized with the Yoast SEO plugin v25.9 - https:\/\/yoast.com\/wordpress\/plugins\/seo\/ -->\n<title>Le Spotter est-il \u00e9tanche ? - Spotter France<\/title>\n<meta name=\"robots\" content=\"index, follow, max-snippet:-1, max-image-preview:large, max-video-preview:-1\" \/>\n<link rel=\"canonical\" href=\"https:\/\/www.spottergps.com\/fr\/faq\/produits-et-functionnalites\/le-spotter-est-il-etanche\/\" \/>\n<meta property=\"og:locale\" content=\"fr_FR\" \/>\n<meta property=\"og:type\" content=\"article\" \/>\n<meta property=\"og:title\" content=\"Le Spotter est-il \u00e9tanche ? - Spotter France\" \/>\n<meta property=\"og:description\" content=\"Ci-dessous, vous pouvez en savoir plus sur la r\u00e9sistance \u00e0 l&rsquo;eau par produit. Traceur GPS Spotter Le traceurGPS Spotter est prot\u00e9g\u00e9 contre les \u00e9claboussures (IP66). Cela signifie que le Spotter peut supporter un peu d&rsquo;eau, mais ne peut pas \u00eatre tenu sous l&rsquo;eau ou sous la douche. Traceur GPS Spotter Le traceur X10Le tracker GPS [&hellip;]\" \/>\n<meta property=\"og:url\" content=\"https:\/\/www.spottergps.com\/fr\/faq\/produits-et-functionnalites\/le-spotter-est-il-etanche\/\" \/>\n<meta property=\"og:site_name\" content=\"Spotter France\" \/>\n<meta property=\"article:modified_time\" content=\"2024-04-08T08:38:55+00:00\" \/>\n<meta name=\"twitter:card\" content=\"summary_large_image\" \/>\n<meta name=\"twitter:label1\" content=\"Dur\u00e9e de lecture estim\u00e9e\" \/>\n\t<meta name=\"twitter:data1\" content=\"2 minutes\" \/>\n<script type=\"application\/ld+json\" class=\"yoast-schema-graph\">{\"@context\":\"https:\/\/schema.org\",\"@graph\":[{\"@type\":\"WebPage\",\"@id\":\"https:\/\/www.spottergps.com\/fr\/faq\/produits-et-functionnalites\/le-spotter-est-il-etanche\/\",\"url\":\"https:\/\/www.spottergps.com\/fr\/faq\/produits-et-functionnalites\/le-spotter-est-il-etanche\/\",\"name\":\"Le Spotter est-il \u00e9tanche ? - Spotter France\",\"isPartOf\":{\"@id\":\"https:\/\/www.spottergps.com\/fr\/#website\"},\"datePublished\":\"2023-09-11T12:53:52+00:00\",\"dateModified\":\"2024-04-08T08:38:55+00:00\",\"breadcrumb\":{\"@id\":\"https:\/\/www.spottergps.com\/fr\/faq\/produits-et-functionnalites\/le-spotter-est-il-etanche\/#breadcrumb\"},\"inLanguage\":\"fr-FR\",\"potentialAction\":[{\"@type\":\"ReadAction\",\"target\":[\"https:\/\/www.spottergps.com\/fr\/faq\/produits-et-functionnalites\/le-spotter-est-il-etanche\/\"]}]},{\"@type\":\"BreadcrumbList\",\"@id\":\"https:\/\/www.spottergps.com\/fr\/faq\/produits-et-functionnalites\/le-spotter-est-il-etanche\/#breadcrumb\",\"itemListElement\":[{\"@type\":\"ListItem\",\"position\":1,\"name\":\"Home\",\"item\":\"https:\/\/www.spottergps.com\/fr\/\"},{\"@type\":\"ListItem\",\"position\":2,\"name\":\"Comment pouvons-nous vous aider?\",\"item\":\"https:\/\/www.spottergps.com\/fr\/faq\/\"},{\"@type\":\"ListItem\",\"position\":3,\"name\":\"Produits et functionnalit\u00e9s\",\"item\":\"https:\/\/www.spottergps.com\/fr\/faq\/produits-et-functionnalites\/\"},{\"@type\":\"ListItem\",\"position\":4,\"name\":\"Le Spotter est-il \u00e9tanche ?\"}]},{\"@type\":\"WebSite\",\"@id\":\"https:\/\/www.spottergps.com\/fr\/#website\",\"url\":\"https:\/\/www.spottergps.com\/fr\/\",\"name\":\"Spotter France\",\"description\":\"Een andere Spotter websites site\",\"potentialAction\":[{\"@type\":\"SearchAction\",\"target\":{\"@type\":\"EntryPoint\",\"urlTemplate\":\"https:\/\/www.spottergps.com\/fr\/?s={search_term_string}\"},\"query-input\":{\"@type\":\"PropertyValueSpecification\",\"valueRequired\":true,\"valueName\":\"search_term_string\"}}],\"inLanguage\":\"fr-FR\"}]}<\/script>\n<!-- \/ Yoast SEO plugin. -->","yoast_head_json":{"title":"Le Spotter est-il \u00e9tanche ? - Spotter France","robots":{"index":"index","follow":"follow","max-snippet":"max-snippet:-1","max-image-preview":"max-image-preview:large","max-video-preview":"max-video-preview:-1"},"canonical":"https:\/\/www.spottergps.com\/fr\/faq\/produits-et-functionnalites\/le-spotter-est-il-etanche\/","og_locale":"fr_FR","og_type":"article","og_title":"Le Spotter est-il \u00e9tanche ? - Spotter France","og_description":"Ci-dessous, vous pouvez en savoir plus sur la r\u00e9sistance \u00e0 l&rsquo;eau par produit. Traceur GPS Spotter Le traceurGPS Spotter est prot\u00e9g\u00e9 contre les \u00e9claboussures (IP66). Cela signifie que le Spotter peut supporter un peu d&rsquo;eau, mais ne peut pas \u00eatre tenu sous l&rsquo;eau ou sous la douche. Traceur GPS Spotter Le traceur X10Le tracker GPS [&hellip;]","og_url":"https:\/\/www.spottergps.com\/fr\/faq\/produits-et-functionnalites\/le-spotter-est-il-etanche\/","og_site_name":"Spotter France","article_modified_time":"2024-04-08T08:38:55+00:00","twitter_card":"summary_large_image","twitter_misc":{"Dur\u00e9e de lecture estim\u00e9e":"2 minutes"},"schema":{"@context":"https:\/\/schema.org","@graph":[{"@type":"WebPage","@id":"https:\/\/www.spottergps.com\/fr\/faq\/produits-et-functionnalites\/le-spotter-est-il-etanche\/","url":"https:\/\/www.spottergps.com\/fr\/faq\/produits-et-functionnalites\/le-spotter-est-il-etanche\/","name":"Le Spotter est-il \u00e9tanche ? - Spotter France","isPartOf":{"@id":"https:\/\/www.spottergps.com\/fr\/#website"},"datePublished":"2023-09-11T12:53:52+00:00","dateModified":"2024-04-08T08:38:55+00:00","breadcrumb":{"@id":"https:\/\/www.spottergps.com\/fr\/faq\/produits-et-functionnalites\/le-spotter-est-il-etanche\/#breadcrumb"},"inLanguage":"fr-FR","potentialAction":[{"@type":"ReadAction","target":["https:\/\/www.spottergps.com\/fr\/faq\/produits-et-functionnalites\/le-spotter-est-il-etanche\/"]}]},{"@type":"BreadcrumbList","@id":"https:\/\/www.spottergps.com\/fr\/faq\/produits-et-functionnalites\/le-spotter-est-il-etanche\/#breadcrumb","itemListElement":[{"@type":"ListItem","position":1,"name":"Home","item":"https:\/\/www.spottergps.com\/fr\/"},{"@type":"ListItem","position":2,"name":"Comment pouvons-nous vous aider?","item":"https:\/\/www.spottergps.com\/fr\/faq\/"},{"@type":"ListItem","position":3,"name":"Produits et functionnalit\u00e9s","item":"https:\/\/www.spottergps.com\/fr\/faq\/produits-et-functionnalites\/"},{"@type":"ListItem","position":4,"name":"Le Spotter est-il \u00e9tanche ?"}]},{"@type":"WebSite","@id":"https:\/\/www.spottergps.com\/fr\/#website","url":"https:\/\/www.spottergps.com\/fr\/","name":"Spotter France","description":"Een andere Spotter websites site","potentialAction":[{"@type":"SearchAction","target":{"@type":"EntryPoint","urlTemplate":"https:\/\/www.spottergps.com\/fr\/?s={search_term_string}"},"query-input":{"@type":"PropertyValueSpecification","valueRequired":true,"valueName":"search_term_string"}}],"inLanguage":"fr-FR"}]}},"_links":{"self":[{"href":"https:\/\/www.spottergps.com\/fr\/wp-json\/wp\/v2\/pages\/1327","targetHints":{"allow":["GET"]}}],"collection":[{"href":"https:\/\/www.spottergps.com\/fr\/wp-json\/wp\/v2\/pages"}],"about":[{"href":"https:\/\/www.spottergps.com\/fr\/wp-json\/wp\/v2\/types\/page"}],"author":[{"embeddable":true,"href":"https:\/\/www.spottergps.com\/fr\/wp-json\/wp\/v2\/users\/8"}],"replies":[{"embeddable":true,"href":"https:\/\/www.spottergps.com\/fr\/wp-json\/wp\/v2\/comments?post=1327"}],"version-history":[{"count":9,"href":"https:\/\/www.spottergps.com\/fr\/wp-json\/wp\/v2\/pages\/1327\/revisions"}],"predecessor-version":[{"id":1876,"href":"https:\/\/www.spottergps.com\/fr\/wp-json\/wp\/v2\/pages\/1327\/revisions\/1876"}],"up":[{"embeddable":true,"href":"https:\/\/www.spottergps.com\/fr\/wp-json\/wp\/v2\/pages\/1182"}],"wp:attachment":[{"href":"https:\/\/www.spottergps.com\/fr\/wp-json\/wp\/v2\/media?parent=1327"}],"wp:term":[{"taxonomy":"category","embeddable":true,"href":"https:\/\/www.spottergps.com\/fr\/wp-json\/wp\/v2\/categories?post=1327"},{"taxonomy":"post_tag","embeddable":true,"href":"https:\/\/www.spottergps.com\/fr\/wp-json\/wp\/v2\/tags?post=1327"}],"curies":[{"name":"wp","href":"https:\/\/api.w.org\/{rel}","templated":true}]}}