{"id":1323,"date":"2023-09-11T13:44:12","date_gmt":"2023-09-11T12:44:12","guid":{"rendered":"https:\/\/www.spottergps.com\/fr\/?page_id=1323"},"modified":"2023-10-30T16:04:53","modified_gmt":"2023-10-30T15:04:53","slug":"ou-puis-je-attacher-mon-spotter","status":"publish","type":"page","link":"https:\/\/www.spottergps.com\/fr\/faq\/produits-et-functionnalites\/ou-puis-je-attacher-mon-spotter\/","title":{"rendered":"O\u00f9 puis-je attacher mon Spotter ?"},"content":{"rendered":"\n<p><span lang=\"fr\" style=\"font-family: 'Aller',serif;color: #222222\">Le <\/span><span lang=\"fr\"><strong><span style=\"font-family: 'Aller',serif;color: #2eb4e7\"><a href=\"https:\/\/shop.spottergps.com\/fr\/spotter%20gps%20tracker.html\" data-type=\"URL\" data-id=\"https:\/\/shop.spottergps.com\/fr\/spotter%20gps%20tracker.html\">Spotter GPS Tracker <\/a><\/span><\/strong><\/span><span lang=\"fr\" style=\"font-family: 'Aller',serif;color: #222222\"><br>est un petit tracker GPS mobile qui peut facilement \u00eatre transport\u00e9. Un clip et une lani\u00e8re sont inclus afin qu&rsquo;il puisse \u00e9galement \u00eatre port\u00e9 autour du cou, par exemple.<\/span><\/p>\n\n\n\n<p><span lang=\"fr\" style=\"font-family: 'Aller',serif;color: #525252\">La <\/span><span lang=\"fr\"><strong><span style=\"font-family: 'Aller',serif;color: #2eb4e7\"><a href=\"https:\/\/shop.spottergps.com\/fr\/spotter-gps-watch-black2.html\" data-type=\"URL\" data-id=\"https:\/\/shop.spottergps.com\/fr\/spotter-gps-watch-black2.html\">Spotter GPS Watch <\/a><\/span><\/strong><\/span><span lang=\"fr\" style=\"font-family: 'Aller',serif;color: #525252\"><br>est une montre et se porte facilement au poignet.<\/span><\/p>\n\n\n\n<p><span lang=\"fr\" style=\"font-family: 'Aller',serif;color: #525252\">La <\/span><span lang=\"fr\"><strong><span style=\"font-family: 'Aller',serif;color: #2eb4e7\"><a href=\"https:\/\/shop.spottergps.com\/fr\/spotter-gps-watch-air-black.html\" data-type=\"URL\" data-id=\"https:\/\/shop.spottergps.com\/fr\/spotter-gps-watch-air-black.html\">montre GPS Spotter &#8211; Air<\/a><\/span><\/strong><\/span><span lang=\"fr\" style=\"font-family: 'Aller',serif;color: #525252\"><br>est une montre et se porte facilement au poignet.<\/span><\/p>\n\n\n\n<p><span lang=\"fr\" style=\"font-family: 'Aller',serif;color: #525252\">Le <\/span><span lang=\"fr\"><strong><span style=\"font-family: 'Aller',serif;color: #2eb4e7\"><a href=\"https:\/\/shop.spottergps.com\/fr\/pet-spotter-dog-tracker.html\" data-type=\"URL\" data-id=\"https:\/\/shop.spottergps.com\/fr\/pet-spotter-dog-tracker.html\">Pet Spotter \u2013 Dog <\/a><\/span><\/strong><\/span><span lang=\"fr\" style=\"font-family: 'Aller',serif;color: #525252\"><br>est le plus petit traceur GPS mobile. Il est livr\u00e9 avec un clip de fixation en m\u00e9tal qui peut facilement \u00eatre attach\u00e9 \u00e0 un collier (plus grand).<\/span><\/p>\n\n\n\n<p><span lang=\"fr\" style=\"font-family: 'Aller',serif;color: #525252\">Le <\/span><span lang=\"fr\"><strong><span style=\"font-family: 'Aller',serif;color: #2eb4e7\"><a href=\"https:\/\/shop.spottergps.com\/fr\/pet-spotter-cat-tracker.html\" data-type=\"URL\" data-id=\"https:\/\/shop.spottergps.com\/fr\/pet-spotter-cat-tracker.html\">Pet Spotter \u2013 Chat<\/a><\/span><\/strong><\/span><span lang=\"fr\" style=\"font-family: 'Aller',serif;color: #525252\">\u00a0<br>Est le plus petit tracker GPS mobile. Il est livr\u00e9 avec un \u00e9tui en silicone qui peut \u00eatre attach\u00e9 \u00e0 un collier de chat (plus \u00e9troit).<\/span><\/p>\n","protected":false},"excerpt":{"rendered":"<p>Le Spotter GPS Tracker est un petit tracker GPS mobile qui peut facilement \u00eatre transport\u00e9. Un clip et une lani\u00e8re sont inclus afin qu&rsquo;il puisse \u00e9galement \u00eatre port\u00e9 autour du cou, par exemple. La Spotter GPS Watch est une montre et se porte facilement au poignet. La montre GPS Spotter &#8211; Airest une montre et [&hellip;]<\/p>\n","protected":false},"author":8,"featured_media":0,"parent":1182,"menu_order":0,"comment_status":"closed","ping_status":"closed","template":"faq-content.php","meta":{"_acf_changed":false,"footnotes":""},"categories":[],"tags":[],"class_list":["post-1323","page","type-page","status-publish","hentry"],"acf":[],"yoast_head":"<!-- This site is optimized with the Yoast SEO plugin v25.9 - https:\/\/yoast.com\/wordpress\/plugins\/seo\/ -->\n<title>O\u00f9 puis-je attacher mon Spotter ? - Spotter France<\/title>\n<meta name=\"robots\" content=\"index, follow, max-snippet:-1, max-image-preview:large, max-video-preview:-1\" \/>\n<link rel=\"canonical\" href=\"https:\/\/www.spottergps.com\/fr\/faq\/produits-et-functionnalites\/ou-puis-je-attacher-mon-spotter\/\" \/>\n<meta property=\"og:locale\" content=\"fr_FR\" \/>\n<meta property=\"og:type\" content=\"article\" \/>\n<meta property=\"og:title\" content=\"O\u00f9 puis-je attacher mon Spotter ? - Spotter France\" \/>\n<meta property=\"og:description\" content=\"Le Spotter GPS Tracker est un petit tracker GPS mobile qui peut facilement \u00eatre transport\u00e9. Un clip et une lani\u00e8re sont inclus afin qu&rsquo;il puisse \u00e9galement \u00eatre port\u00e9 autour du cou, par exemple. La Spotter GPS Watch est une montre et se porte facilement au poignet. La montre GPS Spotter &#8211; Airest une montre et [&hellip;]\" \/>\n<meta property=\"og:url\" content=\"https:\/\/www.spottergps.com\/fr\/faq\/produits-et-functionnalites\/ou-puis-je-attacher-mon-spotter\/\" \/>\n<meta property=\"og:site_name\" content=\"Spotter France\" \/>\n<meta property=\"article:modified_time\" content=\"2023-10-30T15:04:53+00:00\" \/>\n<meta name=\"twitter:card\" content=\"summary_large_image\" \/>\n<meta name=\"twitter:label1\" content=\"Dur\u00e9e de lecture estim\u00e9e\" \/>\n\t<meta name=\"twitter:data1\" content=\"1 minute\" \/>\n<script type=\"application\/ld+json\" class=\"yoast-schema-graph\">{\"@context\":\"https:\/\/schema.org\",\"@graph\":[{\"@type\":\"WebPage\",\"@id\":\"https:\/\/www.spottergps.com\/fr\/faq\/produits-et-functionnalites\/ou-puis-je-attacher-mon-spotter\/\",\"url\":\"https:\/\/www.spottergps.com\/fr\/faq\/produits-et-functionnalites\/ou-puis-je-attacher-mon-spotter\/\",\"name\":\"O\u00f9 puis-je attacher mon Spotter ? - Spotter France\",\"isPartOf\":{\"@id\":\"https:\/\/www.spottergps.com\/fr\/#website\"},\"datePublished\":\"2023-09-11T12:44:12+00:00\",\"dateModified\":\"2023-10-30T15:04:53+00:00\",\"breadcrumb\":{\"@id\":\"https:\/\/www.spottergps.com\/fr\/faq\/produits-et-functionnalites\/ou-puis-je-attacher-mon-spotter\/#breadcrumb\"},\"inLanguage\":\"fr-FR\",\"potentialAction\":[{\"@type\":\"ReadAction\",\"target\":[\"https:\/\/www.spottergps.com\/fr\/faq\/produits-et-functionnalites\/ou-puis-je-attacher-mon-spotter\/\"]}]},{\"@type\":\"BreadcrumbList\",\"@id\":\"https:\/\/www.spottergps.com\/fr\/faq\/produits-et-functionnalites\/ou-puis-je-attacher-mon-spotter\/#breadcrumb\",\"itemListElement\":[{\"@type\":\"ListItem\",\"position\":1,\"name\":\"Home\",\"item\":\"https:\/\/www.spottergps.com\/fr\/\"},{\"@type\":\"ListItem\",\"position\":2,\"name\":\"Comment pouvons-nous vous aider?\",\"item\":\"https:\/\/www.spottergps.com\/fr\/faq\/\"},{\"@type\":\"ListItem\",\"position\":3,\"name\":\"Produits et functionnalit\u00e9s\",\"item\":\"https:\/\/www.spottergps.com\/fr\/faq\/produits-et-functionnalites\/\"},{\"@type\":\"ListItem\",\"position\":4,\"name\":\"O\u00f9 puis-je attacher mon Spotter ?\"}]},{\"@type\":\"WebSite\",\"@id\":\"https:\/\/www.spottergps.com\/fr\/#website\",\"url\":\"https:\/\/www.spottergps.com\/fr\/\",\"name\":\"Spotter France\",\"description\":\"Een andere Spotter websites site\",\"potentialAction\":[{\"@type\":\"SearchAction\",\"target\":{\"@type\":\"EntryPoint\",\"urlTemplate\":\"https:\/\/www.spottergps.com\/fr\/?s={search_term_string}\"},\"query-input\":{\"@type\":\"PropertyValueSpecification\",\"valueRequired\":true,\"valueName\":\"search_term_string\"}}],\"inLanguage\":\"fr-FR\"}]}<\/script>\n<!-- \/ Yoast SEO plugin. -->","yoast_head_json":{"title":"O\u00f9 puis-je attacher mon Spotter ? - Spotter France","robots":{"index":"index","follow":"follow","max-snippet":"max-snippet:-1","max-image-preview":"max-image-preview:large","max-video-preview":"max-video-preview:-1"},"canonical":"https:\/\/www.spottergps.com\/fr\/faq\/produits-et-functionnalites\/ou-puis-je-attacher-mon-spotter\/","og_locale":"fr_FR","og_type":"article","og_title":"O\u00f9 puis-je attacher mon Spotter ? - Spotter France","og_description":"Le Spotter GPS Tracker est un petit tracker GPS mobile qui peut facilement \u00eatre transport\u00e9. Un clip et une lani\u00e8re sont inclus afin qu&rsquo;il puisse \u00e9galement \u00eatre port\u00e9 autour du cou, par exemple. La Spotter GPS Watch est une montre et se porte facilement au poignet. La montre GPS Spotter &#8211; Airest une montre et [&hellip;]","og_url":"https:\/\/www.spottergps.com\/fr\/faq\/produits-et-functionnalites\/ou-puis-je-attacher-mon-spotter\/","og_site_name":"Spotter France","article_modified_time":"2023-10-30T15:04:53+00:00","twitter_card":"summary_large_image","twitter_misc":{"Dur\u00e9e de lecture estim\u00e9e":"1 minute"},"schema":{"@context":"https:\/\/schema.org","@graph":[{"@type":"WebPage","@id":"https:\/\/www.spottergps.com\/fr\/faq\/produits-et-functionnalites\/ou-puis-je-attacher-mon-spotter\/","url":"https:\/\/www.spottergps.com\/fr\/faq\/produits-et-functionnalites\/ou-puis-je-attacher-mon-spotter\/","name":"O\u00f9 puis-je attacher mon Spotter ? - Spotter France","isPartOf":{"@id":"https:\/\/www.spottergps.com\/fr\/#website"},"datePublished":"2023-09-11T12:44:12+00:00","dateModified":"2023-10-30T15:04:53+00:00","breadcrumb":{"@id":"https:\/\/www.spottergps.com\/fr\/faq\/produits-et-functionnalites\/ou-puis-je-attacher-mon-spotter\/#breadcrumb"},"inLanguage":"fr-FR","potentialAction":[{"@type":"ReadAction","target":["https:\/\/www.spottergps.com\/fr\/faq\/produits-et-functionnalites\/ou-puis-je-attacher-mon-spotter\/"]}]},{"@type":"BreadcrumbList","@id":"https:\/\/www.spottergps.com\/fr\/faq\/produits-et-functionnalites\/ou-puis-je-attacher-mon-spotter\/#breadcrumb","itemListElement":[{"@type":"ListItem","position":1,"name":"Home","item":"https:\/\/www.spottergps.com\/fr\/"},{"@type":"ListItem","position":2,"name":"Comment pouvons-nous vous aider?","item":"https:\/\/www.spottergps.com\/fr\/faq\/"},{"@type":"ListItem","position":3,"name":"Produits et functionnalit\u00e9s","item":"https:\/\/www.spottergps.com\/fr\/faq\/produits-et-functionnalites\/"},{"@type":"ListItem","position":4,"name":"O\u00f9 puis-je attacher mon Spotter ?"}]},{"@type":"WebSite","@id":"https:\/\/www.spottergps.com\/fr\/#website","url":"https:\/\/www.spottergps.com\/fr\/","name":"Spotter France","description":"Een andere Spotter websites site","potentialAction":[{"@type":"SearchAction","target":{"@type":"EntryPoint","urlTemplate":"https:\/\/www.spottergps.com\/fr\/?s={search_term_string}"},"query-input":{"@type":"PropertyValueSpecification","valueRequired":true,"valueName":"search_term_string"}}],"inLanguage":"fr-FR"}]}},"_links":{"self":[{"href":"https:\/\/www.spottergps.com\/fr\/wp-json\/wp\/v2\/pages\/1323","targetHints":{"allow":["GET"]}}],"collection":[{"href":"https:\/\/www.spottergps.com\/fr\/wp-json\/wp\/v2\/pages"}],"about":[{"href":"https:\/\/www.spottergps.com\/fr\/wp-json\/wp\/v2\/types\/page"}],"author":[{"embeddable":true,"href":"https:\/\/www.spottergps.com\/fr\/wp-json\/wp\/v2\/users\/8"}],"replies":[{"embeddable":true,"href":"https:\/\/www.spottergps.com\/fr\/wp-json\/wp\/v2\/comments?post=1323"}],"version-history":[{"count":3,"href":"https:\/\/www.spottergps.com\/fr\/wp-json\/wp\/v2\/pages\/1323\/revisions"}],"predecessor-version":[{"id":1713,"href":"https:\/\/www.spottergps.com\/fr\/wp-json\/wp\/v2\/pages\/1323\/revisions\/1713"}],"up":[{"embeddable":true,"href":"https:\/\/www.spottergps.com\/fr\/wp-json\/wp\/v2\/pages\/1182"}],"wp:attachment":[{"href":"https:\/\/www.spottergps.com\/fr\/wp-json\/wp\/v2\/media?parent=1323"}],"wp:term":[{"taxonomy":"category","embeddable":true,"href":"https:\/\/www.spottergps.com\/fr\/wp-json\/wp\/v2\/categories?post=1323"},{"taxonomy":"post_tag","embeddable":true,"href":"https:\/\/www.spottergps.com\/fr\/wp-json\/wp\/v2\/tags?post=1323"}],"curies":[{"name":"wp","href":"https:\/\/api.w.org\/{rel}","templated":true}]}}