{"id":1321,"date":"2023-09-11T13:42:29","date_gmt":"2023-09-11T12:42:29","guid":{"rendered":"https:\/\/www.spottergps.com\/fr\/?page_id=1321"},"modified":"2023-10-30T16:04:13","modified_gmt":"2023-10-30T15:04:13","slug":"comment-fonctionnent-les-produits-spotter-gps-et-gprs","status":"publish","type":"page","link":"https:\/\/www.spottergps.com\/fr\/faq\/produits-et-functionnalites\/comment-fonctionnent-les-produits-spotter-gps-et-gprs\/","title":{"rendered":"Comment fonctionnent les produits Spotter ? (GPS et GPRS)"},"content":{"rendered":"\n<p><span lang=\"fr\" style=\"font-family: 'Aller',serif;color: #222222\">Les produits d\u00e9terminent l&#8217;emplacement actuel au moyen du syst\u00e8me de positionnement global (GPS). La classe GPS la plus \u00e9lev\u00e9e est utilis\u00e9e, ce qui garantit que les emplacements sont tr\u00e8s pr\u00e9cis. Ces emplacements sont ensuite envoy\u00e9s via la carte SIM interne s\u00e9curis\u00e9e des produits via une connexion VPN s\u00e9curis\u00e9e \u00e0 votre compte en ligne o\u00f9 vous visualisez toutes les donn\u00e9es. Vous avez besoin d&rsquo;une connexion Internet pour afficher les donn\u00e9es.<\/span><br><\/p>\n\n\n\n<figure class=\"wp-block-image size-large\"><a href=\"https:\/\/www.spottergps.com\/fr\/wp-content\/uploads\/sites\/2\/2023\/10\/Fonctionnent-Spotter.jpg\"><img loading=\"lazy\" decoding=\"async\" width=\"1024\" height=\"520\" src=\"https:\/\/www.spottergps.com\/fr\/wp-content\/uploads\/sites\/2\/2023\/10\/Fonctionnent-Spotter-1024x520.jpg\" alt=\"\" class=\"wp-image-1711\" srcset=\"https:\/\/www.spottergps.com\/fr\/wp-content\/uploads\/sites\/2\/2023\/10\/Fonctionnent-Spotter-1024x520.jpg 1024w, https:\/\/www.spottergps.com\/fr\/wp-content\/uploads\/sites\/2\/2023\/10\/Fonctionnent-Spotter-300x152.jpg 300w, https:\/\/www.spottergps.com\/fr\/wp-content\/uploads\/sites\/2\/2023\/10\/Fonctionnent-Spotter-768x390.jpg 768w, https:\/\/www.spottergps.com\/fr\/wp-content\/uploads\/sites\/2\/2023\/10\/Fonctionnent-Spotter-245x125.jpg 245w, https:\/\/www.spottergps.com\/fr\/wp-content\/uploads\/sites\/2\/2023\/10\/Fonctionnent-Spotter.jpg 1155w\" sizes=\"auto, (max-width: 1024px) 100vw, 1024px\" \/><\/a><\/figure>\n","protected":false},"excerpt":{"rendered":"<p>Les produits d\u00e9terminent l&#8217;emplacement actuel au moyen du syst\u00e8me de positionnement global (GPS). La classe GPS la plus \u00e9lev\u00e9e est utilis\u00e9e, ce qui garantit que les emplacements sont tr\u00e8s pr\u00e9cis. Ces emplacements sont ensuite envoy\u00e9s via la carte SIM interne s\u00e9curis\u00e9e des produits via une connexion VPN s\u00e9curis\u00e9e \u00e0 votre compte en ligne o\u00f9 vous [&hellip;]<\/p>\n","protected":false},"author":8,"featured_media":0,"parent":1182,"menu_order":0,"comment_status":"closed","ping_status":"closed","template":"faq-content.php","meta":{"_acf_changed":false,"footnotes":""},"categories":[],"tags":[],"class_list":["post-1321","page","type-page","status-publish","hentry"],"acf":[],"yoast_head":"<!-- This site is optimized with the Yoast SEO plugin v25.9 - https:\/\/yoast.com\/wordpress\/plugins\/seo\/ -->\n<title>Comment fonctionnent les produits Spotter ? (GPS et GPRS) - Spotter France<\/title>\n<meta name=\"robots\" content=\"index, follow, max-snippet:-1, max-image-preview:large, max-video-preview:-1\" \/>\n<link rel=\"canonical\" href=\"https:\/\/www.spottergps.com\/fr\/faq\/produits-et-functionnalites\/comment-fonctionnent-les-produits-spotter-gps-et-gprs\/\" \/>\n<meta property=\"og:locale\" content=\"fr_FR\" \/>\n<meta property=\"og:type\" content=\"article\" \/>\n<meta property=\"og:title\" content=\"Comment fonctionnent les produits Spotter ? (GPS et GPRS) - Spotter France\" \/>\n<meta property=\"og:description\" content=\"Les produits d\u00e9terminent l&#8217;emplacement actuel au moyen du syst\u00e8me de positionnement global (GPS). La classe GPS la plus \u00e9lev\u00e9e est utilis\u00e9e, ce qui garantit que les emplacements sont tr\u00e8s pr\u00e9cis. Ces emplacements sont ensuite envoy\u00e9s via la carte SIM interne s\u00e9curis\u00e9e des produits via une connexion VPN s\u00e9curis\u00e9e \u00e0 votre compte en ligne o\u00f9 vous [&hellip;]\" \/>\n<meta property=\"og:url\" content=\"https:\/\/www.spottergps.com\/fr\/faq\/produits-et-functionnalites\/comment-fonctionnent-les-produits-spotter-gps-et-gprs\/\" \/>\n<meta property=\"og:site_name\" content=\"Spotter France\" \/>\n<meta property=\"article:modified_time\" content=\"2023-10-30T15:04:13+00:00\" \/>\n<meta property=\"og:image\" content=\"https:\/\/www.spottergps.com\/fr\/wp-content\/uploads\/sites\/2\/2023\/10\/Fonctionnent-Spotter-1024x520.jpg\" \/>\n<meta name=\"twitter:card\" content=\"summary_large_image\" \/>\n<script type=\"application\/ld+json\" class=\"yoast-schema-graph\">{\"@context\":\"https:\/\/schema.org\",\"@graph\":[{\"@type\":\"WebPage\",\"@id\":\"https:\/\/www.spottergps.com\/fr\/faq\/produits-et-functionnalites\/comment-fonctionnent-les-produits-spotter-gps-et-gprs\/\",\"url\":\"https:\/\/www.spottergps.com\/fr\/faq\/produits-et-functionnalites\/comment-fonctionnent-les-produits-spotter-gps-et-gprs\/\",\"name\":\"Comment fonctionnent les produits Spotter ? (GPS et GPRS) - Spotter France\",\"isPartOf\":{\"@id\":\"https:\/\/www.spottergps.com\/fr\/#website\"},\"primaryImageOfPage\":{\"@id\":\"https:\/\/www.spottergps.com\/fr\/faq\/produits-et-functionnalites\/comment-fonctionnent-les-produits-spotter-gps-et-gprs\/#primaryimage\"},\"image\":{\"@id\":\"https:\/\/www.spottergps.com\/fr\/faq\/produits-et-functionnalites\/comment-fonctionnent-les-produits-spotter-gps-et-gprs\/#primaryimage\"},\"thumbnailUrl\":\"https:\/\/www.spottergps.com\/fr\/wp-content\/uploads\/sites\/2\/2023\/10\/Fonctionnent-Spotter-1024x520.jpg\",\"datePublished\":\"2023-09-11T12:42:29+00:00\",\"dateModified\":\"2023-10-30T15:04:13+00:00\",\"breadcrumb\":{\"@id\":\"https:\/\/www.spottergps.com\/fr\/faq\/produits-et-functionnalites\/comment-fonctionnent-les-produits-spotter-gps-et-gprs\/#breadcrumb\"},\"inLanguage\":\"fr-FR\",\"potentialAction\":[{\"@type\":\"ReadAction\",\"target\":[\"https:\/\/www.spottergps.com\/fr\/faq\/produits-et-functionnalites\/comment-fonctionnent-les-produits-spotter-gps-et-gprs\/\"]}]},{\"@type\":\"ImageObject\",\"inLanguage\":\"fr-FR\",\"@id\":\"https:\/\/www.spottergps.com\/fr\/faq\/produits-et-functionnalites\/comment-fonctionnent-les-produits-spotter-gps-et-gprs\/#primaryimage\",\"url\":\"https:\/\/www.spottergps.com\/fr\/wp-content\/uploads\/sites\/2\/2023\/10\/Fonctionnent-Spotter.jpg\",\"contentUrl\":\"https:\/\/www.spottergps.com\/fr\/wp-content\/uploads\/sites\/2\/2023\/10\/Fonctionnent-Spotter.jpg\",\"width\":1155,\"height\":587},{\"@type\":\"BreadcrumbList\",\"@id\":\"https:\/\/www.spottergps.com\/fr\/faq\/produits-et-functionnalites\/comment-fonctionnent-les-produits-spotter-gps-et-gprs\/#breadcrumb\",\"itemListElement\":[{\"@type\":\"ListItem\",\"position\":1,\"name\":\"Home\",\"item\":\"https:\/\/www.spottergps.com\/fr\/\"},{\"@type\":\"ListItem\",\"position\":2,\"name\":\"Comment pouvons-nous vous aider?\",\"item\":\"https:\/\/www.spottergps.com\/fr\/faq\/\"},{\"@type\":\"ListItem\",\"position\":3,\"name\":\"Produits et functionnalit\u00e9s\",\"item\":\"https:\/\/www.spottergps.com\/fr\/faq\/produits-et-functionnalites\/\"},{\"@type\":\"ListItem\",\"position\":4,\"name\":\"Comment fonctionnent les produits Spotter ? (GPS et GPRS)\"}]},{\"@type\":\"WebSite\",\"@id\":\"https:\/\/www.spottergps.com\/fr\/#website\",\"url\":\"https:\/\/www.spottergps.com\/fr\/\",\"name\":\"Spotter France\",\"description\":\"Een andere Spotter websites site\",\"potentialAction\":[{\"@type\":\"SearchAction\",\"target\":{\"@type\":\"EntryPoint\",\"urlTemplate\":\"https:\/\/www.spottergps.com\/fr\/?s={search_term_string}\"},\"query-input\":{\"@type\":\"PropertyValueSpecification\",\"valueRequired\":true,\"valueName\":\"search_term_string\"}}],\"inLanguage\":\"fr-FR\"}]}<\/script>\n<!-- \/ Yoast SEO plugin. -->","yoast_head_json":{"title":"Comment fonctionnent les produits Spotter ? (GPS et GPRS) - Spotter France","robots":{"index":"index","follow":"follow","max-snippet":"max-snippet:-1","max-image-preview":"max-image-preview:large","max-video-preview":"max-video-preview:-1"},"canonical":"https:\/\/www.spottergps.com\/fr\/faq\/produits-et-functionnalites\/comment-fonctionnent-les-produits-spotter-gps-et-gprs\/","og_locale":"fr_FR","og_type":"article","og_title":"Comment fonctionnent les produits Spotter ? (GPS et GPRS) - Spotter France","og_description":"Les produits d\u00e9terminent l&#8217;emplacement actuel au moyen du syst\u00e8me de positionnement global (GPS). La classe GPS la plus \u00e9lev\u00e9e est utilis\u00e9e, ce qui garantit que les emplacements sont tr\u00e8s pr\u00e9cis. Ces emplacements sont ensuite envoy\u00e9s via la carte SIM interne s\u00e9curis\u00e9e des produits via une connexion VPN s\u00e9curis\u00e9e \u00e0 votre compte en ligne o\u00f9 vous [&hellip;]","og_url":"https:\/\/www.spottergps.com\/fr\/faq\/produits-et-functionnalites\/comment-fonctionnent-les-produits-spotter-gps-et-gprs\/","og_site_name":"Spotter France","article_modified_time":"2023-10-30T15:04:13+00:00","og_image":[{"url":"https:\/\/www.spottergps.com\/fr\/wp-content\/uploads\/sites\/2\/2023\/10\/Fonctionnent-Spotter-1024x520.jpg","type":"","width":"","height":""}],"twitter_card":"summary_large_image","schema":{"@context":"https:\/\/schema.org","@graph":[{"@type":"WebPage","@id":"https:\/\/www.spottergps.com\/fr\/faq\/produits-et-functionnalites\/comment-fonctionnent-les-produits-spotter-gps-et-gprs\/","url":"https:\/\/www.spottergps.com\/fr\/faq\/produits-et-functionnalites\/comment-fonctionnent-les-produits-spotter-gps-et-gprs\/","name":"Comment fonctionnent les produits Spotter ? (GPS et GPRS) - Spotter France","isPartOf":{"@id":"https:\/\/www.spottergps.com\/fr\/#website"},"primaryImageOfPage":{"@id":"https:\/\/www.spottergps.com\/fr\/faq\/produits-et-functionnalites\/comment-fonctionnent-les-produits-spotter-gps-et-gprs\/#primaryimage"},"image":{"@id":"https:\/\/www.spottergps.com\/fr\/faq\/produits-et-functionnalites\/comment-fonctionnent-les-produits-spotter-gps-et-gprs\/#primaryimage"},"thumbnailUrl":"https:\/\/www.spottergps.com\/fr\/wp-content\/uploads\/sites\/2\/2023\/10\/Fonctionnent-Spotter-1024x520.jpg","datePublished":"2023-09-11T12:42:29+00:00","dateModified":"2023-10-30T15:04:13+00:00","breadcrumb":{"@id":"https:\/\/www.spottergps.com\/fr\/faq\/produits-et-functionnalites\/comment-fonctionnent-les-produits-spotter-gps-et-gprs\/#breadcrumb"},"inLanguage":"fr-FR","potentialAction":[{"@type":"ReadAction","target":["https:\/\/www.spottergps.com\/fr\/faq\/produits-et-functionnalites\/comment-fonctionnent-les-produits-spotter-gps-et-gprs\/"]}]},{"@type":"ImageObject","inLanguage":"fr-FR","@id":"https:\/\/www.spottergps.com\/fr\/faq\/produits-et-functionnalites\/comment-fonctionnent-les-produits-spotter-gps-et-gprs\/#primaryimage","url":"https:\/\/www.spottergps.com\/fr\/wp-content\/uploads\/sites\/2\/2023\/10\/Fonctionnent-Spotter.jpg","contentUrl":"https:\/\/www.spottergps.com\/fr\/wp-content\/uploads\/sites\/2\/2023\/10\/Fonctionnent-Spotter.jpg","width":1155,"height":587},{"@type":"BreadcrumbList","@id":"https:\/\/www.spottergps.com\/fr\/faq\/produits-et-functionnalites\/comment-fonctionnent-les-produits-spotter-gps-et-gprs\/#breadcrumb","itemListElement":[{"@type":"ListItem","position":1,"name":"Home","item":"https:\/\/www.spottergps.com\/fr\/"},{"@type":"ListItem","position":2,"name":"Comment pouvons-nous vous aider?","item":"https:\/\/www.spottergps.com\/fr\/faq\/"},{"@type":"ListItem","position":3,"name":"Produits et functionnalit\u00e9s","item":"https:\/\/www.spottergps.com\/fr\/faq\/produits-et-functionnalites\/"},{"@type":"ListItem","position":4,"name":"Comment fonctionnent les produits Spotter ? (GPS et GPRS)"}]},{"@type":"WebSite","@id":"https:\/\/www.spottergps.com\/fr\/#website","url":"https:\/\/www.spottergps.com\/fr\/","name":"Spotter France","description":"Een andere Spotter websites site","potentialAction":[{"@type":"SearchAction","target":{"@type":"EntryPoint","urlTemplate":"https:\/\/www.spottergps.com\/fr\/?s={search_term_string}"},"query-input":{"@type":"PropertyValueSpecification","valueRequired":true,"valueName":"search_term_string"}}],"inLanguage":"fr-FR"}]}},"_links":{"self":[{"href":"https:\/\/www.spottergps.com\/fr\/wp-json\/wp\/v2\/pages\/1321","targetHints":{"allow":["GET"]}}],"collection":[{"href":"https:\/\/www.spottergps.com\/fr\/wp-json\/wp\/v2\/pages"}],"about":[{"href":"https:\/\/www.spottergps.com\/fr\/wp-json\/wp\/v2\/types\/page"}],"author":[{"embeddable":true,"href":"https:\/\/www.spottergps.com\/fr\/wp-json\/wp\/v2\/users\/8"}],"replies":[{"embeddable":true,"href":"https:\/\/www.spottergps.com\/fr\/wp-json\/wp\/v2\/comments?post=1321"}],"version-history":[{"count":2,"href":"https:\/\/www.spottergps.com\/fr\/wp-json\/wp\/v2\/pages\/1321\/revisions"}],"predecessor-version":[{"id":1712,"href":"https:\/\/www.spottergps.com\/fr\/wp-json\/wp\/v2\/pages\/1321\/revisions\/1712"}],"up":[{"embeddable":true,"href":"https:\/\/www.spottergps.com\/fr\/wp-json\/wp\/v2\/pages\/1182"}],"wp:attachment":[{"href":"https:\/\/www.spottergps.com\/fr\/wp-json\/wp\/v2\/media?parent=1321"}],"wp:term":[{"taxonomy":"category","embeddable":true,"href":"https:\/\/www.spottergps.com\/fr\/wp-json\/wp\/v2\/categories?post=1321"},{"taxonomy":"post_tag","embeddable":true,"href":"https:\/\/www.spottergps.com\/fr\/wp-json\/wp\/v2\/tags?post=1321"}],"curies":[{"name":"wp","href":"https:\/\/api.w.org\/{rel}","templated":true}]}}