{"id":1318,"date":"2023-09-11T13:38:00","date_gmt":"2023-09-11T12:38:00","guid":{"rendered":"https:\/\/www.spottergps.com\/fr\/?page_id=1318"},"modified":"2023-10-30T16:01:49","modified_gmt":"2023-10-30T15:01:49","slug":"observateur-dappel","status":"publish","type":"page","link":"https:\/\/www.spottergps.com\/fr\/faq\/produits-et-functionnalites\/observateur-dappel\/","title":{"rendered":"Observateur d&rsquo;appel"},"content":{"rendered":"\n<p><span lang=\"fr\" style=\"font-family: Aller;color: #222222\">Vous pouvez \u00e9galement appeler la montre GPS Spotter, par exemple dans le cas o\u00f9 une personne est dans le besoin et que vous souhaitez \u00eatre recontact\u00e9. Vous vous connectez \u00e0 l&rsquo;application Spotter et cliquez sur l&rsquo;ic\u00f4ne Spotter GPS Watch sur la carte. Ensuite, un menu s&rsquo;ouvrira et s\u00e9lectionnera \u00ab\u00a0Appeler\u00a0\u00bb. Le Spotter sonne maintenant. L&rsquo;appel t\u00e9l\u00e9phonique peut \u00eatre accept\u00e9 en cliquant sur l&rsquo;ic\u00f4ne argent\u00e9e sous l&rsquo;\u00e9cran de la montre GPS Spotter. L&rsquo;appel t\u00e9l\u00e9phonique peut \u00eatre termin\u00e9 en cliquant sur l&rsquo;appel t\u00e9l\u00e9phonique rouge sur l&rsquo;\u00e9cran de la montre GPS Spotter.<\/span><\/p>\n\n\n\n<p><strong><span lang=\"fr\" style=\"font-family: Aller;color: #222222\">Remarque : <\/span><\/strong><span lang=\"fr\" style=\"font-family: Aller;color: #222222\">Lorsque vous appelez la Spotter GPS Watch depuis votre propre smartphone, cela n&rsquo;inclut pas le cr\u00e9dit pr\u00e9pay\u00e9. Vous appelez un num\u00e9ro mobile europ\u00e9en auquel s&rsquo;appliquent les frais d&rsquo;appel de votre op\u00e9rateur t\u00e9l\u00e9phonique.<\/span><\/p>\n\n\n\n<p><span lang=\"fr\" style=\"font-family: Aller;color: #222222\">La montre GPS Spotter est \u00e9quip\u00e9e d&rsquo;une carte SIM itin\u00e9rante int\u00e9gr\u00e9e, qui garantit que la montre GPS Spotter fonctionne dans toute l&rsquo;Europe sur tous les r\u00e9seaux mobiles disponibles sans frais suppl\u00e9mentaires. M\u00eame aux Pays-Bas, Spotter GPS Watch fonctionne sur tous les r\u00e9seaux mobiles disponibles. La raison en est que Spotter GPS Watch ne veut pas d\u00e9pendre de la couverture r\u00e9seau d&rsquo;un seul fournisseur de t\u00e9l\u00e9phonie mobile dans un pays (ou une r\u00e9gion), mais que Spotter GPS Watch choisit toujours le meilleur r\u00e9seau mobile disponible, quel que soit le fournisseur de t\u00e9l\u00e9phonie mobile. <\/span><\/p>\n\n\n\n<p><strong><span lang=\"fr\" style=\"font-family: Aller;color: #222222\">Astuce : <\/span><\/strong><span lang=\"fr\" style=\"font-family: Aller;color: #222222\">apr\u00e8s avoir appel\u00e9 la montre GPS Spotter, vous pouvez enregistrer le num\u00e9ro afin de pouvoir \u00e9galement appeler la montre GPS Spotter directement en dehors de l&rsquo;application sans utiliser l&rsquo;application.<\/span><\/p>\n","protected":false},"excerpt":{"rendered":"<p>Vous pouvez \u00e9galement appeler la montre GPS Spotter, par exemple dans le cas o\u00f9 une personne est dans le besoin et que vous souhaitez \u00eatre recontact\u00e9. Vous vous connectez \u00e0 l&rsquo;application Spotter et cliquez sur l&rsquo;ic\u00f4ne Spotter GPS Watch sur la carte. Ensuite, un menu s&rsquo;ouvrira et s\u00e9lectionnera \u00ab\u00a0Appeler\u00a0\u00bb. Le Spotter sonne maintenant. L&rsquo;appel t\u00e9l\u00e9phonique [&hellip;]<\/p>\n","protected":false},"author":8,"featured_media":0,"parent":1182,"menu_order":0,"comment_status":"closed","ping_status":"closed","template":"faq-content.php","meta":{"_acf_changed":false,"footnotes":""},"categories":[],"tags":[],"class_list":["post-1318","page","type-page","status-publish","hentry"],"acf":[],"yoast_head":"<!-- This site is optimized with the Yoast SEO plugin v25.9 - https:\/\/yoast.com\/wordpress\/plugins\/seo\/ -->\n<title>Observateur d&#039;appel - Spotter France<\/title>\n<meta name=\"robots\" content=\"index, follow, max-snippet:-1, max-image-preview:large, max-video-preview:-1\" \/>\n<link rel=\"canonical\" href=\"https:\/\/www.spottergps.com\/fr\/faq\/produits-et-functionnalites\/observateur-dappel\/\" \/>\n<meta property=\"og:locale\" content=\"fr_FR\" \/>\n<meta property=\"og:type\" content=\"article\" \/>\n<meta property=\"og:title\" content=\"Observateur d&#039;appel - Spotter France\" \/>\n<meta property=\"og:description\" content=\"Vous pouvez \u00e9galement appeler la montre GPS Spotter, par exemple dans le cas o\u00f9 une personne est dans le besoin et que vous souhaitez \u00eatre recontact\u00e9. Vous vous connectez \u00e0 l&rsquo;application Spotter et cliquez sur l&rsquo;ic\u00f4ne Spotter GPS Watch sur la carte. Ensuite, un menu s&rsquo;ouvrira et s\u00e9lectionnera \u00ab\u00a0Appeler\u00a0\u00bb. Le Spotter sonne maintenant. L&rsquo;appel t\u00e9l\u00e9phonique [&hellip;]\" \/>\n<meta property=\"og:url\" content=\"https:\/\/www.spottergps.com\/fr\/faq\/produits-et-functionnalites\/observateur-dappel\/\" \/>\n<meta property=\"og:site_name\" content=\"Spotter France\" \/>\n<meta property=\"article:modified_time\" content=\"2023-10-30T15:01:49+00:00\" \/>\n<meta name=\"twitter:card\" content=\"summary_large_image\" \/>\n<meta name=\"twitter:label1\" content=\"Dur\u00e9e de lecture estim\u00e9e\" \/>\n\t<meta name=\"twitter:data1\" content=\"1 minute\" \/>\n<script type=\"application\/ld+json\" class=\"yoast-schema-graph\">{\"@context\":\"https:\/\/schema.org\",\"@graph\":[{\"@type\":\"WebPage\",\"@id\":\"https:\/\/www.spottergps.com\/fr\/faq\/produits-et-functionnalites\/observateur-dappel\/\",\"url\":\"https:\/\/www.spottergps.com\/fr\/faq\/produits-et-functionnalites\/observateur-dappel\/\",\"name\":\"Observateur d'appel - Spotter France\",\"isPartOf\":{\"@id\":\"https:\/\/www.spottergps.com\/fr\/#website\"},\"datePublished\":\"2023-09-11T12:38:00+00:00\",\"dateModified\":\"2023-10-30T15:01:49+00:00\",\"breadcrumb\":{\"@id\":\"https:\/\/www.spottergps.com\/fr\/faq\/produits-et-functionnalites\/observateur-dappel\/#breadcrumb\"},\"inLanguage\":\"fr-FR\",\"potentialAction\":[{\"@type\":\"ReadAction\",\"target\":[\"https:\/\/www.spottergps.com\/fr\/faq\/produits-et-functionnalites\/observateur-dappel\/\"]}]},{\"@type\":\"BreadcrumbList\",\"@id\":\"https:\/\/www.spottergps.com\/fr\/faq\/produits-et-functionnalites\/observateur-dappel\/#breadcrumb\",\"itemListElement\":[{\"@type\":\"ListItem\",\"position\":1,\"name\":\"Home\",\"item\":\"https:\/\/www.spottergps.com\/fr\/\"},{\"@type\":\"ListItem\",\"position\":2,\"name\":\"Comment pouvons-nous vous aider?\",\"item\":\"https:\/\/www.spottergps.com\/fr\/faq\/\"},{\"@type\":\"ListItem\",\"position\":3,\"name\":\"Produits et functionnalit\u00e9s\",\"item\":\"https:\/\/www.spottergps.com\/fr\/faq\/produits-et-functionnalites\/\"},{\"@type\":\"ListItem\",\"position\":4,\"name\":\"Observateur d&rsquo;appel\"}]},{\"@type\":\"WebSite\",\"@id\":\"https:\/\/www.spottergps.com\/fr\/#website\",\"url\":\"https:\/\/www.spottergps.com\/fr\/\",\"name\":\"Spotter France\",\"description\":\"Een andere Spotter websites site\",\"potentialAction\":[{\"@type\":\"SearchAction\",\"target\":{\"@type\":\"EntryPoint\",\"urlTemplate\":\"https:\/\/www.spottergps.com\/fr\/?s={search_term_string}\"},\"query-input\":{\"@type\":\"PropertyValueSpecification\",\"valueRequired\":true,\"valueName\":\"search_term_string\"}}],\"inLanguage\":\"fr-FR\"}]}<\/script>\n<!-- \/ Yoast SEO plugin. -->","yoast_head_json":{"title":"Observateur d'appel - Spotter France","robots":{"index":"index","follow":"follow","max-snippet":"max-snippet:-1","max-image-preview":"max-image-preview:large","max-video-preview":"max-video-preview:-1"},"canonical":"https:\/\/www.spottergps.com\/fr\/faq\/produits-et-functionnalites\/observateur-dappel\/","og_locale":"fr_FR","og_type":"article","og_title":"Observateur d'appel - Spotter France","og_description":"Vous pouvez \u00e9galement appeler la montre GPS Spotter, par exemple dans le cas o\u00f9 une personne est dans le besoin et que vous souhaitez \u00eatre recontact\u00e9. Vous vous connectez \u00e0 l&rsquo;application Spotter et cliquez sur l&rsquo;ic\u00f4ne Spotter GPS Watch sur la carte. Ensuite, un menu s&rsquo;ouvrira et s\u00e9lectionnera \u00ab\u00a0Appeler\u00a0\u00bb. Le Spotter sonne maintenant. L&rsquo;appel t\u00e9l\u00e9phonique [&hellip;]","og_url":"https:\/\/www.spottergps.com\/fr\/faq\/produits-et-functionnalites\/observateur-dappel\/","og_site_name":"Spotter France","article_modified_time":"2023-10-30T15:01:49+00:00","twitter_card":"summary_large_image","twitter_misc":{"Dur\u00e9e de lecture estim\u00e9e":"1 minute"},"schema":{"@context":"https:\/\/schema.org","@graph":[{"@type":"WebPage","@id":"https:\/\/www.spottergps.com\/fr\/faq\/produits-et-functionnalites\/observateur-dappel\/","url":"https:\/\/www.spottergps.com\/fr\/faq\/produits-et-functionnalites\/observateur-dappel\/","name":"Observateur d'appel - Spotter France","isPartOf":{"@id":"https:\/\/www.spottergps.com\/fr\/#website"},"datePublished":"2023-09-11T12:38:00+00:00","dateModified":"2023-10-30T15:01:49+00:00","breadcrumb":{"@id":"https:\/\/www.spottergps.com\/fr\/faq\/produits-et-functionnalites\/observateur-dappel\/#breadcrumb"},"inLanguage":"fr-FR","potentialAction":[{"@type":"ReadAction","target":["https:\/\/www.spottergps.com\/fr\/faq\/produits-et-functionnalites\/observateur-dappel\/"]}]},{"@type":"BreadcrumbList","@id":"https:\/\/www.spottergps.com\/fr\/faq\/produits-et-functionnalites\/observateur-dappel\/#breadcrumb","itemListElement":[{"@type":"ListItem","position":1,"name":"Home","item":"https:\/\/www.spottergps.com\/fr\/"},{"@type":"ListItem","position":2,"name":"Comment pouvons-nous vous aider?","item":"https:\/\/www.spottergps.com\/fr\/faq\/"},{"@type":"ListItem","position":3,"name":"Produits et functionnalit\u00e9s","item":"https:\/\/www.spottergps.com\/fr\/faq\/produits-et-functionnalites\/"},{"@type":"ListItem","position":4,"name":"Observateur d&rsquo;appel"}]},{"@type":"WebSite","@id":"https:\/\/www.spottergps.com\/fr\/#website","url":"https:\/\/www.spottergps.com\/fr\/","name":"Spotter France","description":"Een andere Spotter websites site","potentialAction":[{"@type":"SearchAction","target":{"@type":"EntryPoint","urlTemplate":"https:\/\/www.spottergps.com\/fr\/?s={search_term_string}"},"query-input":{"@type":"PropertyValueSpecification","valueRequired":true,"valueName":"search_term_string"}}],"inLanguage":"fr-FR"}]}},"_links":{"self":[{"href":"https:\/\/www.spottergps.com\/fr\/wp-json\/wp\/v2\/pages\/1318","targetHints":{"allow":["GET"]}}],"collection":[{"href":"https:\/\/www.spottergps.com\/fr\/wp-json\/wp\/v2\/pages"}],"about":[{"href":"https:\/\/www.spottergps.com\/fr\/wp-json\/wp\/v2\/types\/page"}],"author":[{"embeddable":true,"href":"https:\/\/www.spottergps.com\/fr\/wp-json\/wp\/v2\/users\/8"}],"replies":[{"embeddable":true,"href":"https:\/\/www.spottergps.com\/fr\/wp-json\/wp\/v2\/comments?post=1318"}],"version-history":[{"count":4,"href":"https:\/\/www.spottergps.com\/fr\/wp-json\/wp\/v2\/pages\/1318\/revisions"}],"predecessor-version":[{"id":1710,"href":"https:\/\/www.spottergps.com\/fr\/wp-json\/wp\/v2\/pages\/1318\/revisions\/1710"}],"up":[{"embeddable":true,"href":"https:\/\/www.spottergps.com\/fr\/wp-json\/wp\/v2\/pages\/1182"}],"wp:attachment":[{"href":"https:\/\/www.spottergps.com\/fr\/wp-json\/wp\/v2\/media?parent=1318"}],"wp:term":[{"taxonomy":"category","embeddable":true,"href":"https:\/\/www.spottergps.com\/fr\/wp-json\/wp\/v2\/categories?post=1318"},{"taxonomy":"post_tag","embeddable":true,"href":"https:\/\/www.spottergps.com\/fr\/wp-json\/wp\/v2\/tags?post=1318"}],"curies":[{"name":"wp","href":"https:\/\/api.w.org\/{rel}","templated":true}]}}