{"id":1316,"date":"2023-09-11T13:35:47","date_gmt":"2023-09-11T12:35:47","guid":{"rendered":"https:\/\/www.spottergps.com\/fr\/?page_id=1316"},"modified":"2023-10-30T16:01:05","modified_gmt":"2023-10-30T15:01:05","slug":"quest-ce-quune-carte-thermique","status":"publish","type":"page","link":"https:\/\/www.spottergps.com\/fr\/faq\/produits-et-functionnalites\/quest-ce-quune-carte-thermique\/","title":{"rendered":"Qu&rsquo;est-ce qu&rsquo;une carte thermique\u00a0?"},"content":{"rendered":"\n<p>Sur la Heat Map, vous pouvez visualiser les points chauds pr\u00e9f\u00e9r\u00e9s de vos enfants, parents et\/ou amis \u00e0 quatre pattes. Sous forme de points chauds sur la carte. De cette fa\u00e7on, vous pouvez voir d&rsquo;un seul coup d&rsquo;\u0153il o\u00f9 le porteur du Spotter vient le plus souvent. La fonction heat map se trouve dans le menu du Spotter s\u00e9lectionn\u00e9.<\/p>\n\n\n\n<p><img loading=\"lazy\" decoding=\"async\" class=\"size-medium wp-image-1708 aligncenter\" src=\"https:\/\/www.spottergps.com\/fr\/wp-content\/uploads\/sites\/2\/2023\/10\/Spotter-heatmap-dog-300x254.jpg\" alt=\"Spotter-heatmap\" width=\"300\" height=\"254\" srcset=\"https:\/\/www.spottergps.com\/fr\/wp-content\/uploads\/sites\/2\/2023\/10\/Spotter-heatmap-dog-300x254.jpg 300w, https:\/\/www.spottergps.com\/fr\/wp-content\/uploads\/sites\/2\/2023\/10\/Spotter-heatmap-dog-171x145.jpg 171w, https:\/\/www.spottergps.com\/fr\/wp-content\/uploads\/sites\/2\/2023\/10\/Spotter-heatmap-dog.jpg 660w\" sizes=\"auto, (max-width: 300px) 100vw, 300px\" \/><\/p>\n","protected":false},"excerpt":{"rendered":"<p>Sur la Heat Map, vous pouvez visualiser les points chauds pr\u00e9f\u00e9r\u00e9s de vos enfants, parents et\/ou amis \u00e0 quatre pattes. Sous forme de points chauds sur la carte. De cette fa\u00e7on, vous pouvez voir d&rsquo;un seul coup d&rsquo;\u0153il o\u00f9 le porteur du Spotter vient le plus souvent. La fonction heat map se trouve dans le [&hellip;]<\/p>\n","protected":false},"author":8,"featured_media":0,"parent":1182,"menu_order":0,"comment_status":"closed","ping_status":"closed","template":"faq-content.php","meta":{"_acf_changed":false,"footnotes":""},"categories":[],"tags":[],"class_list":["post-1316","page","type-page","status-publish","hentry"],"acf":[],"yoast_head":"<!-- This site is optimized with the Yoast SEO plugin v25.9 - https:\/\/yoast.com\/wordpress\/plugins\/seo\/ -->\n<title>Qu&#039;est-ce qu&#039;une carte thermique\u00a0? - Spotter France<\/title>\n<meta name=\"robots\" content=\"index, follow, max-snippet:-1, max-image-preview:large, max-video-preview:-1\" \/>\n<link rel=\"canonical\" href=\"https:\/\/www.spottergps.com\/fr\/faq\/produits-et-functionnalites\/quest-ce-quune-carte-thermique\/\" \/>\n<meta property=\"og:locale\" content=\"fr_FR\" \/>\n<meta property=\"og:type\" content=\"article\" \/>\n<meta property=\"og:title\" content=\"Qu&#039;est-ce qu&#039;une carte thermique\u00a0? - Spotter France\" \/>\n<meta property=\"og:description\" content=\"Sur la Heat Map, vous pouvez visualiser les points chauds pr\u00e9f\u00e9r\u00e9s de vos enfants, parents et\/ou amis \u00e0 quatre pattes. Sous forme de points chauds sur la carte. De cette fa\u00e7on, vous pouvez voir d&rsquo;un seul coup d&rsquo;\u0153il o\u00f9 le porteur du Spotter vient le plus souvent. La fonction heat map se trouve dans le [&hellip;]\" \/>\n<meta property=\"og:url\" content=\"https:\/\/www.spottergps.com\/fr\/faq\/produits-et-functionnalites\/quest-ce-quune-carte-thermique\/\" \/>\n<meta property=\"og:site_name\" content=\"Spotter France\" \/>\n<meta property=\"article:modified_time\" content=\"2023-10-30T15:01:05+00:00\" \/>\n<meta property=\"og:image\" content=\"https:\/\/www.spottergps.com\/fr\/wp-content\/uploads\/sites\/2\/2023\/10\/Spotter-heatmap-dog-300x254.jpg\" \/>\n<meta name=\"twitter:card\" content=\"summary_large_image\" \/>\n<script type=\"application\/ld+json\" class=\"yoast-schema-graph\">{\"@context\":\"https:\/\/schema.org\",\"@graph\":[{\"@type\":\"WebPage\",\"@id\":\"https:\/\/www.spottergps.com\/fr\/faq\/produits-et-functionnalites\/quest-ce-quune-carte-thermique\/\",\"url\":\"https:\/\/www.spottergps.com\/fr\/faq\/produits-et-functionnalites\/quest-ce-quune-carte-thermique\/\",\"name\":\"Qu'est-ce qu'une carte thermique\u00a0? - Spotter France\",\"isPartOf\":{\"@id\":\"https:\/\/www.spottergps.com\/fr\/#website\"},\"primaryImageOfPage\":{\"@id\":\"https:\/\/www.spottergps.com\/fr\/faq\/produits-et-functionnalites\/quest-ce-quune-carte-thermique\/#primaryimage\"},\"image\":{\"@id\":\"https:\/\/www.spottergps.com\/fr\/faq\/produits-et-functionnalites\/quest-ce-quune-carte-thermique\/#primaryimage\"},\"thumbnailUrl\":\"https:\/\/www.spottergps.com\/fr\/wp-content\/uploads\/sites\/2\/2023\/10\/Spotter-heatmap-dog-300x254.jpg\",\"datePublished\":\"2023-09-11T12:35:47+00:00\",\"dateModified\":\"2023-10-30T15:01:05+00:00\",\"breadcrumb\":{\"@id\":\"https:\/\/www.spottergps.com\/fr\/faq\/produits-et-functionnalites\/quest-ce-quune-carte-thermique\/#breadcrumb\"},\"inLanguage\":\"fr-FR\",\"potentialAction\":[{\"@type\":\"ReadAction\",\"target\":[\"https:\/\/www.spottergps.com\/fr\/faq\/produits-et-functionnalites\/quest-ce-quune-carte-thermique\/\"]}]},{\"@type\":\"ImageObject\",\"inLanguage\":\"fr-FR\",\"@id\":\"https:\/\/www.spottergps.com\/fr\/faq\/produits-et-functionnalites\/quest-ce-quune-carte-thermique\/#primaryimage\",\"url\":\"https:\/\/www.spottergps.com\/fr\/wp-content\/uploads\/sites\/2\/2023\/10\/Spotter-heatmap-dog.jpg\",\"contentUrl\":\"https:\/\/www.spottergps.com\/fr\/wp-content\/uploads\/sites\/2\/2023\/10\/Spotter-heatmap-dog.jpg\",\"width\":660,\"height\":559,\"caption\":\"Spotter-heatmap\"},{\"@type\":\"BreadcrumbList\",\"@id\":\"https:\/\/www.spottergps.com\/fr\/faq\/produits-et-functionnalites\/quest-ce-quune-carte-thermique\/#breadcrumb\",\"itemListElement\":[{\"@type\":\"ListItem\",\"position\":1,\"name\":\"Home\",\"item\":\"https:\/\/www.spottergps.com\/fr\/\"},{\"@type\":\"ListItem\",\"position\":2,\"name\":\"Comment pouvons-nous vous aider?\",\"item\":\"https:\/\/www.spottergps.com\/fr\/faq\/\"},{\"@type\":\"ListItem\",\"position\":3,\"name\":\"Produits et functionnalit\u00e9s\",\"item\":\"https:\/\/www.spottergps.com\/fr\/faq\/produits-et-functionnalites\/\"},{\"@type\":\"ListItem\",\"position\":4,\"name\":\"Qu&rsquo;est-ce qu&rsquo;une carte thermique\u00a0?\"}]},{\"@type\":\"WebSite\",\"@id\":\"https:\/\/www.spottergps.com\/fr\/#website\",\"url\":\"https:\/\/www.spottergps.com\/fr\/\",\"name\":\"Spotter France\",\"description\":\"Een andere Spotter websites site\",\"potentialAction\":[{\"@type\":\"SearchAction\",\"target\":{\"@type\":\"EntryPoint\",\"urlTemplate\":\"https:\/\/www.spottergps.com\/fr\/?s={search_term_string}\"},\"query-input\":{\"@type\":\"PropertyValueSpecification\",\"valueRequired\":true,\"valueName\":\"search_term_string\"}}],\"inLanguage\":\"fr-FR\"}]}<\/script>\n<!-- \/ Yoast SEO plugin. -->","yoast_head_json":{"title":"Qu'est-ce qu'une carte thermique\u00a0? - Spotter France","robots":{"index":"index","follow":"follow","max-snippet":"max-snippet:-1","max-image-preview":"max-image-preview:large","max-video-preview":"max-video-preview:-1"},"canonical":"https:\/\/www.spottergps.com\/fr\/faq\/produits-et-functionnalites\/quest-ce-quune-carte-thermique\/","og_locale":"fr_FR","og_type":"article","og_title":"Qu'est-ce qu'une carte thermique\u00a0? - Spotter France","og_description":"Sur la Heat Map, vous pouvez visualiser les points chauds pr\u00e9f\u00e9r\u00e9s de vos enfants, parents et\/ou amis \u00e0 quatre pattes. Sous forme de points chauds sur la carte. De cette fa\u00e7on, vous pouvez voir d&rsquo;un seul coup d&rsquo;\u0153il o\u00f9 le porteur du Spotter vient le plus souvent. La fonction heat map se trouve dans le [&hellip;]","og_url":"https:\/\/www.spottergps.com\/fr\/faq\/produits-et-functionnalites\/quest-ce-quune-carte-thermique\/","og_site_name":"Spotter France","article_modified_time":"2023-10-30T15:01:05+00:00","og_image":[{"url":"https:\/\/www.spottergps.com\/fr\/wp-content\/uploads\/sites\/2\/2023\/10\/Spotter-heatmap-dog-300x254.jpg","type":"","width":"","height":""}],"twitter_card":"summary_large_image","schema":{"@context":"https:\/\/schema.org","@graph":[{"@type":"WebPage","@id":"https:\/\/www.spottergps.com\/fr\/faq\/produits-et-functionnalites\/quest-ce-quune-carte-thermique\/","url":"https:\/\/www.spottergps.com\/fr\/faq\/produits-et-functionnalites\/quest-ce-quune-carte-thermique\/","name":"Qu'est-ce qu'une carte thermique\u00a0? - Spotter France","isPartOf":{"@id":"https:\/\/www.spottergps.com\/fr\/#website"},"primaryImageOfPage":{"@id":"https:\/\/www.spottergps.com\/fr\/faq\/produits-et-functionnalites\/quest-ce-quune-carte-thermique\/#primaryimage"},"image":{"@id":"https:\/\/www.spottergps.com\/fr\/faq\/produits-et-functionnalites\/quest-ce-quune-carte-thermique\/#primaryimage"},"thumbnailUrl":"https:\/\/www.spottergps.com\/fr\/wp-content\/uploads\/sites\/2\/2023\/10\/Spotter-heatmap-dog-300x254.jpg","datePublished":"2023-09-11T12:35:47+00:00","dateModified":"2023-10-30T15:01:05+00:00","breadcrumb":{"@id":"https:\/\/www.spottergps.com\/fr\/faq\/produits-et-functionnalites\/quest-ce-quune-carte-thermique\/#breadcrumb"},"inLanguage":"fr-FR","potentialAction":[{"@type":"ReadAction","target":["https:\/\/www.spottergps.com\/fr\/faq\/produits-et-functionnalites\/quest-ce-quune-carte-thermique\/"]}]},{"@type":"ImageObject","inLanguage":"fr-FR","@id":"https:\/\/www.spottergps.com\/fr\/faq\/produits-et-functionnalites\/quest-ce-quune-carte-thermique\/#primaryimage","url":"https:\/\/www.spottergps.com\/fr\/wp-content\/uploads\/sites\/2\/2023\/10\/Spotter-heatmap-dog.jpg","contentUrl":"https:\/\/www.spottergps.com\/fr\/wp-content\/uploads\/sites\/2\/2023\/10\/Spotter-heatmap-dog.jpg","width":660,"height":559,"caption":"Spotter-heatmap"},{"@type":"BreadcrumbList","@id":"https:\/\/www.spottergps.com\/fr\/faq\/produits-et-functionnalites\/quest-ce-quune-carte-thermique\/#breadcrumb","itemListElement":[{"@type":"ListItem","position":1,"name":"Home","item":"https:\/\/www.spottergps.com\/fr\/"},{"@type":"ListItem","position":2,"name":"Comment pouvons-nous vous aider?","item":"https:\/\/www.spottergps.com\/fr\/faq\/"},{"@type":"ListItem","position":3,"name":"Produits et functionnalit\u00e9s","item":"https:\/\/www.spottergps.com\/fr\/faq\/produits-et-functionnalites\/"},{"@type":"ListItem","position":4,"name":"Qu&rsquo;est-ce qu&rsquo;une carte thermique\u00a0?"}]},{"@type":"WebSite","@id":"https:\/\/www.spottergps.com\/fr\/#website","url":"https:\/\/www.spottergps.com\/fr\/","name":"Spotter France","description":"Een andere Spotter websites site","potentialAction":[{"@type":"SearchAction","target":{"@type":"EntryPoint","urlTemplate":"https:\/\/www.spottergps.com\/fr\/?s={search_term_string}"},"query-input":{"@type":"PropertyValueSpecification","valueRequired":true,"valueName":"search_term_string"}}],"inLanguage":"fr-FR"}]}},"_links":{"self":[{"href":"https:\/\/www.spottergps.com\/fr\/wp-json\/wp\/v2\/pages\/1316","targetHints":{"allow":["GET"]}}],"collection":[{"href":"https:\/\/www.spottergps.com\/fr\/wp-json\/wp\/v2\/pages"}],"about":[{"href":"https:\/\/www.spottergps.com\/fr\/wp-json\/wp\/v2\/types\/page"}],"author":[{"embeddable":true,"href":"https:\/\/www.spottergps.com\/fr\/wp-json\/wp\/v2\/users\/8"}],"replies":[{"embeddable":true,"href":"https:\/\/www.spottergps.com\/fr\/wp-json\/wp\/v2\/comments?post=1316"}],"version-history":[{"count":2,"href":"https:\/\/www.spottergps.com\/fr\/wp-json\/wp\/v2\/pages\/1316\/revisions"}],"predecessor-version":[{"id":1709,"href":"https:\/\/www.spottergps.com\/fr\/wp-json\/wp\/v2\/pages\/1316\/revisions\/1709"}],"up":[{"embeddable":true,"href":"https:\/\/www.spottergps.com\/fr\/wp-json\/wp\/v2\/pages\/1182"}],"wp:attachment":[{"href":"https:\/\/www.spottergps.com\/fr\/wp-json\/wp\/v2\/media?parent=1316"}],"wp:term":[{"taxonomy":"category","embeddable":true,"href":"https:\/\/www.spottergps.com\/fr\/wp-json\/wp\/v2\/categories?post=1316"},{"taxonomy":"post_tag","embeddable":true,"href":"https:\/\/www.spottergps.com\/fr\/wp-json\/wp\/v2\/tags?post=1316"}],"curies":[{"name":"wp","href":"https:\/\/api.w.org\/{rel}","templated":true}]}}