{"id":1314,"date":"2023-09-11T13:27:30","date_gmt":"2023-09-11T12:27:30","guid":{"rendered":"https:\/\/www.spottergps.com\/fr\/?page_id=1314"},"modified":"2023-09-26T09:02:56","modified_gmt":"2023-09-26T08:02:56","slug":"caracteristiques-pet-spotter-chat-et-chien","status":"publish","type":"page","link":"https:\/\/www.spottergps.com\/fr\/faq\/produits-et-functionnalites\/caracteristiques-pet-spotter-chat-et-chien\/","title":{"rendered":"Caract\u00e9ristiques Pet Spotter (chat et chien)"},"content":{"rendered":"\n<p>\u00cates-vous curieux de conna\u00eetre les fonctions du Pet Spotter ? Nous les expliquons ci-dessous et vous trouverez un aper\u00e7u complet dans le <a href=\"https:\/\/www.spottergps.com\/fr\/mode-demploi\/\">manuel<\/a>.<\/p>\n\n\n\n<h2 class=\"wp-block-heading\"><strong><em>Voir l&#8217;emplacement<\/em><\/strong><\/h2>\n\n\n\n<p>Le <a href=\"https:\/\/shop.spottergps.com\/fr\/pet-spotter-dog-tracker.html\">Pet Spotter<\/a> envoie automatiquement une position toutes les 5 minutes que vous pouvez consulter en ligne sur votre compte ou via l&rsquo;application Spotter. Vous souhaitez afficher un emplacement plus souvent que toutes les 5 minutes&nbsp;? Ensuite, vous pouvez demander l&#8217;emplacement manuellement. Vous recevrez d\u00e9sormais l&#8217;emplacement actuel du Pet Spotter toutes les 60 secondes pendant 3 minutes. Vous pouvez consulter tous les emplacements pendant 24 heures, apr\u00e8s quoi les donn\u00e9es seront supprim\u00e9es. En allant \u00e0 \u00ab home \u00bb dans le compte en ligne, vous pouvez voir l&#8217;emplacement du Pet Spotter.<\/p>\n\n\n\n<h2 class=\"wp-block-heading\"><strong><em>D\u00e9finir des zones<\/em><\/strong><em>&nbsp; &nbsp; &nbsp; &nbsp; &nbsp; &nbsp; &nbsp; &nbsp; &nbsp; &nbsp; &nbsp; &nbsp; &nbsp; &nbsp; &nbsp; &nbsp;&nbsp;<\/em><\/h2>\n\n\n\n<p>Vous pouvez facilement configurer une zone. Pensez, par exemple, \u00e0 l&rsquo;adresse de votre domicile, de votre \u00e9tablissement de soins, de votre \u00e9cole, de votre lieu de travail ou des membres de votre famille. Si le Spotter entre ou sort de la zone, vous recevrez imm\u00e9diatement une notification via l&rsquo;application sous forme de notification push. Il est possible de param\u00e9trer 5 zones diff\u00e9rentes.<\/p>\n\n\n\n<p><strong>Pour configurer une zone&nbsp;:<\/strong><\/p>\n\n\n\n<p>Vous pouvez configurer une zone via votre compte en suivant ces \u00e9tapes&nbsp;:<\/p>\n\n\n\n<ul class=\"wp-block-list\">\n<li>Connectez-vous via l&rsquo;application ou via le site Web<\/li>\n\n\n\n<li>Lorsque vous \u00eates connect\u00e9, vous verrez 3 tirets en haut \u00e0 gauche, puis allez dans &lsquo;zone&rsquo;.<\/li>\n\n\n\n<li>Au \u00ab signe plus \u00bb, vous pouvez cr\u00e9er une nouvelle zone.<\/li>\n\n\n\n<li>Vous pouvez maintenant choisir une ic\u00f4ne telle que la maison pour le \u00ab&nbsp;lieu d&rsquo;origine&nbsp;\u00bb.<\/li>\n\n\n\n<li>Vous pouvez ensuite faire glisser cette ic\u00f4ne vers l&#8217;emplacement ou vous trouverez une barre en haut o\u00f9 vous pourrez entrer l&rsquo;adresse de la zone souhait\u00e9e.<\/li>\n\n\n\n<li>Vous pouvez ensuite indiquer la taille que vous souhaitez pour cette zone, cela fonctionne dans un cercle.<\/li>\n<\/ul>\n\n\n\n<p>La zone est maintenant activ\u00e9e et si le Spotter quitte ou rentre dans ce cercle, vous recevrez une notification. Vous pouvez le modifier ou le supprimer en cliquant sur la zone et en choisissant &lsquo;modifier&rsquo; ou &lsquo;supprimer&rsquo;.<\/p>\n\n\n\n<h2 class=\"wp-block-heading\"><strong><em>Alerte SOS<\/em><\/strong><\/h2>\n\n\n\n<p>Appuyez sur le bouton SOS \u00e0 l&rsquo;avant et maintenez-le enfonc\u00e9 pendant 3 secondes pour envoyer une notification SOS. Cette notification + localisation est envoy\u00e9e au compte en ligne par e-mail et l&rsquo;utilisateur connect\u00e9 via l&rsquo;application Spotter re\u00e7oit une notification push.<em>\u00a0<\/em>Dans l&rsquo;application, vous pouvez voir l&rsquo;endroit o\u00f9 le bouton SOS a \u00e9t\u00e9 enfonc\u00e9 et vous pouvez ensuite appeler le Spotter pour demander ce qui se passe. <a href=\"https:\/\/www.spottergps.com\/fr\/faq\/produits-et-functionnalites\/observateur-dappel\/\" data-type=\"URL\" data-id=\"https:\/\/www.spottergps.com\/fr\/faq\/produits-et-functionnalites\/observateur-dappel\/\">Voici comment passer un appel<\/a>.<\/p>\n\n\n\n<h2 class=\"wp-block-heading\"><strong><em>R\u00e9gler l&rsquo;alarme<\/em><\/strong><\/h2>\n\n\n\n<p>Configurez jusqu&rsquo;\u00e0 3 heures d&rsquo;alarme diff\u00e9rentes lorsque vous souhaitez qu&rsquo;une alarme se d\u00e9clenche sur le Pet Spotter. Par exemple, vous pouvez entrer les heures de repas de votre ami \u00e0 quatre pattes et vous pouvez entra\u00eener votre ami \u00e0 quatre pattes \u00e0 rentrer \u00e0 la maison pour manger lorsque l&rsquo;alarme sonne. L&rsquo;alarme s&rsquo;arr\u00eatera automatiquement apr\u00e8s 30 secondes.<\/p>\n\n\n\n<h2 class=\"wp-block-heading\"><strong><em>Boussole<\/em><\/strong><\/h2>\n\n\n\n<p>Avec la boussole, vous pouvez voir dans quelle direction vous devez marcher pour trouver votre ami \u00e0 quatre pattes. Pointez votre smartphone et la boussole vous indiquera dans quelle direction marcher.<\/p>\n\n\n\n<h2 class=\"wp-block-heading\"><strong><em>Carte de chaleur<\/em><\/strong><\/h2>\n\n\n\n<p>Affichez les hotspots pr\u00e9f\u00e9r\u00e9s de votre ami \u00e0 quatre pattes. Quelle r\u00e9gion visite-t-il le plus souvent ?<\/p>\n\n\n\n<h2 class=\"wp-block-heading\"><strong><em>vue de rue<\/em><\/strong><\/h2>\n\n\n\n<p>En s\u00e9lectionnant la fonction Street View, une page Internet s\u00e9par\u00e9e s&rsquo;ouvre avec les coordonn\u00e9es o\u00f9 se trouve actuellement le Pet Spotter. De cette fa\u00e7on, vous pouvez voir au niveau de la rue o\u00f9 se trouve votre ami \u00e0 quatre pattes.<\/p>\n\n\n\n<h2 class=\"wp-block-heading\"><strong><em>Sonner<\/em><\/strong><\/h2>\n\n\n\n<p>Vous pouvez \u00e9galement appeler le Pet Spotter, par exemple si votre ami \u00e0 quatre pattes a disparu et que le chercheur appuie sur le bouton SOS. Vous vous connectez \u00e0 l&rsquo;application Spotter et cliquez sur l&rsquo;ic\u00f4ne Pet Spotter sur la carte. Un menu appara\u00eet maintenant, o\u00f9 vous pouvez choisir l&rsquo;option &lsquo;Appeler&rsquo;. Le Pet Spotter va maintenant sonner et vous pouvez enregistrer en appuyant bri\u00e8vement une fois sur le bouton SOS. Vous appelez un num\u00e9ro de t\u00e9l\u00e9phone mobile europ\u00e9en auquel s&rsquo;appliquent les tarifs d&rsquo;appel habituels de votre op\u00e9rateur t\u00e9l\u00e9phonique.<\/p>\n\n\n\n<p><strong>Remarque : <\/strong>lorsque vous appelez le Pet Spotter, cela <em>n&rsquo;inclut pas le cr\u00e9dit pr\u00e9pay\u00e9 <\/em>. Vous appelez depuis votre propre smartphone vers un num\u00e9ro mobile europ\u00e9en auquel s&rsquo;appliquent les frais d&rsquo;appel de votre op\u00e9rateur t\u00e9l\u00e9phonique.<\/p>\n\n\n\n<p>Balises: Pet Spotter, caract\u00e9ristiques<\/p>\n","protected":false},"excerpt":{"rendered":"<p>\u00cates-vous curieux de conna\u00eetre les fonctions du Pet Spotter ? Nous les expliquons ci-dessous et vous trouverez un aper\u00e7u complet dans le manuel. Voir l&#8217;emplacement Le Pet Spotter envoie automatiquement une position toutes les 5 minutes que vous pouvez consulter en ligne sur votre compte ou via l&rsquo;application Spotter. Vous souhaitez afficher un emplacement plus [&hellip;]<\/p>\n","protected":false},"author":8,"featured_media":0,"parent":1182,"menu_order":0,"comment_status":"closed","ping_status":"closed","template":"faq-content.php","meta":{"_acf_changed":false,"footnotes":""},"categories":[],"tags":[],"class_list":["post-1314","page","type-page","status-publish","hentry"],"acf":[],"yoast_head":"<!-- This site is optimized with the Yoast SEO plugin v25.9 - https:\/\/yoast.com\/wordpress\/plugins\/seo\/ -->\n<title>Caract\u00e9ristiques Pet Spotter (chat et chien) - Spotter France<\/title>\n<meta name=\"robots\" content=\"index, follow, max-snippet:-1, max-image-preview:large, max-video-preview:-1\" \/>\n<link rel=\"canonical\" href=\"https:\/\/www.spottergps.com\/fr\/faq\/produits-et-functionnalites\/caracteristiques-pet-spotter-chat-et-chien\/\" \/>\n<meta property=\"og:locale\" content=\"fr_FR\" \/>\n<meta property=\"og:type\" content=\"article\" \/>\n<meta property=\"og:title\" content=\"Caract\u00e9ristiques Pet Spotter (chat et chien) - Spotter France\" \/>\n<meta property=\"og:description\" content=\"\u00cates-vous curieux de conna\u00eetre les fonctions du Pet Spotter ? Nous les expliquons ci-dessous et vous trouverez un aper\u00e7u complet dans le manuel. Voir l&#8217;emplacement Le Pet Spotter envoie automatiquement une position toutes les 5 minutes que vous pouvez consulter en ligne sur votre compte ou via l&rsquo;application Spotter. Vous souhaitez afficher un emplacement plus [&hellip;]\" \/>\n<meta property=\"og:url\" content=\"https:\/\/www.spottergps.com\/fr\/faq\/produits-et-functionnalites\/caracteristiques-pet-spotter-chat-et-chien\/\" \/>\n<meta property=\"og:site_name\" content=\"Spotter France\" \/>\n<meta property=\"article:modified_time\" content=\"2023-09-26T08:02:56+00:00\" \/>\n<meta name=\"twitter:card\" content=\"summary_large_image\" \/>\n<meta name=\"twitter:label1\" content=\"Dur\u00e9e de lecture estim\u00e9e\" \/>\n\t<meta name=\"twitter:data1\" content=\"4 minutes\" \/>\n<script type=\"application\/ld+json\" class=\"yoast-schema-graph\">{\"@context\":\"https:\/\/schema.org\",\"@graph\":[{\"@type\":\"WebPage\",\"@id\":\"https:\/\/www.spottergps.com\/fr\/faq\/produits-et-functionnalites\/caracteristiques-pet-spotter-chat-et-chien\/\",\"url\":\"https:\/\/www.spottergps.com\/fr\/faq\/produits-et-functionnalites\/caracteristiques-pet-spotter-chat-et-chien\/\",\"name\":\"Caract\u00e9ristiques Pet Spotter (chat et chien) - Spotter France\",\"isPartOf\":{\"@id\":\"https:\/\/www.spottergps.com\/fr\/#website\"},\"datePublished\":\"2023-09-11T12:27:30+00:00\",\"dateModified\":\"2023-09-26T08:02:56+00:00\",\"breadcrumb\":{\"@id\":\"https:\/\/www.spottergps.com\/fr\/faq\/produits-et-functionnalites\/caracteristiques-pet-spotter-chat-et-chien\/#breadcrumb\"},\"inLanguage\":\"fr-FR\",\"potentialAction\":[{\"@type\":\"ReadAction\",\"target\":[\"https:\/\/www.spottergps.com\/fr\/faq\/produits-et-functionnalites\/caracteristiques-pet-spotter-chat-et-chien\/\"]}]},{\"@type\":\"BreadcrumbList\",\"@id\":\"https:\/\/www.spottergps.com\/fr\/faq\/produits-et-functionnalites\/caracteristiques-pet-spotter-chat-et-chien\/#breadcrumb\",\"itemListElement\":[{\"@type\":\"ListItem\",\"position\":1,\"name\":\"Home\",\"item\":\"https:\/\/www.spottergps.com\/fr\/\"},{\"@type\":\"ListItem\",\"position\":2,\"name\":\"Comment pouvons-nous vous aider?\",\"item\":\"https:\/\/www.spottergps.com\/fr\/faq\/\"},{\"@type\":\"ListItem\",\"position\":3,\"name\":\"Produits et functionnalit\u00e9s\",\"item\":\"https:\/\/www.spottergps.com\/fr\/faq\/produits-et-functionnalites\/\"},{\"@type\":\"ListItem\",\"position\":4,\"name\":\"Caract\u00e9ristiques Pet Spotter (chat et chien)\"}]},{\"@type\":\"WebSite\",\"@id\":\"https:\/\/www.spottergps.com\/fr\/#website\",\"url\":\"https:\/\/www.spottergps.com\/fr\/\",\"name\":\"Spotter France\",\"description\":\"Een andere Spotter websites site\",\"potentialAction\":[{\"@type\":\"SearchAction\",\"target\":{\"@type\":\"EntryPoint\",\"urlTemplate\":\"https:\/\/www.spottergps.com\/fr\/?s={search_term_string}\"},\"query-input\":{\"@type\":\"PropertyValueSpecification\",\"valueRequired\":true,\"valueName\":\"search_term_string\"}}],\"inLanguage\":\"fr-FR\"}]}<\/script>\n<!-- \/ Yoast SEO plugin. -->","yoast_head_json":{"title":"Caract\u00e9ristiques Pet Spotter (chat et chien) - Spotter France","robots":{"index":"index","follow":"follow","max-snippet":"max-snippet:-1","max-image-preview":"max-image-preview:large","max-video-preview":"max-video-preview:-1"},"canonical":"https:\/\/www.spottergps.com\/fr\/faq\/produits-et-functionnalites\/caracteristiques-pet-spotter-chat-et-chien\/","og_locale":"fr_FR","og_type":"article","og_title":"Caract\u00e9ristiques Pet Spotter (chat et chien) - Spotter France","og_description":"\u00cates-vous curieux de conna\u00eetre les fonctions du Pet Spotter ? Nous les expliquons ci-dessous et vous trouverez un aper\u00e7u complet dans le manuel. Voir l&#8217;emplacement Le Pet Spotter envoie automatiquement une position toutes les 5 minutes que vous pouvez consulter en ligne sur votre compte ou via l&rsquo;application Spotter. Vous souhaitez afficher un emplacement plus [&hellip;]","og_url":"https:\/\/www.spottergps.com\/fr\/faq\/produits-et-functionnalites\/caracteristiques-pet-spotter-chat-et-chien\/","og_site_name":"Spotter France","article_modified_time":"2023-09-26T08:02:56+00:00","twitter_card":"summary_large_image","twitter_misc":{"Dur\u00e9e de lecture estim\u00e9e":"4 minutes"},"schema":{"@context":"https:\/\/schema.org","@graph":[{"@type":"WebPage","@id":"https:\/\/www.spottergps.com\/fr\/faq\/produits-et-functionnalites\/caracteristiques-pet-spotter-chat-et-chien\/","url":"https:\/\/www.spottergps.com\/fr\/faq\/produits-et-functionnalites\/caracteristiques-pet-spotter-chat-et-chien\/","name":"Caract\u00e9ristiques Pet Spotter (chat et chien) - Spotter France","isPartOf":{"@id":"https:\/\/www.spottergps.com\/fr\/#website"},"datePublished":"2023-09-11T12:27:30+00:00","dateModified":"2023-09-26T08:02:56+00:00","breadcrumb":{"@id":"https:\/\/www.spottergps.com\/fr\/faq\/produits-et-functionnalites\/caracteristiques-pet-spotter-chat-et-chien\/#breadcrumb"},"inLanguage":"fr-FR","potentialAction":[{"@type":"ReadAction","target":["https:\/\/www.spottergps.com\/fr\/faq\/produits-et-functionnalites\/caracteristiques-pet-spotter-chat-et-chien\/"]}]},{"@type":"BreadcrumbList","@id":"https:\/\/www.spottergps.com\/fr\/faq\/produits-et-functionnalites\/caracteristiques-pet-spotter-chat-et-chien\/#breadcrumb","itemListElement":[{"@type":"ListItem","position":1,"name":"Home","item":"https:\/\/www.spottergps.com\/fr\/"},{"@type":"ListItem","position":2,"name":"Comment pouvons-nous vous aider?","item":"https:\/\/www.spottergps.com\/fr\/faq\/"},{"@type":"ListItem","position":3,"name":"Produits et functionnalit\u00e9s","item":"https:\/\/www.spottergps.com\/fr\/faq\/produits-et-functionnalites\/"},{"@type":"ListItem","position":4,"name":"Caract\u00e9ristiques Pet Spotter (chat et chien)"}]},{"@type":"WebSite","@id":"https:\/\/www.spottergps.com\/fr\/#website","url":"https:\/\/www.spottergps.com\/fr\/","name":"Spotter France","description":"Een andere Spotter websites site","potentialAction":[{"@type":"SearchAction","target":{"@type":"EntryPoint","urlTemplate":"https:\/\/www.spottergps.com\/fr\/?s={search_term_string}"},"query-input":{"@type":"PropertyValueSpecification","valueRequired":true,"valueName":"search_term_string"}}],"inLanguage":"fr-FR"}]}},"_links":{"self":[{"href":"https:\/\/www.spottergps.com\/fr\/wp-json\/wp\/v2\/pages\/1314","targetHints":{"allow":["GET"]}}],"collection":[{"href":"https:\/\/www.spottergps.com\/fr\/wp-json\/wp\/v2\/pages"}],"about":[{"href":"https:\/\/www.spottergps.com\/fr\/wp-json\/wp\/v2\/types\/page"}],"author":[{"embeddable":true,"href":"https:\/\/www.spottergps.com\/fr\/wp-json\/wp\/v2\/users\/8"}],"replies":[{"embeddable":true,"href":"https:\/\/www.spottergps.com\/fr\/wp-json\/wp\/v2\/comments?post=1314"}],"version-history":[{"count":2,"href":"https:\/\/www.spottergps.com\/fr\/wp-json\/wp\/v2\/pages\/1314\/revisions"}],"predecessor-version":[{"id":1622,"href":"https:\/\/www.spottergps.com\/fr\/wp-json\/wp\/v2\/pages\/1314\/revisions\/1622"}],"up":[{"embeddable":true,"href":"https:\/\/www.spottergps.com\/fr\/wp-json\/wp\/v2\/pages\/1182"}],"wp:attachment":[{"href":"https:\/\/www.spottergps.com\/fr\/wp-json\/wp\/v2\/media?parent=1314"}],"wp:term":[{"taxonomy":"category","embeddable":true,"href":"https:\/\/www.spottergps.com\/fr\/wp-json\/wp\/v2\/categories?post=1314"},{"taxonomy":"post_tag","embeddable":true,"href":"https:\/\/www.spottergps.com\/fr\/wp-json\/wp\/v2\/tags?post=1314"}],"curies":[{"name":"wp","href":"https:\/\/api.w.org\/{rel}","templated":true}]}}