{"id":1310,"date":"2023-09-11T13:08:39","date_gmt":"2023-09-11T12:08:39","guid":{"rendered":"https:\/\/www.spottergps.com\/fr\/?page_id=1310"},"modified":"2023-10-30T15:58:49","modified_gmt":"2023-10-30T14:58:49","slug":"fonctionnalites-spotter-gps-tracker","status":"publish","type":"page","link":"https:\/\/www.spottergps.com\/fr\/faq\/produits-et-functionnalites\/fonctionnalites-spotter-gps-tracker\/","title":{"rendered":"Fonctionnalit\u00e9s Spotter GPS Tracker"},"content":{"rendered":"\n<p>\u00cates-vous curieux de conna\u00eetre les fonctions du traceur GPS Spotter ? Nous les expliquons ci-dessous et vous trouverez un aper\u00e7u complet dans le <a href=\"https:\/\/www.spottergps.com\/fr\/mode-demploi\/\" data-type=\"URL\" data-id=\"https:\/\/www.spottergps.com\/fr\/mode-demploi\/\">manuel<\/a>.<\/p>\n\n\n\n<h2 class=\"wp-block-heading\"><em><br><strong>Voir l&#8217;emplacement<\/strong><\/em><\/h2>\n\n\n\n<p><a href=\"https:\/\/shop.spottergps.com\/fr\/spotter%20gps%20tracker.html\" data-type=\"URL\" data-id=\"https:\/\/shop.spottergps.com\/fr\/spotter%20gps%20tracker.html\">Le Spotter GPS Tracker<\/a> envoie automatiquement une position toutes les minutes que vous pouvez visualiser en ligne sur votre compte ou via l&rsquo;application Spotter. A l&rsquo;arr\u00eat, c&rsquo;est toutes les 30 minutes. Le Spotter GPS Tracker est \u00e9quip\u00e9 d&rsquo;un capteur de mouvement qui reconna\u00eet la diff\u00e9rence entre le mouvement et l&rsquo;arr\u00eat. Vous pouvez consulter tous les emplacements pendant 24 heures, apr\u00e8s quoi les donn\u00e9es seront supprim\u00e9es. En acc\u00e9dant \u00e0 la \u00ab\u00a0Carte\u00a0\u00bb du compte en ligne, vous pouvez voir l&#8217;emplacement du Spotter GPS Tracker.<\/p>\n\n\n\n<h2 class=\"wp-block-heading\"><strong><em>D\u00e9finir des zones<\/em><\/strong><em>&nbsp; &nbsp; &nbsp; &nbsp; &nbsp; &nbsp; &nbsp; &nbsp; &nbsp; &nbsp; &nbsp; &nbsp; &nbsp; &nbsp; &nbsp; &nbsp;&nbsp;<\/em><\/h2>\n\n\n\n<p>Vous pouvez facilement configurer une zone. Pensez, par exemple, \u00e0 l&rsquo;adresse de votre domicile, de votre \u00e9tablissement de soins, de votre \u00e9cole, de votre lieu de travail ou des membres de votre famille. Si le Spotter entre ou sort de la zone, vous recevrez imm\u00e9diatement une notification via l&rsquo;application sous forme de notification push. Il est possible de param\u00e9trer 5 zones diff\u00e9rentes.<\/p>\n\n\n\n<p><strong>Pour configurer une zone&nbsp;:<\/strong><\/p>\n\n\n\n<p>Vous pouvez configurer une zone via votre compte en suivant ces \u00e9tapes&nbsp;:<\/p>\n\n\n\n<ul class=\"wp-block-list\">\n<li>Connectez-vous via l&rsquo;application ou via le site Web<\/li>\n\n\n\n<li>Lorsque vous \u00eates connect\u00e9, vous verrez 3 tirets en haut \u00e0 gauche, puis allez dans &lsquo;zone&rsquo;.<\/li>\n\n\n\n<li>Au \u00ab signe plus \u00bb, vous pouvez cr\u00e9er une nouvelle zone.<\/li>\n\n\n\n<li>Vous pouvez maintenant choisir une ic\u00f4ne telle que la maison pour le \u00ab&nbsp;lieu d&rsquo;origine&nbsp;\u00bb.<\/li>\n\n\n\n<li>Vous pouvez ensuite faire glisser cette ic\u00f4ne vers l&#8217;emplacement ou vous trouverez une barre en haut o\u00f9 vous pourrez entrer l&rsquo;adresse de la zone souhait\u00e9e.<\/li>\n\n\n\n<li>Vous pouvez ensuite indiquer la taille que vous souhaitez pour cette zone, cela fonctionne dans un cercle.<\/li>\n<\/ul>\n\n\n\n<p>La zone est maintenant activ\u00e9e et si le Spotter quitte ou rentre dans ce cercle, vous recevrez une notification. Vous pouvez le modifier ou le supprimer en cliquant sur la zone et en choisissant &lsquo;modifier&rsquo; ou &lsquo;supprimer&rsquo;.<\/p>\n\n\n\n<p><strong>Verrouillage de l&#8217;emplacement <\/strong><br>De plus, le traceur GPS a \u00e9galement l&rsquo;option d&rsquo;un \u00ab verrouillage de l&#8217;emplacement \u00bb dans le menu. Il s&rsquo;agit d&rsquo;une option rapide pour d\u00e9finir une zone sur un emplacement temporaire. Pensez, par exemple, \u00e0 une journ\u00e9e ou \u00e0 une aire de jeux. De cette fa\u00e7on, vous n&rsquo;avez pas \u00e0 cr\u00e9er de zone, mais vous pouvez rapidement cliquer sur cette fonction d\u00e8s que le Spotter est \u00e0 l&#8217;emplacement.<\/p>\n\n\n\n<h2 class=\"wp-block-heading\"><strong><em>Alerte SOS<\/em><\/strong><\/h2>\n\n\n\n<p>Il y a un bouton SOS sur le devant du Spotter GPS Tracker. Appuyez sur le bouton SOS pendant 3 secondes et un signal sonore retentira et le voyant LED vert clignotera. La notification SOS est maintenant envoy\u00e9e \u00e0 l&rsquo;utilisateur li\u00e9 par e-mail et sous forme de message push sur le smartphone. Le nom du Spotter GPS Tracker et l&rsquo;endroit d&rsquo;o\u00f9 le bouton SOS a \u00e9t\u00e9 appuy\u00e9 sont indiqu\u00e9s dans le message. Dans l&rsquo;application, vous pouvez voir l&rsquo;endroit o\u00f9 le bouton SOS a \u00e9t\u00e9 enfonc\u00e9 et vous pouvez ensuite appeler le Spotter pour demander ce qui se passe. <a href=\"https:\/\/www.spottergps.com\/fr\/faq\/produits-et-functionnalites\/observateur-dappel\/\" data-type=\"URL\" data-id=\"https:\/\/www.spottergps.com\/fr\/faq\/produits-et-functionnalites\/observateur-dappel\/\">Voici comment passer un appel <\/a>.<\/p>\n\n\n\n<h2 class=\"wp-block-heading\"><em><br><strong>Sonner<\/strong><\/em><\/h2>\n\n\n\n<p>Vous pouvez \u00e9galement appeler le Spotter GPS Tracker, par exemple dans le cas o\u00f9 une personne est dans le besoin et que vous souhaitez \u00eatre recontact\u00e9. Vous vous connectez \u00e0 l&rsquo;application Spotter et cliquez sur l&rsquo;ic\u00f4ne Spotter sur la carte. Ensuite, un menu s&rsquo;ouvre et vous s\u00e9lectionnez ici \u00ab\u00a0Appeler\u00a0\u00bb. Le Spotter GPS Tracker va maintenant sonner et enregistrer automatiquement apr\u00e8s quelques secondes. Vous pouvez mettre fin \u00e0 l&rsquo;appel t\u00e9l\u00e9phonique en appuyant sur le bouton t\u00e9l\u00e9phone sur le c\u00f4t\u00e9 du Spotter GPS Tracker.<\/p>\n\n\n\n<p><strong>Remarque : <\/strong>lorsque vous appelez le Spotter GPS Tracker, cela <em>n&rsquo;inclut pas le cr\u00e9dit pr\u00e9pay\u00e9 <\/em>. Vous appelez depuis votre propre smartphone vers un num\u00e9ro mobile europ\u00e9en auquel s&rsquo;appliquent les frais d&rsquo;appel de votre op\u00e9rateur t\u00e9l\u00e9phonique.<\/p>\n\n\n\n<p>itin\u00e9rante int\u00e9gr\u00e9e , qui garantit que le Spotter fonctionne dans toute l&rsquo;Europe sur tous les r\u00e9seaux mobiles disponibles sans frais suppl\u00e9mentaires. M\u00eame aux Pays-Bas, Spotter fonctionne sur tous les r\u00e9seaux mobiles disponibles. La raison en est que nous ne voulons pas d\u00e9pendre de la couverture r\u00e9seau d&rsquo;un seul fournisseur de t\u00e9l\u00e9phonie mobile dans un pays (ou une r\u00e9gion), mais que le Spotter GPS Tracker choisit toujours le meilleur r\u00e9seau mobile disponible, quel que soit le fournisseur de t\u00e9l\u00e9phonie mobile. <\/p>\n\n\n\n<p><strong>Astuce : <\/strong>Apr\u00e8s avoir appel\u00e9 le Spotter GPS Tracker, vous pouvez enregistrer le num\u00e9ro afin de pouvoir \u00e9galement appeler le Spotter directement en dehors de l&rsquo;application sans utiliser l&rsquo;application.<\/p>\n\n\n\n<p>sos du traqueur GPS , appeler le traqueur GPS<\/p>\n","protected":false},"excerpt":{"rendered":"<p>\u00cates-vous curieux de conna\u00eetre les fonctions du traceur GPS Spotter ? Nous les expliquons ci-dessous et vous trouverez un aper\u00e7u complet dans le manuel. Voir l&#8217;emplacement Le Spotter GPS Tracker envoie automatiquement une position toutes les minutes que vous pouvez visualiser en ligne sur votre compte ou via l&rsquo;application Spotter. A l&rsquo;arr\u00eat, c&rsquo;est toutes les [&hellip;]<\/p>\n","protected":false},"author":8,"featured_media":0,"parent":1182,"menu_order":0,"comment_status":"closed","ping_status":"closed","template":"faq-content.php","meta":{"_acf_changed":false,"footnotes":""},"categories":[],"tags":[],"class_list":["post-1310","page","type-page","status-publish","hentry"],"acf":[],"yoast_head":"<!-- This site is optimized with the Yoast SEO plugin v25.9 - https:\/\/yoast.com\/wordpress\/plugins\/seo\/ -->\n<title>Fonctionnalit\u00e9s Spotter GPS Tracker - Spotter France<\/title>\n<meta name=\"robots\" content=\"index, follow, max-snippet:-1, max-image-preview:large, max-video-preview:-1\" \/>\n<link rel=\"canonical\" href=\"https:\/\/www.spottergps.com\/fr\/faq\/produits-et-functionnalites\/fonctionnalites-spotter-gps-tracker\/\" \/>\n<meta property=\"og:locale\" content=\"fr_FR\" \/>\n<meta property=\"og:type\" content=\"article\" \/>\n<meta property=\"og:title\" content=\"Fonctionnalit\u00e9s Spotter GPS Tracker - Spotter France\" \/>\n<meta property=\"og:description\" content=\"\u00cates-vous curieux de conna\u00eetre les fonctions du traceur GPS Spotter ? Nous les expliquons ci-dessous et vous trouverez un aper\u00e7u complet dans le manuel. Voir l&#8217;emplacement Le Spotter GPS Tracker envoie automatiquement une position toutes les minutes que vous pouvez visualiser en ligne sur votre compte ou via l&rsquo;application Spotter. A l&rsquo;arr\u00eat, c&rsquo;est toutes les [&hellip;]\" \/>\n<meta property=\"og:url\" content=\"https:\/\/www.spottergps.com\/fr\/faq\/produits-et-functionnalites\/fonctionnalites-spotter-gps-tracker\/\" \/>\n<meta property=\"og:site_name\" content=\"Spotter France\" \/>\n<meta property=\"article:modified_time\" content=\"2023-10-30T14:58:49+00:00\" \/>\n<meta name=\"twitter:card\" content=\"summary_large_image\" \/>\n<meta name=\"twitter:label1\" content=\"Dur\u00e9e de lecture estim\u00e9e\" \/>\n\t<meta name=\"twitter:data1\" content=\"4 minutes\" \/>\n<script type=\"application\/ld+json\" class=\"yoast-schema-graph\">{\"@context\":\"https:\/\/schema.org\",\"@graph\":[{\"@type\":\"WebPage\",\"@id\":\"https:\/\/www.spottergps.com\/fr\/faq\/produits-et-functionnalites\/fonctionnalites-spotter-gps-tracker\/\",\"url\":\"https:\/\/www.spottergps.com\/fr\/faq\/produits-et-functionnalites\/fonctionnalites-spotter-gps-tracker\/\",\"name\":\"Fonctionnalit\u00e9s Spotter GPS Tracker - Spotter France\",\"isPartOf\":{\"@id\":\"https:\/\/www.spottergps.com\/fr\/#website\"},\"datePublished\":\"2023-09-11T12:08:39+00:00\",\"dateModified\":\"2023-10-30T14:58:49+00:00\",\"breadcrumb\":{\"@id\":\"https:\/\/www.spottergps.com\/fr\/faq\/produits-et-functionnalites\/fonctionnalites-spotter-gps-tracker\/#breadcrumb\"},\"inLanguage\":\"fr-FR\",\"potentialAction\":[{\"@type\":\"ReadAction\",\"target\":[\"https:\/\/www.spottergps.com\/fr\/faq\/produits-et-functionnalites\/fonctionnalites-spotter-gps-tracker\/\"]}]},{\"@type\":\"BreadcrumbList\",\"@id\":\"https:\/\/www.spottergps.com\/fr\/faq\/produits-et-functionnalites\/fonctionnalites-spotter-gps-tracker\/#breadcrumb\",\"itemListElement\":[{\"@type\":\"ListItem\",\"position\":1,\"name\":\"Home\",\"item\":\"https:\/\/www.spottergps.com\/fr\/\"},{\"@type\":\"ListItem\",\"position\":2,\"name\":\"Comment pouvons-nous vous aider?\",\"item\":\"https:\/\/www.spottergps.com\/fr\/faq\/\"},{\"@type\":\"ListItem\",\"position\":3,\"name\":\"Produits et functionnalit\u00e9s\",\"item\":\"https:\/\/www.spottergps.com\/fr\/faq\/produits-et-functionnalites\/\"},{\"@type\":\"ListItem\",\"position\":4,\"name\":\"Fonctionnalit\u00e9s Spotter GPS Tracker\"}]},{\"@type\":\"WebSite\",\"@id\":\"https:\/\/www.spottergps.com\/fr\/#website\",\"url\":\"https:\/\/www.spottergps.com\/fr\/\",\"name\":\"Spotter France\",\"description\":\"Een andere Spotter websites site\",\"potentialAction\":[{\"@type\":\"SearchAction\",\"target\":{\"@type\":\"EntryPoint\",\"urlTemplate\":\"https:\/\/www.spottergps.com\/fr\/?s={search_term_string}\"},\"query-input\":{\"@type\":\"PropertyValueSpecification\",\"valueRequired\":true,\"valueName\":\"search_term_string\"}}],\"inLanguage\":\"fr-FR\"}]}<\/script>\n<!-- \/ Yoast SEO plugin. -->","yoast_head_json":{"title":"Fonctionnalit\u00e9s Spotter GPS Tracker - Spotter France","robots":{"index":"index","follow":"follow","max-snippet":"max-snippet:-1","max-image-preview":"max-image-preview:large","max-video-preview":"max-video-preview:-1"},"canonical":"https:\/\/www.spottergps.com\/fr\/faq\/produits-et-functionnalites\/fonctionnalites-spotter-gps-tracker\/","og_locale":"fr_FR","og_type":"article","og_title":"Fonctionnalit\u00e9s Spotter GPS Tracker - Spotter France","og_description":"\u00cates-vous curieux de conna\u00eetre les fonctions du traceur GPS Spotter ? Nous les expliquons ci-dessous et vous trouverez un aper\u00e7u complet dans le manuel. Voir l&#8217;emplacement Le Spotter GPS Tracker envoie automatiquement une position toutes les minutes que vous pouvez visualiser en ligne sur votre compte ou via l&rsquo;application Spotter. A l&rsquo;arr\u00eat, c&rsquo;est toutes les [&hellip;]","og_url":"https:\/\/www.spottergps.com\/fr\/faq\/produits-et-functionnalites\/fonctionnalites-spotter-gps-tracker\/","og_site_name":"Spotter France","article_modified_time":"2023-10-30T14:58:49+00:00","twitter_card":"summary_large_image","twitter_misc":{"Dur\u00e9e de lecture estim\u00e9e":"4 minutes"},"schema":{"@context":"https:\/\/schema.org","@graph":[{"@type":"WebPage","@id":"https:\/\/www.spottergps.com\/fr\/faq\/produits-et-functionnalites\/fonctionnalites-spotter-gps-tracker\/","url":"https:\/\/www.spottergps.com\/fr\/faq\/produits-et-functionnalites\/fonctionnalites-spotter-gps-tracker\/","name":"Fonctionnalit\u00e9s Spotter GPS Tracker - Spotter France","isPartOf":{"@id":"https:\/\/www.spottergps.com\/fr\/#website"},"datePublished":"2023-09-11T12:08:39+00:00","dateModified":"2023-10-30T14:58:49+00:00","breadcrumb":{"@id":"https:\/\/www.spottergps.com\/fr\/faq\/produits-et-functionnalites\/fonctionnalites-spotter-gps-tracker\/#breadcrumb"},"inLanguage":"fr-FR","potentialAction":[{"@type":"ReadAction","target":["https:\/\/www.spottergps.com\/fr\/faq\/produits-et-functionnalites\/fonctionnalites-spotter-gps-tracker\/"]}]},{"@type":"BreadcrumbList","@id":"https:\/\/www.spottergps.com\/fr\/faq\/produits-et-functionnalites\/fonctionnalites-spotter-gps-tracker\/#breadcrumb","itemListElement":[{"@type":"ListItem","position":1,"name":"Home","item":"https:\/\/www.spottergps.com\/fr\/"},{"@type":"ListItem","position":2,"name":"Comment pouvons-nous vous aider?","item":"https:\/\/www.spottergps.com\/fr\/faq\/"},{"@type":"ListItem","position":3,"name":"Produits et functionnalit\u00e9s","item":"https:\/\/www.spottergps.com\/fr\/faq\/produits-et-functionnalites\/"},{"@type":"ListItem","position":4,"name":"Fonctionnalit\u00e9s Spotter GPS Tracker"}]},{"@type":"WebSite","@id":"https:\/\/www.spottergps.com\/fr\/#website","url":"https:\/\/www.spottergps.com\/fr\/","name":"Spotter France","description":"Een andere Spotter websites site","potentialAction":[{"@type":"SearchAction","target":{"@type":"EntryPoint","urlTemplate":"https:\/\/www.spottergps.com\/fr\/?s={search_term_string}"},"query-input":{"@type":"PropertyValueSpecification","valueRequired":true,"valueName":"search_term_string"}}],"inLanguage":"fr-FR"}]}},"_links":{"self":[{"href":"https:\/\/www.spottergps.com\/fr\/wp-json\/wp\/v2\/pages\/1310","targetHints":{"allow":["GET"]}}],"collection":[{"href":"https:\/\/www.spottergps.com\/fr\/wp-json\/wp\/v2\/pages"}],"about":[{"href":"https:\/\/www.spottergps.com\/fr\/wp-json\/wp\/v2\/types\/page"}],"author":[{"embeddable":true,"href":"https:\/\/www.spottergps.com\/fr\/wp-json\/wp\/v2\/users\/8"}],"replies":[{"embeddable":true,"href":"https:\/\/www.spottergps.com\/fr\/wp-json\/wp\/v2\/comments?post=1310"}],"version-history":[{"count":4,"href":"https:\/\/www.spottergps.com\/fr\/wp-json\/wp\/v2\/pages\/1310\/revisions"}],"predecessor-version":[{"id":1707,"href":"https:\/\/www.spottergps.com\/fr\/wp-json\/wp\/v2\/pages\/1310\/revisions\/1707"}],"up":[{"embeddable":true,"href":"https:\/\/www.spottergps.com\/fr\/wp-json\/wp\/v2\/pages\/1182"}],"wp:attachment":[{"href":"https:\/\/www.spottergps.com\/fr\/wp-json\/wp\/v2\/media?parent=1310"}],"wp:term":[{"taxonomy":"category","embeddable":true,"href":"https:\/\/www.spottergps.com\/fr\/wp-json\/wp\/v2\/categories?post=1310"},{"taxonomy":"post_tag","embeddable":true,"href":"https:\/\/www.spottergps.com\/fr\/wp-json\/wp\/v2\/tags?post=1310"}],"curies":[{"name":"wp","href":"https:\/\/api.w.org\/{rel}","templated":true}]}}