{"id":1301,"date":"2023-09-11T12:44:54","date_gmt":"2023-09-11T11:44:54","guid":{"rendered":"https:\/\/www.spottergps.com\/fr\/?page_id=1301"},"modified":"2023-10-30T15:57:01","modified_gmt":"2023-10-30T14:57:01","slug":"caracteristiques-montre-gps-spotter","status":"publish","type":"page","link":"https:\/\/www.spottergps.com\/fr\/faq\/produits-et-functionnalites\/caracteristiques-montre-gps-spotter\/","title":{"rendered":"Caract\u00e9ristiques Montre GPS Spotter"},"content":{"rendered":"\n<p>\u00cates-vous curieux de conna\u00eetre les fonctions de la montre GPS Spotter ? Nous les expliquons ci-dessous et vous trouverez un aper\u00e7u complet dans le <a href=\"https:\/\/www.spottergps.com\/fr\/mode-demploi\/\" data-type=\"URL\" data-id=\"https:\/\/www.spottergps.com\/fr\/mode-demploi\/\">manuel.<\/a><\/p>\n\n\n\n<h2 class=\"wp-block-heading\"><em><br><strong>Voir l&#8217;emplacement<\/strong><\/em><\/h2>\n\n\n\n<p><a href=\"https:\/\/shop.spottergps.com\/fr\/spotter-gps-watch-black2.html\" data-type=\"URL\" data-id=\"https:\/\/shop.spottergps.com\/fr\/spotter-gps-watch-black2.html\">La montre GPS Spotter<\/a> envoie une position toutes les 2 minutes pendant le mouvement. Lorsque la montre GPS Spotter ne bouge pas, la position est envoy\u00e9e toutes les 5 heures. La montre GPS Spotter est \u00e9quip\u00e9e d&rsquo;un capteur de mouvement qui reconna\u00eet la diff\u00e9rence entre le mouvement et l&rsquo;arr\u00eat. En acc\u00e9dant \u00e0 la \u00ab\u00a0Carte\u00a0\u00bb du compte en ligne, vous pouvez voir l&#8217;emplacement de la montre GPS Spotter. Vous pouvez consulter tous les emplacements pendant 24 heures, apr\u00e8s quoi les donn\u00e9es seront supprim\u00e9es.<\/p>\n\n\n\n<p>Devriez-vous choisir de visualiser les emplacements plus souvent que toutes les 2 minutes&nbsp;? Ensuite, vous pouvez demander les emplacements manuellement. En allant sur la carte, vous pouvez cliquer sur l&rsquo;ic\u00f4ne qui indique o\u00f9 se trouve actuellement la montre GPS Spotter et s\u00e9lectionner l&rsquo;option &lsquo;demande de localisation&rsquo;. Vous recevrez maintenant la position actuelle de la montre GPS Spotter toutes les 20 secondes pendant 3 minutes. Si vous s\u00e9lectionnez le Spotter sur la carte dans le menu Accueil, s\u00e9lectionnez \u00ab&nbsp;Plus&nbsp;\u00bb dans le menu, puis \u00ab&nbsp;Demander un emplacement&nbsp;\u00bb. Cela rel\u00e8ve du cr\u00e9dit pr\u00e9pay\u00e9 et il n&rsquo;y a pas de frais suppl\u00e9mentaires impliqu\u00e9s. Cette fonction ne peut \u00eatre utilis\u00e9e que sur la montre GPS Spotter.<\/p>\n\n\n\n<h2 class=\"wp-block-heading\"><strong><em>D\u00e9finir des zones<\/em><\/strong><\/h2>\n\n\n\n<p>Avec Spotter GPS Watch, vous pouvez facilement d\u00e9finir une zone. Pensez, par exemple, \u00e0 l&rsquo;adresse de votre domicile, de votre \u00e9tablissement de soins, de votre \u00e9cole, de votre lieu de travail ou des membres de votre famille. Si le Spotter entre ou sort de la zone, vous recevrez imm\u00e9diatement une notification via l&rsquo;application sous forme de notification push. Il est possible de param\u00e9trer 5 zones diff\u00e9rentes.<\/p>\n\n\n\n<p><strong>Pour configurer une zone&nbsp;:<\/strong><\/p>\n\n\n\n<p>Vous pouvez configurer une zone via votre compte en suivant ces \u00e9tapes&nbsp;:<\/p>\n\n\n\n<ul class=\"wp-block-list\">\n<li>Connectez-vous via l&rsquo;application ou via le site Web<\/li>\n\n\n\n<li>Lorsque vous \u00eates connect\u00e9, vous verrez 3 tirets en haut \u00e0 gauche, puis allez dans &lsquo;zone&rsquo;.<\/li>\n\n\n\n<li>Au \u00ab signe plus \u00bb, vous pouvez cr\u00e9er une nouvelle zone.<\/li>\n\n\n\n<li>Vous pouvez maintenant choisir une ic\u00f4ne telle que la maison pour le \u00ab&nbsp;lieu d&rsquo;origine&nbsp;\u00bb.<\/li>\n\n\n\n<li>Vous pouvez ensuite faire glisser cette ic\u00f4ne vers l&#8217;emplacement ou vous trouverez une barre en haut o\u00f9 vous pourrez entrer l&rsquo;adresse de la zone souhait\u00e9e.<\/li>\n\n\n\n<li>Vous pouvez ensuite indiquer la taille que vous souhaitez pour cette zone, cela fonctionne dans un cercle.<\/li>\n<\/ul>\n\n\n\n<p>La zone est maintenant activ\u00e9e et si le Spotter quitte ou rentre dans ce cercle, vous recevrez une notification. Vous pouvez le modifier ou le supprimer en cliquant sur la zone et en choisissant &lsquo;modifier&rsquo; ou &lsquo;supprimer&rsquo;.<\/p>\n\n\n\n<h2 class=\"wp-block-heading\"><strong><em>Alerte SOS<\/em><\/strong><\/h2>\n\n\n\n<p>Appuyez sur le bouton SOS sur le c\u00f4t\u00e9 droit de la montre GPS Spotter pendant 3 secondes et le texte \u00ab\u00a0SOS envoy\u00e9\u00a0\u00bb appara\u00eetra sur la montre. L&rsquo;utilisateur li\u00e9 re\u00e7oit une notification SOS avec le nom du Spotter et l&#8217;emplacement par e-mail et sous forme de message push sur le smartphone. Dans l&rsquo;application, vous pouvez voir l&rsquo;endroit o\u00f9 le bouton SOS a \u00e9t\u00e9 enfonc\u00e9 et vous pouvez ensuite appeler le Spotter pour demander ce qui se passe. <a href=\"https:\/\/www.spottergps.com\/fr\/faq\/produits-et-functionnalites\/observateur-dappel\/\" data-type=\"URL\" data-id=\"https:\/\/www.spottergps.com\/fr\/faq\/produits-et-functionnalites\/observateur-dappel\/\">Voici comment passer un appel<\/a> .<\/p>\n\n\n\n<h2 class=\"wp-block-heading\"><strong><em>Telephone moi<\/em><\/strong><\/h2>\n\n\n\n<p>Cette fonction vous permet d&rsquo;\u00e9mettre une tonalit\u00e9 sonore \u00e0 distance. Vous pouvez le faire via l&rsquo;option &lsquo; Tangle &lsquo; dans l&rsquo;application. Cliquez sur l&rsquo;ic\u00f4ne qui indique l&#8217;emplacement actuel de la montre GPS Spotter, s\u00e9lectionnez &lsquo;Plus&rsquo; et cliquez sur &lsquo; Tringle &lsquo;. La montre GPS Spotter \u00e9met maintenant une tonalit\u00e9 sonore pendant 1 minute.<\/p>\n\n\n\n<h2 class=\"wp-block-heading\"><em><br><strong>R\u00e9gler l&rsquo;alarme<\/strong><\/em><\/h2>\n\n\n\n<p>R\u00e9glez 3 heures d&rsquo;alarme diff\u00e9rentes lorsque vous souhaitez qu&rsquo;une alarme se d\u00e9clenche sur la montre GPS Spotter. Par exemple, devez-vous prendre des m\u00e9dicaments \u00e0 une certaine heure ou votre enfant doit-il \u00eatre \u00e0 la maison \u00e0 temps pour le d\u00eener ? R\u00e9glez une alarme pour qu&rsquo;elle se d\u00e9clenche une seule fois ou d\u00e9finissez des alarmes pour qu&rsquo;elles se d\u00e9clenchent certains jours de la semaine. L&rsquo;alarme peut \u00eatre d\u00e9sactiv\u00e9e manuellement en touchant l&rsquo;\u00e9cran de la montre GPS Spotter. L&rsquo;alarme s&rsquo;arr\u00eatera automatiquement apr\u00e8s 30 secondes.<\/p>\n\n\n\n<p><strong>Remarque : <\/strong>m\u00eame si la Spotter GPS Watch est \u00e9teinte, l&rsquo;alarme retentira si la batterie est charg\u00e9e.<\/p>\n\n\n\n<h2 class=\"wp-block-heading\"><strong><em>P\u00e9dom\u00e8tre<\/em><\/strong><\/h2>\n\n\n\n<p>Avec le podom\u00e8tre, vous pouvez suivre le nombre de pas effectu\u00e9s. Le nombre de pas est r\u00e9initialis\u00e9 quotidiennement, de sorte que vous ayez finalement un bon aper\u00e7u du nombre de pas effectu\u00e9s par jour. Allez sur l&rsquo;\u00e9cran d&rsquo;accueil et cliquez sur <br>le Spotter sur la carte, s\u00e9lectionnez \u00ab Plus \u00bb et cliquez sur \u00ab Podom\u00e8tre \u00bb. Cliquez ensuite sur le curseur du podom\u00e8tre. S&rsquo;il devient bleu, le podom\u00e8tre est activ\u00e9. Le nombre de pas peut \u00eatre vu \u00e0 la fois via l&rsquo;application et via la montre GPS Spotter elle-m\u00eame.<\/p>\n\n\n\n<h2 class=\"wp-block-heading\"><strong><em>Sonner<\/em><\/strong><\/h2>\n\n\n\n<p>Vous pouvez \u00e9galement appeler la montre GPS Spotter, par exemple dans le cas o\u00f9 une personne est dans le besoin et que vous souhaitez \u00eatre recontact\u00e9. Vous vous connectez \u00e0 l&rsquo;application Spotter et cliquez sur l&rsquo;ic\u00f4ne Spotter GPS Watch sur la carte. Ensuite, un menu s&rsquo;ouvrira et s\u00e9lectionnera \u00ab\u00a0Appeler\u00a0\u00bb. Le Spotter sonne maintenant. L&rsquo;appel t\u00e9l\u00e9phonique peut \u00eatre accept\u00e9 en cliquant sur l&rsquo;ic\u00f4ne argent\u00e9e sous l&rsquo;\u00e9cran de la montre GPS Spotter. L&rsquo;appel t\u00e9l\u00e9phonique peut \u00eatre termin\u00e9 en cliquant sur l&rsquo;appel t\u00e9l\u00e9phonique rouge sur l&rsquo;\u00e9cran de la montre GPS Spotter.<\/p>\n\n\n\n<p><strong>Remarque : <\/strong>Lorsque vous appelez la Spotter GPS Watch depuis votre propre smartphone, cela n&rsquo;inclut pas le cr\u00e9dit pr\u00e9pay\u00e9. Vous appelez un num\u00e9ro mobile europ\u00e9en auquel s&rsquo;appliquent les frais d&rsquo;appel de votre op\u00e9rateur t\u00e9l\u00e9phonique.<\/p>\n\n\n\n<p>itin\u00e9rante int\u00e9gr\u00e9e , qui garantit que la montre GPS Spotter fonctionne dans toute l&rsquo;Europe sur tous les r\u00e9seaux mobiles disponibles sans frais suppl\u00e9mentaires. M\u00eame aux Pays-Bas, Spotter GPS Watch fonctionne sur tous les r\u00e9seaux mobiles disponibles. La raison en est que Spotter GPS Watch ne veut pas d\u00e9pendre de la couverture r\u00e9seau d&rsquo;un seul fournisseur de t\u00e9l\u00e9phonie mobile dans un pays (ou une r\u00e9gion), mais que Spotter GPS Watch choisit toujours le meilleur r\u00e9seau mobile disponible, quel que soit le fournisseur de t\u00e9l\u00e9phonie mobile.<\/p>\n\n\n\n<p><strong>Astuce : <\/strong>apr\u00e8s avoir appel\u00e9 la montre GPS Spotter, vous pouvez enregistrer le num\u00e9ro afin de pouvoir \u00e9galement appeler la montre GPS Spotter directement en dehors de l&rsquo;application sans utiliser l&rsquo;application.<br><br><br><\/p>\n\n\n\n<p>Tags: GPS Watch view location, Set GPS Watch zone, GPS Watch sos alarm, GPS Watch tring me, GPS Watch set alarm, GPS Watch podometer, GPS Watch call<\/p>\n","protected":false},"excerpt":{"rendered":"<p>\u00cates-vous curieux de conna\u00eetre les fonctions de la montre GPS Spotter ? Nous les expliquons ci-dessous et vous trouverez un aper\u00e7u complet dans le manuel. Voir l&#8217;emplacement La montre GPS Spotter envoie une position toutes les 2 minutes pendant le mouvement. Lorsque la montre GPS Spotter ne bouge pas, la position est envoy\u00e9e toutes les [&hellip;]<\/p>\n","protected":false},"author":8,"featured_media":0,"parent":1182,"menu_order":0,"comment_status":"closed","ping_status":"closed","template":"faq-content.php","meta":{"_acf_changed":false,"footnotes":""},"categories":[],"tags":[],"class_list":["post-1301","page","type-page","status-publish","hentry"],"acf":[],"yoast_head":"<!-- This site is optimized with the Yoast SEO plugin v25.9 - https:\/\/yoast.com\/wordpress\/plugins\/seo\/ -->\n<title>Caract\u00e9ristiques Montre GPS Spotter - Spotter France<\/title>\n<meta name=\"robots\" content=\"index, follow, max-snippet:-1, max-image-preview:large, max-video-preview:-1\" \/>\n<link rel=\"canonical\" href=\"https:\/\/www.spottergps.com\/fr\/faq\/produits-et-functionnalites\/caracteristiques-montre-gps-spotter\/\" \/>\n<meta property=\"og:locale\" content=\"fr_FR\" \/>\n<meta property=\"og:type\" content=\"article\" \/>\n<meta property=\"og:title\" content=\"Caract\u00e9ristiques Montre GPS Spotter - Spotter France\" \/>\n<meta property=\"og:description\" content=\"\u00cates-vous curieux de conna\u00eetre les fonctions de la montre GPS Spotter ? Nous les expliquons ci-dessous et vous trouverez un aper\u00e7u complet dans le manuel. Voir l&#8217;emplacement La montre GPS Spotter envoie une position toutes les 2 minutes pendant le mouvement. Lorsque la montre GPS Spotter ne bouge pas, la position est envoy\u00e9e toutes les [&hellip;]\" \/>\n<meta property=\"og:url\" content=\"https:\/\/www.spottergps.com\/fr\/faq\/produits-et-functionnalites\/caracteristiques-montre-gps-spotter\/\" \/>\n<meta property=\"og:site_name\" content=\"Spotter France\" \/>\n<meta property=\"article:modified_time\" content=\"2023-10-30T14:57:01+00:00\" \/>\n<meta name=\"twitter:card\" content=\"summary_large_image\" \/>\n<meta name=\"twitter:label1\" content=\"Dur\u00e9e de lecture estim\u00e9e\" \/>\n\t<meta name=\"twitter:data1\" content=\"6 minutes\" \/>\n<script type=\"application\/ld+json\" class=\"yoast-schema-graph\">{\"@context\":\"https:\/\/schema.org\",\"@graph\":[{\"@type\":\"WebPage\",\"@id\":\"https:\/\/www.spottergps.com\/fr\/faq\/produits-et-functionnalites\/caracteristiques-montre-gps-spotter\/\",\"url\":\"https:\/\/www.spottergps.com\/fr\/faq\/produits-et-functionnalites\/caracteristiques-montre-gps-spotter\/\",\"name\":\"Caract\u00e9ristiques Montre GPS Spotter - Spotter France\",\"isPartOf\":{\"@id\":\"https:\/\/www.spottergps.com\/fr\/#website\"},\"datePublished\":\"2023-09-11T11:44:54+00:00\",\"dateModified\":\"2023-10-30T14:57:01+00:00\",\"breadcrumb\":{\"@id\":\"https:\/\/www.spottergps.com\/fr\/faq\/produits-et-functionnalites\/caracteristiques-montre-gps-spotter\/#breadcrumb\"},\"inLanguage\":\"fr-FR\",\"potentialAction\":[{\"@type\":\"ReadAction\",\"target\":[\"https:\/\/www.spottergps.com\/fr\/faq\/produits-et-functionnalites\/caracteristiques-montre-gps-spotter\/\"]}]},{\"@type\":\"BreadcrumbList\",\"@id\":\"https:\/\/www.spottergps.com\/fr\/faq\/produits-et-functionnalites\/caracteristiques-montre-gps-spotter\/#breadcrumb\",\"itemListElement\":[{\"@type\":\"ListItem\",\"position\":1,\"name\":\"Home\",\"item\":\"https:\/\/www.spottergps.com\/fr\/\"},{\"@type\":\"ListItem\",\"position\":2,\"name\":\"Comment pouvons-nous vous aider?\",\"item\":\"https:\/\/www.spottergps.com\/fr\/faq\/\"},{\"@type\":\"ListItem\",\"position\":3,\"name\":\"Produits et functionnalit\u00e9s\",\"item\":\"https:\/\/www.spottergps.com\/fr\/faq\/produits-et-functionnalites\/\"},{\"@type\":\"ListItem\",\"position\":4,\"name\":\"Caract\u00e9ristiques Montre GPS Spotter\"}]},{\"@type\":\"WebSite\",\"@id\":\"https:\/\/www.spottergps.com\/fr\/#website\",\"url\":\"https:\/\/www.spottergps.com\/fr\/\",\"name\":\"Spotter France\",\"description\":\"Een andere Spotter websites site\",\"potentialAction\":[{\"@type\":\"SearchAction\",\"target\":{\"@type\":\"EntryPoint\",\"urlTemplate\":\"https:\/\/www.spottergps.com\/fr\/?s={search_term_string}\"},\"query-input\":{\"@type\":\"PropertyValueSpecification\",\"valueRequired\":true,\"valueName\":\"search_term_string\"}}],\"inLanguage\":\"fr-FR\"}]}<\/script>\n<!-- \/ Yoast SEO plugin. -->","yoast_head_json":{"title":"Caract\u00e9ristiques Montre GPS Spotter - Spotter France","robots":{"index":"index","follow":"follow","max-snippet":"max-snippet:-1","max-image-preview":"max-image-preview:large","max-video-preview":"max-video-preview:-1"},"canonical":"https:\/\/www.spottergps.com\/fr\/faq\/produits-et-functionnalites\/caracteristiques-montre-gps-spotter\/","og_locale":"fr_FR","og_type":"article","og_title":"Caract\u00e9ristiques Montre GPS Spotter - Spotter France","og_description":"\u00cates-vous curieux de conna\u00eetre les fonctions de la montre GPS Spotter ? Nous les expliquons ci-dessous et vous trouverez un aper\u00e7u complet dans le manuel. Voir l&#8217;emplacement La montre GPS Spotter envoie une position toutes les 2 minutes pendant le mouvement. Lorsque la montre GPS Spotter ne bouge pas, la position est envoy\u00e9e toutes les [&hellip;]","og_url":"https:\/\/www.spottergps.com\/fr\/faq\/produits-et-functionnalites\/caracteristiques-montre-gps-spotter\/","og_site_name":"Spotter France","article_modified_time":"2023-10-30T14:57:01+00:00","twitter_card":"summary_large_image","twitter_misc":{"Dur\u00e9e de lecture estim\u00e9e":"6 minutes"},"schema":{"@context":"https:\/\/schema.org","@graph":[{"@type":"WebPage","@id":"https:\/\/www.spottergps.com\/fr\/faq\/produits-et-functionnalites\/caracteristiques-montre-gps-spotter\/","url":"https:\/\/www.spottergps.com\/fr\/faq\/produits-et-functionnalites\/caracteristiques-montre-gps-spotter\/","name":"Caract\u00e9ristiques Montre GPS Spotter - Spotter France","isPartOf":{"@id":"https:\/\/www.spottergps.com\/fr\/#website"},"datePublished":"2023-09-11T11:44:54+00:00","dateModified":"2023-10-30T14:57:01+00:00","breadcrumb":{"@id":"https:\/\/www.spottergps.com\/fr\/faq\/produits-et-functionnalites\/caracteristiques-montre-gps-spotter\/#breadcrumb"},"inLanguage":"fr-FR","potentialAction":[{"@type":"ReadAction","target":["https:\/\/www.spottergps.com\/fr\/faq\/produits-et-functionnalites\/caracteristiques-montre-gps-spotter\/"]}]},{"@type":"BreadcrumbList","@id":"https:\/\/www.spottergps.com\/fr\/faq\/produits-et-functionnalites\/caracteristiques-montre-gps-spotter\/#breadcrumb","itemListElement":[{"@type":"ListItem","position":1,"name":"Home","item":"https:\/\/www.spottergps.com\/fr\/"},{"@type":"ListItem","position":2,"name":"Comment pouvons-nous vous aider?","item":"https:\/\/www.spottergps.com\/fr\/faq\/"},{"@type":"ListItem","position":3,"name":"Produits et functionnalit\u00e9s","item":"https:\/\/www.spottergps.com\/fr\/faq\/produits-et-functionnalites\/"},{"@type":"ListItem","position":4,"name":"Caract\u00e9ristiques Montre GPS Spotter"}]},{"@type":"WebSite","@id":"https:\/\/www.spottergps.com\/fr\/#website","url":"https:\/\/www.spottergps.com\/fr\/","name":"Spotter France","description":"Een andere Spotter websites site","potentialAction":[{"@type":"SearchAction","target":{"@type":"EntryPoint","urlTemplate":"https:\/\/www.spottergps.com\/fr\/?s={search_term_string}"},"query-input":{"@type":"PropertyValueSpecification","valueRequired":true,"valueName":"search_term_string"}}],"inLanguage":"fr-FR"}]}},"_links":{"self":[{"href":"https:\/\/www.spottergps.com\/fr\/wp-json\/wp\/v2\/pages\/1301","targetHints":{"allow":["GET"]}}],"collection":[{"href":"https:\/\/www.spottergps.com\/fr\/wp-json\/wp\/v2\/pages"}],"about":[{"href":"https:\/\/www.spottergps.com\/fr\/wp-json\/wp\/v2\/types\/page"}],"author":[{"embeddable":true,"href":"https:\/\/www.spottergps.com\/fr\/wp-json\/wp\/v2\/users\/8"}],"replies":[{"embeddable":true,"href":"https:\/\/www.spottergps.com\/fr\/wp-json\/wp\/v2\/comments?post=1301"}],"version-history":[{"count":4,"href":"https:\/\/www.spottergps.com\/fr\/wp-json\/wp\/v2\/pages\/1301\/revisions"}],"predecessor-version":[{"id":1706,"href":"https:\/\/www.spottergps.com\/fr\/wp-json\/wp\/v2\/pages\/1301\/revisions\/1706"}],"up":[{"embeddable":true,"href":"https:\/\/www.spottergps.com\/fr\/wp-json\/wp\/v2\/pages\/1182"}],"wp:attachment":[{"href":"https:\/\/www.spottergps.com\/fr\/wp-json\/wp\/v2\/media?parent=1301"}],"wp:term":[{"taxonomy":"category","embeddable":true,"href":"https:\/\/www.spottergps.com\/fr\/wp-json\/wp\/v2\/categories?post=1301"},{"taxonomy":"post_tag","embeddable":true,"href":"https:\/\/www.spottergps.com\/fr\/wp-json\/wp\/v2\/tags?post=1301"}],"curies":[{"name":"wp","href":"https:\/\/api.w.org\/{rel}","templated":true}]}}