{"id":1288,"date":"2023-09-04T15:29:28","date_gmt":"2023-09-04T14:29:28","guid":{"rendered":"https:\/\/www.spottergps.com\/fr\/?page_id=1288"},"modified":"2023-09-04T15:33:53","modified_gmt":"2023-09-04T14:33:53","slug":"quest-ce-quun-sorcier","status":"publish","type":"page","link":"https:\/\/www.spottergps.com\/fr\/faq\/telecharger-et-installer\/quest-ce-quun-sorcier\/","title":{"rendered":"Qu&rsquo;est-ce qu&rsquo;un sorcier ?"},"content":{"rendered":"\n<p>Un assistant vous aide en tant qu&rsquo;utilisateur \u00e0 v\u00e9rifier le fonctionnement d&rsquo;un Spotter. L&rsquo;assistant v\u00e9rifie les param\u00e8tres de base ainsi que la port\u00e9e GPS et GPRS. <br \/><br \/><strong>Cela lancera l&rsquo;assistant d&rsquo;installation<\/strong><\/p>\n<ul>\n<li><a href=\"https:\/\/my.spottergps.com\/Account\/Register\">Cr\u00e9ez un compte ici <\/a>si vous n&rsquo;en avez pas encore cr\u00e9\u00e9.<\/li>\n<li>Connectez-vous au compte.<\/li>\n<li>Un \u00e9cran appara\u00eet vous demandant de saisir le code Spotter. Si vous avez d\u00e9j\u00e0 un compte, allez dans \u00ab\u00a0Ajouter Spotter\u00a0\u00bb dans le menu.<\/li>\n<li>Ici, vous entrez le code Spotter \u00e0 12 lettres qui se trouve sur la carte dans l&#8217;emballage.<\/li>\n<li>Vous choisissez pour quoi vous allez utiliser le Spotter (choisissez une image).<\/li>\n<li>Entrez le nom du Spotter (par exemple Alice).<\/li>\n<li>Choisissez une couleur que vous verrez plus tard sur la carte.<\/li>\n<li>Voulez-vous \u00e9galement ajouter une photo\u00a0?<\/li>\n<li>Enfin, choisissez combien de mois de cr\u00e9dit vous souhaitez mettre sur le Spotter.<\/li>\n<\/ul>\n<p>Le Spotter est maintenant en cours de test et vous verrez ce qui suit \u00e0 l&rsquo;\u00e9cran\u00a0:<\/p>\n<ul>\n<li>Assurez-vous que le Spotter est compl\u00e8tement charg\u00e9.<\/li>\n<li>Sortez pour une couverture optimale.<\/li>\n<li>Allumez le Spotter.<\/li>\n<li>Attendez le premier emplacement du Spotter.<\/li>\n<\/ul>\n<p>Toutes les fonctions sont maintenant v\u00e9rifi\u00e9es. Si cela a \u00e9t\u00e9 effectu\u00e9 avec succ\u00e8s, vous pouvez fermer l&rsquo;assistant. Vous pouvez maintenant commencer \u00e0 utiliser le Spotter.<\/p>\n<p>\u00a0<\/p>\n","protected":false},"excerpt":{"rendered":"<p>Un assistant vous aide en tant qu&rsquo;utilisateur \u00e0 v\u00e9rifier le fonctionnement d&rsquo;un Spotter. L&rsquo;assistant v\u00e9rifie les param\u00e8tres de base ainsi que la port\u00e9e GPS et GPRS. Cela lancera l&rsquo;assistant d&rsquo;installation Cr\u00e9ez un compte ici si vous n&rsquo;en avez pas encore cr\u00e9\u00e9. Connectez-vous au compte. Un \u00e9cran appara\u00eet vous demandant de saisir le code Spotter. Si [&hellip;]<\/p>\n","protected":false},"author":8,"featured_media":0,"parent":1180,"menu_order":0,"comment_status":"closed","ping_status":"closed","template":"faq-content.php","meta":{"_acf_changed":false,"footnotes":""},"categories":[],"tags":[],"class_list":["post-1288","page","type-page","status-publish","hentry"],"acf":[],"yoast_head":"<!-- This site is optimized with the Yoast SEO plugin v25.9 - https:\/\/yoast.com\/wordpress\/plugins\/seo\/ -->\n<title>Qu&#039;est-ce qu&#039;un sorcier ? - Spotter France<\/title>\n<meta name=\"robots\" content=\"index, follow, max-snippet:-1, max-image-preview:large, max-video-preview:-1\" \/>\n<link rel=\"canonical\" href=\"https:\/\/www.spottergps.com\/fr\/faq\/telecharger-et-installer\/quest-ce-quun-sorcier\/\" \/>\n<meta property=\"og:locale\" content=\"fr_FR\" \/>\n<meta property=\"og:type\" content=\"article\" \/>\n<meta property=\"og:title\" content=\"Qu&#039;est-ce qu&#039;un sorcier ? - Spotter France\" \/>\n<meta property=\"og:description\" content=\"Un assistant vous aide en tant qu&rsquo;utilisateur \u00e0 v\u00e9rifier le fonctionnement d&rsquo;un Spotter. L&rsquo;assistant v\u00e9rifie les param\u00e8tres de base ainsi que la port\u00e9e GPS et GPRS. Cela lancera l&rsquo;assistant d&rsquo;installation Cr\u00e9ez un compte ici si vous n&rsquo;en avez pas encore cr\u00e9\u00e9. Connectez-vous au compte. Un \u00e9cran appara\u00eet vous demandant de saisir le code Spotter. Si [&hellip;]\" \/>\n<meta property=\"og:url\" content=\"https:\/\/www.spottergps.com\/fr\/faq\/telecharger-et-installer\/quest-ce-quun-sorcier\/\" \/>\n<meta property=\"og:site_name\" content=\"Spotter France\" \/>\n<meta property=\"article:modified_time\" content=\"2023-09-04T14:33:53+00:00\" \/>\n<meta name=\"twitter:card\" content=\"summary_large_image\" \/>\n<meta name=\"twitter:label1\" content=\"Dur\u00e9e de lecture estim\u00e9e\" \/>\n\t<meta name=\"twitter:data1\" content=\"1 minute\" \/>\n<script type=\"application\/ld+json\" class=\"yoast-schema-graph\">{\"@context\":\"https:\/\/schema.org\",\"@graph\":[{\"@type\":\"WebPage\",\"@id\":\"https:\/\/www.spottergps.com\/fr\/faq\/telecharger-et-installer\/quest-ce-quun-sorcier\/\",\"url\":\"https:\/\/www.spottergps.com\/fr\/faq\/telecharger-et-installer\/quest-ce-quun-sorcier\/\",\"name\":\"Qu'est-ce qu'un sorcier ? - Spotter France\",\"isPartOf\":{\"@id\":\"https:\/\/www.spottergps.com\/fr\/#website\"},\"datePublished\":\"2023-09-04T14:29:28+00:00\",\"dateModified\":\"2023-09-04T14:33:53+00:00\",\"breadcrumb\":{\"@id\":\"https:\/\/www.spottergps.com\/fr\/faq\/telecharger-et-installer\/quest-ce-quun-sorcier\/#breadcrumb\"},\"inLanguage\":\"fr-FR\",\"potentialAction\":[{\"@type\":\"ReadAction\",\"target\":[\"https:\/\/www.spottergps.com\/fr\/faq\/telecharger-et-installer\/quest-ce-quun-sorcier\/\"]}]},{\"@type\":\"BreadcrumbList\",\"@id\":\"https:\/\/www.spottergps.com\/fr\/faq\/telecharger-et-installer\/quest-ce-quun-sorcier\/#breadcrumb\",\"itemListElement\":[{\"@type\":\"ListItem\",\"position\":1,\"name\":\"Home\",\"item\":\"https:\/\/www.spottergps.com\/fr\/\"},{\"@type\":\"ListItem\",\"position\":2,\"name\":\"Comment pouvons-nous vous aider?\",\"item\":\"https:\/\/www.spottergps.com\/fr\/faq\/\"},{\"@type\":\"ListItem\",\"position\":3,\"name\":\"T\u00e9l\u00e9charger et installer\",\"item\":\"https:\/\/www.spottergps.com\/fr\/faq\/telecharger-et-installer\/\"},{\"@type\":\"ListItem\",\"position\":4,\"name\":\"Qu&rsquo;est-ce qu&rsquo;un sorcier ?\"}]},{\"@type\":\"WebSite\",\"@id\":\"https:\/\/www.spottergps.com\/fr\/#website\",\"url\":\"https:\/\/www.spottergps.com\/fr\/\",\"name\":\"Spotter France\",\"description\":\"Een andere Spotter websites site\",\"potentialAction\":[{\"@type\":\"SearchAction\",\"target\":{\"@type\":\"EntryPoint\",\"urlTemplate\":\"https:\/\/www.spottergps.com\/fr\/?s={search_term_string}\"},\"query-input\":{\"@type\":\"PropertyValueSpecification\",\"valueRequired\":true,\"valueName\":\"search_term_string\"}}],\"inLanguage\":\"fr-FR\"}]}<\/script>\n<!-- \/ Yoast SEO plugin. -->","yoast_head_json":{"title":"Qu'est-ce qu'un sorcier ? - Spotter France","robots":{"index":"index","follow":"follow","max-snippet":"max-snippet:-1","max-image-preview":"max-image-preview:large","max-video-preview":"max-video-preview:-1"},"canonical":"https:\/\/www.spottergps.com\/fr\/faq\/telecharger-et-installer\/quest-ce-quun-sorcier\/","og_locale":"fr_FR","og_type":"article","og_title":"Qu'est-ce qu'un sorcier ? - Spotter France","og_description":"Un assistant vous aide en tant qu&rsquo;utilisateur \u00e0 v\u00e9rifier le fonctionnement d&rsquo;un Spotter. L&rsquo;assistant v\u00e9rifie les param\u00e8tres de base ainsi que la port\u00e9e GPS et GPRS. Cela lancera l&rsquo;assistant d&rsquo;installation Cr\u00e9ez un compte ici si vous n&rsquo;en avez pas encore cr\u00e9\u00e9. Connectez-vous au compte. Un \u00e9cran appara\u00eet vous demandant de saisir le code Spotter. Si [&hellip;]","og_url":"https:\/\/www.spottergps.com\/fr\/faq\/telecharger-et-installer\/quest-ce-quun-sorcier\/","og_site_name":"Spotter France","article_modified_time":"2023-09-04T14:33:53+00:00","twitter_card":"summary_large_image","twitter_misc":{"Dur\u00e9e de lecture estim\u00e9e":"1 minute"},"schema":{"@context":"https:\/\/schema.org","@graph":[{"@type":"WebPage","@id":"https:\/\/www.spottergps.com\/fr\/faq\/telecharger-et-installer\/quest-ce-quun-sorcier\/","url":"https:\/\/www.spottergps.com\/fr\/faq\/telecharger-et-installer\/quest-ce-quun-sorcier\/","name":"Qu'est-ce qu'un sorcier ? - Spotter France","isPartOf":{"@id":"https:\/\/www.spottergps.com\/fr\/#website"},"datePublished":"2023-09-04T14:29:28+00:00","dateModified":"2023-09-04T14:33:53+00:00","breadcrumb":{"@id":"https:\/\/www.spottergps.com\/fr\/faq\/telecharger-et-installer\/quest-ce-quun-sorcier\/#breadcrumb"},"inLanguage":"fr-FR","potentialAction":[{"@type":"ReadAction","target":["https:\/\/www.spottergps.com\/fr\/faq\/telecharger-et-installer\/quest-ce-quun-sorcier\/"]}]},{"@type":"BreadcrumbList","@id":"https:\/\/www.spottergps.com\/fr\/faq\/telecharger-et-installer\/quest-ce-quun-sorcier\/#breadcrumb","itemListElement":[{"@type":"ListItem","position":1,"name":"Home","item":"https:\/\/www.spottergps.com\/fr\/"},{"@type":"ListItem","position":2,"name":"Comment pouvons-nous vous aider?","item":"https:\/\/www.spottergps.com\/fr\/faq\/"},{"@type":"ListItem","position":3,"name":"T\u00e9l\u00e9charger et installer","item":"https:\/\/www.spottergps.com\/fr\/faq\/telecharger-et-installer\/"},{"@type":"ListItem","position":4,"name":"Qu&rsquo;est-ce qu&rsquo;un sorcier ?"}]},{"@type":"WebSite","@id":"https:\/\/www.spottergps.com\/fr\/#website","url":"https:\/\/www.spottergps.com\/fr\/","name":"Spotter France","description":"Een andere Spotter websites site","potentialAction":[{"@type":"SearchAction","target":{"@type":"EntryPoint","urlTemplate":"https:\/\/www.spottergps.com\/fr\/?s={search_term_string}"},"query-input":{"@type":"PropertyValueSpecification","valueRequired":true,"valueName":"search_term_string"}}],"inLanguage":"fr-FR"}]}},"_links":{"self":[{"href":"https:\/\/www.spottergps.com\/fr\/wp-json\/wp\/v2\/pages\/1288","targetHints":{"allow":["GET"]}}],"collection":[{"href":"https:\/\/www.spottergps.com\/fr\/wp-json\/wp\/v2\/pages"}],"about":[{"href":"https:\/\/www.spottergps.com\/fr\/wp-json\/wp\/v2\/types\/page"}],"author":[{"embeddable":true,"href":"https:\/\/www.spottergps.com\/fr\/wp-json\/wp\/v2\/users\/8"}],"replies":[{"embeddable":true,"href":"https:\/\/www.spottergps.com\/fr\/wp-json\/wp\/v2\/comments?post=1288"}],"version-history":[{"count":2,"href":"https:\/\/www.spottergps.com\/fr\/wp-json\/wp\/v2\/pages\/1288\/revisions"}],"predecessor-version":[{"id":1293,"href":"https:\/\/www.spottergps.com\/fr\/wp-json\/wp\/v2\/pages\/1288\/revisions\/1293"}],"up":[{"embeddable":true,"href":"https:\/\/www.spottergps.com\/fr\/wp-json\/wp\/v2\/pages\/1180"}],"wp:attachment":[{"href":"https:\/\/www.spottergps.com\/fr\/wp-json\/wp\/v2\/media?parent=1288"}],"wp:term":[{"taxonomy":"category","embeddable":true,"href":"https:\/\/www.spottergps.com\/fr\/wp-json\/wp\/v2\/categories?post=1288"},{"taxonomy":"post_tag","embeddable":true,"href":"https:\/\/www.spottergps.com\/fr\/wp-json\/wp\/v2\/tags?post=1288"}],"curies":[{"name":"wp","href":"https:\/\/api.w.org\/{rel}","templated":true}]}}