{"id":1286,"date":"2023-09-04T15:28:09","date_gmt":"2023-09-04T14:28:09","guid":{"rendered":"https:\/\/www.spottergps.com\/fr\/?page_id=1286"},"modified":"2023-10-25T15:35:35","modified_gmt":"2023-10-25T14:35:35","slug":"ou-puis-je-me-connecter","status":"publish","type":"page","link":"https:\/\/www.spottergps.com\/fr\/faq\/telecharger-et-installer\/ou-puis-je-me-connecter\/","title":{"rendered":"O\u00f9 puis-je me connecter ?"},"content":{"rendered":"\n<p><span lang=\"fr\" style=\"font-family: 'Aller',serif;color: #222222\">En haut \u00e0 droite de ce site Web, vous verrez un bouton avec <a href=\"https:\/\/my.spottergps.com\/SpotterApp\/index.html#login\" data-type=\"URL\" data-id=\"https:\/\/my.spottergps.com\/SpotterApp\/index.html#login\">\u00ab connexion \u00bb<\/a>. Si vous n&rsquo;avez pas encore de compte, cliquez sur &lsquo;s&rsquo;inscrire&rsquo;. Cr\u00e9ez votre compte ici. Il vous sera ensuite demand\u00e9 de confirmer votre adresse e-mail. Si vous avez d\u00e9j\u00e0 un compte, vous pouvez y saisir votre email et votre mot de passe.<\/span><\/p>\n","protected":false},"excerpt":{"rendered":"<p>En haut \u00e0 droite de ce site Web, vous verrez un bouton avec \u00ab connexion \u00bb. Si vous n&rsquo;avez pas encore de compte, cliquez sur &lsquo;s&rsquo;inscrire&rsquo;. Cr\u00e9ez votre compte ici. Il vous sera ensuite demand\u00e9 de confirmer votre adresse e-mail. Si vous avez d\u00e9j\u00e0 un compte, vous pouvez y saisir votre email et votre mot [&hellip;]<\/p>\n","protected":false},"author":8,"featured_media":0,"parent":1180,"menu_order":0,"comment_status":"closed","ping_status":"closed","template":"faq-content.php","meta":{"_acf_changed":false,"footnotes":""},"categories":[],"tags":[],"class_list":["post-1286","page","type-page","status-publish","hentry"],"acf":[],"yoast_head":"<!-- This site is optimized with the Yoast SEO plugin v25.9 - https:\/\/yoast.com\/wordpress\/plugins\/seo\/ -->\n<title>O\u00f9 puis-je me connecter ? - Spotter France<\/title>\n<meta name=\"robots\" content=\"index, follow, max-snippet:-1, max-image-preview:large, max-video-preview:-1\" \/>\n<link rel=\"canonical\" href=\"https:\/\/www.spottergps.com\/fr\/faq\/telecharger-et-installer\/ou-puis-je-me-connecter\/\" \/>\n<meta property=\"og:locale\" content=\"fr_FR\" \/>\n<meta property=\"og:type\" content=\"article\" \/>\n<meta property=\"og:title\" content=\"O\u00f9 puis-je me connecter ? - Spotter France\" \/>\n<meta property=\"og:description\" content=\"En haut \u00e0 droite de ce site Web, vous verrez un bouton avec \u00ab connexion \u00bb. Si vous n&rsquo;avez pas encore de compte, cliquez sur &lsquo;s&rsquo;inscrire&rsquo;. Cr\u00e9ez votre compte ici. Il vous sera ensuite demand\u00e9 de confirmer votre adresse e-mail. Si vous avez d\u00e9j\u00e0 un compte, vous pouvez y saisir votre email et votre mot [&hellip;]\" \/>\n<meta property=\"og:url\" content=\"https:\/\/www.spottergps.com\/fr\/faq\/telecharger-et-installer\/ou-puis-je-me-connecter\/\" \/>\n<meta property=\"og:site_name\" content=\"Spotter France\" \/>\n<meta property=\"article:modified_time\" content=\"2023-10-25T14:35:35+00:00\" \/>\n<meta name=\"twitter:card\" content=\"summary_large_image\" \/>\n<script type=\"application\/ld+json\" class=\"yoast-schema-graph\">{\"@context\":\"https:\/\/schema.org\",\"@graph\":[{\"@type\":\"WebPage\",\"@id\":\"https:\/\/www.spottergps.com\/fr\/faq\/telecharger-et-installer\/ou-puis-je-me-connecter\/\",\"url\":\"https:\/\/www.spottergps.com\/fr\/faq\/telecharger-et-installer\/ou-puis-je-me-connecter\/\",\"name\":\"O\u00f9 puis-je me connecter ? - Spotter France\",\"isPartOf\":{\"@id\":\"https:\/\/www.spottergps.com\/fr\/#website\"},\"datePublished\":\"2023-09-04T14:28:09+00:00\",\"dateModified\":\"2023-10-25T14:35:35+00:00\",\"breadcrumb\":{\"@id\":\"https:\/\/www.spottergps.com\/fr\/faq\/telecharger-et-installer\/ou-puis-je-me-connecter\/#breadcrumb\"},\"inLanguage\":\"fr-FR\",\"potentialAction\":[{\"@type\":\"ReadAction\",\"target\":[\"https:\/\/www.spottergps.com\/fr\/faq\/telecharger-et-installer\/ou-puis-je-me-connecter\/\"]}]},{\"@type\":\"BreadcrumbList\",\"@id\":\"https:\/\/www.spottergps.com\/fr\/faq\/telecharger-et-installer\/ou-puis-je-me-connecter\/#breadcrumb\",\"itemListElement\":[{\"@type\":\"ListItem\",\"position\":1,\"name\":\"Home\",\"item\":\"https:\/\/www.spottergps.com\/fr\/\"},{\"@type\":\"ListItem\",\"position\":2,\"name\":\"Comment pouvons-nous vous aider?\",\"item\":\"https:\/\/www.spottergps.com\/fr\/faq\/\"},{\"@type\":\"ListItem\",\"position\":3,\"name\":\"T\u00e9l\u00e9charger et installer\",\"item\":\"https:\/\/www.spottergps.com\/fr\/faq\/telecharger-et-installer\/\"},{\"@type\":\"ListItem\",\"position\":4,\"name\":\"O\u00f9 puis-je me connecter ?\"}]},{\"@type\":\"WebSite\",\"@id\":\"https:\/\/www.spottergps.com\/fr\/#website\",\"url\":\"https:\/\/www.spottergps.com\/fr\/\",\"name\":\"Spotter France\",\"description\":\"Een andere Spotter websites site\",\"potentialAction\":[{\"@type\":\"SearchAction\",\"target\":{\"@type\":\"EntryPoint\",\"urlTemplate\":\"https:\/\/www.spottergps.com\/fr\/?s={search_term_string}\"},\"query-input\":{\"@type\":\"PropertyValueSpecification\",\"valueRequired\":true,\"valueName\":\"search_term_string\"}}],\"inLanguage\":\"fr-FR\"}]}<\/script>\n<!-- \/ Yoast SEO plugin. -->","yoast_head_json":{"title":"O\u00f9 puis-je me connecter ? - Spotter France","robots":{"index":"index","follow":"follow","max-snippet":"max-snippet:-1","max-image-preview":"max-image-preview:large","max-video-preview":"max-video-preview:-1"},"canonical":"https:\/\/www.spottergps.com\/fr\/faq\/telecharger-et-installer\/ou-puis-je-me-connecter\/","og_locale":"fr_FR","og_type":"article","og_title":"O\u00f9 puis-je me connecter ? - Spotter France","og_description":"En haut \u00e0 droite de ce site Web, vous verrez un bouton avec \u00ab connexion \u00bb. Si vous n&rsquo;avez pas encore de compte, cliquez sur &lsquo;s&rsquo;inscrire&rsquo;. Cr\u00e9ez votre compte ici. Il vous sera ensuite demand\u00e9 de confirmer votre adresse e-mail. Si vous avez d\u00e9j\u00e0 un compte, vous pouvez y saisir votre email et votre mot [&hellip;]","og_url":"https:\/\/www.spottergps.com\/fr\/faq\/telecharger-et-installer\/ou-puis-je-me-connecter\/","og_site_name":"Spotter France","article_modified_time":"2023-10-25T14:35:35+00:00","twitter_card":"summary_large_image","schema":{"@context":"https:\/\/schema.org","@graph":[{"@type":"WebPage","@id":"https:\/\/www.spottergps.com\/fr\/faq\/telecharger-et-installer\/ou-puis-je-me-connecter\/","url":"https:\/\/www.spottergps.com\/fr\/faq\/telecharger-et-installer\/ou-puis-je-me-connecter\/","name":"O\u00f9 puis-je me connecter ? - Spotter France","isPartOf":{"@id":"https:\/\/www.spottergps.com\/fr\/#website"},"datePublished":"2023-09-04T14:28:09+00:00","dateModified":"2023-10-25T14:35:35+00:00","breadcrumb":{"@id":"https:\/\/www.spottergps.com\/fr\/faq\/telecharger-et-installer\/ou-puis-je-me-connecter\/#breadcrumb"},"inLanguage":"fr-FR","potentialAction":[{"@type":"ReadAction","target":["https:\/\/www.spottergps.com\/fr\/faq\/telecharger-et-installer\/ou-puis-je-me-connecter\/"]}]},{"@type":"BreadcrumbList","@id":"https:\/\/www.spottergps.com\/fr\/faq\/telecharger-et-installer\/ou-puis-je-me-connecter\/#breadcrumb","itemListElement":[{"@type":"ListItem","position":1,"name":"Home","item":"https:\/\/www.spottergps.com\/fr\/"},{"@type":"ListItem","position":2,"name":"Comment pouvons-nous vous aider?","item":"https:\/\/www.spottergps.com\/fr\/faq\/"},{"@type":"ListItem","position":3,"name":"T\u00e9l\u00e9charger et installer","item":"https:\/\/www.spottergps.com\/fr\/faq\/telecharger-et-installer\/"},{"@type":"ListItem","position":4,"name":"O\u00f9 puis-je me connecter ?"}]},{"@type":"WebSite","@id":"https:\/\/www.spottergps.com\/fr\/#website","url":"https:\/\/www.spottergps.com\/fr\/","name":"Spotter France","description":"Een andere Spotter websites site","potentialAction":[{"@type":"SearchAction","target":{"@type":"EntryPoint","urlTemplate":"https:\/\/www.spottergps.com\/fr\/?s={search_term_string}"},"query-input":{"@type":"PropertyValueSpecification","valueRequired":true,"valueName":"search_term_string"}}],"inLanguage":"fr-FR"}]}},"_links":{"self":[{"href":"https:\/\/www.spottergps.com\/fr\/wp-json\/wp\/v2\/pages\/1286","targetHints":{"allow":["GET"]}}],"collection":[{"href":"https:\/\/www.spottergps.com\/fr\/wp-json\/wp\/v2\/pages"}],"about":[{"href":"https:\/\/www.spottergps.com\/fr\/wp-json\/wp\/v2\/types\/page"}],"author":[{"embeddable":true,"href":"https:\/\/www.spottergps.com\/fr\/wp-json\/wp\/v2\/users\/8"}],"replies":[{"embeddable":true,"href":"https:\/\/www.spottergps.com\/fr\/wp-json\/wp\/v2\/comments?post=1286"}],"version-history":[{"count":2,"href":"https:\/\/www.spottergps.com\/fr\/wp-json\/wp\/v2\/pages\/1286\/revisions"}],"predecessor-version":[{"id":1686,"href":"https:\/\/www.spottergps.com\/fr\/wp-json\/wp\/v2\/pages\/1286\/revisions\/1686"}],"up":[{"embeddable":true,"href":"https:\/\/www.spottergps.com\/fr\/wp-json\/wp\/v2\/pages\/1180"}],"wp:attachment":[{"href":"https:\/\/www.spottergps.com\/fr\/wp-json\/wp\/v2\/media?parent=1286"}],"wp:term":[{"taxonomy":"category","embeddable":true,"href":"https:\/\/www.spottergps.com\/fr\/wp-json\/wp\/v2\/categories?post=1286"},{"taxonomy":"post_tag","embeddable":true,"href":"https:\/\/www.spottergps.com\/fr\/wp-json\/wp\/v2\/tags?post=1286"}],"curies":[{"name":"wp","href":"https:\/\/api.w.org\/{rel}","templated":true}]}}