{"id":1281,"date":"2023-09-04T15:15:32","date_gmt":"2023-09-04T14:15:32","guid":{"rendered":"https:\/\/www.spottergps.com\/fr\/?page_id=1281"},"modified":"2023-09-04T15:34:27","modified_gmt":"2023-09-04T14:34:27","slug":"installez-la-montre-gps-spotter-air","status":"publish","type":"page","link":"https:\/\/www.spottergps.com\/fr\/faq\/telecharger-et-installer\/installez-la-montre-gps-spotter-air\/","title":{"rendered":"Installez la montre GPS Spotter (Air)"},"content":{"rendered":"\n<p>Bienvenue sur Spotter ! Vous pouvez facilement installer la Spotter GPS Watch (Air) en suivant les \u00e9tapes ci-dessous :<\/p>\n<ul>\n<li>Tout d&rsquo;abord, chargez compl\u00e8tement la batterie en 2 \u00e0 3 heures. Utilisez pour cela le c\u00e2ble USB fourni.<\/li>\n<li>Appuyez sur le bouton SOS sur le c\u00f4t\u00e9 droit de la Spotter GPS Watch (Air) pendant 5 secondes pour l&rsquo;allumer. Le logo Spotter appara\u00eet maintenant et un son se fait entendre. La Spotter GPS Watch (Air) fonctionne au moyen du GPS et du GPRS, il est donc important que la port\u00e9e soit suffisante. Nous recommandons donc d&rsquo;activer la Spotter GPS Watch (Air) pr\u00e8s de la fen\u00eatre ou \u00e0 l&rsquo;ext\u00e9rieur pour une port\u00e9e optimale afin qu&rsquo;un emplacement puisse \u00eatre mesur\u00e9.<\/li>\n<li>Associez le Spotter \u00e0 votre compte en ligne afin de pouvoir visualiser et g\u00e9rer toutes les donn\u00e9es. <a href=\"https:\/\/my.spottergps.com\/\">Cliquez ici <\/a>pour vous connecter ou pour cr\u00e9er un <a href=\"https:\/\/my.spottergps.com\/Account\/Register\">nouveau compte .<\/a><\/li>\n<li>Connectez-vous maintenant \u00e0 votre compte en ligne, apr\u00e8s quoi un \u00e9cran appara\u00eetra vous demandant d&rsquo;entrer votre code Spotter. Ici, vous entrez le code Spotter qui se trouve sur la carte dans l&#8217;emballage. Vous passez par l&rsquo;assistant d&rsquo;installation et choisissez pour combien de mois vous souhaitez cr\u00e9diter le Spotter. Si l&rsquo;assistant s&rsquo;est d\u00e9roul\u00e9 avec succ\u00e8s, la Spotter GPS Watch (Air) est d\u00e9sormais active !<\/li>\n<li>Vous pouvez \u00e9galement consulter les donn\u00e9es en d\u00e9placement via l&rsquo;application Spotter pour Smartphones et Tablettes. L&rsquo;application Spotter est compatible avec iOS et Android, que vous pouvez t\u00e9l\u00e9charger dans l&rsquo; <a href=\"https:\/\/apps.apple.com\/nl\/app\/spotter-gps-tracker\/id997370912?l=en\">Appstore <\/a>(iOS) et <a href=\"https:\/\/play.google.com\/store\/apps\/details?id=com.spottergps.spotter\">Playstore <\/a>(Android).<\/li>\n<\/ul>\n","protected":false},"excerpt":{"rendered":"<p>Bienvenue sur Spotter ! Vous pouvez facilement installer la Spotter GPS Watch (Air) en suivant les \u00e9tapes ci-dessous : Tout d&rsquo;abord, chargez compl\u00e8tement la batterie en 2 \u00e0 3 heures. Utilisez pour cela le c\u00e2ble USB fourni. Appuyez sur le bouton SOS sur le c\u00f4t\u00e9 droit de la Spotter GPS Watch (Air) pendant 5 secondes [&hellip;]<\/p>\n","protected":false},"author":8,"featured_media":0,"parent":1180,"menu_order":0,"comment_status":"closed","ping_status":"closed","template":"faq-content.php","meta":{"_acf_changed":false,"footnotes":""},"categories":[],"tags":[],"class_list":["post-1281","page","type-page","status-publish","hentry"],"acf":[],"yoast_head":"<!-- This site is optimized with the Yoast SEO plugin v25.9 - https:\/\/yoast.com\/wordpress\/plugins\/seo\/ -->\n<title>Installez la montre GPS Spotter (Air) - Spotter France<\/title>\n<meta name=\"robots\" content=\"index, follow, max-snippet:-1, max-image-preview:large, max-video-preview:-1\" \/>\n<link rel=\"canonical\" href=\"https:\/\/www.spottergps.com\/fr\/faq\/telecharger-et-installer\/installez-la-montre-gps-spotter-air\/\" \/>\n<meta property=\"og:locale\" content=\"fr_FR\" \/>\n<meta property=\"og:type\" content=\"article\" \/>\n<meta property=\"og:title\" content=\"Installez la montre GPS Spotter (Air) - Spotter France\" \/>\n<meta property=\"og:description\" content=\"Bienvenue sur Spotter ! Vous pouvez facilement installer la Spotter GPS Watch (Air) en suivant les \u00e9tapes ci-dessous : Tout d&rsquo;abord, chargez compl\u00e8tement la batterie en 2 \u00e0 3 heures. Utilisez pour cela le c\u00e2ble USB fourni. Appuyez sur le bouton SOS sur le c\u00f4t\u00e9 droit de la Spotter GPS Watch (Air) pendant 5 secondes [&hellip;]\" \/>\n<meta property=\"og:url\" content=\"https:\/\/www.spottergps.com\/fr\/faq\/telecharger-et-installer\/installez-la-montre-gps-spotter-air\/\" \/>\n<meta property=\"og:site_name\" content=\"Spotter France\" \/>\n<meta property=\"article:modified_time\" content=\"2023-09-04T14:34:27+00:00\" \/>\n<meta name=\"twitter:card\" content=\"summary_large_image\" \/>\n<meta name=\"twitter:label1\" content=\"Dur\u00e9e de lecture estim\u00e9e\" \/>\n\t<meta name=\"twitter:data1\" content=\"1 minute\" \/>\n<script type=\"application\/ld+json\" class=\"yoast-schema-graph\">{\"@context\":\"https:\/\/schema.org\",\"@graph\":[{\"@type\":\"WebPage\",\"@id\":\"https:\/\/www.spottergps.com\/fr\/faq\/telecharger-et-installer\/installez-la-montre-gps-spotter-air\/\",\"url\":\"https:\/\/www.spottergps.com\/fr\/faq\/telecharger-et-installer\/installez-la-montre-gps-spotter-air\/\",\"name\":\"Installez la montre GPS Spotter (Air) - Spotter France\",\"isPartOf\":{\"@id\":\"https:\/\/www.spottergps.com\/fr\/#website\"},\"datePublished\":\"2023-09-04T14:15:32+00:00\",\"dateModified\":\"2023-09-04T14:34:27+00:00\",\"breadcrumb\":{\"@id\":\"https:\/\/www.spottergps.com\/fr\/faq\/telecharger-et-installer\/installez-la-montre-gps-spotter-air\/#breadcrumb\"},\"inLanguage\":\"fr-FR\",\"potentialAction\":[{\"@type\":\"ReadAction\",\"target\":[\"https:\/\/www.spottergps.com\/fr\/faq\/telecharger-et-installer\/installez-la-montre-gps-spotter-air\/\"]}]},{\"@type\":\"BreadcrumbList\",\"@id\":\"https:\/\/www.spottergps.com\/fr\/faq\/telecharger-et-installer\/installez-la-montre-gps-spotter-air\/#breadcrumb\",\"itemListElement\":[{\"@type\":\"ListItem\",\"position\":1,\"name\":\"Home\",\"item\":\"https:\/\/www.spottergps.com\/fr\/\"},{\"@type\":\"ListItem\",\"position\":2,\"name\":\"Comment pouvons-nous vous aider?\",\"item\":\"https:\/\/www.spottergps.com\/fr\/faq\/\"},{\"@type\":\"ListItem\",\"position\":3,\"name\":\"T\u00e9l\u00e9charger et installer\",\"item\":\"https:\/\/www.spottergps.com\/fr\/faq\/telecharger-et-installer\/\"},{\"@type\":\"ListItem\",\"position\":4,\"name\":\"Installez la montre GPS Spotter (Air)\"}]},{\"@type\":\"WebSite\",\"@id\":\"https:\/\/www.spottergps.com\/fr\/#website\",\"url\":\"https:\/\/www.spottergps.com\/fr\/\",\"name\":\"Spotter France\",\"description\":\"Een andere Spotter websites site\",\"potentialAction\":[{\"@type\":\"SearchAction\",\"target\":{\"@type\":\"EntryPoint\",\"urlTemplate\":\"https:\/\/www.spottergps.com\/fr\/?s={search_term_string}\"},\"query-input\":{\"@type\":\"PropertyValueSpecification\",\"valueRequired\":true,\"valueName\":\"search_term_string\"}}],\"inLanguage\":\"fr-FR\"}]}<\/script>\n<!-- \/ Yoast SEO plugin. -->","yoast_head_json":{"title":"Installez la montre GPS Spotter (Air) - Spotter France","robots":{"index":"index","follow":"follow","max-snippet":"max-snippet:-1","max-image-preview":"max-image-preview:large","max-video-preview":"max-video-preview:-1"},"canonical":"https:\/\/www.spottergps.com\/fr\/faq\/telecharger-et-installer\/installez-la-montre-gps-spotter-air\/","og_locale":"fr_FR","og_type":"article","og_title":"Installez la montre GPS Spotter (Air) - Spotter France","og_description":"Bienvenue sur Spotter ! Vous pouvez facilement installer la Spotter GPS Watch (Air) en suivant les \u00e9tapes ci-dessous : Tout d&rsquo;abord, chargez compl\u00e8tement la batterie en 2 \u00e0 3 heures. Utilisez pour cela le c\u00e2ble USB fourni. Appuyez sur le bouton SOS sur le c\u00f4t\u00e9 droit de la Spotter GPS Watch (Air) pendant 5 secondes [&hellip;]","og_url":"https:\/\/www.spottergps.com\/fr\/faq\/telecharger-et-installer\/installez-la-montre-gps-spotter-air\/","og_site_name":"Spotter France","article_modified_time":"2023-09-04T14:34:27+00:00","twitter_card":"summary_large_image","twitter_misc":{"Dur\u00e9e de lecture estim\u00e9e":"1 minute"},"schema":{"@context":"https:\/\/schema.org","@graph":[{"@type":"WebPage","@id":"https:\/\/www.spottergps.com\/fr\/faq\/telecharger-et-installer\/installez-la-montre-gps-spotter-air\/","url":"https:\/\/www.spottergps.com\/fr\/faq\/telecharger-et-installer\/installez-la-montre-gps-spotter-air\/","name":"Installez la montre GPS Spotter (Air) - Spotter France","isPartOf":{"@id":"https:\/\/www.spottergps.com\/fr\/#website"},"datePublished":"2023-09-04T14:15:32+00:00","dateModified":"2023-09-04T14:34:27+00:00","breadcrumb":{"@id":"https:\/\/www.spottergps.com\/fr\/faq\/telecharger-et-installer\/installez-la-montre-gps-spotter-air\/#breadcrumb"},"inLanguage":"fr-FR","potentialAction":[{"@type":"ReadAction","target":["https:\/\/www.spottergps.com\/fr\/faq\/telecharger-et-installer\/installez-la-montre-gps-spotter-air\/"]}]},{"@type":"BreadcrumbList","@id":"https:\/\/www.spottergps.com\/fr\/faq\/telecharger-et-installer\/installez-la-montre-gps-spotter-air\/#breadcrumb","itemListElement":[{"@type":"ListItem","position":1,"name":"Home","item":"https:\/\/www.spottergps.com\/fr\/"},{"@type":"ListItem","position":2,"name":"Comment pouvons-nous vous aider?","item":"https:\/\/www.spottergps.com\/fr\/faq\/"},{"@type":"ListItem","position":3,"name":"T\u00e9l\u00e9charger et installer","item":"https:\/\/www.spottergps.com\/fr\/faq\/telecharger-et-installer\/"},{"@type":"ListItem","position":4,"name":"Installez la montre GPS Spotter (Air)"}]},{"@type":"WebSite","@id":"https:\/\/www.spottergps.com\/fr\/#website","url":"https:\/\/www.spottergps.com\/fr\/","name":"Spotter France","description":"Een andere Spotter websites site","potentialAction":[{"@type":"SearchAction","target":{"@type":"EntryPoint","urlTemplate":"https:\/\/www.spottergps.com\/fr\/?s={search_term_string}"},"query-input":{"@type":"PropertyValueSpecification","valueRequired":true,"valueName":"search_term_string"}}],"inLanguage":"fr-FR"}]}},"_links":{"self":[{"href":"https:\/\/www.spottergps.com\/fr\/wp-json\/wp\/v2\/pages\/1281","targetHints":{"allow":["GET"]}}],"collection":[{"href":"https:\/\/www.spottergps.com\/fr\/wp-json\/wp\/v2\/pages"}],"about":[{"href":"https:\/\/www.spottergps.com\/fr\/wp-json\/wp\/v2\/types\/page"}],"author":[{"embeddable":true,"href":"https:\/\/www.spottergps.com\/fr\/wp-json\/wp\/v2\/users\/8"}],"replies":[{"embeddable":true,"href":"https:\/\/www.spottergps.com\/fr\/wp-json\/wp\/v2\/comments?post=1281"}],"version-history":[{"count":2,"href":"https:\/\/www.spottergps.com\/fr\/wp-json\/wp\/v2\/pages\/1281\/revisions"}],"predecessor-version":[{"id":1295,"href":"https:\/\/www.spottergps.com\/fr\/wp-json\/wp\/v2\/pages\/1281\/revisions\/1295"}],"up":[{"embeddable":true,"href":"https:\/\/www.spottergps.com\/fr\/wp-json\/wp\/v2\/pages\/1180"}],"wp:attachment":[{"href":"https:\/\/www.spottergps.com\/fr\/wp-json\/wp\/v2\/media?parent=1281"}],"wp:term":[{"taxonomy":"category","embeddable":true,"href":"https:\/\/www.spottergps.com\/fr\/wp-json\/wp\/v2\/categories?post=1281"},{"taxonomy":"post_tag","embeddable":true,"href":"https:\/\/www.spottergps.com\/fr\/wp-json\/wp\/v2\/tags?post=1281"}],"curies":[{"name":"wp","href":"https:\/\/api.w.org\/{rel}","templated":true}]}}