{"id":1278,"date":"2023-09-04T15:07:52","date_gmt":"2023-09-04T14:07:52","guid":{"rendered":"https:\/\/www.spottergps.com\/fr\/?page_id=1278"},"modified":"2023-10-30T15:48:51","modified_gmt":"2023-10-30T14:48:51","slug":"installer-le-traceur-gps-spotter","status":"publish","type":"page","link":"https:\/\/www.spottergps.com\/fr\/faq\/telecharger-et-installer\/installer-le-traceur-gps-spotter\/","title":{"rendered":"Installer le traceur GPS Spotter"},"content":{"rendered":"\n<p>Bienvenue sur Spotter ! <br>Vous pouvez commencer \u00e0 utiliser le traceur GPS Spotter en quelques minutes. Pour faire \u00e7a, suit les \u00e9tapes suivantes:<\/p>\n\n\n\n<ul class=\"wp-block-list\">\n<li>Avant d&rsquo;utiliser le Spotter, chargez compl\u00e8tement la batterie en 2 \u00e0 3 heures. Utilisez pour cela le c\u00e2ble USB et le chargeur fournis. Lors de la charge, le Spotter s&rsquo;allume automatiquement apr\u00e8s quelques minutes.<\/li>\n\n\n\n<li>Le traceur GPS Spotter fonctionne au moyen du GPS et du GPRS, il est donc important qu&rsquo;il y ait une port\u00e9e suffisante. Nous recommandons donc d&rsquo;activer le traceur GPS Spotter pr\u00e8s de la fen\u00eatre ou \u00e0 l&rsquo;ext\u00e9rieur pour une port\u00e9e optimale afin qu&rsquo;un emplacement puisse \u00eatre mesur\u00e9.<\/li>\n\n\n\n<li>Connectez-vous maintenant \u00e0 votre compte en ligne, apr\u00e8s quoi un \u00e9cran appara\u00eetra vous demandant d&rsquo;entrer votre code Spotter. Ici, vous entrez le code Spotter qui se trouve sur la carte dans l&#8217;emballage. Vous passez par l&rsquo;assistant d&rsquo;installation et choisissez pour combien de mois vous souhaitez cr\u00e9diter le Spotter. Si l&rsquo;assistant s&rsquo;est d\u00e9roul\u00e9 avec succ\u00e8s, le traceur GPS Spotter est actif !<\/li>\n\n\n\n<li>Vous pouvez \u00e9galement consulter les donn\u00e9es en d\u00e9placement via l&rsquo;application Spotter pour Smartphones et Tablettes. L&rsquo;application Spotter est compatible avec iOS et Android, que vous pouvez t\u00e9l\u00e9charger dans l&rsquo; <a href=\"https:\/\/apps.apple.com\/nl\/app\/spotter-gps-tracker\/id997370912?l=en\">Appstore <\/a>(iOS) et <a href=\"https:\/\/play.google.com\/store\/apps\/details?id=com.spottergps.spotter\">Playstore <\/a>(Android).<\/li>\n<\/ul>\n","protected":false},"excerpt":{"rendered":"<p>Bienvenue sur Spotter ! Vous pouvez commencer \u00e0 utiliser le traceur GPS Spotter en quelques minutes. Pour faire \u00e7a, suit les \u00e9tapes suivantes:<\/p>\n","protected":false},"author":8,"featured_media":0,"parent":1180,"menu_order":0,"comment_status":"closed","ping_status":"closed","template":"faq-content.php","meta":{"_acf_changed":false,"footnotes":""},"categories":[],"tags":[],"class_list":["post-1278","page","type-page","status-publish","hentry"],"acf":[],"yoast_head":"<!-- This site is optimized with the Yoast SEO plugin v25.9 - https:\/\/yoast.com\/wordpress\/plugins\/seo\/ -->\n<title>Installer le traceur GPS Spotter - Spotter France<\/title>\n<meta name=\"robots\" content=\"index, follow, max-snippet:-1, max-image-preview:large, max-video-preview:-1\" \/>\n<link rel=\"canonical\" href=\"https:\/\/www.spottergps.com\/fr\/faq\/telecharger-et-installer\/installer-le-traceur-gps-spotter\/\" \/>\n<meta property=\"og:locale\" content=\"fr_FR\" \/>\n<meta property=\"og:type\" content=\"article\" \/>\n<meta property=\"og:title\" content=\"Installer le traceur GPS Spotter - Spotter France\" \/>\n<meta property=\"og:description\" content=\"Bienvenue sur Spotter ! Vous pouvez commencer \u00e0 utiliser le traceur GPS Spotter en quelques minutes. Pour faire \u00e7a, suit les \u00e9tapes suivantes:\" \/>\n<meta property=\"og:url\" content=\"https:\/\/www.spottergps.com\/fr\/faq\/telecharger-et-installer\/installer-le-traceur-gps-spotter\/\" \/>\n<meta property=\"og:site_name\" content=\"Spotter France\" \/>\n<meta property=\"article:modified_time\" content=\"2023-10-30T14:48:51+00:00\" \/>\n<meta name=\"twitter:card\" content=\"summary_large_image\" \/>\n<meta name=\"twitter:label1\" content=\"Dur\u00e9e de lecture estim\u00e9e\" \/>\n\t<meta name=\"twitter:data1\" content=\"1 minute\" \/>\n<script type=\"application\/ld+json\" class=\"yoast-schema-graph\">{\"@context\":\"https:\/\/schema.org\",\"@graph\":[{\"@type\":\"WebPage\",\"@id\":\"https:\/\/www.spottergps.com\/fr\/faq\/telecharger-et-installer\/installer-le-traceur-gps-spotter\/\",\"url\":\"https:\/\/www.spottergps.com\/fr\/faq\/telecharger-et-installer\/installer-le-traceur-gps-spotter\/\",\"name\":\"Installer le traceur GPS Spotter - Spotter France\",\"isPartOf\":{\"@id\":\"https:\/\/www.spottergps.com\/fr\/#website\"},\"datePublished\":\"2023-09-04T14:07:52+00:00\",\"dateModified\":\"2023-10-30T14:48:51+00:00\",\"breadcrumb\":{\"@id\":\"https:\/\/www.spottergps.com\/fr\/faq\/telecharger-et-installer\/installer-le-traceur-gps-spotter\/#breadcrumb\"},\"inLanguage\":\"fr-FR\",\"potentialAction\":[{\"@type\":\"ReadAction\",\"target\":[\"https:\/\/www.spottergps.com\/fr\/faq\/telecharger-et-installer\/installer-le-traceur-gps-spotter\/\"]}]},{\"@type\":\"BreadcrumbList\",\"@id\":\"https:\/\/www.spottergps.com\/fr\/faq\/telecharger-et-installer\/installer-le-traceur-gps-spotter\/#breadcrumb\",\"itemListElement\":[{\"@type\":\"ListItem\",\"position\":1,\"name\":\"Home\",\"item\":\"https:\/\/www.spottergps.com\/fr\/\"},{\"@type\":\"ListItem\",\"position\":2,\"name\":\"Comment pouvons-nous vous aider?\",\"item\":\"https:\/\/www.spottergps.com\/fr\/faq\/\"},{\"@type\":\"ListItem\",\"position\":3,\"name\":\"T\u00e9l\u00e9charger et installer\",\"item\":\"https:\/\/www.spottergps.com\/fr\/faq\/telecharger-et-installer\/\"},{\"@type\":\"ListItem\",\"position\":4,\"name\":\"Installer le traceur GPS Spotter\"}]},{\"@type\":\"WebSite\",\"@id\":\"https:\/\/www.spottergps.com\/fr\/#website\",\"url\":\"https:\/\/www.spottergps.com\/fr\/\",\"name\":\"Spotter France\",\"description\":\"Een andere Spotter websites site\",\"potentialAction\":[{\"@type\":\"SearchAction\",\"target\":{\"@type\":\"EntryPoint\",\"urlTemplate\":\"https:\/\/www.spottergps.com\/fr\/?s={search_term_string}\"},\"query-input\":{\"@type\":\"PropertyValueSpecification\",\"valueRequired\":true,\"valueName\":\"search_term_string\"}}],\"inLanguage\":\"fr-FR\"}]}<\/script>\n<!-- \/ Yoast SEO plugin. -->","yoast_head_json":{"title":"Installer le traceur GPS Spotter - Spotter France","robots":{"index":"index","follow":"follow","max-snippet":"max-snippet:-1","max-image-preview":"max-image-preview:large","max-video-preview":"max-video-preview:-1"},"canonical":"https:\/\/www.spottergps.com\/fr\/faq\/telecharger-et-installer\/installer-le-traceur-gps-spotter\/","og_locale":"fr_FR","og_type":"article","og_title":"Installer le traceur GPS Spotter - Spotter France","og_description":"Bienvenue sur Spotter ! Vous pouvez commencer \u00e0 utiliser le traceur GPS Spotter en quelques minutes. Pour faire \u00e7a, suit les \u00e9tapes suivantes:","og_url":"https:\/\/www.spottergps.com\/fr\/faq\/telecharger-et-installer\/installer-le-traceur-gps-spotter\/","og_site_name":"Spotter France","article_modified_time":"2023-10-30T14:48:51+00:00","twitter_card":"summary_large_image","twitter_misc":{"Dur\u00e9e de lecture estim\u00e9e":"1 minute"},"schema":{"@context":"https:\/\/schema.org","@graph":[{"@type":"WebPage","@id":"https:\/\/www.spottergps.com\/fr\/faq\/telecharger-et-installer\/installer-le-traceur-gps-spotter\/","url":"https:\/\/www.spottergps.com\/fr\/faq\/telecharger-et-installer\/installer-le-traceur-gps-spotter\/","name":"Installer le traceur GPS Spotter - Spotter France","isPartOf":{"@id":"https:\/\/www.spottergps.com\/fr\/#website"},"datePublished":"2023-09-04T14:07:52+00:00","dateModified":"2023-10-30T14:48:51+00:00","breadcrumb":{"@id":"https:\/\/www.spottergps.com\/fr\/faq\/telecharger-et-installer\/installer-le-traceur-gps-spotter\/#breadcrumb"},"inLanguage":"fr-FR","potentialAction":[{"@type":"ReadAction","target":["https:\/\/www.spottergps.com\/fr\/faq\/telecharger-et-installer\/installer-le-traceur-gps-spotter\/"]}]},{"@type":"BreadcrumbList","@id":"https:\/\/www.spottergps.com\/fr\/faq\/telecharger-et-installer\/installer-le-traceur-gps-spotter\/#breadcrumb","itemListElement":[{"@type":"ListItem","position":1,"name":"Home","item":"https:\/\/www.spottergps.com\/fr\/"},{"@type":"ListItem","position":2,"name":"Comment pouvons-nous vous aider?","item":"https:\/\/www.spottergps.com\/fr\/faq\/"},{"@type":"ListItem","position":3,"name":"T\u00e9l\u00e9charger et installer","item":"https:\/\/www.spottergps.com\/fr\/faq\/telecharger-et-installer\/"},{"@type":"ListItem","position":4,"name":"Installer le traceur GPS Spotter"}]},{"@type":"WebSite","@id":"https:\/\/www.spottergps.com\/fr\/#website","url":"https:\/\/www.spottergps.com\/fr\/","name":"Spotter France","description":"Een andere Spotter websites site","potentialAction":[{"@type":"SearchAction","target":{"@type":"EntryPoint","urlTemplate":"https:\/\/www.spottergps.com\/fr\/?s={search_term_string}"},"query-input":{"@type":"PropertyValueSpecification","valueRequired":true,"valueName":"search_term_string"}}],"inLanguage":"fr-FR"}]}},"_links":{"self":[{"href":"https:\/\/www.spottergps.com\/fr\/wp-json\/wp\/v2\/pages\/1278","targetHints":{"allow":["GET"]}}],"collection":[{"href":"https:\/\/www.spottergps.com\/fr\/wp-json\/wp\/v2\/pages"}],"about":[{"href":"https:\/\/www.spottergps.com\/fr\/wp-json\/wp\/v2\/types\/page"}],"author":[{"embeddable":true,"href":"https:\/\/www.spottergps.com\/fr\/wp-json\/wp\/v2\/users\/8"}],"replies":[{"embeddable":true,"href":"https:\/\/www.spottergps.com\/fr\/wp-json\/wp\/v2\/comments?post=1278"}],"version-history":[{"count":4,"href":"https:\/\/www.spottergps.com\/fr\/wp-json\/wp\/v2\/pages\/1278\/revisions"}],"predecessor-version":[{"id":1701,"href":"https:\/\/www.spottergps.com\/fr\/wp-json\/wp\/v2\/pages\/1278\/revisions\/1701"}],"up":[{"embeddable":true,"href":"https:\/\/www.spottergps.com\/fr\/wp-json\/wp\/v2\/pages\/1180"}],"wp:attachment":[{"href":"https:\/\/www.spottergps.com\/fr\/wp-json\/wp\/v2\/media?parent=1278"}],"wp:term":[{"taxonomy":"category","embeddable":true,"href":"https:\/\/www.spottergps.com\/fr\/wp-json\/wp\/v2\/categories?post=1278"},{"taxonomy":"post_tag","embeddable":true,"href":"https:\/\/www.spottergps.com\/fr\/wp-json\/wp\/v2\/tags?post=1278"}],"curies":[{"name":"wp","href":"https:\/\/api.w.org\/{rel}","templated":true}]}}