{"id":1269,"date":"2023-09-04T14:52:15","date_gmt":"2023-09-04T13:52:15","guid":{"rendered":"https:\/\/www.spottergps.com\/fr\/?page_id=1269"},"modified":"2023-10-30T15:46:14","modified_gmt":"2023-10-30T14:46:14","slug":"transferer-le-spotter-a-un-nouvel-utilisateur","status":"publish","type":"page","link":"https:\/\/www.spottergps.com\/fr\/faq\/compte-en-profil\/transferer-le-spotter-a-un-nouvel-utilisateur\/","title":{"rendered":"Transf\u00e9rer le Spotter \u00e0 un nouvel utilisateur"},"content":{"rendered":"\n<p>Vous avez un Spotter que vous souhaitez transf\u00e9rer \u00e0 quelqu&rsquo;un d&rsquo;autre ? Ensuite, un certain nombre d&rsquo;actions sont n\u00e9cessaires. Nous suivons les \u00e9tapes avec vous.<\/p>\n\n\n\n<ol class=\"wp-block-list\" type=\"1\">\n<li>Vous vous connectez \u00e0 <a href=\"https:\/\/my.spottergps.com\/SpotterApp\/index.html\" data-type=\"URL\" data-id=\"https:\/\/my.spottergps.com\/SpotterApp\/index.html\">votre compte<\/a> (en ligne).<\/li>\n\n\n\n<li>Allez sur le verre\/l&rsquo;ic\u00f4ne de recherche en bas de la barre bleue (\u00e9galement possible si le spotter n&rsquo;est pas activ\u00e9).<\/li>\n\n\n\n<li>S\u00e9lectionnez le Spotter que vous souhaitez supprimer et allez dans \u00ab\u00a0Param\u00e8tres\u00a0\u00bb.<\/li>\n\n\n\n<li>Ici, vous pouvez supprimer la photo et changer le nom, par exemple en code Spotter.<\/li>\n\n\n\n<li>Cliquez maintenant sur la coche verte pour confirmer les modifications.<\/li>\n\n\n\n<li>Maintenant, choisissez \u00e0 nouveau \u00ab\u00a0param\u00e8tres\u00a0\u00bb comme indiqu\u00e9 au d\u00e9but de l&rsquo;\u00e9tape 3.<\/li>\n\n\n\n<li>Cliquez sur &lsquo;supprimer le syst\u00e8me&rsquo; et cliquez sur accepter pour supprimer le Spotter.<\/li>\n\n\n\n<li>Le Spotter a \u00e9t\u00e9 supprim\u00e9 et peut maintenant \u00eatre transf\u00e9r\u00e9 au nouvel utilisateur.<\/li>\n<\/ol>\n\n\n\n<div class=\"wp-block-group\"><div class=\"wp-block-group__inner-container is-layout-constrained wp-block-group-is-layout-constrained\"><\/div><\/div>\n\n\n","protected":false},"excerpt":{"rendered":"<p>Vous avez un Spotter que vous souhaitez transf\u00e9rer \u00e0 quelqu&rsquo;un d&rsquo;autre ? Ensuite, un certain nombre d&rsquo;actions sont n\u00e9cessaires. Nous suivons les \u00e9tapes avec vous.<\/p>\n","protected":false},"author":8,"featured_media":0,"parent":1177,"menu_order":0,"comment_status":"closed","ping_status":"closed","template":"faq-content.php","meta":{"_acf_changed":false,"footnotes":""},"categories":[],"tags":[],"class_list":["post-1269","page","type-page","status-publish","hentry"],"acf":[],"yoast_head":"<!-- This site is optimized with the Yoast SEO plugin v25.9 - https:\/\/yoast.com\/wordpress\/plugins\/seo\/ -->\n<title>Transf\u00e9rer le Spotter \u00e0 un nouvel utilisateur - Spotter France<\/title>\n<meta name=\"robots\" content=\"index, follow, max-snippet:-1, max-image-preview:large, max-video-preview:-1\" \/>\n<link rel=\"canonical\" href=\"https:\/\/www.spottergps.com\/fr\/faq\/compte-en-profil\/transferer-le-spotter-a-un-nouvel-utilisateur\/\" \/>\n<meta property=\"og:locale\" content=\"fr_FR\" \/>\n<meta property=\"og:type\" content=\"article\" \/>\n<meta property=\"og:title\" content=\"Transf\u00e9rer le Spotter \u00e0 un nouvel utilisateur - Spotter France\" \/>\n<meta property=\"og:description\" content=\"Vous avez un Spotter que vous souhaitez transf\u00e9rer \u00e0 quelqu&rsquo;un d&rsquo;autre ? Ensuite, un certain nombre d&rsquo;actions sont n\u00e9cessaires. Nous suivons les \u00e9tapes avec vous.\" \/>\n<meta property=\"og:url\" content=\"https:\/\/www.spottergps.com\/fr\/faq\/compte-en-profil\/transferer-le-spotter-a-un-nouvel-utilisateur\/\" \/>\n<meta property=\"og:site_name\" content=\"Spotter France\" \/>\n<meta property=\"article:modified_time\" content=\"2023-10-30T14:46:14+00:00\" \/>\n<meta name=\"twitter:card\" content=\"summary_large_image\" \/>\n<meta name=\"twitter:label1\" content=\"Dur\u00e9e de lecture estim\u00e9e\" \/>\n\t<meta name=\"twitter:data1\" content=\"1 minute\" \/>\n<script type=\"application\/ld+json\" class=\"yoast-schema-graph\">{\"@context\":\"https:\/\/schema.org\",\"@graph\":[{\"@type\":\"WebPage\",\"@id\":\"https:\/\/www.spottergps.com\/fr\/faq\/compte-en-profil\/transferer-le-spotter-a-un-nouvel-utilisateur\/\",\"url\":\"https:\/\/www.spottergps.com\/fr\/faq\/compte-en-profil\/transferer-le-spotter-a-un-nouvel-utilisateur\/\",\"name\":\"Transf\u00e9rer le Spotter \u00e0 un nouvel utilisateur - Spotter France\",\"isPartOf\":{\"@id\":\"https:\/\/www.spottergps.com\/fr\/#website\"},\"datePublished\":\"2023-09-04T13:52:15+00:00\",\"dateModified\":\"2023-10-30T14:46:14+00:00\",\"breadcrumb\":{\"@id\":\"https:\/\/www.spottergps.com\/fr\/faq\/compte-en-profil\/transferer-le-spotter-a-un-nouvel-utilisateur\/#breadcrumb\"},\"inLanguage\":\"fr-FR\",\"potentialAction\":[{\"@type\":\"ReadAction\",\"target\":[\"https:\/\/www.spottergps.com\/fr\/faq\/compte-en-profil\/transferer-le-spotter-a-un-nouvel-utilisateur\/\"]}]},{\"@type\":\"BreadcrumbList\",\"@id\":\"https:\/\/www.spottergps.com\/fr\/faq\/compte-en-profil\/transferer-le-spotter-a-un-nouvel-utilisateur\/#breadcrumb\",\"itemListElement\":[{\"@type\":\"ListItem\",\"position\":1,\"name\":\"Home\",\"item\":\"https:\/\/www.spottergps.com\/fr\/\"},{\"@type\":\"ListItem\",\"position\":2,\"name\":\"Comment pouvons-nous vous aider?\",\"item\":\"https:\/\/www.spottergps.com\/fr\/faq\/\"},{\"@type\":\"ListItem\",\"position\":3,\"name\":\"Compte en profil\",\"item\":\"https:\/\/www.spottergps.com\/fr\/faq\/compte-en-profil\/\"},{\"@type\":\"ListItem\",\"position\":4,\"name\":\"Transf\u00e9rer le Spotter \u00e0 un nouvel utilisateur\"}]},{\"@type\":\"WebSite\",\"@id\":\"https:\/\/www.spottergps.com\/fr\/#website\",\"url\":\"https:\/\/www.spottergps.com\/fr\/\",\"name\":\"Spotter France\",\"description\":\"Een andere Spotter websites site\",\"potentialAction\":[{\"@type\":\"SearchAction\",\"target\":{\"@type\":\"EntryPoint\",\"urlTemplate\":\"https:\/\/www.spottergps.com\/fr\/?s={search_term_string}\"},\"query-input\":{\"@type\":\"PropertyValueSpecification\",\"valueRequired\":true,\"valueName\":\"search_term_string\"}}],\"inLanguage\":\"fr-FR\"}]}<\/script>\n<!-- \/ Yoast SEO plugin. -->","yoast_head_json":{"title":"Transf\u00e9rer le Spotter \u00e0 un nouvel utilisateur - Spotter France","robots":{"index":"index","follow":"follow","max-snippet":"max-snippet:-1","max-image-preview":"max-image-preview:large","max-video-preview":"max-video-preview:-1"},"canonical":"https:\/\/www.spottergps.com\/fr\/faq\/compte-en-profil\/transferer-le-spotter-a-un-nouvel-utilisateur\/","og_locale":"fr_FR","og_type":"article","og_title":"Transf\u00e9rer le Spotter \u00e0 un nouvel utilisateur - Spotter France","og_description":"Vous avez un Spotter que vous souhaitez transf\u00e9rer \u00e0 quelqu&rsquo;un d&rsquo;autre ? Ensuite, un certain nombre d&rsquo;actions sont n\u00e9cessaires. Nous suivons les \u00e9tapes avec vous.","og_url":"https:\/\/www.spottergps.com\/fr\/faq\/compte-en-profil\/transferer-le-spotter-a-un-nouvel-utilisateur\/","og_site_name":"Spotter France","article_modified_time":"2023-10-30T14:46:14+00:00","twitter_card":"summary_large_image","twitter_misc":{"Dur\u00e9e de lecture estim\u00e9e":"1 minute"},"schema":{"@context":"https:\/\/schema.org","@graph":[{"@type":"WebPage","@id":"https:\/\/www.spottergps.com\/fr\/faq\/compte-en-profil\/transferer-le-spotter-a-un-nouvel-utilisateur\/","url":"https:\/\/www.spottergps.com\/fr\/faq\/compte-en-profil\/transferer-le-spotter-a-un-nouvel-utilisateur\/","name":"Transf\u00e9rer le Spotter \u00e0 un nouvel utilisateur - Spotter France","isPartOf":{"@id":"https:\/\/www.spottergps.com\/fr\/#website"},"datePublished":"2023-09-04T13:52:15+00:00","dateModified":"2023-10-30T14:46:14+00:00","breadcrumb":{"@id":"https:\/\/www.spottergps.com\/fr\/faq\/compte-en-profil\/transferer-le-spotter-a-un-nouvel-utilisateur\/#breadcrumb"},"inLanguage":"fr-FR","potentialAction":[{"@type":"ReadAction","target":["https:\/\/www.spottergps.com\/fr\/faq\/compte-en-profil\/transferer-le-spotter-a-un-nouvel-utilisateur\/"]}]},{"@type":"BreadcrumbList","@id":"https:\/\/www.spottergps.com\/fr\/faq\/compte-en-profil\/transferer-le-spotter-a-un-nouvel-utilisateur\/#breadcrumb","itemListElement":[{"@type":"ListItem","position":1,"name":"Home","item":"https:\/\/www.spottergps.com\/fr\/"},{"@type":"ListItem","position":2,"name":"Comment pouvons-nous vous aider?","item":"https:\/\/www.spottergps.com\/fr\/faq\/"},{"@type":"ListItem","position":3,"name":"Compte en profil","item":"https:\/\/www.spottergps.com\/fr\/faq\/compte-en-profil\/"},{"@type":"ListItem","position":4,"name":"Transf\u00e9rer le Spotter \u00e0 un nouvel utilisateur"}]},{"@type":"WebSite","@id":"https:\/\/www.spottergps.com\/fr\/#website","url":"https:\/\/www.spottergps.com\/fr\/","name":"Spotter France","description":"Een andere Spotter websites site","potentialAction":[{"@type":"SearchAction","target":{"@type":"EntryPoint","urlTemplate":"https:\/\/www.spottergps.com\/fr\/?s={search_term_string}"},"query-input":{"@type":"PropertyValueSpecification","valueRequired":true,"valueName":"search_term_string"}}],"inLanguage":"fr-FR"}]}},"_links":{"self":[{"href":"https:\/\/www.spottergps.com\/fr\/wp-json\/wp\/v2\/pages\/1269","targetHints":{"allow":["GET"]}}],"collection":[{"href":"https:\/\/www.spottergps.com\/fr\/wp-json\/wp\/v2\/pages"}],"about":[{"href":"https:\/\/www.spottergps.com\/fr\/wp-json\/wp\/v2\/types\/page"}],"author":[{"embeddable":true,"href":"https:\/\/www.spottergps.com\/fr\/wp-json\/wp\/v2\/users\/8"}],"replies":[{"embeddable":true,"href":"https:\/\/www.spottergps.com\/fr\/wp-json\/wp\/v2\/comments?post=1269"}],"version-history":[{"count":4,"href":"https:\/\/www.spottergps.com\/fr\/wp-json\/wp\/v2\/pages\/1269\/revisions"}],"predecessor-version":[{"id":1700,"href":"https:\/\/www.spottergps.com\/fr\/wp-json\/wp\/v2\/pages\/1269\/revisions\/1700"}],"up":[{"embeddable":true,"href":"https:\/\/www.spottergps.com\/fr\/wp-json\/wp\/v2\/pages\/1177"}],"wp:attachment":[{"href":"https:\/\/www.spottergps.com\/fr\/wp-json\/wp\/v2\/media?parent=1269"}],"wp:term":[{"taxonomy":"category","embeddable":true,"href":"https:\/\/www.spottergps.com\/fr\/wp-json\/wp\/v2\/categories?post=1269"},{"taxonomy":"post_tag","embeddable":true,"href":"https:\/\/www.spottergps.com\/fr\/wp-json\/wp\/v2\/tags?post=1269"}],"curies":[{"name":"wp","href":"https:\/\/api.w.org\/{rel}","templated":true}]}}