{"id":1267,"date":"2023-09-04T14:49:23","date_gmt":"2023-09-04T13:49:23","guid":{"rendered":"https:\/\/www.spottergps.com\/fr\/?page_id=1267"},"modified":"2023-09-04T15:00:00","modified_gmt":"2023-09-04T14:00:00","slug":"changer-la-langue-du-logiciel","status":"publish","type":"page","link":"https:\/\/www.spottergps.com\/fr\/faq\/compte-en-profil\/changer-la-langue-du-logiciel\/","title":{"rendered":"Changer la langue du logiciel"},"content":{"rendered":"\n<p><strong>Via le bureau\/ordinateur<\/strong><\/p>\n<ul>\n<li>Connectez-vous \u00e0 votre compte en ligne via le bureau.<\/li>\n<li>Cliquez sur les engrenages en bas \u00e0 gauche.<\/li>\n<li>Cliquez ensuite sur la langue.<\/li>\n<li>Apr\u00e8s cela, diff\u00e9rentes langues appara\u00eetront parmi lesquelles vous pourrez choisir.<\/li>\n<li>S\u00e9lectionnez maintenant la langue souhait\u00e9e.<\/li>\n<\/ul>\n<p><strong>Via l&rsquo;application<\/strong><\/p>\n<ul>\n<li>Ouvrez l&rsquo;application et connectez-vous \u00e0 votre compte.<\/li>\n<li>Ouvrez le menu en haut \u00e0 gauche.<\/li>\n<li>En bas du menu, vous pouvez choisir \u00ab\u00a0langue\u00a0\u00bb<\/li>\n<li>S\u00e9lectionnez maintenant la langue souhait\u00e9e.<\/li>\n<\/ul>\n","protected":false},"excerpt":{"rendered":"<p>Via le bureau\/ordinateur Connectez-vous \u00e0 votre compte en ligne via le bureau. Cliquez sur les engrenages en bas \u00e0 gauche. Cliquez ensuite sur la langue. Apr\u00e8s cela, diff\u00e9rentes langues appara\u00eetront parmi lesquelles vous pourrez choisir. S\u00e9lectionnez maintenant la langue souhait\u00e9e. Via l&rsquo;application Ouvrez l&rsquo;application et connectez-vous \u00e0 votre compte. Ouvrez le menu en haut \u00e0 [&hellip;]<\/p>\n","protected":false},"author":8,"featured_media":0,"parent":1177,"menu_order":0,"comment_status":"closed","ping_status":"closed","template":"faq-content.php","meta":{"_acf_changed":false,"footnotes":""},"categories":[],"tags":[],"class_list":["post-1267","page","type-page","status-publish","hentry"],"acf":[],"yoast_head":"<!-- This site is optimized with the Yoast SEO plugin v25.9 - https:\/\/yoast.com\/wordpress\/plugins\/seo\/ -->\n<title>Changer la langue du logiciel - Spotter France<\/title>\n<meta name=\"robots\" content=\"index, follow, max-snippet:-1, max-image-preview:large, max-video-preview:-1\" \/>\n<link rel=\"canonical\" href=\"https:\/\/www.spottergps.com\/fr\/faq\/compte-en-profil\/changer-la-langue-du-logiciel\/\" \/>\n<meta property=\"og:locale\" content=\"fr_FR\" \/>\n<meta property=\"og:type\" content=\"article\" \/>\n<meta property=\"og:title\" content=\"Changer la langue du logiciel - Spotter France\" \/>\n<meta property=\"og:description\" content=\"Via le bureau\/ordinateur Connectez-vous \u00e0 votre compte en ligne via le bureau. Cliquez sur les engrenages en bas \u00e0 gauche. Cliquez ensuite sur la langue. Apr\u00e8s cela, diff\u00e9rentes langues appara\u00eetront parmi lesquelles vous pourrez choisir. S\u00e9lectionnez maintenant la langue souhait\u00e9e. Via l&rsquo;application Ouvrez l&rsquo;application et connectez-vous \u00e0 votre compte. Ouvrez le menu en haut \u00e0 [&hellip;]\" \/>\n<meta property=\"og:url\" content=\"https:\/\/www.spottergps.com\/fr\/faq\/compte-en-profil\/changer-la-langue-du-logiciel\/\" \/>\n<meta property=\"og:site_name\" content=\"Spotter France\" \/>\n<meta property=\"article:modified_time\" content=\"2023-09-04T14:00:00+00:00\" \/>\n<meta name=\"twitter:card\" content=\"summary_large_image\" \/>\n<script type=\"application\/ld+json\" class=\"yoast-schema-graph\">{\"@context\":\"https:\/\/schema.org\",\"@graph\":[{\"@type\":\"WebPage\",\"@id\":\"https:\/\/www.spottergps.com\/fr\/faq\/compte-en-profil\/changer-la-langue-du-logiciel\/\",\"url\":\"https:\/\/www.spottergps.com\/fr\/faq\/compte-en-profil\/changer-la-langue-du-logiciel\/\",\"name\":\"Changer la langue du logiciel - Spotter France\",\"isPartOf\":{\"@id\":\"https:\/\/www.spottergps.com\/fr\/#website\"},\"datePublished\":\"2023-09-04T13:49:23+00:00\",\"dateModified\":\"2023-09-04T14:00:00+00:00\",\"breadcrumb\":{\"@id\":\"https:\/\/www.spottergps.com\/fr\/faq\/compte-en-profil\/changer-la-langue-du-logiciel\/#breadcrumb\"},\"inLanguage\":\"fr-FR\",\"potentialAction\":[{\"@type\":\"ReadAction\",\"target\":[\"https:\/\/www.spottergps.com\/fr\/faq\/compte-en-profil\/changer-la-langue-du-logiciel\/\"]}]},{\"@type\":\"BreadcrumbList\",\"@id\":\"https:\/\/www.spottergps.com\/fr\/faq\/compte-en-profil\/changer-la-langue-du-logiciel\/#breadcrumb\",\"itemListElement\":[{\"@type\":\"ListItem\",\"position\":1,\"name\":\"Home\",\"item\":\"https:\/\/www.spottergps.com\/fr\/\"},{\"@type\":\"ListItem\",\"position\":2,\"name\":\"Comment pouvons-nous vous aider?\",\"item\":\"https:\/\/www.spottergps.com\/fr\/faq\/\"},{\"@type\":\"ListItem\",\"position\":3,\"name\":\"Compte en profil\",\"item\":\"https:\/\/www.spottergps.com\/fr\/faq\/compte-en-profil\/\"},{\"@type\":\"ListItem\",\"position\":4,\"name\":\"Changer la langue du logiciel\"}]},{\"@type\":\"WebSite\",\"@id\":\"https:\/\/www.spottergps.com\/fr\/#website\",\"url\":\"https:\/\/www.spottergps.com\/fr\/\",\"name\":\"Spotter France\",\"description\":\"Een andere Spotter websites site\",\"potentialAction\":[{\"@type\":\"SearchAction\",\"target\":{\"@type\":\"EntryPoint\",\"urlTemplate\":\"https:\/\/www.spottergps.com\/fr\/?s={search_term_string}\"},\"query-input\":{\"@type\":\"PropertyValueSpecification\",\"valueRequired\":true,\"valueName\":\"search_term_string\"}}],\"inLanguage\":\"fr-FR\"}]}<\/script>\n<!-- \/ Yoast SEO plugin. -->","yoast_head_json":{"title":"Changer la langue du logiciel - Spotter France","robots":{"index":"index","follow":"follow","max-snippet":"max-snippet:-1","max-image-preview":"max-image-preview:large","max-video-preview":"max-video-preview:-1"},"canonical":"https:\/\/www.spottergps.com\/fr\/faq\/compte-en-profil\/changer-la-langue-du-logiciel\/","og_locale":"fr_FR","og_type":"article","og_title":"Changer la langue du logiciel - Spotter France","og_description":"Via le bureau\/ordinateur Connectez-vous \u00e0 votre compte en ligne via le bureau. Cliquez sur les engrenages en bas \u00e0 gauche. Cliquez ensuite sur la langue. Apr\u00e8s cela, diff\u00e9rentes langues appara\u00eetront parmi lesquelles vous pourrez choisir. S\u00e9lectionnez maintenant la langue souhait\u00e9e. Via l&rsquo;application Ouvrez l&rsquo;application et connectez-vous \u00e0 votre compte. Ouvrez le menu en haut \u00e0 [&hellip;]","og_url":"https:\/\/www.spottergps.com\/fr\/faq\/compte-en-profil\/changer-la-langue-du-logiciel\/","og_site_name":"Spotter France","article_modified_time":"2023-09-04T14:00:00+00:00","twitter_card":"summary_large_image","schema":{"@context":"https:\/\/schema.org","@graph":[{"@type":"WebPage","@id":"https:\/\/www.spottergps.com\/fr\/faq\/compte-en-profil\/changer-la-langue-du-logiciel\/","url":"https:\/\/www.spottergps.com\/fr\/faq\/compte-en-profil\/changer-la-langue-du-logiciel\/","name":"Changer la langue du logiciel - Spotter France","isPartOf":{"@id":"https:\/\/www.spottergps.com\/fr\/#website"},"datePublished":"2023-09-04T13:49:23+00:00","dateModified":"2023-09-04T14:00:00+00:00","breadcrumb":{"@id":"https:\/\/www.spottergps.com\/fr\/faq\/compte-en-profil\/changer-la-langue-du-logiciel\/#breadcrumb"},"inLanguage":"fr-FR","potentialAction":[{"@type":"ReadAction","target":["https:\/\/www.spottergps.com\/fr\/faq\/compte-en-profil\/changer-la-langue-du-logiciel\/"]}]},{"@type":"BreadcrumbList","@id":"https:\/\/www.spottergps.com\/fr\/faq\/compte-en-profil\/changer-la-langue-du-logiciel\/#breadcrumb","itemListElement":[{"@type":"ListItem","position":1,"name":"Home","item":"https:\/\/www.spottergps.com\/fr\/"},{"@type":"ListItem","position":2,"name":"Comment pouvons-nous vous aider?","item":"https:\/\/www.spottergps.com\/fr\/faq\/"},{"@type":"ListItem","position":3,"name":"Compte en profil","item":"https:\/\/www.spottergps.com\/fr\/faq\/compte-en-profil\/"},{"@type":"ListItem","position":4,"name":"Changer la langue du logiciel"}]},{"@type":"WebSite","@id":"https:\/\/www.spottergps.com\/fr\/#website","url":"https:\/\/www.spottergps.com\/fr\/","name":"Spotter France","description":"Een andere Spotter websites site","potentialAction":[{"@type":"SearchAction","target":{"@type":"EntryPoint","urlTemplate":"https:\/\/www.spottergps.com\/fr\/?s={search_term_string}"},"query-input":{"@type":"PropertyValueSpecification","valueRequired":true,"valueName":"search_term_string"}}],"inLanguage":"fr-FR"}]}},"_links":{"self":[{"href":"https:\/\/www.spottergps.com\/fr\/wp-json\/wp\/v2\/pages\/1267","targetHints":{"allow":["GET"]}}],"collection":[{"href":"https:\/\/www.spottergps.com\/fr\/wp-json\/wp\/v2\/pages"}],"about":[{"href":"https:\/\/www.spottergps.com\/fr\/wp-json\/wp\/v2\/types\/page"}],"author":[{"embeddable":true,"href":"https:\/\/www.spottergps.com\/fr\/wp-json\/wp\/v2\/users\/8"}],"replies":[{"embeddable":true,"href":"https:\/\/www.spottergps.com\/fr\/wp-json\/wp\/v2\/comments?post=1267"}],"version-history":[{"count":2,"href":"https:\/\/www.spottergps.com\/fr\/wp-json\/wp\/v2\/pages\/1267\/revisions"}],"predecessor-version":[{"id":1276,"href":"https:\/\/www.spottergps.com\/fr\/wp-json\/wp\/v2\/pages\/1267\/revisions\/1276"}],"up":[{"embeddable":true,"href":"https:\/\/www.spottergps.com\/fr\/wp-json\/wp\/v2\/pages\/1177"}],"wp:attachment":[{"href":"https:\/\/www.spottergps.com\/fr\/wp-json\/wp\/v2\/media?parent=1267"}],"wp:term":[{"taxonomy":"category","embeddable":true,"href":"https:\/\/www.spottergps.com\/fr\/wp-json\/wp\/v2\/categories?post=1267"},{"taxonomy":"post_tag","embeddable":true,"href":"https:\/\/www.spottergps.com\/fr\/wp-json\/wp\/v2\/tags?post=1267"}],"curies":[{"name":"wp","href":"https:\/\/api.w.org\/{rel}","templated":true}]}}