{"id":1264,"date":"2023-09-04T14:38:16","date_gmt":"2023-09-04T13:38:16","guid":{"rendered":"https:\/\/www.spottergps.com\/fr\/?page_id=1264"},"modified":"2023-10-30T15:45:08","modified_gmt":"2023-10-30T14:45:08","slug":"changer-mon-adresse-e-mail","status":"publish","type":"page","link":"https:\/\/www.spottergps.com\/fr\/faq\/compte-en-profil\/changer-mon-adresse-e-mail\/","title":{"rendered":"Changer mon adresse e-mail"},"content":{"rendered":"\n<p>L&rsquo;adresse e-mail d&rsquo;un compte ne peut pas \u00eatre modifi\u00e9e. Pour ce faire, vous cr\u00e9ez un nouveau compte avec la nouvelle adresse e-mail.<\/p>\n\n\n\n<p><strong>\u00c9tape\u00a01\u00a0: Supprimer le Spotter de l&rsquo;ancien compte<\/strong><\/p>\n\n\n\n<ul class=\"wp-block-list\">\n<li><a href=\"https:\/\/my.spottergps.com\/SpotterApp\/index.html#login\" data-type=\"URL\" data-id=\"https:\/\/my.spottergps.com\/SpotterApp\/index.html#login\">Connectez<\/a>-vous \u00e0 votre compte en ligne ici.<\/li>\n\n\n\n<li>Allez \u00e0 \u00ab accueil \u00bb dans le menu.<\/li>\n\n\n\n<li>S\u00e9lectionnez le Spotter sur la carte.<\/li>\n\n\n\n<li>Cliquez sur le Spotter et allez dans \u00ab Param\u00e8tres \u00bb. Conservez pr\u00e9cieusement le code Spotter pour l&rsquo;ajouter \u00e0 votre nouveau compte.<\/li>\n\n\n\n<li>Cliquez maintenant sur \u00ab\u00a0supprimer le syst\u00e8me du compte\u00a0\u00bb.<\/li>\n\n\n\n<li>Cliquez ensuite \u00e0 nouveau sur \u00ab\u00a0supprimer\u00a0\u00bb si vous \u00eates s\u00fbr.<\/li>\n\n\n\n<li>Le Spotter a maintenant \u00e9t\u00e9 supprim\u00e9 du compte.<\/li>\n<\/ul>\n\n\n\n<p><strong>\u00c9tape 2\u00a0: cr\u00e9er un nouveau compte<\/strong><\/p>\n\n\n\n<ul class=\"wp-block-list\">\n<li>Cr\u00e9ez ensuite un nouveau compte via <a href=\"https:\/\/my.spottergps.com\/SpotterApp\/index.html#login\" data-type=\"URL\" data-id=\"https:\/\/my.spottergps.com\/SpotterApp\/index.html#login\">la page<\/a> de connexion et cliquez sur \u00ab s&rsquo;inscrire \u00bb.<\/li>\n\n\n\n<li>Cr\u00e9ez votre compte ici. Il vous sera ensuite demand\u00e9 de confirmer votre adresse e-mail.<\/li>\n\n\n\n<li>Connectez-vous maintenant \u00e0 votre nouveau compte en ligne, apr\u00e8s quoi un \u00e9cran appara\u00eetra vous demandant d&rsquo;entrer votre code Spotter.<\/li>\n\n\n\n<li>Entrez le code Spotter \u00e0 12 lettres que vous trouverez sur la carte.<\/li>\n\n\n\n<li>Le Spotter est d\u00e9sormais li\u00e9 \u00e0 votre nouveau compte et votre adresse e-mail a \u00e9t\u00e9 modifi\u00e9e.<\/li>\n<\/ul>\n","protected":false},"excerpt":{"rendered":"<p>L&rsquo;adresse e-mail d&rsquo;un compte ne peut pas \u00eatre modifi\u00e9e. Pour ce faire, vous cr\u00e9ez un nouveau compte avec la nouvelle adresse e-mail. \u00c9tape\u00a01\u00a0: Supprimer le Spotter de l&rsquo;ancien compte \u00c9tape 2\u00a0: cr\u00e9er un nouveau compte<\/p>\n","protected":false},"author":8,"featured_media":0,"parent":1177,"menu_order":0,"comment_status":"closed","ping_status":"closed","template":"faq-content.php","meta":{"_acf_changed":false,"footnotes":""},"categories":[],"tags":[],"class_list":["post-1264","page","type-page","status-publish","hentry"],"acf":[],"yoast_head":"<!-- This site is optimized with the Yoast SEO plugin v25.9 - https:\/\/yoast.com\/wordpress\/plugins\/seo\/ -->\n<title>Changer mon adresse e-mail - Spotter France<\/title>\n<meta name=\"robots\" content=\"index, follow, max-snippet:-1, max-image-preview:large, max-video-preview:-1\" \/>\n<link rel=\"canonical\" href=\"https:\/\/www.spottergps.com\/fr\/faq\/compte-en-profil\/changer-mon-adresse-e-mail\/\" \/>\n<meta property=\"og:locale\" content=\"fr_FR\" \/>\n<meta property=\"og:type\" content=\"article\" \/>\n<meta property=\"og:title\" content=\"Changer mon adresse e-mail - Spotter France\" \/>\n<meta property=\"og:description\" content=\"L&rsquo;adresse e-mail d&rsquo;un compte ne peut pas \u00eatre modifi\u00e9e. Pour ce faire, vous cr\u00e9ez un nouveau compte avec la nouvelle adresse e-mail. \u00c9tape\u00a01\u00a0: Supprimer le Spotter de l&rsquo;ancien compte \u00c9tape 2\u00a0: cr\u00e9er un nouveau compte\" \/>\n<meta property=\"og:url\" content=\"https:\/\/www.spottergps.com\/fr\/faq\/compte-en-profil\/changer-mon-adresse-e-mail\/\" \/>\n<meta property=\"og:site_name\" content=\"Spotter France\" \/>\n<meta property=\"article:modified_time\" content=\"2023-10-30T14:45:08+00:00\" \/>\n<meta name=\"twitter:card\" content=\"summary_large_image\" \/>\n<meta name=\"twitter:label1\" content=\"Dur\u00e9e de lecture estim\u00e9e\" \/>\n\t<meta name=\"twitter:data1\" content=\"1 minute\" \/>\n<script type=\"application\/ld+json\" class=\"yoast-schema-graph\">{\"@context\":\"https:\/\/schema.org\",\"@graph\":[{\"@type\":\"WebPage\",\"@id\":\"https:\/\/www.spottergps.com\/fr\/faq\/compte-en-profil\/changer-mon-adresse-e-mail\/\",\"url\":\"https:\/\/www.spottergps.com\/fr\/faq\/compte-en-profil\/changer-mon-adresse-e-mail\/\",\"name\":\"Changer mon adresse e-mail - Spotter France\",\"isPartOf\":{\"@id\":\"https:\/\/www.spottergps.com\/fr\/#website\"},\"datePublished\":\"2023-09-04T13:38:16+00:00\",\"dateModified\":\"2023-10-30T14:45:08+00:00\",\"breadcrumb\":{\"@id\":\"https:\/\/www.spottergps.com\/fr\/faq\/compte-en-profil\/changer-mon-adresse-e-mail\/#breadcrumb\"},\"inLanguage\":\"fr-FR\",\"potentialAction\":[{\"@type\":\"ReadAction\",\"target\":[\"https:\/\/www.spottergps.com\/fr\/faq\/compte-en-profil\/changer-mon-adresse-e-mail\/\"]}]},{\"@type\":\"BreadcrumbList\",\"@id\":\"https:\/\/www.spottergps.com\/fr\/faq\/compte-en-profil\/changer-mon-adresse-e-mail\/#breadcrumb\",\"itemListElement\":[{\"@type\":\"ListItem\",\"position\":1,\"name\":\"Home\",\"item\":\"https:\/\/www.spottergps.com\/fr\/\"},{\"@type\":\"ListItem\",\"position\":2,\"name\":\"Comment pouvons-nous vous aider?\",\"item\":\"https:\/\/www.spottergps.com\/fr\/faq\/\"},{\"@type\":\"ListItem\",\"position\":3,\"name\":\"Compte en profil\",\"item\":\"https:\/\/www.spottergps.com\/fr\/faq\/compte-en-profil\/\"},{\"@type\":\"ListItem\",\"position\":4,\"name\":\"Changer mon adresse e-mail\"}]},{\"@type\":\"WebSite\",\"@id\":\"https:\/\/www.spottergps.com\/fr\/#website\",\"url\":\"https:\/\/www.spottergps.com\/fr\/\",\"name\":\"Spotter France\",\"description\":\"Een andere Spotter websites site\",\"potentialAction\":[{\"@type\":\"SearchAction\",\"target\":{\"@type\":\"EntryPoint\",\"urlTemplate\":\"https:\/\/www.spottergps.com\/fr\/?s={search_term_string}\"},\"query-input\":{\"@type\":\"PropertyValueSpecification\",\"valueRequired\":true,\"valueName\":\"search_term_string\"}}],\"inLanguage\":\"fr-FR\"}]}<\/script>\n<!-- \/ Yoast SEO plugin. -->","yoast_head_json":{"title":"Changer mon adresse e-mail - Spotter France","robots":{"index":"index","follow":"follow","max-snippet":"max-snippet:-1","max-image-preview":"max-image-preview:large","max-video-preview":"max-video-preview:-1"},"canonical":"https:\/\/www.spottergps.com\/fr\/faq\/compte-en-profil\/changer-mon-adresse-e-mail\/","og_locale":"fr_FR","og_type":"article","og_title":"Changer mon adresse e-mail - Spotter France","og_description":"L&rsquo;adresse e-mail d&rsquo;un compte ne peut pas \u00eatre modifi\u00e9e. Pour ce faire, vous cr\u00e9ez un nouveau compte avec la nouvelle adresse e-mail. \u00c9tape\u00a01\u00a0: Supprimer le Spotter de l&rsquo;ancien compte \u00c9tape 2\u00a0: cr\u00e9er un nouveau compte","og_url":"https:\/\/www.spottergps.com\/fr\/faq\/compte-en-profil\/changer-mon-adresse-e-mail\/","og_site_name":"Spotter France","article_modified_time":"2023-10-30T14:45:08+00:00","twitter_card":"summary_large_image","twitter_misc":{"Dur\u00e9e de lecture estim\u00e9e":"1 minute"},"schema":{"@context":"https:\/\/schema.org","@graph":[{"@type":"WebPage","@id":"https:\/\/www.spottergps.com\/fr\/faq\/compte-en-profil\/changer-mon-adresse-e-mail\/","url":"https:\/\/www.spottergps.com\/fr\/faq\/compte-en-profil\/changer-mon-adresse-e-mail\/","name":"Changer mon adresse e-mail - Spotter France","isPartOf":{"@id":"https:\/\/www.spottergps.com\/fr\/#website"},"datePublished":"2023-09-04T13:38:16+00:00","dateModified":"2023-10-30T14:45:08+00:00","breadcrumb":{"@id":"https:\/\/www.spottergps.com\/fr\/faq\/compte-en-profil\/changer-mon-adresse-e-mail\/#breadcrumb"},"inLanguage":"fr-FR","potentialAction":[{"@type":"ReadAction","target":["https:\/\/www.spottergps.com\/fr\/faq\/compte-en-profil\/changer-mon-adresse-e-mail\/"]}]},{"@type":"BreadcrumbList","@id":"https:\/\/www.spottergps.com\/fr\/faq\/compte-en-profil\/changer-mon-adresse-e-mail\/#breadcrumb","itemListElement":[{"@type":"ListItem","position":1,"name":"Home","item":"https:\/\/www.spottergps.com\/fr\/"},{"@type":"ListItem","position":2,"name":"Comment pouvons-nous vous aider?","item":"https:\/\/www.spottergps.com\/fr\/faq\/"},{"@type":"ListItem","position":3,"name":"Compte en profil","item":"https:\/\/www.spottergps.com\/fr\/faq\/compte-en-profil\/"},{"@type":"ListItem","position":4,"name":"Changer mon adresse e-mail"}]},{"@type":"WebSite","@id":"https:\/\/www.spottergps.com\/fr\/#website","url":"https:\/\/www.spottergps.com\/fr\/","name":"Spotter France","description":"Een andere Spotter websites site","potentialAction":[{"@type":"SearchAction","target":{"@type":"EntryPoint","urlTemplate":"https:\/\/www.spottergps.com\/fr\/?s={search_term_string}"},"query-input":{"@type":"PropertyValueSpecification","valueRequired":true,"valueName":"search_term_string"}}],"inLanguage":"fr-FR"}]}},"_links":{"self":[{"href":"https:\/\/www.spottergps.com\/fr\/wp-json\/wp\/v2\/pages\/1264","targetHints":{"allow":["GET"]}}],"collection":[{"href":"https:\/\/www.spottergps.com\/fr\/wp-json\/wp\/v2\/pages"}],"about":[{"href":"https:\/\/www.spottergps.com\/fr\/wp-json\/wp\/v2\/types\/page"}],"author":[{"embeddable":true,"href":"https:\/\/www.spottergps.com\/fr\/wp-json\/wp\/v2\/users\/8"}],"replies":[{"embeddable":true,"href":"https:\/\/www.spottergps.com\/fr\/wp-json\/wp\/v2\/comments?post=1264"}],"version-history":[{"count":4,"href":"https:\/\/www.spottergps.com\/fr\/wp-json\/wp\/v2\/pages\/1264\/revisions"}],"predecessor-version":[{"id":1699,"href":"https:\/\/www.spottergps.com\/fr\/wp-json\/wp\/v2\/pages\/1264\/revisions\/1699"}],"up":[{"embeddable":true,"href":"https:\/\/www.spottergps.com\/fr\/wp-json\/wp\/v2\/pages\/1177"}],"wp:attachment":[{"href":"https:\/\/www.spottergps.com\/fr\/wp-json\/wp\/v2\/media?parent=1264"}],"wp:term":[{"taxonomy":"category","embeddable":true,"href":"https:\/\/www.spottergps.com\/fr\/wp-json\/wp\/v2\/categories?post=1264"},{"taxonomy":"post_tag","embeddable":true,"href":"https:\/\/www.spottergps.com\/fr\/wp-json\/wp\/v2\/tags?post=1264"}],"curies":[{"name":"wp","href":"https:\/\/api.w.org\/{rel}","templated":true}]}}