{"id":1261,"date":"2023-09-04T14:34:53","date_gmt":"2023-09-04T13:34:53","guid":{"rendered":"https:\/\/www.spottergps.com\/fr\/?page_id=1261"},"modified":"2023-09-04T14:59:16","modified_gmt":"2023-09-04T13:59:16","slug":"je-ne-peux-plus-me-connecter","status":"publish","type":"page","link":"https:\/\/www.spottergps.com\/fr\/faq\/compte-en-profil\/je-ne-peux-plus-me-connecter\/","title":{"rendered":"je ne peux plus me connecter"},"content":{"rendered":"\n<p>Si le message indiquant que votre adresse e-mail et\/ou votre mot de passe est incorrect s&rsquo;affiche, la combinaison que vous avez saisie est incorrecte. Dans ce cas, recherchez les informations correctes ou demandez un nouveau mot de passe. Pour ce faire, proc\u00e9dez comme suit&nbsp;:<\/p>\n\n\n\n<ol class=\"wp-block-list\">\n<li>Allez sur le <a href=\"https:\/\/my.spottergps.com\/SpotterApp\/index.html#login\" data-type=\"URL\" data-id=\"https:\/\/my.spottergps.com\/SpotterApp\/index.html#login\">compte en ligne<\/a> et cliquez sur &lsquo;mot de passe oubli\u00e9&rsquo;.<\/li>\n\n\n\n<li>Saisissez ici l&rsquo;adresse e-mail du compte.<\/li>\n\n\n\n<li>Vous recevrez maintenant une notification indiquant qu&rsquo;un e-mail est en cours d&rsquo;envoi.<\/li>\n\n\n\n<li>Ouvrez l&rsquo;e-mail et cliquez sur le lien. Vous n&rsquo;avez pas re\u00e7u d&rsquo;e-mail&nbsp;? Il se peut qu&rsquo;il se soit retrouv\u00e9 dans la bo\u00eete SPAM.<\/li>\n\n\n\n<li>D\u00e9finissez maintenant un nouveau mot de passe.<\/li>\n\n\n\n<li>Revenez maintenant \u00e0 la page de connexion et connectez-vous avec le nouveau mot de passe.<\/li>\n<\/ol>\n","protected":false},"excerpt":{"rendered":"<p>Si le message indiquant que votre adresse e-mail et\/ou votre mot de passe est incorrect s&rsquo;affiche, la combinaison que vous avez saisie est incorrecte. Dans ce cas, recherchez les informations correctes ou demandez un nouveau mot de passe. Pour ce faire, proc\u00e9dez comme suit&nbsp;:<\/p>\n","protected":false},"author":8,"featured_media":0,"parent":1177,"menu_order":0,"comment_status":"closed","ping_status":"closed","template":"faq-content.php","meta":{"_acf_changed":false,"footnotes":""},"categories":[],"tags":[],"class_list":["post-1261","page","type-page","status-publish","hentry"],"acf":[],"yoast_head":"<!-- This site is optimized with the Yoast SEO plugin v25.9 - https:\/\/yoast.com\/wordpress\/plugins\/seo\/ -->\n<title>je ne peux plus me connecter - Spotter France<\/title>\n<meta name=\"robots\" content=\"index, follow, max-snippet:-1, max-image-preview:large, max-video-preview:-1\" \/>\n<link rel=\"canonical\" href=\"https:\/\/www.spottergps.com\/fr\/faq\/compte-en-profil\/je-ne-peux-plus-me-connecter\/\" \/>\n<meta property=\"og:locale\" content=\"fr_FR\" \/>\n<meta property=\"og:type\" content=\"article\" \/>\n<meta property=\"og:title\" content=\"je ne peux plus me connecter - Spotter France\" \/>\n<meta property=\"og:description\" content=\"Si le message indiquant que votre adresse e-mail et\/ou votre mot de passe est incorrect s&rsquo;affiche, la combinaison que vous avez saisie est incorrecte. Dans ce cas, recherchez les informations correctes ou demandez un nouveau mot de passe. Pour ce faire, proc\u00e9dez comme suit&nbsp;:\" \/>\n<meta property=\"og:url\" content=\"https:\/\/www.spottergps.com\/fr\/faq\/compte-en-profil\/je-ne-peux-plus-me-connecter\/\" \/>\n<meta property=\"og:site_name\" content=\"Spotter France\" \/>\n<meta property=\"article:modified_time\" content=\"2023-09-04T13:59:16+00:00\" \/>\n<meta name=\"twitter:card\" content=\"summary_large_image\" \/>\n<meta name=\"twitter:label1\" content=\"Dur\u00e9e de lecture estim\u00e9e\" \/>\n\t<meta name=\"twitter:data1\" content=\"1 minute\" \/>\n<script type=\"application\/ld+json\" class=\"yoast-schema-graph\">{\"@context\":\"https:\/\/schema.org\",\"@graph\":[{\"@type\":\"WebPage\",\"@id\":\"https:\/\/www.spottergps.com\/fr\/faq\/compte-en-profil\/je-ne-peux-plus-me-connecter\/\",\"url\":\"https:\/\/www.spottergps.com\/fr\/faq\/compte-en-profil\/je-ne-peux-plus-me-connecter\/\",\"name\":\"je ne peux plus me connecter - Spotter France\",\"isPartOf\":{\"@id\":\"https:\/\/www.spottergps.com\/fr\/#website\"},\"datePublished\":\"2023-09-04T13:34:53+00:00\",\"dateModified\":\"2023-09-04T13:59:16+00:00\",\"breadcrumb\":{\"@id\":\"https:\/\/www.spottergps.com\/fr\/faq\/compte-en-profil\/je-ne-peux-plus-me-connecter\/#breadcrumb\"},\"inLanguage\":\"fr-FR\",\"potentialAction\":[{\"@type\":\"ReadAction\",\"target\":[\"https:\/\/www.spottergps.com\/fr\/faq\/compte-en-profil\/je-ne-peux-plus-me-connecter\/\"]}]},{\"@type\":\"BreadcrumbList\",\"@id\":\"https:\/\/www.spottergps.com\/fr\/faq\/compte-en-profil\/je-ne-peux-plus-me-connecter\/#breadcrumb\",\"itemListElement\":[{\"@type\":\"ListItem\",\"position\":1,\"name\":\"Home\",\"item\":\"https:\/\/www.spottergps.com\/fr\/\"},{\"@type\":\"ListItem\",\"position\":2,\"name\":\"Comment pouvons-nous vous aider?\",\"item\":\"https:\/\/www.spottergps.com\/fr\/faq\/\"},{\"@type\":\"ListItem\",\"position\":3,\"name\":\"Compte en profil\",\"item\":\"https:\/\/www.spottergps.com\/fr\/faq\/compte-en-profil\/\"},{\"@type\":\"ListItem\",\"position\":4,\"name\":\"je ne peux plus me connecter\"}]},{\"@type\":\"WebSite\",\"@id\":\"https:\/\/www.spottergps.com\/fr\/#website\",\"url\":\"https:\/\/www.spottergps.com\/fr\/\",\"name\":\"Spotter France\",\"description\":\"Een andere Spotter websites site\",\"potentialAction\":[{\"@type\":\"SearchAction\",\"target\":{\"@type\":\"EntryPoint\",\"urlTemplate\":\"https:\/\/www.spottergps.com\/fr\/?s={search_term_string}\"},\"query-input\":{\"@type\":\"PropertyValueSpecification\",\"valueRequired\":true,\"valueName\":\"search_term_string\"}}],\"inLanguage\":\"fr-FR\"}]}<\/script>\n<!-- \/ Yoast SEO plugin. -->","yoast_head_json":{"title":"je ne peux plus me connecter - Spotter France","robots":{"index":"index","follow":"follow","max-snippet":"max-snippet:-1","max-image-preview":"max-image-preview:large","max-video-preview":"max-video-preview:-1"},"canonical":"https:\/\/www.spottergps.com\/fr\/faq\/compte-en-profil\/je-ne-peux-plus-me-connecter\/","og_locale":"fr_FR","og_type":"article","og_title":"je ne peux plus me connecter - Spotter France","og_description":"Si le message indiquant que votre adresse e-mail et\/ou votre mot de passe est incorrect s&rsquo;affiche, la combinaison que vous avez saisie est incorrecte. Dans ce cas, recherchez les informations correctes ou demandez un nouveau mot de passe. Pour ce faire, proc\u00e9dez comme suit&nbsp;:","og_url":"https:\/\/www.spottergps.com\/fr\/faq\/compte-en-profil\/je-ne-peux-plus-me-connecter\/","og_site_name":"Spotter France","article_modified_time":"2023-09-04T13:59:16+00:00","twitter_card":"summary_large_image","twitter_misc":{"Dur\u00e9e de lecture estim\u00e9e":"1 minute"},"schema":{"@context":"https:\/\/schema.org","@graph":[{"@type":"WebPage","@id":"https:\/\/www.spottergps.com\/fr\/faq\/compte-en-profil\/je-ne-peux-plus-me-connecter\/","url":"https:\/\/www.spottergps.com\/fr\/faq\/compte-en-profil\/je-ne-peux-plus-me-connecter\/","name":"je ne peux plus me connecter - Spotter France","isPartOf":{"@id":"https:\/\/www.spottergps.com\/fr\/#website"},"datePublished":"2023-09-04T13:34:53+00:00","dateModified":"2023-09-04T13:59:16+00:00","breadcrumb":{"@id":"https:\/\/www.spottergps.com\/fr\/faq\/compte-en-profil\/je-ne-peux-plus-me-connecter\/#breadcrumb"},"inLanguage":"fr-FR","potentialAction":[{"@type":"ReadAction","target":["https:\/\/www.spottergps.com\/fr\/faq\/compte-en-profil\/je-ne-peux-plus-me-connecter\/"]}]},{"@type":"BreadcrumbList","@id":"https:\/\/www.spottergps.com\/fr\/faq\/compte-en-profil\/je-ne-peux-plus-me-connecter\/#breadcrumb","itemListElement":[{"@type":"ListItem","position":1,"name":"Home","item":"https:\/\/www.spottergps.com\/fr\/"},{"@type":"ListItem","position":2,"name":"Comment pouvons-nous vous aider?","item":"https:\/\/www.spottergps.com\/fr\/faq\/"},{"@type":"ListItem","position":3,"name":"Compte en profil","item":"https:\/\/www.spottergps.com\/fr\/faq\/compte-en-profil\/"},{"@type":"ListItem","position":4,"name":"je ne peux plus me connecter"}]},{"@type":"WebSite","@id":"https:\/\/www.spottergps.com\/fr\/#website","url":"https:\/\/www.spottergps.com\/fr\/","name":"Spotter France","description":"Een andere Spotter websites site","potentialAction":[{"@type":"SearchAction","target":{"@type":"EntryPoint","urlTemplate":"https:\/\/www.spottergps.com\/fr\/?s={search_term_string}"},"query-input":{"@type":"PropertyValueSpecification","valueRequired":true,"valueName":"search_term_string"}}],"inLanguage":"fr-FR"}]}},"_links":{"self":[{"href":"https:\/\/www.spottergps.com\/fr\/wp-json\/wp\/v2\/pages\/1261","targetHints":{"allow":["GET"]}}],"collection":[{"href":"https:\/\/www.spottergps.com\/fr\/wp-json\/wp\/v2\/pages"}],"about":[{"href":"https:\/\/www.spottergps.com\/fr\/wp-json\/wp\/v2\/types\/page"}],"author":[{"embeddable":true,"href":"https:\/\/www.spottergps.com\/fr\/wp-json\/wp\/v2\/users\/8"}],"replies":[{"embeddable":true,"href":"https:\/\/www.spottergps.com\/fr\/wp-json\/wp\/v2\/comments?post=1261"}],"version-history":[{"count":3,"href":"https:\/\/www.spottergps.com\/fr\/wp-json\/wp\/v2\/pages\/1261\/revisions"}],"predecessor-version":[{"id":1274,"href":"https:\/\/www.spottergps.com\/fr\/wp-json\/wp\/v2\/pages\/1261\/revisions\/1274"}],"up":[{"embeddable":true,"href":"https:\/\/www.spottergps.com\/fr\/wp-json\/wp\/v2\/pages\/1177"}],"wp:attachment":[{"href":"https:\/\/www.spottergps.com\/fr\/wp-json\/wp\/v2\/media?parent=1261"}],"wp:term":[{"taxonomy":"category","embeddable":true,"href":"https:\/\/www.spottergps.com\/fr\/wp-json\/wp\/v2\/categories?post=1261"},{"taxonomy":"post_tag","embeddable":true,"href":"https:\/\/www.spottergps.com\/fr\/wp-json\/wp\/v2\/tags?post=1261"}],"curies":[{"name":"wp","href":"https:\/\/api.w.org\/{rel}","templated":true}]}}