{"id":1250,"date":"2023-09-04T14:11:12","date_gmt":"2023-09-04T13:11:12","guid":{"rendered":"https:\/\/www.spottergps.com\/fr\/?page_id=1250"},"modified":"2023-10-25T15:27:13","modified_gmt":"2023-10-25T14:27:13","slug":"ajouter-un-spotter-a-mon-compte","status":"publish","type":"page","link":"https:\/\/www.spottergps.com\/fr\/faq\/compte-en-profil\/ajouter-un-spotter-a-mon-compte\/","title":{"rendered":"Ajouter un spotter \u00e0 mon compte"},"content":{"rendered":"\n<p>Vous ajoutez un nouveau Spotter \u00e0 un compte comme suit&nbsp;:<\/p>\n\n\n\n<ul class=\"wp-block-list\">\n<li>Cr\u00e9ez un compte <a href=\"https:\/\/my.spottergps.com\/Account\/Register\" data-type=\"URL\" data-id=\"https:\/\/my.spottergps.com\/Account\/Register\">ici<\/a> si vous n&rsquo;en avez pas encore cr\u00e9\u00e9.<\/li>\n\n\n\n<li>Connectez-vous au compte.<\/li>\n\n\n\n<li>Un \u00e9cran appara\u00eet vous demandant d&rsquo;entrer le code Spotter. Si vous avez d\u00e9j\u00e0 un compte, allez dans \u00ab\u00a0Ajouter un spotter\u00a0\u00bb dans le menu.<\/li>\n\n\n\n<li>Entrez ici le code Spotter \u00e0 12 lettres qui se trouve sur la carte (bleue) dans l&#8217;emballage.<\/li>\n\n\n\n<li>Vous pouvez d\u00e9sormais cr\u00e9diter le Spotter pendant 3, 6 ou 12 mois.<\/li>\n\n\n\n<li>Le Spotter est maintenant li\u00e9 \u00e0 votre compte et vous pouvez commencer \u00e0 l&rsquo;utiliser.<\/li>\n<\/ul>\n\n\n\n<p>Il est possible d&rsquo;ajouter plusieurs Spotters \u00e0 un m\u00eame compte. De cette fa\u00e7on, vous avez un aper\u00e7u de tous les utilisateurs d&rsquo;un Spotter sur une seule carte.<\/p>\n","protected":false},"excerpt":{"rendered":"<p>Vous ajoutez un nouveau Spotter \u00e0 un compte comme suit&nbsp;: Il est possible d&rsquo;ajouter plusieurs Spotters \u00e0 un m\u00eame compte. De cette fa\u00e7on, vous avez un aper\u00e7u de tous les utilisateurs d&rsquo;un Spotter sur une seule carte.<\/p>\n","protected":false},"author":8,"featured_media":0,"parent":1177,"menu_order":0,"comment_status":"closed","ping_status":"closed","template":"faq-content.php","meta":{"_acf_changed":false,"footnotes":""},"categories":[],"tags":[],"class_list":["post-1250","page","type-page","status-publish","hentry"],"acf":[],"yoast_head":"<!-- This site is optimized with the Yoast SEO plugin v25.9 - https:\/\/yoast.com\/wordpress\/plugins\/seo\/ -->\n<title>Ajouter un spotter \u00e0 mon compte - Spotter France<\/title>\n<meta name=\"robots\" content=\"index, follow, max-snippet:-1, max-image-preview:large, max-video-preview:-1\" \/>\n<link rel=\"canonical\" href=\"https:\/\/www.spottergps.com\/fr\/faq\/compte-en-profil\/ajouter-un-spotter-a-mon-compte\/\" \/>\n<meta property=\"og:locale\" content=\"fr_FR\" \/>\n<meta property=\"og:type\" content=\"article\" \/>\n<meta property=\"og:title\" content=\"Ajouter un spotter \u00e0 mon compte - Spotter France\" \/>\n<meta property=\"og:description\" content=\"Vous ajoutez un nouveau Spotter \u00e0 un compte comme suit&nbsp;: Il est possible d&rsquo;ajouter plusieurs Spotters \u00e0 un m\u00eame compte. De cette fa\u00e7on, vous avez un aper\u00e7u de tous les utilisateurs d&rsquo;un Spotter sur une seule carte.\" \/>\n<meta property=\"og:url\" content=\"https:\/\/www.spottergps.com\/fr\/faq\/compte-en-profil\/ajouter-un-spotter-a-mon-compte\/\" \/>\n<meta property=\"og:site_name\" content=\"Spotter France\" \/>\n<meta property=\"article:modified_time\" content=\"2023-10-25T14:27:13+00:00\" \/>\n<meta name=\"twitter:card\" content=\"summary_large_image\" \/>\n<meta name=\"twitter:label1\" content=\"Dur\u00e9e de lecture estim\u00e9e\" \/>\n\t<meta name=\"twitter:data1\" content=\"1 minute\" \/>\n<script type=\"application\/ld+json\" class=\"yoast-schema-graph\">{\"@context\":\"https:\/\/schema.org\",\"@graph\":[{\"@type\":\"WebPage\",\"@id\":\"https:\/\/www.spottergps.com\/fr\/faq\/compte-en-profil\/ajouter-un-spotter-a-mon-compte\/\",\"url\":\"https:\/\/www.spottergps.com\/fr\/faq\/compte-en-profil\/ajouter-un-spotter-a-mon-compte\/\",\"name\":\"Ajouter un spotter \u00e0 mon compte - Spotter France\",\"isPartOf\":{\"@id\":\"https:\/\/www.spottergps.com\/fr\/#website\"},\"datePublished\":\"2023-09-04T13:11:12+00:00\",\"dateModified\":\"2023-10-25T14:27:13+00:00\",\"breadcrumb\":{\"@id\":\"https:\/\/www.spottergps.com\/fr\/faq\/compte-en-profil\/ajouter-un-spotter-a-mon-compte\/#breadcrumb\"},\"inLanguage\":\"fr-FR\",\"potentialAction\":[{\"@type\":\"ReadAction\",\"target\":[\"https:\/\/www.spottergps.com\/fr\/faq\/compte-en-profil\/ajouter-un-spotter-a-mon-compte\/\"]}]},{\"@type\":\"BreadcrumbList\",\"@id\":\"https:\/\/www.spottergps.com\/fr\/faq\/compte-en-profil\/ajouter-un-spotter-a-mon-compte\/#breadcrumb\",\"itemListElement\":[{\"@type\":\"ListItem\",\"position\":1,\"name\":\"Home\",\"item\":\"https:\/\/www.spottergps.com\/fr\/\"},{\"@type\":\"ListItem\",\"position\":2,\"name\":\"Comment pouvons-nous vous aider?\",\"item\":\"https:\/\/www.spottergps.com\/fr\/faq\/\"},{\"@type\":\"ListItem\",\"position\":3,\"name\":\"Compte en profil\",\"item\":\"https:\/\/www.spottergps.com\/fr\/faq\/compte-en-profil\/\"},{\"@type\":\"ListItem\",\"position\":4,\"name\":\"Ajouter un spotter \u00e0 mon compte\"}]},{\"@type\":\"WebSite\",\"@id\":\"https:\/\/www.spottergps.com\/fr\/#website\",\"url\":\"https:\/\/www.spottergps.com\/fr\/\",\"name\":\"Spotter France\",\"description\":\"Een andere Spotter websites site\",\"potentialAction\":[{\"@type\":\"SearchAction\",\"target\":{\"@type\":\"EntryPoint\",\"urlTemplate\":\"https:\/\/www.spottergps.com\/fr\/?s={search_term_string}\"},\"query-input\":{\"@type\":\"PropertyValueSpecification\",\"valueRequired\":true,\"valueName\":\"search_term_string\"}}],\"inLanguage\":\"fr-FR\"}]}<\/script>\n<!-- \/ Yoast SEO plugin. -->","yoast_head_json":{"title":"Ajouter un spotter \u00e0 mon compte - Spotter France","robots":{"index":"index","follow":"follow","max-snippet":"max-snippet:-1","max-image-preview":"max-image-preview:large","max-video-preview":"max-video-preview:-1"},"canonical":"https:\/\/www.spottergps.com\/fr\/faq\/compte-en-profil\/ajouter-un-spotter-a-mon-compte\/","og_locale":"fr_FR","og_type":"article","og_title":"Ajouter un spotter \u00e0 mon compte - Spotter France","og_description":"Vous ajoutez un nouveau Spotter \u00e0 un compte comme suit&nbsp;: Il est possible d&rsquo;ajouter plusieurs Spotters \u00e0 un m\u00eame compte. De cette fa\u00e7on, vous avez un aper\u00e7u de tous les utilisateurs d&rsquo;un Spotter sur une seule carte.","og_url":"https:\/\/www.spottergps.com\/fr\/faq\/compte-en-profil\/ajouter-un-spotter-a-mon-compte\/","og_site_name":"Spotter France","article_modified_time":"2023-10-25T14:27:13+00:00","twitter_card":"summary_large_image","twitter_misc":{"Dur\u00e9e de lecture estim\u00e9e":"1 minute"},"schema":{"@context":"https:\/\/schema.org","@graph":[{"@type":"WebPage","@id":"https:\/\/www.spottergps.com\/fr\/faq\/compte-en-profil\/ajouter-un-spotter-a-mon-compte\/","url":"https:\/\/www.spottergps.com\/fr\/faq\/compte-en-profil\/ajouter-un-spotter-a-mon-compte\/","name":"Ajouter un spotter \u00e0 mon compte - Spotter France","isPartOf":{"@id":"https:\/\/www.spottergps.com\/fr\/#website"},"datePublished":"2023-09-04T13:11:12+00:00","dateModified":"2023-10-25T14:27:13+00:00","breadcrumb":{"@id":"https:\/\/www.spottergps.com\/fr\/faq\/compte-en-profil\/ajouter-un-spotter-a-mon-compte\/#breadcrumb"},"inLanguage":"fr-FR","potentialAction":[{"@type":"ReadAction","target":["https:\/\/www.spottergps.com\/fr\/faq\/compte-en-profil\/ajouter-un-spotter-a-mon-compte\/"]}]},{"@type":"BreadcrumbList","@id":"https:\/\/www.spottergps.com\/fr\/faq\/compte-en-profil\/ajouter-un-spotter-a-mon-compte\/#breadcrumb","itemListElement":[{"@type":"ListItem","position":1,"name":"Home","item":"https:\/\/www.spottergps.com\/fr\/"},{"@type":"ListItem","position":2,"name":"Comment pouvons-nous vous aider?","item":"https:\/\/www.spottergps.com\/fr\/faq\/"},{"@type":"ListItem","position":3,"name":"Compte en profil","item":"https:\/\/www.spottergps.com\/fr\/faq\/compte-en-profil\/"},{"@type":"ListItem","position":4,"name":"Ajouter un spotter \u00e0 mon compte"}]},{"@type":"WebSite","@id":"https:\/\/www.spottergps.com\/fr\/#website","url":"https:\/\/www.spottergps.com\/fr\/","name":"Spotter France","description":"Een andere Spotter websites site","potentialAction":[{"@type":"SearchAction","target":{"@type":"EntryPoint","urlTemplate":"https:\/\/www.spottergps.com\/fr\/?s={search_term_string}"},"query-input":{"@type":"PropertyValueSpecification","valueRequired":true,"valueName":"search_term_string"}}],"inLanguage":"fr-FR"}]}},"_links":{"self":[{"href":"https:\/\/www.spottergps.com\/fr\/wp-json\/wp\/v2\/pages\/1250","targetHints":{"allow":["GET"]}}],"collection":[{"href":"https:\/\/www.spottergps.com\/fr\/wp-json\/wp\/v2\/pages"}],"about":[{"href":"https:\/\/www.spottergps.com\/fr\/wp-json\/wp\/v2\/types\/page"}],"author":[{"embeddable":true,"href":"https:\/\/www.spottergps.com\/fr\/wp-json\/wp\/v2\/users\/8"}],"replies":[{"embeddable":true,"href":"https:\/\/www.spottergps.com\/fr\/wp-json\/wp\/v2\/comments?post=1250"}],"version-history":[{"count":3,"href":"https:\/\/www.spottergps.com\/fr\/wp-json\/wp\/v2\/pages\/1250\/revisions"}],"predecessor-version":[{"id":1256,"href":"https:\/\/www.spottergps.com\/fr\/wp-json\/wp\/v2\/pages\/1250\/revisions\/1256"}],"up":[{"embeddable":true,"href":"https:\/\/www.spottergps.com\/fr\/wp-json\/wp\/v2\/pages\/1177"}],"wp:attachment":[{"href":"https:\/\/www.spottergps.com\/fr\/wp-json\/wp\/v2\/media?parent=1250"}],"wp:term":[{"taxonomy":"category","embeddable":true,"href":"https:\/\/www.spottergps.com\/fr\/wp-json\/wp\/v2\/categories?post=1250"},{"taxonomy":"post_tag","embeddable":true,"href":"https:\/\/www.spottergps.com\/fr\/wp-json\/wp\/v2\/tags?post=1250"}],"curies":[{"name":"wp","href":"https:\/\/api.w.org\/{rel}","templated":true}]}}