{"id":1247,"date":"2023-09-04T14:08:23","date_gmt":"2023-09-04T13:08:23","guid":{"rendered":"https:\/\/www.spottergps.com\/fr\/?page_id=1247"},"modified":"2023-09-04T14:21:14","modified_gmt":"2023-09-04T13:21:14","slug":"plusieurs-personnes-peuvent-elles-se-connecter-en-meme-temps","status":"publish","type":"page","link":"https:\/\/www.spottergps.com\/fr\/faq\/compte-en-profil\/plusieurs-personnes-peuvent-elles-se-connecter-en-meme-temps\/","title":{"rendered":"Plusieurs personnes peuvent-elles se connecter en m\u00eame temps"},"content":{"rendered":"\n<p>Oui, plusieurs personnes peuvent se connecter \u00e0 un compte en m\u00eame temps. Chaque Spotter est li\u00e9 \u00e0 un compte. Toute personne en possession de ces informations de connexion peut se connecter avec celles-ci. Cela peut aussi \u00eatre plusieurs personnes en m\u00eame temps. Les rapports \u00e9mis par le Spotter sont envoy\u00e9s \u00e0 tous ceux qui sont connect\u00e9s via l&rsquo;application Spotter.<\/p>\n\n\n\n<p>Supposons donc qu&rsquo;une \u00e9quipe de 10 personnes ait toutes install\u00e9 l&rsquo;application Spotter et soit connect\u00e9e avec le m\u00eame compte, les 10 personnes recevront la m\u00eame notification.<\/p>\n","protected":false},"excerpt":{"rendered":"<p>Oui, plusieurs personnes peuvent se connecter \u00e0 un compte en m\u00eame temps. Chaque Spotter est li\u00e9 \u00e0 un compte. Toute personne en possession de ces informations de connexion peut se connecter avec celles-ci. Cela peut aussi \u00eatre plusieurs personnes en m\u00eame temps. Les rapports \u00e9mis par le Spotter sont envoy\u00e9s \u00e0 tous ceux qui sont [&hellip;]<\/p>\n","protected":false},"author":8,"featured_media":0,"parent":1177,"menu_order":0,"comment_status":"closed","ping_status":"closed","template":"faq-content.php","meta":{"_acf_changed":false,"footnotes":""},"categories":[],"tags":[],"class_list":["post-1247","page","type-page","status-publish","hentry"],"acf":[],"yoast_head":"<!-- This site is optimized with the Yoast SEO plugin v25.9 - https:\/\/yoast.com\/wordpress\/plugins\/seo\/ -->\n<title>Plusieurs personnes peuvent-elles se connecter en m\u00eame temps - Spotter France<\/title>\n<meta name=\"robots\" content=\"index, follow, max-snippet:-1, max-image-preview:large, max-video-preview:-1\" \/>\n<link rel=\"canonical\" href=\"https:\/\/www.spottergps.com\/fr\/faq\/compte-en-profil\/plusieurs-personnes-peuvent-elles-se-connecter-en-meme-temps\/\" \/>\n<meta property=\"og:locale\" content=\"fr_FR\" \/>\n<meta property=\"og:type\" content=\"article\" \/>\n<meta property=\"og:title\" content=\"Plusieurs personnes peuvent-elles se connecter en m\u00eame temps - Spotter France\" \/>\n<meta property=\"og:description\" content=\"Oui, plusieurs personnes peuvent se connecter \u00e0 un compte en m\u00eame temps. Chaque Spotter est li\u00e9 \u00e0 un compte. Toute personne en possession de ces informations de connexion peut se connecter avec celles-ci. Cela peut aussi \u00eatre plusieurs personnes en m\u00eame temps. Les rapports \u00e9mis par le Spotter sont envoy\u00e9s \u00e0 tous ceux qui sont [&hellip;]\" \/>\n<meta property=\"og:url\" content=\"https:\/\/www.spottergps.com\/fr\/faq\/compte-en-profil\/plusieurs-personnes-peuvent-elles-se-connecter-en-meme-temps\/\" \/>\n<meta property=\"og:site_name\" content=\"Spotter France\" \/>\n<meta property=\"article:modified_time\" content=\"2023-09-04T13:21:14+00:00\" \/>\n<meta name=\"twitter:card\" content=\"summary_large_image\" \/>\n<script type=\"application\/ld+json\" class=\"yoast-schema-graph\">{\"@context\":\"https:\/\/schema.org\",\"@graph\":[{\"@type\":\"WebPage\",\"@id\":\"https:\/\/www.spottergps.com\/fr\/faq\/compte-en-profil\/plusieurs-personnes-peuvent-elles-se-connecter-en-meme-temps\/\",\"url\":\"https:\/\/www.spottergps.com\/fr\/faq\/compte-en-profil\/plusieurs-personnes-peuvent-elles-se-connecter-en-meme-temps\/\",\"name\":\"Plusieurs personnes peuvent-elles se connecter en m\u00eame temps - Spotter France\",\"isPartOf\":{\"@id\":\"https:\/\/www.spottergps.com\/fr\/#website\"},\"datePublished\":\"2023-09-04T13:08:23+00:00\",\"dateModified\":\"2023-09-04T13:21:14+00:00\",\"breadcrumb\":{\"@id\":\"https:\/\/www.spottergps.com\/fr\/faq\/compte-en-profil\/plusieurs-personnes-peuvent-elles-se-connecter-en-meme-temps\/#breadcrumb\"},\"inLanguage\":\"fr-FR\",\"potentialAction\":[{\"@type\":\"ReadAction\",\"target\":[\"https:\/\/www.spottergps.com\/fr\/faq\/compte-en-profil\/plusieurs-personnes-peuvent-elles-se-connecter-en-meme-temps\/\"]}]},{\"@type\":\"BreadcrumbList\",\"@id\":\"https:\/\/www.spottergps.com\/fr\/faq\/compte-en-profil\/plusieurs-personnes-peuvent-elles-se-connecter-en-meme-temps\/#breadcrumb\",\"itemListElement\":[{\"@type\":\"ListItem\",\"position\":1,\"name\":\"Home\",\"item\":\"https:\/\/www.spottergps.com\/fr\/\"},{\"@type\":\"ListItem\",\"position\":2,\"name\":\"Comment pouvons-nous vous aider?\",\"item\":\"https:\/\/www.spottergps.com\/fr\/faq\/\"},{\"@type\":\"ListItem\",\"position\":3,\"name\":\"Compte en profil\",\"item\":\"https:\/\/www.spottergps.com\/fr\/faq\/compte-en-profil\/\"},{\"@type\":\"ListItem\",\"position\":4,\"name\":\"Plusieurs personnes peuvent-elles se connecter en m\u00eame temps\"}]},{\"@type\":\"WebSite\",\"@id\":\"https:\/\/www.spottergps.com\/fr\/#website\",\"url\":\"https:\/\/www.spottergps.com\/fr\/\",\"name\":\"Spotter France\",\"description\":\"Een andere Spotter websites site\",\"potentialAction\":[{\"@type\":\"SearchAction\",\"target\":{\"@type\":\"EntryPoint\",\"urlTemplate\":\"https:\/\/www.spottergps.com\/fr\/?s={search_term_string}\"},\"query-input\":{\"@type\":\"PropertyValueSpecification\",\"valueRequired\":true,\"valueName\":\"search_term_string\"}}],\"inLanguage\":\"fr-FR\"}]}<\/script>\n<!-- \/ Yoast SEO plugin. -->","yoast_head_json":{"title":"Plusieurs personnes peuvent-elles se connecter en m\u00eame temps - Spotter France","robots":{"index":"index","follow":"follow","max-snippet":"max-snippet:-1","max-image-preview":"max-image-preview:large","max-video-preview":"max-video-preview:-1"},"canonical":"https:\/\/www.spottergps.com\/fr\/faq\/compte-en-profil\/plusieurs-personnes-peuvent-elles-se-connecter-en-meme-temps\/","og_locale":"fr_FR","og_type":"article","og_title":"Plusieurs personnes peuvent-elles se connecter en m\u00eame temps - Spotter France","og_description":"Oui, plusieurs personnes peuvent se connecter \u00e0 un compte en m\u00eame temps. Chaque Spotter est li\u00e9 \u00e0 un compte. Toute personne en possession de ces informations de connexion peut se connecter avec celles-ci. Cela peut aussi \u00eatre plusieurs personnes en m\u00eame temps. Les rapports \u00e9mis par le Spotter sont envoy\u00e9s \u00e0 tous ceux qui sont [&hellip;]","og_url":"https:\/\/www.spottergps.com\/fr\/faq\/compte-en-profil\/plusieurs-personnes-peuvent-elles-se-connecter-en-meme-temps\/","og_site_name":"Spotter France","article_modified_time":"2023-09-04T13:21:14+00:00","twitter_card":"summary_large_image","schema":{"@context":"https:\/\/schema.org","@graph":[{"@type":"WebPage","@id":"https:\/\/www.spottergps.com\/fr\/faq\/compte-en-profil\/plusieurs-personnes-peuvent-elles-se-connecter-en-meme-temps\/","url":"https:\/\/www.spottergps.com\/fr\/faq\/compte-en-profil\/plusieurs-personnes-peuvent-elles-se-connecter-en-meme-temps\/","name":"Plusieurs personnes peuvent-elles se connecter en m\u00eame temps - Spotter France","isPartOf":{"@id":"https:\/\/www.spottergps.com\/fr\/#website"},"datePublished":"2023-09-04T13:08:23+00:00","dateModified":"2023-09-04T13:21:14+00:00","breadcrumb":{"@id":"https:\/\/www.spottergps.com\/fr\/faq\/compte-en-profil\/plusieurs-personnes-peuvent-elles-se-connecter-en-meme-temps\/#breadcrumb"},"inLanguage":"fr-FR","potentialAction":[{"@type":"ReadAction","target":["https:\/\/www.spottergps.com\/fr\/faq\/compte-en-profil\/plusieurs-personnes-peuvent-elles-se-connecter-en-meme-temps\/"]}]},{"@type":"BreadcrumbList","@id":"https:\/\/www.spottergps.com\/fr\/faq\/compte-en-profil\/plusieurs-personnes-peuvent-elles-se-connecter-en-meme-temps\/#breadcrumb","itemListElement":[{"@type":"ListItem","position":1,"name":"Home","item":"https:\/\/www.spottergps.com\/fr\/"},{"@type":"ListItem","position":2,"name":"Comment pouvons-nous vous aider?","item":"https:\/\/www.spottergps.com\/fr\/faq\/"},{"@type":"ListItem","position":3,"name":"Compte en profil","item":"https:\/\/www.spottergps.com\/fr\/faq\/compte-en-profil\/"},{"@type":"ListItem","position":4,"name":"Plusieurs personnes peuvent-elles se connecter en m\u00eame temps"}]},{"@type":"WebSite","@id":"https:\/\/www.spottergps.com\/fr\/#website","url":"https:\/\/www.spottergps.com\/fr\/","name":"Spotter France","description":"Een andere Spotter websites site","potentialAction":[{"@type":"SearchAction","target":{"@type":"EntryPoint","urlTemplate":"https:\/\/www.spottergps.com\/fr\/?s={search_term_string}"},"query-input":{"@type":"PropertyValueSpecification","valueRequired":true,"valueName":"search_term_string"}}],"inLanguage":"fr-FR"}]}},"_links":{"self":[{"href":"https:\/\/www.spottergps.com\/fr\/wp-json\/wp\/v2\/pages\/1247","targetHints":{"allow":["GET"]}}],"collection":[{"href":"https:\/\/www.spottergps.com\/fr\/wp-json\/wp\/v2\/pages"}],"about":[{"href":"https:\/\/www.spottergps.com\/fr\/wp-json\/wp\/v2\/types\/page"}],"author":[{"embeddable":true,"href":"https:\/\/www.spottergps.com\/fr\/wp-json\/wp\/v2\/users\/8"}],"replies":[{"embeddable":true,"href":"https:\/\/www.spottergps.com\/fr\/wp-json\/wp\/v2\/comments?post=1247"}],"version-history":[{"count":3,"href":"https:\/\/www.spottergps.com\/fr\/wp-json\/wp\/v2\/pages\/1247\/revisions"}],"predecessor-version":[{"id":1255,"href":"https:\/\/www.spottergps.com\/fr\/wp-json\/wp\/v2\/pages\/1247\/revisions\/1255"}],"up":[{"embeddable":true,"href":"https:\/\/www.spottergps.com\/fr\/wp-json\/wp\/v2\/pages\/1177"}],"wp:attachment":[{"href":"https:\/\/www.spottergps.com\/fr\/wp-json\/wp\/v2\/media?parent=1247"}],"wp:term":[{"taxonomy":"category","embeddable":true,"href":"https:\/\/www.spottergps.com\/fr\/wp-json\/wp\/v2\/categories?post=1247"},{"taxonomy":"post_tag","embeddable":true,"href":"https:\/\/www.spottergps.com\/fr\/wp-json\/wp\/v2\/tags?post=1247"}],"curies":[{"name":"wp","href":"https:\/\/api.w.org\/{rel}","templated":true}]}}