{"id":1240,"date":"2023-09-04T13:52:16","date_gmt":"2023-09-04T12:52:16","guid":{"rendered":"https:\/\/www.spottergps.com\/fr\/?page_id=1240"},"modified":"2023-09-04T14:20:11","modified_gmt":"2023-09-04T13:20:11","slug":"collaboration","status":"publish","type":"page","link":"https:\/\/www.spottergps.com\/fr\/faq\/general\/collaboration\/","title":{"rendered":"Collaboration"},"content":{"rendered":"\n<p>Une collaboration avec Spotter vous int\u00e9resse ? Nous sommes toujours ouverts \u00e0 cela. Discutons ensemble des possibilit\u00e9s et des opportunit\u00e9s. Veuillez envoyer un e-mail \u00e0 notre <a href=\"mailto:wendy@spottergps.com\">service marketing<\/a> et nous vous r\u00e9pondrons dans les plus brefs d\u00e9lais.<\/p>\n","protected":false},"excerpt":{"rendered":"<p>Une collaboration avec Spotter vous int\u00e9resse ? Nous sommes toujours ouverts \u00e0 cela. Discutons ensemble des possibilit\u00e9s et des opportunit\u00e9s. Veuillez envoyer un e-mail \u00e0 notre service marketing et nous vous r\u00e9pondrons dans les plus brefs d\u00e9lais.<\/p>\n","protected":false},"author":8,"featured_media":0,"parent":1175,"menu_order":0,"comment_status":"closed","ping_status":"closed","template":"faq-content.php","meta":{"_acf_changed":false,"footnotes":""},"categories":[],"tags":[],"class_list":["post-1240","page","type-page","status-publish","hentry"],"acf":[],"yoast_head":"<!-- This site is optimized with the Yoast SEO plugin v25.9 - https:\/\/yoast.com\/wordpress\/plugins\/seo\/ -->\n<title>Collaboration - Spotter France<\/title>\n<meta name=\"robots\" content=\"index, follow, max-snippet:-1, max-image-preview:large, max-video-preview:-1\" \/>\n<link rel=\"canonical\" href=\"https:\/\/www.spottergps.com\/fr\/faq\/general\/collaboration\/\" \/>\n<meta property=\"og:locale\" content=\"fr_FR\" \/>\n<meta property=\"og:type\" content=\"article\" \/>\n<meta property=\"og:title\" content=\"Collaboration - Spotter France\" \/>\n<meta property=\"og:description\" content=\"Une collaboration avec Spotter vous int\u00e9resse ? Nous sommes toujours ouverts \u00e0 cela. Discutons ensemble des possibilit\u00e9s et des opportunit\u00e9s. Veuillez envoyer un e-mail \u00e0 notre service marketing et nous vous r\u00e9pondrons dans les plus brefs d\u00e9lais.\" \/>\n<meta property=\"og:url\" content=\"https:\/\/www.spottergps.com\/fr\/faq\/general\/collaboration\/\" \/>\n<meta property=\"og:site_name\" content=\"Spotter France\" \/>\n<meta property=\"article:modified_time\" content=\"2023-09-04T13:20:11+00:00\" \/>\n<meta name=\"twitter:card\" content=\"summary_large_image\" \/>\n<script type=\"application\/ld+json\" class=\"yoast-schema-graph\">{\"@context\":\"https:\/\/schema.org\",\"@graph\":[{\"@type\":\"WebPage\",\"@id\":\"https:\/\/www.spottergps.com\/fr\/faq\/general\/collaboration\/\",\"url\":\"https:\/\/www.spottergps.com\/fr\/faq\/general\/collaboration\/\",\"name\":\"Collaboration - Spotter France\",\"isPartOf\":{\"@id\":\"https:\/\/www.spottergps.com\/fr\/#website\"},\"datePublished\":\"2023-09-04T12:52:16+00:00\",\"dateModified\":\"2023-09-04T13:20:11+00:00\",\"breadcrumb\":{\"@id\":\"https:\/\/www.spottergps.com\/fr\/faq\/general\/collaboration\/#breadcrumb\"},\"inLanguage\":\"fr-FR\",\"potentialAction\":[{\"@type\":\"ReadAction\",\"target\":[\"https:\/\/www.spottergps.com\/fr\/faq\/general\/collaboration\/\"]}]},{\"@type\":\"BreadcrumbList\",\"@id\":\"https:\/\/www.spottergps.com\/fr\/faq\/general\/collaboration\/#breadcrumb\",\"itemListElement\":[{\"@type\":\"ListItem\",\"position\":1,\"name\":\"Home\",\"item\":\"https:\/\/www.spottergps.com\/fr\/\"},{\"@type\":\"ListItem\",\"position\":2,\"name\":\"Comment pouvons-nous vous aider?\",\"item\":\"https:\/\/www.spottergps.com\/fr\/faq\/\"},{\"@type\":\"ListItem\",\"position\":3,\"name\":\"G\u00e9n\u00e9ral\",\"item\":\"https:\/\/www.spottergps.com\/fr\/faq\/general\/\"},{\"@type\":\"ListItem\",\"position\":4,\"name\":\"Collaboration\"}]},{\"@type\":\"WebSite\",\"@id\":\"https:\/\/www.spottergps.com\/fr\/#website\",\"url\":\"https:\/\/www.spottergps.com\/fr\/\",\"name\":\"Spotter France\",\"description\":\"Een andere Spotter websites site\",\"potentialAction\":[{\"@type\":\"SearchAction\",\"target\":{\"@type\":\"EntryPoint\",\"urlTemplate\":\"https:\/\/www.spottergps.com\/fr\/?s={search_term_string}\"},\"query-input\":{\"@type\":\"PropertyValueSpecification\",\"valueRequired\":true,\"valueName\":\"search_term_string\"}}],\"inLanguage\":\"fr-FR\"}]}<\/script>\n<!-- \/ Yoast SEO plugin. -->","yoast_head_json":{"title":"Collaboration - Spotter France","robots":{"index":"index","follow":"follow","max-snippet":"max-snippet:-1","max-image-preview":"max-image-preview:large","max-video-preview":"max-video-preview:-1"},"canonical":"https:\/\/www.spottergps.com\/fr\/faq\/general\/collaboration\/","og_locale":"fr_FR","og_type":"article","og_title":"Collaboration - Spotter France","og_description":"Une collaboration avec Spotter vous int\u00e9resse ? Nous sommes toujours ouverts \u00e0 cela. Discutons ensemble des possibilit\u00e9s et des opportunit\u00e9s. Veuillez envoyer un e-mail \u00e0 notre service marketing et nous vous r\u00e9pondrons dans les plus brefs d\u00e9lais.","og_url":"https:\/\/www.spottergps.com\/fr\/faq\/general\/collaboration\/","og_site_name":"Spotter France","article_modified_time":"2023-09-04T13:20:11+00:00","twitter_card":"summary_large_image","schema":{"@context":"https:\/\/schema.org","@graph":[{"@type":"WebPage","@id":"https:\/\/www.spottergps.com\/fr\/faq\/general\/collaboration\/","url":"https:\/\/www.spottergps.com\/fr\/faq\/general\/collaboration\/","name":"Collaboration - Spotter France","isPartOf":{"@id":"https:\/\/www.spottergps.com\/fr\/#website"},"datePublished":"2023-09-04T12:52:16+00:00","dateModified":"2023-09-04T13:20:11+00:00","breadcrumb":{"@id":"https:\/\/www.spottergps.com\/fr\/faq\/general\/collaboration\/#breadcrumb"},"inLanguage":"fr-FR","potentialAction":[{"@type":"ReadAction","target":["https:\/\/www.spottergps.com\/fr\/faq\/general\/collaboration\/"]}]},{"@type":"BreadcrumbList","@id":"https:\/\/www.spottergps.com\/fr\/faq\/general\/collaboration\/#breadcrumb","itemListElement":[{"@type":"ListItem","position":1,"name":"Home","item":"https:\/\/www.spottergps.com\/fr\/"},{"@type":"ListItem","position":2,"name":"Comment pouvons-nous vous aider?","item":"https:\/\/www.spottergps.com\/fr\/faq\/"},{"@type":"ListItem","position":3,"name":"G\u00e9n\u00e9ral","item":"https:\/\/www.spottergps.com\/fr\/faq\/general\/"},{"@type":"ListItem","position":4,"name":"Collaboration"}]},{"@type":"WebSite","@id":"https:\/\/www.spottergps.com\/fr\/#website","url":"https:\/\/www.spottergps.com\/fr\/","name":"Spotter France","description":"Een andere Spotter websites site","potentialAction":[{"@type":"SearchAction","target":{"@type":"EntryPoint","urlTemplate":"https:\/\/www.spottergps.com\/fr\/?s={search_term_string}"},"query-input":{"@type":"PropertyValueSpecification","valueRequired":true,"valueName":"search_term_string"}}],"inLanguage":"fr-FR"}]}},"_links":{"self":[{"href":"https:\/\/www.spottergps.com\/fr\/wp-json\/wp\/v2\/pages\/1240","targetHints":{"allow":["GET"]}}],"collection":[{"href":"https:\/\/www.spottergps.com\/fr\/wp-json\/wp\/v2\/pages"}],"about":[{"href":"https:\/\/www.spottergps.com\/fr\/wp-json\/wp\/v2\/types\/page"}],"author":[{"embeddable":true,"href":"https:\/\/www.spottergps.com\/fr\/wp-json\/wp\/v2\/users\/8"}],"replies":[{"embeddable":true,"href":"https:\/\/www.spottergps.com\/fr\/wp-json\/wp\/v2\/comments?post=1240"}],"version-history":[{"count":2,"href":"https:\/\/www.spottergps.com\/fr\/wp-json\/wp\/v2\/pages\/1240\/revisions"}],"predecessor-version":[{"id":1253,"href":"https:\/\/www.spottergps.com\/fr\/wp-json\/wp\/v2\/pages\/1240\/revisions\/1253"}],"up":[{"embeddable":true,"href":"https:\/\/www.spottergps.com\/fr\/wp-json\/wp\/v2\/pages\/1175"}],"wp:attachment":[{"href":"https:\/\/www.spottergps.com\/fr\/wp-json\/wp\/v2\/media?parent=1240"}],"wp:term":[{"taxonomy":"category","embeddable":true,"href":"https:\/\/www.spottergps.com\/fr\/wp-json\/wp\/v2\/categories?post=1240"},{"taxonomy":"post_tag","embeddable":true,"href":"https:\/\/www.spottergps.com\/fr\/wp-json\/wp\/v2\/tags?post=1240"}],"curies":[{"name":"wp","href":"https:\/\/api.w.org\/{rel}","templated":true}]}}