{"id":1237,"date":"2023-09-04T13:46:53","date_gmt":"2023-09-04T12:46:53","guid":{"rendered":"https:\/\/www.spottergps.com\/fr\/?page_id=1237"},"modified":"2023-09-04T13:48:13","modified_gmt":"2023-09-04T12:48:13","slug":"pourquoi-puis-je-utiliser-spotter-b-v-ne-pas-appeler","status":"publish","type":"page","link":"https:\/\/www.spottergps.com\/fr\/faq\/general\/pourquoi-puis-je-utiliser-spotter-b-v-ne-pas-appeler\/","title":{"rendered":"Pourquoi puis-je utiliser Spotter B.V. ne pas appeler?"},"content":{"rendered":"\n<p>Afin de pouvoir vous aider correctement et le plus rapidement possible en cas de question ou de probl\u00e8me, nous avons choisi de communiquer par e-mail. De cette fa\u00e7on, nous pouvons vous aider rapidement avec une r\u00e9ponse compl\u00e8te \u00e0 votre question. Vous pouvez joindre notre service client en remplissant<a href=\"https:\/\/www.spottergps.com\/fr\/service-clients\/\"> le formulaire de contact<\/a> sur notre site internet. Nous nous effor\u00e7ons de r\u00e9pondre \u00e0 votre message dans les 48 heures (jours ouvr\u00e9s).<\/p>\n\n\n","protected":false},"excerpt":{"rendered":"<p>Afin de pouvoir vous aider correctement et le plus rapidement possible en cas de question ou de probl\u00e8me, nous avons choisi de communiquer par e-mail. De cette fa\u00e7on, nous pouvons vous aider rapidement avec une r\u00e9ponse compl\u00e8te \u00e0 votre question. Vous pouvez joindre notre service client en remplissant le formulaire de contact sur notre site [&hellip;]<\/p>\n","protected":false},"author":8,"featured_media":0,"parent":1175,"menu_order":0,"comment_status":"closed","ping_status":"closed","template":"faq-content.php","meta":{"_acf_changed":false,"footnotes":""},"categories":[],"tags":[],"class_list":["post-1237","page","type-page","status-publish","hentry"],"acf":[],"yoast_head":"<!-- This site is optimized with the Yoast SEO plugin v25.9 - https:\/\/yoast.com\/wordpress\/plugins\/seo\/ -->\n<title>Pourquoi puis-je utiliser Spotter B.V. ne pas appeler? - Spotter France<\/title>\n<meta name=\"robots\" content=\"index, follow, max-snippet:-1, max-image-preview:large, max-video-preview:-1\" \/>\n<link rel=\"canonical\" href=\"https:\/\/www.spottergps.com\/fr\/faq\/general\/pourquoi-puis-je-utiliser-spotter-b-v-ne-pas-appeler\/\" \/>\n<meta property=\"og:locale\" content=\"fr_FR\" \/>\n<meta property=\"og:type\" content=\"article\" \/>\n<meta property=\"og:title\" content=\"Pourquoi puis-je utiliser Spotter B.V. ne pas appeler? - Spotter France\" \/>\n<meta property=\"og:description\" content=\"Afin de pouvoir vous aider correctement et le plus rapidement possible en cas de question ou de probl\u00e8me, nous avons choisi de communiquer par e-mail. De cette fa\u00e7on, nous pouvons vous aider rapidement avec une r\u00e9ponse compl\u00e8te \u00e0 votre question. Vous pouvez joindre notre service client en remplissant le formulaire de contact sur notre site [&hellip;]\" \/>\n<meta property=\"og:url\" content=\"https:\/\/www.spottergps.com\/fr\/faq\/general\/pourquoi-puis-je-utiliser-spotter-b-v-ne-pas-appeler\/\" \/>\n<meta property=\"og:site_name\" content=\"Spotter France\" \/>\n<meta property=\"article:modified_time\" content=\"2023-09-04T12:48:13+00:00\" \/>\n<meta name=\"twitter:card\" content=\"summary_large_image\" \/>\n<script type=\"application\/ld+json\" class=\"yoast-schema-graph\">{\"@context\":\"https:\/\/schema.org\",\"@graph\":[{\"@type\":\"WebPage\",\"@id\":\"https:\/\/www.spottergps.com\/fr\/faq\/general\/pourquoi-puis-je-utiliser-spotter-b-v-ne-pas-appeler\/\",\"url\":\"https:\/\/www.spottergps.com\/fr\/faq\/general\/pourquoi-puis-je-utiliser-spotter-b-v-ne-pas-appeler\/\",\"name\":\"Pourquoi puis-je utiliser Spotter B.V. ne pas appeler? - Spotter France\",\"isPartOf\":{\"@id\":\"https:\/\/www.spottergps.com\/fr\/#website\"},\"datePublished\":\"2023-09-04T12:46:53+00:00\",\"dateModified\":\"2023-09-04T12:48:13+00:00\",\"breadcrumb\":{\"@id\":\"https:\/\/www.spottergps.com\/fr\/faq\/general\/pourquoi-puis-je-utiliser-spotter-b-v-ne-pas-appeler\/#breadcrumb\"},\"inLanguage\":\"fr-FR\",\"potentialAction\":[{\"@type\":\"ReadAction\",\"target\":[\"https:\/\/www.spottergps.com\/fr\/faq\/general\/pourquoi-puis-je-utiliser-spotter-b-v-ne-pas-appeler\/\"]}]},{\"@type\":\"BreadcrumbList\",\"@id\":\"https:\/\/www.spottergps.com\/fr\/faq\/general\/pourquoi-puis-je-utiliser-spotter-b-v-ne-pas-appeler\/#breadcrumb\",\"itemListElement\":[{\"@type\":\"ListItem\",\"position\":1,\"name\":\"Home\",\"item\":\"https:\/\/www.spottergps.com\/fr\/\"},{\"@type\":\"ListItem\",\"position\":2,\"name\":\"Comment pouvons-nous vous aider?\",\"item\":\"https:\/\/www.spottergps.com\/fr\/faq\/\"},{\"@type\":\"ListItem\",\"position\":3,\"name\":\"G\u00e9n\u00e9ral\",\"item\":\"https:\/\/www.spottergps.com\/fr\/faq\/general\/\"},{\"@type\":\"ListItem\",\"position\":4,\"name\":\"Pourquoi puis-je utiliser Spotter B.V. ne pas appeler?\"}]},{\"@type\":\"WebSite\",\"@id\":\"https:\/\/www.spottergps.com\/fr\/#website\",\"url\":\"https:\/\/www.spottergps.com\/fr\/\",\"name\":\"Spotter France\",\"description\":\"Een andere Spotter websites site\",\"potentialAction\":[{\"@type\":\"SearchAction\",\"target\":{\"@type\":\"EntryPoint\",\"urlTemplate\":\"https:\/\/www.spottergps.com\/fr\/?s={search_term_string}\"},\"query-input\":{\"@type\":\"PropertyValueSpecification\",\"valueRequired\":true,\"valueName\":\"search_term_string\"}}],\"inLanguage\":\"fr-FR\"}]}<\/script>\n<!-- \/ Yoast SEO plugin. -->","yoast_head_json":{"title":"Pourquoi puis-je utiliser Spotter B.V. ne pas appeler? - Spotter France","robots":{"index":"index","follow":"follow","max-snippet":"max-snippet:-1","max-image-preview":"max-image-preview:large","max-video-preview":"max-video-preview:-1"},"canonical":"https:\/\/www.spottergps.com\/fr\/faq\/general\/pourquoi-puis-je-utiliser-spotter-b-v-ne-pas-appeler\/","og_locale":"fr_FR","og_type":"article","og_title":"Pourquoi puis-je utiliser Spotter B.V. ne pas appeler? - Spotter France","og_description":"Afin de pouvoir vous aider correctement et le plus rapidement possible en cas de question ou de probl\u00e8me, nous avons choisi de communiquer par e-mail. De cette fa\u00e7on, nous pouvons vous aider rapidement avec une r\u00e9ponse compl\u00e8te \u00e0 votre question. Vous pouvez joindre notre service client en remplissant le formulaire de contact sur notre site [&hellip;]","og_url":"https:\/\/www.spottergps.com\/fr\/faq\/general\/pourquoi-puis-je-utiliser-spotter-b-v-ne-pas-appeler\/","og_site_name":"Spotter France","article_modified_time":"2023-09-04T12:48:13+00:00","twitter_card":"summary_large_image","schema":{"@context":"https:\/\/schema.org","@graph":[{"@type":"WebPage","@id":"https:\/\/www.spottergps.com\/fr\/faq\/general\/pourquoi-puis-je-utiliser-spotter-b-v-ne-pas-appeler\/","url":"https:\/\/www.spottergps.com\/fr\/faq\/general\/pourquoi-puis-je-utiliser-spotter-b-v-ne-pas-appeler\/","name":"Pourquoi puis-je utiliser Spotter B.V. ne pas appeler? - Spotter France","isPartOf":{"@id":"https:\/\/www.spottergps.com\/fr\/#website"},"datePublished":"2023-09-04T12:46:53+00:00","dateModified":"2023-09-04T12:48:13+00:00","breadcrumb":{"@id":"https:\/\/www.spottergps.com\/fr\/faq\/general\/pourquoi-puis-je-utiliser-spotter-b-v-ne-pas-appeler\/#breadcrumb"},"inLanguage":"fr-FR","potentialAction":[{"@type":"ReadAction","target":["https:\/\/www.spottergps.com\/fr\/faq\/general\/pourquoi-puis-je-utiliser-spotter-b-v-ne-pas-appeler\/"]}]},{"@type":"BreadcrumbList","@id":"https:\/\/www.spottergps.com\/fr\/faq\/general\/pourquoi-puis-je-utiliser-spotter-b-v-ne-pas-appeler\/#breadcrumb","itemListElement":[{"@type":"ListItem","position":1,"name":"Home","item":"https:\/\/www.spottergps.com\/fr\/"},{"@type":"ListItem","position":2,"name":"Comment pouvons-nous vous aider?","item":"https:\/\/www.spottergps.com\/fr\/faq\/"},{"@type":"ListItem","position":3,"name":"G\u00e9n\u00e9ral","item":"https:\/\/www.spottergps.com\/fr\/faq\/general\/"},{"@type":"ListItem","position":4,"name":"Pourquoi puis-je utiliser Spotter B.V. ne pas appeler?"}]},{"@type":"WebSite","@id":"https:\/\/www.spottergps.com\/fr\/#website","url":"https:\/\/www.spottergps.com\/fr\/","name":"Spotter France","description":"Een andere Spotter websites site","potentialAction":[{"@type":"SearchAction","target":{"@type":"EntryPoint","urlTemplate":"https:\/\/www.spottergps.com\/fr\/?s={search_term_string}"},"query-input":{"@type":"PropertyValueSpecification","valueRequired":true,"valueName":"search_term_string"}}],"inLanguage":"fr-FR"}]}},"_links":{"self":[{"href":"https:\/\/www.spottergps.com\/fr\/wp-json\/wp\/v2\/pages\/1237","targetHints":{"allow":["GET"]}}],"collection":[{"href":"https:\/\/www.spottergps.com\/fr\/wp-json\/wp\/v2\/pages"}],"about":[{"href":"https:\/\/www.spottergps.com\/fr\/wp-json\/wp\/v2\/types\/page"}],"author":[{"embeddable":true,"href":"https:\/\/www.spottergps.com\/fr\/wp-json\/wp\/v2\/users\/8"}],"replies":[{"embeddable":true,"href":"https:\/\/www.spottergps.com\/fr\/wp-json\/wp\/v2\/comments?post=1237"}],"version-history":[{"count":2,"href":"https:\/\/www.spottergps.com\/fr\/wp-json\/wp\/v2\/pages\/1237\/revisions"}],"predecessor-version":[{"id":1239,"href":"https:\/\/www.spottergps.com\/fr\/wp-json\/wp\/v2\/pages\/1237\/revisions\/1239"}],"up":[{"embeddable":true,"href":"https:\/\/www.spottergps.com\/fr\/wp-json\/wp\/v2\/pages\/1175"}],"wp:attachment":[{"href":"https:\/\/www.spottergps.com\/fr\/wp-json\/wp\/v2\/media?parent=1237"}],"wp:term":[{"taxonomy":"category","embeddable":true,"href":"https:\/\/www.spottergps.com\/fr\/wp-json\/wp\/v2\/categories?post=1237"},{"taxonomy":"post_tag","embeddable":true,"href":"https:\/\/www.spottergps.com\/fr\/wp-json\/wp\/v2\/tags?post=1237"}],"curies":[{"name":"wp","href":"https:\/\/api.w.org\/{rel}","templated":true}]}}