{"id":1230,"date":"2023-09-04T13:30:04","date_gmt":"2023-09-04T12:30:04","guid":{"rendered":"https:\/\/www.spottergps.com\/fr\/?page_id=1230"},"modified":"2023-11-06T15:30:53","modified_gmt":"2023-11-06T14:30:53","slug":"puis-je-commander-sur-facture-2","status":"publish","type":"page","link":"https:\/\/www.spottergps.com\/fr\/faq\/boutique-en-ligne\/puis-je-commander-sur-facture-2\/","title":{"rendered":"Puis-je commander sur facture ?"},"content":{"rendered":"\n<p><\/p>\n\n\n\n<p>Lors de la commande de 10 produits ou plus, il est possible de commander sur facture. Remplissez notre <a href=\"https:\/\/www.spottergps.com\/fr\/service-clients\/\" data-type=\"URL\" data-id=\"https:\/\/www.spottergps.com\/fr\/service-clients\/\">formulaire de contact<\/a> et nous vous informerons davantage \u00e0 ce sujet. En dessous de ce num\u00e9ro, vous pouvez facilement et rapidement passer votre commande dans notre <a href=\"https:\/\/shop.spottergps.com\/fr\" data-type=\"URL\" data-id=\"https:\/\/shop.spottergps.com\/fr\">boutique en ligne<\/a>. Command\u00e9 les jours ouvrables avant 15h00, exp\u00e9di\u00e9 le jour m\u00eame.<\/p>\n","protected":false},"excerpt":{"rendered":"<p>Lors de la commande de 10 produits ou plus, il est possible de commander sur facture. Remplissez notre formulaire de contact et nous vous informerons davantage \u00e0 ce sujet. En dessous de ce num\u00e9ro, vous pouvez facilement et rapidement passer votre commande dans notre boutique en ligne. Command\u00e9 les jours ouvrables avant 15h00, exp\u00e9di\u00e9 le [&hellip;]<\/p>\n","protected":false},"author":8,"featured_media":0,"parent":1194,"menu_order":0,"comment_status":"closed","ping_status":"closed","template":"faq-content.php","meta":{"_acf_changed":false,"footnotes":""},"categories":[],"tags":[],"class_list":["post-1230","page","type-page","status-publish","hentry"],"acf":[],"yoast_head":"<!-- This site is optimized with the Yoast SEO plugin v25.9 - https:\/\/yoast.com\/wordpress\/plugins\/seo\/ -->\n<title>Puis-je commander sur facture ? - Spotter France<\/title>\n<meta name=\"robots\" content=\"index, follow, max-snippet:-1, max-image-preview:large, max-video-preview:-1\" \/>\n<link rel=\"canonical\" href=\"https:\/\/www.spottergps.com\/fr\/faq\/boutique-en-ligne\/puis-je-commander-sur-facture-2\/\" \/>\n<meta property=\"og:locale\" content=\"fr_FR\" \/>\n<meta property=\"og:type\" content=\"article\" \/>\n<meta property=\"og:title\" content=\"Puis-je commander sur facture ? - Spotter France\" \/>\n<meta property=\"og:description\" content=\"Lors de la commande de 10 produits ou plus, il est possible de commander sur facture. Remplissez notre formulaire de contact et nous vous informerons davantage \u00e0 ce sujet. En dessous de ce num\u00e9ro, vous pouvez facilement et rapidement passer votre commande dans notre boutique en ligne. Command\u00e9 les jours ouvrables avant 15h00, exp\u00e9di\u00e9 le [&hellip;]\" \/>\n<meta property=\"og:url\" content=\"https:\/\/www.spottergps.com\/fr\/faq\/boutique-en-ligne\/puis-je-commander-sur-facture-2\/\" \/>\n<meta property=\"og:site_name\" content=\"Spotter France\" \/>\n<meta property=\"article:modified_time\" content=\"2023-11-06T14:30:53+00:00\" \/>\n<meta name=\"twitter:card\" content=\"summary_large_image\" \/>\n<script type=\"application\/ld+json\" class=\"yoast-schema-graph\">{\"@context\":\"https:\/\/schema.org\",\"@graph\":[{\"@type\":\"WebPage\",\"@id\":\"https:\/\/www.spottergps.com\/fr\/faq\/boutique-en-ligne\/puis-je-commander-sur-facture-2\/\",\"url\":\"https:\/\/www.spottergps.com\/fr\/faq\/boutique-en-ligne\/puis-je-commander-sur-facture-2\/\",\"name\":\"Puis-je commander sur facture ? - Spotter France\",\"isPartOf\":{\"@id\":\"https:\/\/www.spottergps.com\/fr\/#website\"},\"datePublished\":\"2023-09-04T12:30:04+00:00\",\"dateModified\":\"2023-11-06T14:30:53+00:00\",\"breadcrumb\":{\"@id\":\"https:\/\/www.spottergps.com\/fr\/faq\/boutique-en-ligne\/puis-je-commander-sur-facture-2\/#breadcrumb\"},\"inLanguage\":\"fr-FR\",\"potentialAction\":[{\"@type\":\"ReadAction\",\"target\":[\"https:\/\/www.spottergps.com\/fr\/faq\/boutique-en-ligne\/puis-je-commander-sur-facture-2\/\"]}]},{\"@type\":\"BreadcrumbList\",\"@id\":\"https:\/\/www.spottergps.com\/fr\/faq\/boutique-en-ligne\/puis-je-commander-sur-facture-2\/#breadcrumb\",\"itemListElement\":[{\"@type\":\"ListItem\",\"position\":1,\"name\":\"Home\",\"item\":\"https:\/\/www.spottergps.com\/fr\/\"},{\"@type\":\"ListItem\",\"position\":2,\"name\":\"Comment pouvons-nous vous aider?\",\"item\":\"https:\/\/www.spottergps.com\/fr\/faq\/\"},{\"@type\":\"ListItem\",\"position\":3,\"name\":\"Boutique en ligne\",\"item\":\"https:\/\/www.spottergps.com\/fr\/faq\/boutique-en-ligne\/\"},{\"@type\":\"ListItem\",\"position\":4,\"name\":\"Puis-je commander sur facture ?\"}]},{\"@type\":\"WebSite\",\"@id\":\"https:\/\/www.spottergps.com\/fr\/#website\",\"url\":\"https:\/\/www.spottergps.com\/fr\/\",\"name\":\"Spotter France\",\"description\":\"Een andere Spotter websites site\",\"potentialAction\":[{\"@type\":\"SearchAction\",\"target\":{\"@type\":\"EntryPoint\",\"urlTemplate\":\"https:\/\/www.spottergps.com\/fr\/?s={search_term_string}\"},\"query-input\":{\"@type\":\"PropertyValueSpecification\",\"valueRequired\":true,\"valueName\":\"search_term_string\"}}],\"inLanguage\":\"fr-FR\"}]}<\/script>\n<!-- \/ Yoast SEO plugin. -->","yoast_head_json":{"title":"Puis-je commander sur facture ? - Spotter France","robots":{"index":"index","follow":"follow","max-snippet":"max-snippet:-1","max-image-preview":"max-image-preview:large","max-video-preview":"max-video-preview:-1"},"canonical":"https:\/\/www.spottergps.com\/fr\/faq\/boutique-en-ligne\/puis-je-commander-sur-facture-2\/","og_locale":"fr_FR","og_type":"article","og_title":"Puis-je commander sur facture ? - Spotter France","og_description":"Lors de la commande de 10 produits ou plus, il est possible de commander sur facture. Remplissez notre formulaire de contact et nous vous informerons davantage \u00e0 ce sujet. En dessous de ce num\u00e9ro, vous pouvez facilement et rapidement passer votre commande dans notre boutique en ligne. Command\u00e9 les jours ouvrables avant 15h00, exp\u00e9di\u00e9 le [&hellip;]","og_url":"https:\/\/www.spottergps.com\/fr\/faq\/boutique-en-ligne\/puis-je-commander-sur-facture-2\/","og_site_name":"Spotter France","article_modified_time":"2023-11-06T14:30:53+00:00","twitter_card":"summary_large_image","schema":{"@context":"https:\/\/schema.org","@graph":[{"@type":"WebPage","@id":"https:\/\/www.spottergps.com\/fr\/faq\/boutique-en-ligne\/puis-je-commander-sur-facture-2\/","url":"https:\/\/www.spottergps.com\/fr\/faq\/boutique-en-ligne\/puis-je-commander-sur-facture-2\/","name":"Puis-je commander sur facture ? - Spotter France","isPartOf":{"@id":"https:\/\/www.spottergps.com\/fr\/#website"},"datePublished":"2023-09-04T12:30:04+00:00","dateModified":"2023-11-06T14:30:53+00:00","breadcrumb":{"@id":"https:\/\/www.spottergps.com\/fr\/faq\/boutique-en-ligne\/puis-je-commander-sur-facture-2\/#breadcrumb"},"inLanguage":"fr-FR","potentialAction":[{"@type":"ReadAction","target":["https:\/\/www.spottergps.com\/fr\/faq\/boutique-en-ligne\/puis-je-commander-sur-facture-2\/"]}]},{"@type":"BreadcrumbList","@id":"https:\/\/www.spottergps.com\/fr\/faq\/boutique-en-ligne\/puis-je-commander-sur-facture-2\/#breadcrumb","itemListElement":[{"@type":"ListItem","position":1,"name":"Home","item":"https:\/\/www.spottergps.com\/fr\/"},{"@type":"ListItem","position":2,"name":"Comment pouvons-nous vous aider?","item":"https:\/\/www.spottergps.com\/fr\/faq\/"},{"@type":"ListItem","position":3,"name":"Boutique en ligne","item":"https:\/\/www.spottergps.com\/fr\/faq\/boutique-en-ligne\/"},{"@type":"ListItem","position":4,"name":"Puis-je commander sur facture ?"}]},{"@type":"WebSite","@id":"https:\/\/www.spottergps.com\/fr\/#website","url":"https:\/\/www.spottergps.com\/fr\/","name":"Spotter France","description":"Een andere Spotter websites site","potentialAction":[{"@type":"SearchAction","target":{"@type":"EntryPoint","urlTemplate":"https:\/\/www.spottergps.com\/fr\/?s={search_term_string}"},"query-input":{"@type":"PropertyValueSpecification","valueRequired":true,"valueName":"search_term_string"}}],"inLanguage":"fr-FR"}]}},"_links":{"self":[{"href":"https:\/\/www.spottergps.com\/fr\/wp-json\/wp\/v2\/pages\/1230","targetHints":{"allow":["GET"]}}],"collection":[{"href":"https:\/\/www.spottergps.com\/fr\/wp-json\/wp\/v2\/pages"}],"about":[{"href":"https:\/\/www.spottergps.com\/fr\/wp-json\/wp\/v2\/types\/page"}],"author":[{"embeddable":true,"href":"https:\/\/www.spottergps.com\/fr\/wp-json\/wp\/v2\/users\/8"}],"replies":[{"embeddable":true,"href":"https:\/\/www.spottergps.com\/fr\/wp-json\/wp\/v2\/comments?post=1230"}],"version-history":[{"count":2,"href":"https:\/\/www.spottergps.com\/fr\/wp-json\/wp\/v2\/pages\/1230\/revisions"}],"predecessor-version":[{"id":1233,"href":"https:\/\/www.spottergps.com\/fr\/wp-json\/wp\/v2\/pages\/1230\/revisions\/1233"}],"up":[{"embeddable":true,"href":"https:\/\/www.spottergps.com\/fr\/wp-json\/wp\/v2\/pages\/1194"}],"wp:attachment":[{"href":"https:\/\/www.spottergps.com\/fr\/wp-json\/wp\/v2\/media?parent=1230"}],"wp:term":[{"taxonomy":"category","embeddable":true,"href":"https:\/\/www.spottergps.com\/fr\/wp-json\/wp\/v2\/categories?post=1230"},{"taxonomy":"post_tag","embeddable":true,"href":"https:\/\/www.spottergps.com\/fr\/wp-json\/wp\/v2\/tags?post=1230"}],"curies":[{"name":"wp","href":"https:\/\/api.w.org\/{rel}","templated":true}]}}