{"id":1227,"date":"2023-09-04T13:22:01","date_gmt":"2023-09-04T12:22:01","guid":{"rendered":"https:\/\/www.spottergps.com\/fr\/?page_id=1227"},"modified":"2023-09-27T10:46:19","modified_gmt":"2023-09-27T09:46:19","slug":"quelque-chose-sest-mal-passe-avec-la-commande","status":"publish","type":"page","link":"https:\/\/www.spottergps.com\/fr\/faq\/general\/quelque-chose-sest-mal-passe-avec-la-commande\/","title":{"rendered":"Quelque chose s&rsquo;est mal pass\u00e9 avec la commande"},"content":{"rendered":"\n<p>Comme c&rsquo;est ennuyeux, nous sommes heureux de vous aider \u00e0 r\u00e9soudre ce probl\u00e8me.<\/p>\n\n\n\n<p>Remplissez notre <a href=\"https:\/\/www.spottergps.com\/fr\/service-clients\/\" data-type=\"URL\" data-id=\"https:\/\/www.spottergps.com\/fr\/service-clients\/\">formulaire de contact<\/a> et indiquez ce qui ne va pas, et nous vous aiderons rapidement<\/p>\n","protected":false},"excerpt":{"rendered":"<p>Comme c&rsquo;est ennuyeux, nous sommes heureux de vous aider \u00e0 r\u00e9soudre ce probl\u00e8me. Remplissez notre formulaire de contact et indiquez ce qui ne va pas, et nous vous aiderons rapidement<\/p>\n","protected":false},"author":8,"featured_media":0,"parent":1175,"menu_order":0,"comment_status":"closed","ping_status":"closed","template":"faq-content.php","meta":{"_acf_changed":false,"footnotes":""},"categories":[],"tags":[],"class_list":["post-1227","page","type-page","status-publish","hentry"],"acf":[],"yoast_head":"<!-- This site is optimized with the Yoast SEO plugin v25.9 - https:\/\/yoast.com\/wordpress\/plugins\/seo\/ -->\n<title>Quelque chose s&#039;est mal pass\u00e9 avec la commande - Spotter France<\/title>\n<meta name=\"robots\" content=\"index, follow, max-snippet:-1, max-image-preview:large, max-video-preview:-1\" \/>\n<link rel=\"canonical\" href=\"https:\/\/www.spottergps.com\/fr\/faq\/general\/quelque-chose-sest-mal-passe-avec-la-commande\/\" \/>\n<meta property=\"og:locale\" content=\"fr_FR\" \/>\n<meta property=\"og:type\" content=\"article\" \/>\n<meta property=\"og:title\" content=\"Quelque chose s&#039;est mal pass\u00e9 avec la commande - Spotter France\" \/>\n<meta property=\"og:description\" content=\"Comme c&rsquo;est ennuyeux, nous sommes heureux de vous aider \u00e0 r\u00e9soudre ce probl\u00e8me. Remplissez notre formulaire de contact et indiquez ce qui ne va pas, et nous vous aiderons rapidement\" \/>\n<meta property=\"og:url\" content=\"https:\/\/www.spottergps.com\/fr\/faq\/general\/quelque-chose-sest-mal-passe-avec-la-commande\/\" \/>\n<meta property=\"og:site_name\" content=\"Spotter France\" \/>\n<meta property=\"article:modified_time\" content=\"2023-09-27T09:46:19+00:00\" \/>\n<meta name=\"twitter:card\" content=\"summary_large_image\" \/>\n<script type=\"application\/ld+json\" class=\"yoast-schema-graph\">{\"@context\":\"https:\/\/schema.org\",\"@graph\":[{\"@type\":\"WebPage\",\"@id\":\"https:\/\/www.spottergps.com\/fr\/faq\/general\/quelque-chose-sest-mal-passe-avec-la-commande\/\",\"url\":\"https:\/\/www.spottergps.com\/fr\/faq\/general\/quelque-chose-sest-mal-passe-avec-la-commande\/\",\"name\":\"Quelque chose s'est mal pass\u00e9 avec la commande - Spotter France\",\"isPartOf\":{\"@id\":\"https:\/\/www.spottergps.com\/fr\/#website\"},\"datePublished\":\"2023-09-04T12:22:01+00:00\",\"dateModified\":\"2023-09-27T09:46:19+00:00\",\"breadcrumb\":{\"@id\":\"https:\/\/www.spottergps.com\/fr\/faq\/general\/quelque-chose-sest-mal-passe-avec-la-commande\/#breadcrumb\"},\"inLanguage\":\"fr-FR\",\"potentialAction\":[{\"@type\":\"ReadAction\",\"target\":[\"https:\/\/www.spottergps.com\/fr\/faq\/general\/quelque-chose-sest-mal-passe-avec-la-commande\/\"]}]},{\"@type\":\"BreadcrumbList\",\"@id\":\"https:\/\/www.spottergps.com\/fr\/faq\/general\/quelque-chose-sest-mal-passe-avec-la-commande\/#breadcrumb\",\"itemListElement\":[{\"@type\":\"ListItem\",\"position\":1,\"name\":\"Home\",\"item\":\"https:\/\/www.spottergps.com\/fr\/\"},{\"@type\":\"ListItem\",\"position\":2,\"name\":\"Comment pouvons-nous vous aider?\",\"item\":\"https:\/\/www.spottergps.com\/fr\/faq\/\"},{\"@type\":\"ListItem\",\"position\":3,\"name\":\"G\u00e9n\u00e9ral\",\"item\":\"https:\/\/www.spottergps.com\/fr\/faq\/general\/\"},{\"@type\":\"ListItem\",\"position\":4,\"name\":\"Quelque chose s&rsquo;est mal pass\u00e9 avec la commande\"}]},{\"@type\":\"WebSite\",\"@id\":\"https:\/\/www.spottergps.com\/fr\/#website\",\"url\":\"https:\/\/www.spottergps.com\/fr\/\",\"name\":\"Spotter France\",\"description\":\"Een andere Spotter websites site\",\"potentialAction\":[{\"@type\":\"SearchAction\",\"target\":{\"@type\":\"EntryPoint\",\"urlTemplate\":\"https:\/\/www.spottergps.com\/fr\/?s={search_term_string}\"},\"query-input\":{\"@type\":\"PropertyValueSpecification\",\"valueRequired\":true,\"valueName\":\"search_term_string\"}}],\"inLanguage\":\"fr-FR\"}]}<\/script>\n<!-- \/ Yoast SEO plugin. -->","yoast_head_json":{"title":"Quelque chose s'est mal pass\u00e9 avec la commande - Spotter France","robots":{"index":"index","follow":"follow","max-snippet":"max-snippet:-1","max-image-preview":"max-image-preview:large","max-video-preview":"max-video-preview:-1"},"canonical":"https:\/\/www.spottergps.com\/fr\/faq\/general\/quelque-chose-sest-mal-passe-avec-la-commande\/","og_locale":"fr_FR","og_type":"article","og_title":"Quelque chose s'est mal pass\u00e9 avec la commande - Spotter France","og_description":"Comme c&rsquo;est ennuyeux, nous sommes heureux de vous aider \u00e0 r\u00e9soudre ce probl\u00e8me. Remplissez notre formulaire de contact et indiquez ce qui ne va pas, et nous vous aiderons rapidement","og_url":"https:\/\/www.spottergps.com\/fr\/faq\/general\/quelque-chose-sest-mal-passe-avec-la-commande\/","og_site_name":"Spotter France","article_modified_time":"2023-09-27T09:46:19+00:00","twitter_card":"summary_large_image","schema":{"@context":"https:\/\/schema.org","@graph":[{"@type":"WebPage","@id":"https:\/\/www.spottergps.com\/fr\/faq\/general\/quelque-chose-sest-mal-passe-avec-la-commande\/","url":"https:\/\/www.spottergps.com\/fr\/faq\/general\/quelque-chose-sest-mal-passe-avec-la-commande\/","name":"Quelque chose s'est mal pass\u00e9 avec la commande - Spotter France","isPartOf":{"@id":"https:\/\/www.spottergps.com\/fr\/#website"},"datePublished":"2023-09-04T12:22:01+00:00","dateModified":"2023-09-27T09:46:19+00:00","breadcrumb":{"@id":"https:\/\/www.spottergps.com\/fr\/faq\/general\/quelque-chose-sest-mal-passe-avec-la-commande\/#breadcrumb"},"inLanguage":"fr-FR","potentialAction":[{"@type":"ReadAction","target":["https:\/\/www.spottergps.com\/fr\/faq\/general\/quelque-chose-sest-mal-passe-avec-la-commande\/"]}]},{"@type":"BreadcrumbList","@id":"https:\/\/www.spottergps.com\/fr\/faq\/general\/quelque-chose-sest-mal-passe-avec-la-commande\/#breadcrumb","itemListElement":[{"@type":"ListItem","position":1,"name":"Home","item":"https:\/\/www.spottergps.com\/fr\/"},{"@type":"ListItem","position":2,"name":"Comment pouvons-nous vous aider?","item":"https:\/\/www.spottergps.com\/fr\/faq\/"},{"@type":"ListItem","position":3,"name":"G\u00e9n\u00e9ral","item":"https:\/\/www.spottergps.com\/fr\/faq\/general\/"},{"@type":"ListItem","position":4,"name":"Quelque chose s&rsquo;est mal pass\u00e9 avec la commande"}]},{"@type":"WebSite","@id":"https:\/\/www.spottergps.com\/fr\/#website","url":"https:\/\/www.spottergps.com\/fr\/","name":"Spotter France","description":"Een andere Spotter websites site","potentialAction":[{"@type":"SearchAction","target":{"@type":"EntryPoint","urlTemplate":"https:\/\/www.spottergps.com\/fr\/?s={search_term_string}"},"query-input":{"@type":"PropertyValueSpecification","valueRequired":true,"valueName":"search_term_string"}}],"inLanguage":"fr-FR"}]}},"_links":{"self":[{"href":"https:\/\/www.spottergps.com\/fr\/wp-json\/wp\/v2\/pages\/1227","targetHints":{"allow":["GET"]}}],"collection":[{"href":"https:\/\/www.spottergps.com\/fr\/wp-json\/wp\/v2\/pages"}],"about":[{"href":"https:\/\/www.spottergps.com\/fr\/wp-json\/wp\/v2\/types\/page"}],"author":[{"embeddable":true,"href":"https:\/\/www.spottergps.com\/fr\/wp-json\/wp\/v2\/users\/8"}],"replies":[{"embeddable":true,"href":"https:\/\/www.spottergps.com\/fr\/wp-json\/wp\/v2\/comments?post=1227"}],"version-history":[{"count":2,"href":"https:\/\/www.spottergps.com\/fr\/wp-json\/wp\/v2\/pages\/1227\/revisions"}],"predecessor-version":[{"id":1229,"href":"https:\/\/www.spottergps.com\/fr\/wp-json\/wp\/v2\/pages\/1227\/revisions\/1229"}],"up":[{"embeddable":true,"href":"https:\/\/www.spottergps.com\/fr\/wp-json\/wp\/v2\/pages\/1175"}],"wp:attachment":[{"href":"https:\/\/www.spottergps.com\/fr\/wp-json\/wp\/v2\/media?parent=1227"}],"wp:term":[{"taxonomy":"category","embeddable":true,"href":"https:\/\/www.spottergps.com\/fr\/wp-json\/wp\/v2\/categories?post=1227"},{"taxonomy":"post_tag","embeddable":true,"href":"https:\/\/www.spottergps.com\/fr\/wp-json\/wp\/v2\/tags?post=1227"}],"curies":[{"name":"wp","href":"https:\/\/api.w.org\/{rel}","templated":true}]}}