{"id":1209,"date":"2023-09-04T12:48:58","date_gmt":"2023-09-04T11:48:58","guid":{"rendered":"https:\/\/www.spottergps.com\/fr\/?page_id=1209"},"modified":"2023-09-04T13:03:07","modified_gmt":"2023-09-04T12:03:07","slug":"periode-de-garantie","status":"publish","type":"page","link":"https:\/\/www.spottergps.com\/fr\/faq\/general\/periode-de-garantie\/","title":{"rendered":"P\u00e9riode de garantie"},"content":{"rendered":"\n<p>Tous les produits Spotter sont livr\u00e9s avec une garantie mat\u00e9rielle de deux ans. Donc, s&rsquo;il y a un probl\u00e8me pendant cette p\u00e9riode, nous le r\u00e9soudrons gratuitement pour vous. Nos produits ont \u00e9t\u00e9 d\u00e9velopp\u00e9s et compos\u00e9s avec le plus grand soin.<\/p>\n\n\n\n<p>Si un probl\u00e8me survenait malgr\u00e9 tout et que vous souhaitiez faire appel \u00e0 la garantie, nous vous conseillons de suivre au pr\u00e9alable les \u00e9tapes de <a href=\"https:\/\/www.spottergps.com\/fr\/garantie-et-service\/.\" data-type=\"URL\" data-id=\"https:\/\/www.spottergps.com\/fr\/garantie-et-service\/.\">notre Garantie<\/a>.<\/p>\n","protected":false},"excerpt":{"rendered":"<p>Tous les produits Spotter sont livr\u00e9s avec une garantie mat\u00e9rielle de deux ans. Donc, s&rsquo;il y a un probl\u00e8me pendant cette p\u00e9riode, nous le r\u00e9soudrons gratuitement pour vous. Nos produits ont \u00e9t\u00e9 d\u00e9velopp\u00e9s et compos\u00e9s avec le plus grand soin. Si un probl\u00e8me survenait malgr\u00e9 tout et que vous souhaitiez faire appel \u00e0 la garantie, [&hellip;]<\/p>\n","protected":false},"author":8,"featured_media":0,"parent":1175,"menu_order":0,"comment_status":"closed","ping_status":"closed","template":"faq-content.php","meta":{"_acf_changed":false,"footnotes":""},"categories":[],"tags":[],"class_list":["post-1209","page","type-page","status-publish","hentry"],"acf":[],"yoast_head":"<!-- This site is optimized with the Yoast SEO plugin v25.9 - https:\/\/yoast.com\/wordpress\/plugins\/seo\/ -->\n<title>P\u00e9riode de garantie - Spotter France<\/title>\n<meta name=\"robots\" content=\"index, follow, max-snippet:-1, max-image-preview:large, max-video-preview:-1\" \/>\n<link rel=\"canonical\" href=\"https:\/\/www.spottergps.com\/fr\/faq\/general\/periode-de-garantie\/\" \/>\n<meta property=\"og:locale\" content=\"fr_FR\" \/>\n<meta property=\"og:type\" content=\"article\" \/>\n<meta property=\"og:title\" content=\"P\u00e9riode de garantie - Spotter France\" \/>\n<meta property=\"og:description\" content=\"Tous les produits Spotter sont livr\u00e9s avec une garantie mat\u00e9rielle de deux ans. Donc, s&rsquo;il y a un probl\u00e8me pendant cette p\u00e9riode, nous le r\u00e9soudrons gratuitement pour vous. Nos produits ont \u00e9t\u00e9 d\u00e9velopp\u00e9s et compos\u00e9s avec le plus grand soin. Si un probl\u00e8me survenait malgr\u00e9 tout et que vous souhaitiez faire appel \u00e0 la garantie, [&hellip;]\" \/>\n<meta property=\"og:url\" content=\"https:\/\/www.spottergps.com\/fr\/faq\/general\/periode-de-garantie\/\" \/>\n<meta property=\"og:site_name\" content=\"Spotter France\" \/>\n<meta property=\"article:modified_time\" content=\"2023-09-04T12:03:07+00:00\" \/>\n<meta name=\"twitter:card\" content=\"summary_large_image\" \/>\n<script type=\"application\/ld+json\" class=\"yoast-schema-graph\">{\"@context\":\"https:\/\/schema.org\",\"@graph\":[{\"@type\":\"WebPage\",\"@id\":\"https:\/\/www.spottergps.com\/fr\/faq\/general\/periode-de-garantie\/\",\"url\":\"https:\/\/www.spottergps.com\/fr\/faq\/general\/periode-de-garantie\/\",\"name\":\"P\u00e9riode de garantie - Spotter France\",\"isPartOf\":{\"@id\":\"https:\/\/www.spottergps.com\/fr\/#website\"},\"datePublished\":\"2023-09-04T11:48:58+00:00\",\"dateModified\":\"2023-09-04T12:03:07+00:00\",\"breadcrumb\":{\"@id\":\"https:\/\/www.spottergps.com\/fr\/faq\/general\/periode-de-garantie\/#breadcrumb\"},\"inLanguage\":\"fr-FR\",\"potentialAction\":[{\"@type\":\"ReadAction\",\"target\":[\"https:\/\/www.spottergps.com\/fr\/faq\/general\/periode-de-garantie\/\"]}]},{\"@type\":\"BreadcrumbList\",\"@id\":\"https:\/\/www.spottergps.com\/fr\/faq\/general\/periode-de-garantie\/#breadcrumb\",\"itemListElement\":[{\"@type\":\"ListItem\",\"position\":1,\"name\":\"Home\",\"item\":\"https:\/\/www.spottergps.com\/fr\/\"},{\"@type\":\"ListItem\",\"position\":2,\"name\":\"Comment pouvons-nous vous aider?\",\"item\":\"https:\/\/www.spottergps.com\/fr\/faq\/\"},{\"@type\":\"ListItem\",\"position\":3,\"name\":\"G\u00e9n\u00e9ral\",\"item\":\"https:\/\/www.spottergps.com\/fr\/faq\/general\/\"},{\"@type\":\"ListItem\",\"position\":4,\"name\":\"P\u00e9riode de garantie\"}]},{\"@type\":\"WebSite\",\"@id\":\"https:\/\/www.spottergps.com\/fr\/#website\",\"url\":\"https:\/\/www.spottergps.com\/fr\/\",\"name\":\"Spotter France\",\"description\":\"Een andere Spotter websites site\",\"potentialAction\":[{\"@type\":\"SearchAction\",\"target\":{\"@type\":\"EntryPoint\",\"urlTemplate\":\"https:\/\/www.spottergps.com\/fr\/?s={search_term_string}\"},\"query-input\":{\"@type\":\"PropertyValueSpecification\",\"valueRequired\":true,\"valueName\":\"search_term_string\"}}],\"inLanguage\":\"fr-FR\"}]}<\/script>\n<!-- \/ Yoast SEO plugin. -->","yoast_head_json":{"title":"P\u00e9riode de garantie - Spotter France","robots":{"index":"index","follow":"follow","max-snippet":"max-snippet:-1","max-image-preview":"max-image-preview:large","max-video-preview":"max-video-preview:-1"},"canonical":"https:\/\/www.spottergps.com\/fr\/faq\/general\/periode-de-garantie\/","og_locale":"fr_FR","og_type":"article","og_title":"P\u00e9riode de garantie - Spotter France","og_description":"Tous les produits Spotter sont livr\u00e9s avec une garantie mat\u00e9rielle de deux ans. Donc, s&rsquo;il y a un probl\u00e8me pendant cette p\u00e9riode, nous le r\u00e9soudrons gratuitement pour vous. Nos produits ont \u00e9t\u00e9 d\u00e9velopp\u00e9s et compos\u00e9s avec le plus grand soin. Si un probl\u00e8me survenait malgr\u00e9 tout et que vous souhaitiez faire appel \u00e0 la garantie, [&hellip;]","og_url":"https:\/\/www.spottergps.com\/fr\/faq\/general\/periode-de-garantie\/","og_site_name":"Spotter France","article_modified_time":"2023-09-04T12:03:07+00:00","twitter_card":"summary_large_image","schema":{"@context":"https:\/\/schema.org","@graph":[{"@type":"WebPage","@id":"https:\/\/www.spottergps.com\/fr\/faq\/general\/periode-de-garantie\/","url":"https:\/\/www.spottergps.com\/fr\/faq\/general\/periode-de-garantie\/","name":"P\u00e9riode de garantie - Spotter France","isPartOf":{"@id":"https:\/\/www.spottergps.com\/fr\/#website"},"datePublished":"2023-09-04T11:48:58+00:00","dateModified":"2023-09-04T12:03:07+00:00","breadcrumb":{"@id":"https:\/\/www.spottergps.com\/fr\/faq\/general\/periode-de-garantie\/#breadcrumb"},"inLanguage":"fr-FR","potentialAction":[{"@type":"ReadAction","target":["https:\/\/www.spottergps.com\/fr\/faq\/general\/periode-de-garantie\/"]}]},{"@type":"BreadcrumbList","@id":"https:\/\/www.spottergps.com\/fr\/faq\/general\/periode-de-garantie\/#breadcrumb","itemListElement":[{"@type":"ListItem","position":1,"name":"Home","item":"https:\/\/www.spottergps.com\/fr\/"},{"@type":"ListItem","position":2,"name":"Comment pouvons-nous vous aider?","item":"https:\/\/www.spottergps.com\/fr\/faq\/"},{"@type":"ListItem","position":3,"name":"G\u00e9n\u00e9ral","item":"https:\/\/www.spottergps.com\/fr\/faq\/general\/"},{"@type":"ListItem","position":4,"name":"P\u00e9riode de garantie"}]},{"@type":"WebSite","@id":"https:\/\/www.spottergps.com\/fr\/#website","url":"https:\/\/www.spottergps.com\/fr\/","name":"Spotter France","description":"Een andere Spotter websites site","potentialAction":[{"@type":"SearchAction","target":{"@type":"EntryPoint","urlTemplate":"https:\/\/www.spottergps.com\/fr\/?s={search_term_string}"},"query-input":{"@type":"PropertyValueSpecification","valueRequired":true,"valueName":"search_term_string"}}],"inLanguage":"fr-FR"}]}},"_links":{"self":[{"href":"https:\/\/www.spottergps.com\/fr\/wp-json\/wp\/v2\/pages\/1209","targetHints":{"allow":["GET"]}}],"collection":[{"href":"https:\/\/www.spottergps.com\/fr\/wp-json\/wp\/v2\/pages"}],"about":[{"href":"https:\/\/www.spottergps.com\/fr\/wp-json\/wp\/v2\/types\/page"}],"author":[{"embeddable":true,"href":"https:\/\/www.spottergps.com\/fr\/wp-json\/wp\/v2\/users\/8"}],"replies":[{"embeddable":true,"href":"https:\/\/www.spottergps.com\/fr\/wp-json\/wp\/v2\/comments?post=1209"}],"version-history":[{"count":4,"href":"https:\/\/www.spottergps.com\/fr\/wp-json\/wp\/v2\/pages\/1209\/revisions"}],"predecessor-version":[{"id":1216,"href":"https:\/\/www.spottergps.com\/fr\/wp-json\/wp\/v2\/pages\/1209\/revisions\/1216"}],"up":[{"embeddable":true,"href":"https:\/\/www.spottergps.com\/fr\/wp-json\/wp\/v2\/pages\/1175"}],"wp:attachment":[{"href":"https:\/\/www.spottergps.com\/fr\/wp-json\/wp\/v2\/media?parent=1209"}],"wp:term":[{"taxonomy":"category","embeddable":true,"href":"https:\/\/www.spottergps.com\/fr\/wp-json\/wp\/v2\/categories?post=1209"},{"taxonomy":"post_tag","embeddable":true,"href":"https:\/\/www.spottergps.com\/fr\/wp-json\/wp\/v2\/tags?post=1209"}],"curies":[{"name":"wp","href":"https:\/\/api.w.org\/{rel}","templated":true}]}}