{"id":1206,"date":"2023-09-04T12:44:45","date_gmt":"2023-09-04T11:44:45","guid":{"rendered":"https:\/\/www.spottergps.com\/fr\/?page_id=1206"},"modified":"2023-09-04T13:03:19","modified_gmt":"2023-09-04T12:03:19","slug":"temps-de-reponse-du-service-client","status":"publish","type":"page","link":"https:\/\/www.spottergps.com\/fr\/faq\/general\/temps-de-reponse-du-service-client\/","title":{"rendered":"Temps de r\u00e9ponse du service client"},"content":{"rendered":"\n<p>Nous nous effor\u00e7ons de r\u00e9pondre \u00e0 votre message dans les 48 heures les jours ouvrables. En pratique, cela se fait souvent en quelques heures. Si vous remplissez compl\u00e8tement <a href=\"https:\/\/www.spottergps.com\/fr\/service-clients\/\" data-type=\"URL\" data-id=\"https:\/\/www.spottergps.com\/fr\/service-clients\/\">le formulaire de contact<\/a>, nous avons imm\u00e9diatement les informations dont nous avons besoin pour vous aider le plus rapidement possible. Ici, vous pouvez poser votre question et transmettre le code Spotter.<\/p>\n","protected":false},"excerpt":{"rendered":"<p>Nous nous effor\u00e7ons de r\u00e9pondre \u00e0 votre message dans les 48 heures les jours ouvrables. En pratique, cela se fait souvent en quelques heures. Si vous remplissez compl\u00e8tement le formulaire de contact, nous avons imm\u00e9diatement les informations dont nous avons besoin pour vous aider le plus rapidement possible. Ici, vous pouvez poser votre question et [&hellip;]<\/p>\n","protected":false},"author":8,"featured_media":0,"parent":1175,"menu_order":0,"comment_status":"closed","ping_status":"closed","template":"faq-content.php","meta":{"_acf_changed":false,"footnotes":""},"categories":[],"tags":[],"class_list":["post-1206","page","type-page","status-publish","hentry"],"acf":[],"yoast_head":"<!-- This site is optimized with the Yoast SEO plugin v25.9 - https:\/\/yoast.com\/wordpress\/plugins\/seo\/ -->\n<title>Temps de r\u00e9ponse du service client - Spotter France<\/title>\n<meta name=\"robots\" content=\"index, follow, max-snippet:-1, max-image-preview:large, max-video-preview:-1\" \/>\n<link rel=\"canonical\" href=\"https:\/\/www.spottergps.com\/fr\/faq\/general\/temps-de-reponse-du-service-client\/\" \/>\n<meta property=\"og:locale\" content=\"fr_FR\" \/>\n<meta property=\"og:type\" content=\"article\" \/>\n<meta property=\"og:title\" content=\"Temps de r\u00e9ponse du service client - Spotter France\" \/>\n<meta property=\"og:description\" content=\"Nous nous effor\u00e7ons de r\u00e9pondre \u00e0 votre message dans les 48 heures les jours ouvrables. En pratique, cela se fait souvent en quelques heures. Si vous remplissez compl\u00e8tement le formulaire de contact, nous avons imm\u00e9diatement les informations dont nous avons besoin pour vous aider le plus rapidement possible. Ici, vous pouvez poser votre question et [&hellip;]\" \/>\n<meta property=\"og:url\" content=\"https:\/\/www.spottergps.com\/fr\/faq\/general\/temps-de-reponse-du-service-client\/\" \/>\n<meta property=\"og:site_name\" content=\"Spotter France\" \/>\n<meta property=\"article:modified_time\" content=\"2023-09-04T12:03:19+00:00\" \/>\n<meta name=\"twitter:card\" content=\"summary_large_image\" \/>\n<script type=\"application\/ld+json\" class=\"yoast-schema-graph\">{\"@context\":\"https:\/\/schema.org\",\"@graph\":[{\"@type\":\"WebPage\",\"@id\":\"https:\/\/www.spottergps.com\/fr\/faq\/general\/temps-de-reponse-du-service-client\/\",\"url\":\"https:\/\/www.spottergps.com\/fr\/faq\/general\/temps-de-reponse-du-service-client\/\",\"name\":\"Temps de r\u00e9ponse du service client - Spotter France\",\"isPartOf\":{\"@id\":\"https:\/\/www.spottergps.com\/fr\/#website\"},\"datePublished\":\"2023-09-04T11:44:45+00:00\",\"dateModified\":\"2023-09-04T12:03:19+00:00\",\"breadcrumb\":{\"@id\":\"https:\/\/www.spottergps.com\/fr\/faq\/general\/temps-de-reponse-du-service-client\/#breadcrumb\"},\"inLanguage\":\"fr-FR\",\"potentialAction\":[{\"@type\":\"ReadAction\",\"target\":[\"https:\/\/www.spottergps.com\/fr\/faq\/general\/temps-de-reponse-du-service-client\/\"]}]},{\"@type\":\"BreadcrumbList\",\"@id\":\"https:\/\/www.spottergps.com\/fr\/faq\/general\/temps-de-reponse-du-service-client\/#breadcrumb\",\"itemListElement\":[{\"@type\":\"ListItem\",\"position\":1,\"name\":\"Home\",\"item\":\"https:\/\/www.spottergps.com\/fr\/\"},{\"@type\":\"ListItem\",\"position\":2,\"name\":\"Comment pouvons-nous vous aider?\",\"item\":\"https:\/\/www.spottergps.com\/fr\/faq\/\"},{\"@type\":\"ListItem\",\"position\":3,\"name\":\"G\u00e9n\u00e9ral\",\"item\":\"https:\/\/www.spottergps.com\/fr\/faq\/general\/\"},{\"@type\":\"ListItem\",\"position\":4,\"name\":\"Temps de r\u00e9ponse du service client\"}]},{\"@type\":\"WebSite\",\"@id\":\"https:\/\/www.spottergps.com\/fr\/#website\",\"url\":\"https:\/\/www.spottergps.com\/fr\/\",\"name\":\"Spotter France\",\"description\":\"Een andere Spotter websites site\",\"potentialAction\":[{\"@type\":\"SearchAction\",\"target\":{\"@type\":\"EntryPoint\",\"urlTemplate\":\"https:\/\/www.spottergps.com\/fr\/?s={search_term_string}\"},\"query-input\":{\"@type\":\"PropertyValueSpecification\",\"valueRequired\":true,\"valueName\":\"search_term_string\"}}],\"inLanguage\":\"fr-FR\"}]}<\/script>\n<!-- \/ Yoast SEO plugin. -->","yoast_head_json":{"title":"Temps de r\u00e9ponse du service client - Spotter France","robots":{"index":"index","follow":"follow","max-snippet":"max-snippet:-1","max-image-preview":"max-image-preview:large","max-video-preview":"max-video-preview:-1"},"canonical":"https:\/\/www.spottergps.com\/fr\/faq\/general\/temps-de-reponse-du-service-client\/","og_locale":"fr_FR","og_type":"article","og_title":"Temps de r\u00e9ponse du service client - Spotter France","og_description":"Nous nous effor\u00e7ons de r\u00e9pondre \u00e0 votre message dans les 48 heures les jours ouvrables. En pratique, cela se fait souvent en quelques heures. Si vous remplissez compl\u00e8tement le formulaire de contact, nous avons imm\u00e9diatement les informations dont nous avons besoin pour vous aider le plus rapidement possible. Ici, vous pouvez poser votre question et [&hellip;]","og_url":"https:\/\/www.spottergps.com\/fr\/faq\/general\/temps-de-reponse-du-service-client\/","og_site_name":"Spotter France","article_modified_time":"2023-09-04T12:03:19+00:00","twitter_card":"summary_large_image","schema":{"@context":"https:\/\/schema.org","@graph":[{"@type":"WebPage","@id":"https:\/\/www.spottergps.com\/fr\/faq\/general\/temps-de-reponse-du-service-client\/","url":"https:\/\/www.spottergps.com\/fr\/faq\/general\/temps-de-reponse-du-service-client\/","name":"Temps de r\u00e9ponse du service client - Spotter France","isPartOf":{"@id":"https:\/\/www.spottergps.com\/fr\/#website"},"datePublished":"2023-09-04T11:44:45+00:00","dateModified":"2023-09-04T12:03:19+00:00","breadcrumb":{"@id":"https:\/\/www.spottergps.com\/fr\/faq\/general\/temps-de-reponse-du-service-client\/#breadcrumb"},"inLanguage":"fr-FR","potentialAction":[{"@type":"ReadAction","target":["https:\/\/www.spottergps.com\/fr\/faq\/general\/temps-de-reponse-du-service-client\/"]}]},{"@type":"BreadcrumbList","@id":"https:\/\/www.spottergps.com\/fr\/faq\/general\/temps-de-reponse-du-service-client\/#breadcrumb","itemListElement":[{"@type":"ListItem","position":1,"name":"Home","item":"https:\/\/www.spottergps.com\/fr\/"},{"@type":"ListItem","position":2,"name":"Comment pouvons-nous vous aider?","item":"https:\/\/www.spottergps.com\/fr\/faq\/"},{"@type":"ListItem","position":3,"name":"G\u00e9n\u00e9ral","item":"https:\/\/www.spottergps.com\/fr\/faq\/general\/"},{"@type":"ListItem","position":4,"name":"Temps de r\u00e9ponse du service client"}]},{"@type":"WebSite","@id":"https:\/\/www.spottergps.com\/fr\/#website","url":"https:\/\/www.spottergps.com\/fr\/","name":"Spotter France","description":"Een andere Spotter websites site","potentialAction":[{"@type":"SearchAction","target":{"@type":"EntryPoint","urlTemplate":"https:\/\/www.spottergps.com\/fr\/?s={search_term_string}"},"query-input":{"@type":"PropertyValueSpecification","valueRequired":true,"valueName":"search_term_string"}}],"inLanguage":"fr-FR"}]}},"_links":{"self":[{"href":"https:\/\/www.spottergps.com\/fr\/wp-json\/wp\/v2\/pages\/1206","targetHints":{"allow":["GET"]}}],"collection":[{"href":"https:\/\/www.spottergps.com\/fr\/wp-json\/wp\/v2\/pages"}],"about":[{"href":"https:\/\/www.spottergps.com\/fr\/wp-json\/wp\/v2\/types\/page"}],"author":[{"embeddable":true,"href":"https:\/\/www.spottergps.com\/fr\/wp-json\/wp\/v2\/users\/8"}],"replies":[{"embeddable":true,"href":"https:\/\/www.spottergps.com\/fr\/wp-json\/wp\/v2\/comments?post=1206"}],"version-history":[{"count":3,"href":"https:\/\/www.spottergps.com\/fr\/wp-json\/wp\/v2\/pages\/1206\/revisions"}],"predecessor-version":[{"id":1217,"href":"https:\/\/www.spottergps.com\/fr\/wp-json\/wp\/v2\/pages\/1206\/revisions\/1217"}],"up":[{"embeddable":true,"href":"https:\/\/www.spottergps.com\/fr\/wp-json\/wp\/v2\/pages\/1175"}],"wp:attachment":[{"href":"https:\/\/www.spottergps.com\/fr\/wp-json\/wp\/v2\/media?parent=1206"}],"wp:term":[{"taxonomy":"category","embeddable":true,"href":"https:\/\/www.spottergps.com\/fr\/wp-json\/wp\/v2\/categories?post=1206"},{"taxonomy":"post_tag","embeddable":true,"href":"https:\/\/www.spottergps.com\/fr\/wp-json\/wp\/v2\/tags?post=1206"}],"curies":[{"name":"wp","href":"https:\/\/api.w.org\/{rel}","templated":true}]}}