{"id":1203,"date":"2023-09-04T12:38:34","date_gmt":"2023-09-04T11:38:34","guid":{"rendered":"https:\/\/www.spottergps.com\/fr\/?page_id=1203"},"modified":"2023-09-04T13:05:36","modified_gmt":"2023-09-04T12:05:36","slug":"comment-puis-je-contacter-le-service-client","status":"publish","type":"page","link":"https:\/\/www.spottergps.com\/fr\/faq\/general\/comment-puis-je-contacter-le-service-client\/","title":{"rendered":"Comment puis-je contacter le service client?"},"content":{"rendered":"\n<p>Notre service client se fera un plaisir de vous aider. Afin de pouvoir vous aider correctement et le plus rapidement possible en cas de question ou de probl\u00e8me, nous avons choisi de communiquer par e-mail. Vous pouvez joindre notre service client via<a href=\"https:\/\/www.spottergps.com\/fr\/service-clients\/\" data-type=\"URL\" data-id=\"https:\/\/www.spottergps.com\/fr\/service-clients\/\"> le formulaire de contact<\/a> sur notre site internet. Nous nous effor\u00e7ons de r\u00e9pondre \u00e0 votre message dans les 48 heures les jours ouvrables.<\/p>\n","protected":false},"excerpt":{"rendered":"<p>Notre service client se fera un plaisir de vous aider. Afin de pouvoir vous aider correctement et le plus rapidement possible en cas de question ou de probl\u00e8me, nous avons choisi de communiquer par e-mail. Vous pouvez joindre notre service client via le formulaire de contact sur notre site internet. Nous nous effor\u00e7ons de r\u00e9pondre [&hellip;]<\/p>\n","protected":false},"author":8,"featured_media":0,"parent":1175,"menu_order":0,"comment_status":"closed","ping_status":"closed","template":"faq-content.php","meta":{"_acf_changed":false,"footnotes":""},"categories":[],"tags":[],"class_list":["post-1203","page","type-page","status-publish","hentry"],"acf":[],"yoast_head":"<!-- This site is optimized with the Yoast SEO plugin v25.9 - https:\/\/yoast.com\/wordpress\/plugins\/seo\/ -->\n<title>Comment puis-je contacter le service client? - Spotter France<\/title>\n<meta name=\"robots\" content=\"index, follow, max-snippet:-1, max-image-preview:large, max-video-preview:-1\" \/>\n<link rel=\"canonical\" href=\"https:\/\/www.spottergps.com\/fr\/faq\/general\/comment-puis-je-contacter-le-service-client\/\" \/>\n<meta property=\"og:locale\" content=\"fr_FR\" \/>\n<meta property=\"og:type\" content=\"article\" \/>\n<meta property=\"og:title\" content=\"Comment puis-je contacter le service client? - Spotter France\" \/>\n<meta property=\"og:description\" content=\"Notre service client se fera un plaisir de vous aider. Afin de pouvoir vous aider correctement et le plus rapidement possible en cas de question ou de probl\u00e8me, nous avons choisi de communiquer par e-mail. Vous pouvez joindre notre service client via le formulaire de contact sur notre site internet. Nous nous effor\u00e7ons de r\u00e9pondre [&hellip;]\" \/>\n<meta property=\"og:url\" content=\"https:\/\/www.spottergps.com\/fr\/faq\/general\/comment-puis-je-contacter-le-service-client\/\" \/>\n<meta property=\"og:site_name\" content=\"Spotter France\" \/>\n<meta property=\"article:modified_time\" content=\"2023-09-04T12:05:36+00:00\" \/>\n<meta name=\"twitter:card\" content=\"summary_large_image\" \/>\n<script type=\"application\/ld+json\" class=\"yoast-schema-graph\">{\"@context\":\"https:\/\/schema.org\",\"@graph\":[{\"@type\":\"WebPage\",\"@id\":\"https:\/\/www.spottergps.com\/fr\/faq\/general\/comment-puis-je-contacter-le-service-client\/\",\"url\":\"https:\/\/www.spottergps.com\/fr\/faq\/general\/comment-puis-je-contacter-le-service-client\/\",\"name\":\"Comment puis-je contacter le service client? - Spotter France\",\"isPartOf\":{\"@id\":\"https:\/\/www.spottergps.com\/fr\/#website\"},\"datePublished\":\"2023-09-04T11:38:34+00:00\",\"dateModified\":\"2023-09-04T12:05:36+00:00\",\"breadcrumb\":{\"@id\":\"https:\/\/www.spottergps.com\/fr\/faq\/general\/comment-puis-je-contacter-le-service-client\/#breadcrumb\"},\"inLanguage\":\"fr-FR\",\"potentialAction\":[{\"@type\":\"ReadAction\",\"target\":[\"https:\/\/www.spottergps.com\/fr\/faq\/general\/comment-puis-je-contacter-le-service-client\/\"]}]},{\"@type\":\"BreadcrumbList\",\"@id\":\"https:\/\/www.spottergps.com\/fr\/faq\/general\/comment-puis-je-contacter-le-service-client\/#breadcrumb\",\"itemListElement\":[{\"@type\":\"ListItem\",\"position\":1,\"name\":\"Home\",\"item\":\"https:\/\/www.spottergps.com\/fr\/\"},{\"@type\":\"ListItem\",\"position\":2,\"name\":\"Comment pouvons-nous vous aider?\",\"item\":\"https:\/\/www.spottergps.com\/fr\/faq\/\"},{\"@type\":\"ListItem\",\"position\":3,\"name\":\"G\u00e9n\u00e9ral\",\"item\":\"https:\/\/www.spottergps.com\/fr\/faq\/general\/\"},{\"@type\":\"ListItem\",\"position\":4,\"name\":\"Comment puis-je contacter le service client?\"}]},{\"@type\":\"WebSite\",\"@id\":\"https:\/\/www.spottergps.com\/fr\/#website\",\"url\":\"https:\/\/www.spottergps.com\/fr\/\",\"name\":\"Spotter France\",\"description\":\"Een andere Spotter websites site\",\"potentialAction\":[{\"@type\":\"SearchAction\",\"target\":{\"@type\":\"EntryPoint\",\"urlTemplate\":\"https:\/\/www.spottergps.com\/fr\/?s={search_term_string}\"},\"query-input\":{\"@type\":\"PropertyValueSpecification\",\"valueRequired\":true,\"valueName\":\"search_term_string\"}}],\"inLanguage\":\"fr-FR\"}]}<\/script>\n<!-- \/ Yoast SEO plugin. -->","yoast_head_json":{"title":"Comment puis-je contacter le service client? - Spotter France","robots":{"index":"index","follow":"follow","max-snippet":"max-snippet:-1","max-image-preview":"max-image-preview:large","max-video-preview":"max-video-preview:-1"},"canonical":"https:\/\/www.spottergps.com\/fr\/faq\/general\/comment-puis-je-contacter-le-service-client\/","og_locale":"fr_FR","og_type":"article","og_title":"Comment puis-je contacter le service client? - Spotter France","og_description":"Notre service client se fera un plaisir de vous aider. Afin de pouvoir vous aider correctement et le plus rapidement possible en cas de question ou de probl\u00e8me, nous avons choisi de communiquer par e-mail. Vous pouvez joindre notre service client via le formulaire de contact sur notre site internet. Nous nous effor\u00e7ons de r\u00e9pondre [&hellip;]","og_url":"https:\/\/www.spottergps.com\/fr\/faq\/general\/comment-puis-je-contacter-le-service-client\/","og_site_name":"Spotter France","article_modified_time":"2023-09-04T12:05:36+00:00","twitter_card":"summary_large_image","schema":{"@context":"https:\/\/schema.org","@graph":[{"@type":"WebPage","@id":"https:\/\/www.spottergps.com\/fr\/faq\/general\/comment-puis-je-contacter-le-service-client\/","url":"https:\/\/www.spottergps.com\/fr\/faq\/general\/comment-puis-je-contacter-le-service-client\/","name":"Comment puis-je contacter le service client? - Spotter France","isPartOf":{"@id":"https:\/\/www.spottergps.com\/fr\/#website"},"datePublished":"2023-09-04T11:38:34+00:00","dateModified":"2023-09-04T12:05:36+00:00","breadcrumb":{"@id":"https:\/\/www.spottergps.com\/fr\/faq\/general\/comment-puis-je-contacter-le-service-client\/#breadcrumb"},"inLanguage":"fr-FR","potentialAction":[{"@type":"ReadAction","target":["https:\/\/www.spottergps.com\/fr\/faq\/general\/comment-puis-je-contacter-le-service-client\/"]}]},{"@type":"BreadcrumbList","@id":"https:\/\/www.spottergps.com\/fr\/faq\/general\/comment-puis-je-contacter-le-service-client\/#breadcrumb","itemListElement":[{"@type":"ListItem","position":1,"name":"Home","item":"https:\/\/www.spottergps.com\/fr\/"},{"@type":"ListItem","position":2,"name":"Comment pouvons-nous vous aider?","item":"https:\/\/www.spottergps.com\/fr\/faq\/"},{"@type":"ListItem","position":3,"name":"G\u00e9n\u00e9ral","item":"https:\/\/www.spottergps.com\/fr\/faq\/general\/"},{"@type":"ListItem","position":4,"name":"Comment puis-je contacter le service client?"}]},{"@type":"WebSite","@id":"https:\/\/www.spottergps.com\/fr\/#website","url":"https:\/\/www.spottergps.com\/fr\/","name":"Spotter France","description":"Een andere Spotter websites site","potentialAction":[{"@type":"SearchAction","target":{"@type":"EntryPoint","urlTemplate":"https:\/\/www.spottergps.com\/fr\/?s={search_term_string}"},"query-input":{"@type":"PropertyValueSpecification","valueRequired":true,"valueName":"search_term_string"}}],"inLanguage":"fr-FR"}]}},"_links":{"self":[{"href":"https:\/\/www.spottergps.com\/fr\/wp-json\/wp\/v2\/pages\/1203","targetHints":{"allow":["GET"]}}],"collection":[{"href":"https:\/\/www.spottergps.com\/fr\/wp-json\/wp\/v2\/pages"}],"about":[{"href":"https:\/\/www.spottergps.com\/fr\/wp-json\/wp\/v2\/types\/page"}],"author":[{"embeddable":true,"href":"https:\/\/www.spottergps.com\/fr\/wp-json\/wp\/v2\/users\/8"}],"replies":[{"embeddable":true,"href":"https:\/\/www.spottergps.com\/fr\/wp-json\/wp\/v2\/comments?post=1203"}],"version-history":[{"count":4,"href":"https:\/\/www.spottergps.com\/fr\/wp-json\/wp\/v2\/pages\/1203\/revisions"}],"predecessor-version":[{"id":1221,"href":"https:\/\/www.spottergps.com\/fr\/wp-json\/wp\/v2\/pages\/1203\/revisions\/1221"}],"up":[{"embeddable":true,"href":"https:\/\/www.spottergps.com\/fr\/wp-json\/wp\/v2\/pages\/1175"}],"wp:attachment":[{"href":"https:\/\/www.spottergps.com\/fr\/wp-json\/wp\/v2\/media?parent=1203"}],"wp:term":[{"taxonomy":"category","embeddable":true,"href":"https:\/\/www.spottergps.com\/fr\/wp-json\/wp\/v2\/categories?post=1203"},{"taxonomy":"post_tag","embeddable":true,"href":"https:\/\/www.spottergps.com\/fr\/wp-json\/wp\/v2\/tags?post=1203"}],"curies":[{"name":"wp","href":"https:\/\/api.w.org\/{rel}","templated":true}]}}