{"id":99,"date":"2023-03-29T09:34:24","date_gmt":"2023-03-29T09:34:24","guid":{"rendered":"https:\/\/www.spottergps.com\/es\/?page_id=99"},"modified":"2024-07-01T12:34:35","modified_gmt":"2024-07-01T12:34:35","slug":"no-puedo-agregar-mi-observador","status":"publish","type":"page","link":"https:\/\/www.spottergps.com\/es\/faq\/aplicacion\/no-puedo-agregar-mi-observador\/","title":{"rendered":"No puedo agregar mi observador"},"content":{"rendered":"\n<p>A veces esto puede suceder debido a un error tipogr\u00e1fico. El c\u00f3digo Spotter de 12 letras es largo y, por lo tanto, es f\u00e1cil cometer un error al copiarlo. Vuelva a intentarlo y, si esto no funciona, es posible que se aplique lo siguiente:<\/p>\n\n\n\n<p><strong>El Spotter ya se ha agregado a otra cuenta<\/strong><\/p>\n\n\n\n<p>Si no puede agregar su Spotter a una cuenta, el Spotter a\u00fan puede estar vinculado a otra cuenta. Por ejemplo, su antigua direcci\u00f3n de correo electr\u00f3nico. El Spotter se puede vincular a una direcci\u00f3n de correo electr\u00f3nico. Para resolver esto:<\/p>\n\n\n\n<ol class=\"wp-block-list\">\n<li>Inicie sesi\u00f3n en su cuenta en l\u00ednea.<\/li>\n\n\n\n<li>Vaya a \u201cinicio\u201d en el men\u00fa.<\/li>\n\n\n\n<li>Seleccione el Spotter en el mapa.<\/li>\n\n\n\n<li>Haga clic en el Spotter y vaya a &#8220;Configuraci\u00f3n&#8221;.<\/li>\n\n\n\n<li>Haga clic en &#8220;eliminar sistema de la cuenta&#8221;.<\/li>\n\n\n\n<li>Luego haga clic en &#8220;eliminar&#8221; nuevamente si est\u00e1 seguro.<\/li>\n\n\n\n<li>El observador ahora se ha eliminado de la cuenta.<\/li>\n<\/ol>\n\n\n\n<p>Ahora puede volver a agregar el Spotter a la nueva cuenta utilizando el c\u00f3digo de Spotter.<br>Por razones de privacidad (GDPR), no podemos eliminar el Spotter de su cuenta por usted.<\/p>\n\n\n\n<p>\u00bfA\u00fan no agregaste? Entonces, p\u00f3ngase en contacto con nuestro <a href=\"https:\/\/www.spottergps.com\/es\/servicio-al-cliente\/\" data-type=\"URL\" data-id=\"https:\/\/www.spottergps.com\/es\/servicio-al-cliente\/\">servicio de atenci\u00f3n al cliente<\/a>.<\/p>\n","protected":false},"excerpt":{"rendered":"<p>A veces esto puede suceder debido a un error tipogr\u00e1fico. El c\u00f3digo Spotter de 12 letras es largo y, por lo tanto, es f\u00e1cil cometer un error al copiarlo. Vuelva a intentarlo y, si esto no funciona, es posible que se aplique lo siguiente: El Spotter ya se ha agregado a otra cuenta Si no [&hellip;]<\/p>\n","protected":false},"author":10,"featured_media":0,"parent":81,"menu_order":0,"comment_status":"closed","ping_status":"closed","template":"faq-content.php","meta":{"_acf_changed":false,"footnotes":""},"categories":[2],"tags":[],"class_list":["post-99","page","type-page","status-publish","hentry","category-faq"],"acf":[],"yoast_head":"<!-- This site is optimized with the Yoast SEO plugin v25.9 - https:\/\/yoast.com\/wordpress\/plugins\/seo\/ -->\n<title>No puedo agregar mi observador - Spotter Spain<\/title>\n<meta name=\"robots\" content=\"noindex, nofollow\" \/>\n<meta property=\"og:locale\" content=\"es_ES\" \/>\n<meta property=\"og:type\" content=\"article\" \/>\n<meta property=\"og:title\" content=\"No puedo agregar mi observador - Spotter Spain\" \/>\n<meta property=\"og:description\" content=\"A veces esto puede suceder debido a un error tipogr\u00e1fico. El c\u00f3digo Spotter de 12 letras es largo y, por lo tanto, es f\u00e1cil cometer un error al copiarlo. Vuelva a intentarlo y, si esto no funciona, es posible que se aplique lo siguiente: El Spotter ya se ha agregado a otra cuenta Si no [&hellip;]\" \/>\n<meta property=\"og:url\" content=\"https:\/\/www.spottergps.com\/es\/faq\/aplicacion\/no-puedo-agregar-mi-observador\/\" \/>\n<meta property=\"og:site_name\" content=\"Spotter Spain\" \/>\n<meta property=\"article:modified_time\" content=\"2024-07-01T12:34:35+00:00\" \/>\n<meta name=\"twitter:card\" content=\"summary_large_image\" \/>\n<meta name=\"twitter:label1\" content=\"Tiempo de lectura\" \/>\n\t<meta name=\"twitter:data1\" content=\"1 minute\" \/>\n<script type=\"application\/ld+json\" class=\"yoast-schema-graph\">{\"@context\":\"https:\/\/schema.org\",\"@graph\":[{\"@type\":\"WebPage\",\"@id\":\"https:\/\/www.spottergps.com\/es\/faq\/aplicacion\/no-puedo-agregar-mi-observador\/\",\"url\":\"https:\/\/www.spottergps.com\/es\/faq\/aplicacion\/no-puedo-agregar-mi-observador\/\",\"name\":\"No puedo agregar mi observador - Spotter Spain\",\"isPartOf\":{\"@id\":\"https:\/\/www.spottergps.com\/es\/#website\"},\"datePublished\":\"2023-03-29T09:34:24+00:00\",\"dateModified\":\"2024-07-01T12:34:35+00:00\",\"breadcrumb\":{\"@id\":\"https:\/\/www.spottergps.com\/es\/faq\/aplicacion\/no-puedo-agregar-mi-observador\/#breadcrumb\"},\"inLanguage\":\"es-ES\",\"potentialAction\":[{\"@type\":\"ReadAction\",\"target\":[\"https:\/\/www.spottergps.com\/es\/faq\/aplicacion\/no-puedo-agregar-mi-observador\/\"]}]},{\"@type\":\"BreadcrumbList\",\"@id\":\"https:\/\/www.spottergps.com\/es\/faq\/aplicacion\/no-puedo-agregar-mi-observador\/#breadcrumb\",\"itemListElement\":[{\"@type\":\"ListItem\",\"position\":1,\"name\":\"Home\",\"item\":\"https:\/\/www.spottergps.com\/es\/\"},{\"@type\":\"ListItem\",\"position\":2,\"name\":\"\u00bfC\u00f3mo podemos ayudarte?\",\"item\":\"https:\/\/www.spottergps.com\/es\/faq\/\"},{\"@type\":\"ListItem\",\"position\":3,\"name\":\"Aplicaci\u00f3n\",\"item\":\"https:\/\/www.spottergps.com\/es\/faq\/aplicacion\/\"},{\"@type\":\"ListItem\",\"position\":4,\"name\":\"No puedo agregar mi observador\"}]},{\"@type\":\"WebSite\",\"@id\":\"https:\/\/www.spottergps.com\/es\/#website\",\"url\":\"https:\/\/www.spottergps.com\/es\/\",\"name\":\"Spotter Spain\",\"description\":\"Para todo lo que amas\",\"publisher\":{\"@id\":\"https:\/\/www.spottergps.com\/es\/#organization\"},\"potentialAction\":[{\"@type\":\"SearchAction\",\"target\":{\"@type\":\"EntryPoint\",\"urlTemplate\":\"https:\/\/www.spottergps.com\/es\/?s={search_term_string}\"},\"query-input\":{\"@type\":\"PropertyValueSpecification\",\"valueRequired\":true,\"valueName\":\"search_term_string\"}}],\"inLanguage\":\"es-ES\"},{\"@type\":\"Organization\",\"@id\":\"https:\/\/www.spottergps.com\/es\/#organization\",\"name\":\"Spotter B.V.\",\"url\":\"https:\/\/www.spottergps.com\/es\/\",\"logo\":{\"@type\":\"ImageObject\",\"inLanguage\":\"es-ES\",\"@id\":\"https:\/\/www.spottergps.com\/es\/#\/schema\/logo\/image\/\",\"url\":\"https:\/\/www.spottergps.com\/es\/wp-content\/uploads\/sites\/7\/2023\/09\/Spotter_logo.png\",\"contentUrl\":\"https:\/\/www.spottergps.com\/es\/wp-content\/uploads\/sites\/7\/2023\/09\/Spotter_logo.png\",\"width\":1500,\"height\":696,\"caption\":\"Spotter B.V.\"},\"image\":{\"@id\":\"https:\/\/www.spottergps.com\/es\/#\/schema\/logo\/image\/\"}}]}<\/script>\n<!-- \/ Yoast SEO plugin. -->","yoast_head_json":{"title":"No puedo agregar mi observador - Spotter Spain","robots":{"index":"noindex","follow":"nofollow"},"og_locale":"es_ES","og_type":"article","og_title":"No puedo agregar mi observador - Spotter Spain","og_description":"A veces esto puede suceder debido a un error tipogr\u00e1fico. El c\u00f3digo Spotter de 12 letras es largo y, por lo tanto, es f\u00e1cil cometer un error al copiarlo. Vuelva a intentarlo y, si esto no funciona, es posible que se aplique lo siguiente: El Spotter ya se ha agregado a otra cuenta Si no [&hellip;]","og_url":"https:\/\/www.spottergps.com\/es\/faq\/aplicacion\/no-puedo-agregar-mi-observador\/","og_site_name":"Spotter Spain","article_modified_time":"2024-07-01T12:34:35+00:00","twitter_card":"summary_large_image","twitter_misc":{"Tiempo de lectura":"1 minute"},"schema":{"@context":"https:\/\/schema.org","@graph":[{"@type":"WebPage","@id":"https:\/\/www.spottergps.com\/es\/faq\/aplicacion\/no-puedo-agregar-mi-observador\/","url":"https:\/\/www.spottergps.com\/es\/faq\/aplicacion\/no-puedo-agregar-mi-observador\/","name":"No puedo agregar mi observador - Spotter Spain","isPartOf":{"@id":"https:\/\/www.spottergps.com\/es\/#website"},"datePublished":"2023-03-29T09:34:24+00:00","dateModified":"2024-07-01T12:34:35+00:00","breadcrumb":{"@id":"https:\/\/www.spottergps.com\/es\/faq\/aplicacion\/no-puedo-agregar-mi-observador\/#breadcrumb"},"inLanguage":"es-ES","potentialAction":[{"@type":"ReadAction","target":["https:\/\/www.spottergps.com\/es\/faq\/aplicacion\/no-puedo-agregar-mi-observador\/"]}]},{"@type":"BreadcrumbList","@id":"https:\/\/www.spottergps.com\/es\/faq\/aplicacion\/no-puedo-agregar-mi-observador\/#breadcrumb","itemListElement":[{"@type":"ListItem","position":1,"name":"Home","item":"https:\/\/www.spottergps.com\/es\/"},{"@type":"ListItem","position":2,"name":"\u00bfC\u00f3mo podemos ayudarte?","item":"https:\/\/www.spottergps.com\/es\/faq\/"},{"@type":"ListItem","position":3,"name":"Aplicaci\u00f3n","item":"https:\/\/www.spottergps.com\/es\/faq\/aplicacion\/"},{"@type":"ListItem","position":4,"name":"No puedo agregar mi observador"}]},{"@type":"WebSite","@id":"https:\/\/www.spottergps.com\/es\/#website","url":"https:\/\/www.spottergps.com\/es\/","name":"Spotter Spain","description":"Para todo lo que amas","publisher":{"@id":"https:\/\/www.spottergps.com\/es\/#organization"},"potentialAction":[{"@type":"SearchAction","target":{"@type":"EntryPoint","urlTemplate":"https:\/\/www.spottergps.com\/es\/?s={search_term_string}"},"query-input":{"@type":"PropertyValueSpecification","valueRequired":true,"valueName":"search_term_string"}}],"inLanguage":"es-ES"},{"@type":"Organization","@id":"https:\/\/www.spottergps.com\/es\/#organization","name":"Spotter B.V.","url":"https:\/\/www.spottergps.com\/es\/","logo":{"@type":"ImageObject","inLanguage":"es-ES","@id":"https:\/\/www.spottergps.com\/es\/#\/schema\/logo\/image\/","url":"https:\/\/www.spottergps.com\/es\/wp-content\/uploads\/sites\/7\/2023\/09\/Spotter_logo.png","contentUrl":"https:\/\/www.spottergps.com\/es\/wp-content\/uploads\/sites\/7\/2023\/09\/Spotter_logo.png","width":1500,"height":696,"caption":"Spotter B.V."},"image":{"@id":"https:\/\/www.spottergps.com\/es\/#\/schema\/logo\/image\/"}}]}},"_links":{"self":[{"href":"https:\/\/www.spottergps.com\/es\/wp-json\/wp\/v2\/pages\/99","targetHints":{"allow":["GET"]}}],"collection":[{"href":"https:\/\/www.spottergps.com\/es\/wp-json\/wp\/v2\/pages"}],"about":[{"href":"https:\/\/www.spottergps.com\/es\/wp-json\/wp\/v2\/types\/page"}],"author":[{"embeddable":true,"href":"https:\/\/www.spottergps.com\/es\/wp-json\/wp\/v2\/users\/10"}],"replies":[{"embeddable":true,"href":"https:\/\/www.spottergps.com\/es\/wp-json\/wp\/v2\/comments?post=99"}],"version-history":[{"count":3,"href":"https:\/\/www.spottergps.com\/es\/wp-json\/wp\/v2\/pages\/99\/revisions"}],"predecessor-version":[{"id":1536,"href":"https:\/\/www.spottergps.com\/es\/wp-json\/wp\/v2\/pages\/99\/revisions\/1536"}],"up":[{"embeddable":true,"href":"https:\/\/www.spottergps.com\/es\/wp-json\/wp\/v2\/pages\/81"}],"wp:attachment":[{"href":"https:\/\/www.spottergps.com\/es\/wp-json\/wp\/v2\/media?parent=99"}],"wp:term":[{"taxonomy":"category","embeddable":true,"href":"https:\/\/www.spottergps.com\/es\/wp-json\/wp\/v2\/categories?post=99"},{"taxonomy":"post_tag","embeddable":true,"href":"https:\/\/www.spottergps.com\/es\/wp-json\/wp\/v2\/tags?post=99"}],"curies":[{"name":"wp","href":"https:\/\/api.w.org\/{rel}","templated":true}]}}