{"id":981,"date":"2023-04-21T07:30:35","date_gmt":"2023-04-21T07:30:35","guid":{"rendered":"https:\/\/www.spottergps.com\/es\/?page_id=981"},"modified":"2023-09-27T14:02:12","modified_gmt":"2023-09-27T14:02:12","slug":"contacto","status":"publish","type":"page","link":"https:\/\/www.spottergps.com\/es\/contacto\/","title":{"rendered":"Contacto"},"content":{"rendered":"\n<p>Estamos abiertos todos los d\u00edas laborables de las 08:30 a las 12:30 y de las 13:00 a 17:00 horas.&nbsp;<\/p>\n\n\n\n<p>\u00bfTiene alguna pregunta sobre el funcionamiento de su producto o alguna pregunta general? Vea la secci\u00f3n &#8220;<a href=\"https:\/\/www.spottergps.com\/es\/faq\/\" data-type=\"page\" data-id=\"27\">las preguntas m\u00e1s frecuentes<\/a>&#8220;. Aqu\u00ed hemos recopilado y respondido todas las preguntas de nuestros clientes. Probablemente encontrar\u00e1 la respuesta a su pregunta all\u00ed mismo.&nbsp;<\/p>\n\n\n\n<p>\u00bfNo encontr\u00f3 una respuesta a su pregunta? Entonces, p\u00f3ngase en contacto con nuestro <a href=\"https:\/\/www.spottergps.com\/es\/servicio-al-cliente\/\" data-type=\"page\" data-id=\"853\">departamento de soporte<\/a>. Una vez hecha su pregunta, nuestro objetivo es responder a esta dentro de las pr\u00f3ximas 48 horas en d\u00edas h\u00e1biles.&nbsp;<\/p>\n","protected":false},"excerpt":{"rendered":"<p>Estamos abiertos todos los d\u00edas laborables de las 08:30 a las 12:30 y de las 13:00 a 17:00 horas.&nbsp; \u00bfTiene alguna pregunta sobre el funcionamiento de su producto o alguna pregunta general? Vea la secci\u00f3n &#8220;las preguntas m\u00e1s frecuentes&#8220;. Aqu\u00ed hemos recopilado y respondido todas las preguntas de nuestros clientes. Probablemente encontrar\u00e1 la respuesta a [&hellip;]<\/p>\n","protected":false},"author":10,"featured_media":0,"parent":0,"menu_order":0,"comment_status":"closed","ping_status":"closed","template":"","meta":{"_acf_changed":false,"footnotes":""},"categories":[],"tags":[],"class_list":["post-981","page","type-page","status-publish","hentry"],"acf":[],"yoast_head":"<!-- This site is optimized with the Yoast SEO plugin v25.9 - https:\/\/yoast.com\/wordpress\/plugins\/seo\/ -->\n<title>\u00bfQuieres ponerte en contacto con Spotter?<\/title>\n<meta name=\"description\" content=\"Entonces, echa un vistazo a esta p\u00e1gina donde encontrar\u00e1s las preguntas m\u00e1s frecuentes de los clientes, junto con la informaci\u00f3n de contacto de nuestro servicio al cliente.\" \/>\n<meta name=\"robots\" content=\"index, follow, max-snippet:-1, max-image-preview:large, max-video-preview:-1\" \/>\n<link rel=\"canonical\" href=\"https:\/\/www.spottergps.com\/es\/contacto\/\" \/>\n<meta property=\"og:locale\" content=\"es_ES\" \/>\n<meta property=\"og:type\" content=\"article\" \/>\n<meta property=\"og:title\" content=\"\u00bfQuieres ponerte en contacto con Spotter?\" \/>\n<meta property=\"og:description\" content=\"Entonces, echa un vistazo a esta p\u00e1gina donde encontrar\u00e1s las preguntas m\u00e1s frecuentes de los clientes, junto con la informaci\u00f3n de contacto de nuestro servicio al cliente.\" \/>\n<meta property=\"og:url\" content=\"https:\/\/www.spottergps.com\/es\/contacto\/\" \/>\n<meta property=\"og:site_name\" content=\"Spotter Spain\" \/>\n<meta property=\"article:modified_time\" content=\"2023-09-27T14:02:12+00:00\" \/>\n<meta name=\"twitter:card\" content=\"summary_large_image\" \/>\n<meta name=\"twitter:label1\" content=\"Tiempo de lectura\" \/>\n\t<meta name=\"twitter:data1\" content=\"1 minute\" \/>\n<script type=\"application\/ld+json\" class=\"yoast-schema-graph\">{\"@context\":\"https:\/\/schema.org\",\"@graph\":[{\"@type\":\"WebPage\",\"@id\":\"https:\/\/www.spottergps.com\/es\/contacto\/\",\"url\":\"https:\/\/www.spottergps.com\/es\/contacto\/\",\"name\":\"\u00bfQuieres ponerte en contacto con Spotter?\",\"isPartOf\":{\"@id\":\"https:\/\/www.spottergps.com\/es\/#website\"},\"datePublished\":\"2023-04-21T07:30:35+00:00\",\"dateModified\":\"2023-09-27T14:02:12+00:00\",\"description\":\"Entonces, echa un vistazo a esta p\u00e1gina donde encontrar\u00e1s las preguntas m\u00e1s frecuentes de los clientes, junto con la informaci\u00f3n de contacto de nuestro servicio al cliente.\",\"breadcrumb\":{\"@id\":\"https:\/\/www.spottergps.com\/es\/contacto\/#breadcrumb\"},\"inLanguage\":\"es-ES\",\"potentialAction\":[{\"@type\":\"ReadAction\",\"target\":[\"https:\/\/www.spottergps.com\/es\/contacto\/\"]}]},{\"@type\":\"BreadcrumbList\",\"@id\":\"https:\/\/www.spottergps.com\/es\/contacto\/#breadcrumb\",\"itemListElement\":[{\"@type\":\"ListItem\",\"position\":1,\"name\":\"Home\",\"item\":\"https:\/\/www.spottergps.com\/es\/\"},{\"@type\":\"ListItem\",\"position\":2,\"name\":\"Contacto\"}]},{\"@type\":\"WebSite\",\"@id\":\"https:\/\/www.spottergps.com\/es\/#website\",\"url\":\"https:\/\/www.spottergps.com\/es\/\",\"name\":\"Spotter Spain\",\"description\":\"Para todo lo que amas\",\"publisher\":{\"@id\":\"https:\/\/www.spottergps.com\/es\/#organization\"},\"potentialAction\":[{\"@type\":\"SearchAction\",\"target\":{\"@type\":\"EntryPoint\",\"urlTemplate\":\"https:\/\/www.spottergps.com\/es\/?s={search_term_string}\"},\"query-input\":{\"@type\":\"PropertyValueSpecification\",\"valueRequired\":true,\"valueName\":\"search_term_string\"}}],\"inLanguage\":\"es-ES\"},{\"@type\":\"Organization\",\"@id\":\"https:\/\/www.spottergps.com\/es\/#organization\",\"name\":\"Spotter B.V.\",\"url\":\"https:\/\/www.spottergps.com\/es\/\",\"logo\":{\"@type\":\"ImageObject\",\"inLanguage\":\"es-ES\",\"@id\":\"https:\/\/www.spottergps.com\/es\/#\/schema\/logo\/image\/\",\"url\":\"https:\/\/www.spottergps.com\/es\/wp-content\/uploads\/sites\/7\/2023\/09\/Spotter_logo.png\",\"contentUrl\":\"https:\/\/www.spottergps.com\/es\/wp-content\/uploads\/sites\/7\/2023\/09\/Spotter_logo.png\",\"width\":1500,\"height\":696,\"caption\":\"Spotter B.V.\"},\"image\":{\"@id\":\"https:\/\/www.spottergps.com\/es\/#\/schema\/logo\/image\/\"}}]}<\/script>\n<!-- \/ Yoast SEO plugin. -->","yoast_head_json":{"title":"\u00bfQuieres ponerte en contacto con Spotter?","description":"Entonces, echa un vistazo a esta p\u00e1gina donde encontrar\u00e1s las preguntas m\u00e1s frecuentes de los clientes, junto con la informaci\u00f3n de contacto de nuestro servicio al cliente.","robots":{"index":"index","follow":"follow","max-snippet":"max-snippet:-1","max-image-preview":"max-image-preview:large","max-video-preview":"max-video-preview:-1"},"canonical":"https:\/\/www.spottergps.com\/es\/contacto\/","og_locale":"es_ES","og_type":"article","og_title":"\u00bfQuieres ponerte en contacto con Spotter?","og_description":"Entonces, echa un vistazo a esta p\u00e1gina donde encontrar\u00e1s las preguntas m\u00e1s frecuentes de los clientes, junto con la informaci\u00f3n de contacto de nuestro servicio al cliente.","og_url":"https:\/\/www.spottergps.com\/es\/contacto\/","og_site_name":"Spotter Spain","article_modified_time":"2023-09-27T14:02:12+00:00","twitter_card":"summary_large_image","twitter_misc":{"Tiempo de lectura":"1 minute"},"schema":{"@context":"https:\/\/schema.org","@graph":[{"@type":"WebPage","@id":"https:\/\/www.spottergps.com\/es\/contacto\/","url":"https:\/\/www.spottergps.com\/es\/contacto\/","name":"\u00bfQuieres ponerte en contacto con Spotter?","isPartOf":{"@id":"https:\/\/www.spottergps.com\/es\/#website"},"datePublished":"2023-04-21T07:30:35+00:00","dateModified":"2023-09-27T14:02:12+00:00","description":"Entonces, echa un vistazo a esta p\u00e1gina donde encontrar\u00e1s las preguntas m\u00e1s frecuentes de los clientes, junto con la informaci\u00f3n de contacto de nuestro servicio al cliente.","breadcrumb":{"@id":"https:\/\/www.spottergps.com\/es\/contacto\/#breadcrumb"},"inLanguage":"es-ES","potentialAction":[{"@type":"ReadAction","target":["https:\/\/www.spottergps.com\/es\/contacto\/"]}]},{"@type":"BreadcrumbList","@id":"https:\/\/www.spottergps.com\/es\/contacto\/#breadcrumb","itemListElement":[{"@type":"ListItem","position":1,"name":"Home","item":"https:\/\/www.spottergps.com\/es\/"},{"@type":"ListItem","position":2,"name":"Contacto"}]},{"@type":"WebSite","@id":"https:\/\/www.spottergps.com\/es\/#website","url":"https:\/\/www.spottergps.com\/es\/","name":"Spotter Spain","description":"Para todo lo que amas","publisher":{"@id":"https:\/\/www.spottergps.com\/es\/#organization"},"potentialAction":[{"@type":"SearchAction","target":{"@type":"EntryPoint","urlTemplate":"https:\/\/www.spottergps.com\/es\/?s={search_term_string}"},"query-input":{"@type":"PropertyValueSpecification","valueRequired":true,"valueName":"search_term_string"}}],"inLanguage":"es-ES"},{"@type":"Organization","@id":"https:\/\/www.spottergps.com\/es\/#organization","name":"Spotter B.V.","url":"https:\/\/www.spottergps.com\/es\/","logo":{"@type":"ImageObject","inLanguage":"es-ES","@id":"https:\/\/www.spottergps.com\/es\/#\/schema\/logo\/image\/","url":"https:\/\/www.spottergps.com\/es\/wp-content\/uploads\/sites\/7\/2023\/09\/Spotter_logo.png","contentUrl":"https:\/\/www.spottergps.com\/es\/wp-content\/uploads\/sites\/7\/2023\/09\/Spotter_logo.png","width":1500,"height":696,"caption":"Spotter B.V."},"image":{"@id":"https:\/\/www.spottergps.com\/es\/#\/schema\/logo\/image\/"}}]}},"_links":{"self":[{"href":"https:\/\/www.spottergps.com\/es\/wp-json\/wp\/v2\/pages\/981","targetHints":{"allow":["GET"]}}],"collection":[{"href":"https:\/\/www.spottergps.com\/es\/wp-json\/wp\/v2\/pages"}],"about":[{"href":"https:\/\/www.spottergps.com\/es\/wp-json\/wp\/v2\/types\/page"}],"author":[{"embeddable":true,"href":"https:\/\/www.spottergps.com\/es\/wp-json\/wp\/v2\/users\/10"}],"replies":[{"embeddable":true,"href":"https:\/\/www.spottergps.com\/es\/wp-json\/wp\/v2\/comments?post=981"}],"version-history":[{"count":15,"href":"https:\/\/www.spottergps.com\/es\/wp-json\/wp\/v2\/pages\/981\/revisions"}],"predecessor-version":[{"id":1241,"href":"https:\/\/www.spottergps.com\/es\/wp-json\/wp\/v2\/pages\/981\/revisions\/1241"}],"wp:attachment":[{"href":"https:\/\/www.spottergps.com\/es\/wp-json\/wp\/v2\/media?parent=981"}],"wp:term":[{"taxonomy":"category","embeddable":true,"href":"https:\/\/www.spottergps.com\/es\/wp-json\/wp\/v2\/categories?post=981"},{"taxonomy":"post_tag","embeddable":true,"href":"https:\/\/www.spottergps.com\/es\/wp-json\/wp\/v2\/tags?post=981"}],"curies":[{"name":"wp","href":"https:\/\/api.w.org\/{rel}","templated":true}]}}