{"id":97,"date":"2023-03-29T09:33:50","date_gmt":"2023-03-29T09:33:50","guid":{"rendered":"https:\/\/www.spottergps.com\/es\/?page_id=97"},"modified":"2024-07-01T12:35:02","modified_gmt":"2024-07-01T12:35:02","slug":"no-puedo-agregar-un-observador-adicional-a-mi-cuenta","status":"publish","type":"page","link":"https:\/\/www.spottergps.com\/es\/faq\/aplicacion\/no-puedo-agregar-un-observador-adicional-a-mi-cuenta\/","title":{"rendered":"No puedo agregar un observador adicional a mi cuenta"},"content":{"rendered":"\n<p>Primero verifique si el c\u00f3digo Spotter (en la tarjeta azul) se ha ingresado correctamente. Parece un paso l\u00f3gico, pero regularmente notamos que el c\u00f3digo de Spottercode se copia incorrectamente.<\/p>\n\n\n\n<p>\u00bfYa ha vinculado el Spotter a otra cuenta? Entonces primero debes eliminarlo de esa cuenta. Esto se puede hacer iniciando sesi\u00f3n a trav\u00e9s de la cuenta a la que est\u00e1 vinculado el Spotter. En relaci\u00f3n con la ley AVG, no podemos cambiar ni eliminar datos y usted mismo debe convertir el Spotter.<\/p>\n\n\n\n<p>Puede eliminar el Spotter siguiendo estos pasos:<\/p>\n\n\n\n<ol class=\"wp-block-list\">\n<li>Inicia sesi\u00f3n en su cuenta en l\u00ednea.<\/li>\n\n\n\n<li>Vaya al \u00edcono\/lupa de b\u00fasqueda en la parte inferior de la barra azul.<\/li>\n\n\n\n<li>Seleccione el observador que desea eliminar y vaya a &#8216;Configuraci\u00f3n&#8217;.<\/li>\n\n\n\n<li>Haga clic en &#8216;eliminar sistema&#8217; y haga clic en aceptar para eliminar el Spotter. (Tenga en cuenta que es posible que tenga que desplazarse hacia abajo para ver esta barra).<\/li>\n\n\n\n<li>Se ha eliminado el observador.<\/li>\n<\/ol>\n\n\n\n<p>Luego agrega el observador a la cuenta:<\/p>\n\n\n\n<ul class=\"wp-block-list\">\n<li>Iniciar sesi\u00f3n en la cuenta<\/li>\n\n\n\n<li>Vas al men\u00fa &#8220;A\u00f1adir observador&#8221;.<\/li>\n\n\n\n<li>Ingrese el c\u00f3digo Spotter de 12 letras en la tarjeta azul aqu\u00ed.<\/li>\n\n\n\n<li>El Spotter ahora est\u00e1 vinculado a su cuenta y puede comenzar a usarlo.<\/li>\n<\/ul>\n\n\n\n<p>Si estos pasos no funcionan, comun\u00edquese con el <a href=\"https:\/\/www.spottergps.com\/es\/servicio-al-cliente\/\" data-type=\"URL\" data-id=\"https:\/\/www.spottergps.com\/es\/servicio-al-cliente\/\">servicio al cliente<\/a>.<\/p>\n","protected":false},"excerpt":{"rendered":"<p>Primero verifique si el c\u00f3digo Spotter (en la tarjeta azul) se ha ingresado correctamente. Parece un paso l\u00f3gico, pero regularmente notamos que el c\u00f3digo de Spottercode se copia incorrectamente. \u00bfYa ha vinculado el Spotter a otra cuenta? Entonces primero debes eliminarlo de esa cuenta. Esto se puede hacer iniciando sesi\u00f3n a trav\u00e9s de la cuenta [&hellip;]<\/p>\n","protected":false},"author":10,"featured_media":0,"parent":81,"menu_order":0,"comment_status":"closed","ping_status":"closed","template":"faq-content.php","meta":{"_acf_changed":false,"footnotes":""},"categories":[2],"tags":[],"class_list":["post-97","page","type-page","status-publish","hentry","category-faq"],"acf":[],"yoast_head":"<!-- This site is optimized with the Yoast SEO plugin v25.9 - https:\/\/yoast.com\/wordpress\/plugins\/seo\/ -->\n<title>No puedo agregar un observador adicional a mi cuenta - Spotter Spain<\/title>\n<meta name=\"robots\" content=\"noindex, nofollow\" \/>\n<meta property=\"og:locale\" content=\"es_ES\" \/>\n<meta property=\"og:type\" content=\"article\" \/>\n<meta property=\"og:title\" content=\"No puedo agregar un observador adicional a mi cuenta - Spotter Spain\" \/>\n<meta property=\"og:description\" content=\"Primero verifique si el c\u00f3digo Spotter (en la tarjeta azul) se ha ingresado correctamente. Parece un paso l\u00f3gico, pero regularmente notamos que el c\u00f3digo de Spottercode se copia incorrectamente. \u00bfYa ha vinculado el Spotter a otra cuenta? Entonces primero debes eliminarlo de esa cuenta. Esto se puede hacer iniciando sesi\u00f3n a trav\u00e9s de la cuenta [&hellip;]\" \/>\n<meta property=\"og:url\" content=\"https:\/\/www.spottergps.com\/es\/faq\/aplicacion\/no-puedo-agregar-un-observador-adicional-a-mi-cuenta\/\" \/>\n<meta property=\"og:site_name\" content=\"Spotter Spain\" \/>\n<meta property=\"article:modified_time\" content=\"2024-07-01T12:35:02+00:00\" \/>\n<meta name=\"twitter:card\" content=\"summary_large_image\" \/>\n<meta name=\"twitter:label1\" content=\"Tiempo de lectura\" \/>\n\t<meta name=\"twitter:data1\" content=\"1 minute\" \/>\n<script type=\"application\/ld+json\" class=\"yoast-schema-graph\">{\"@context\":\"https:\/\/schema.org\",\"@graph\":[{\"@type\":\"WebPage\",\"@id\":\"https:\/\/www.spottergps.com\/es\/faq\/aplicacion\/no-puedo-agregar-un-observador-adicional-a-mi-cuenta\/\",\"url\":\"https:\/\/www.spottergps.com\/es\/faq\/aplicacion\/no-puedo-agregar-un-observador-adicional-a-mi-cuenta\/\",\"name\":\"No puedo agregar un observador adicional a mi cuenta - Spotter Spain\",\"isPartOf\":{\"@id\":\"https:\/\/www.spottergps.com\/es\/#website\"},\"datePublished\":\"2023-03-29T09:33:50+00:00\",\"dateModified\":\"2024-07-01T12:35:02+00:00\",\"breadcrumb\":{\"@id\":\"https:\/\/www.spottergps.com\/es\/faq\/aplicacion\/no-puedo-agregar-un-observador-adicional-a-mi-cuenta\/#breadcrumb\"},\"inLanguage\":\"es-ES\",\"potentialAction\":[{\"@type\":\"ReadAction\",\"target\":[\"https:\/\/www.spottergps.com\/es\/faq\/aplicacion\/no-puedo-agregar-un-observador-adicional-a-mi-cuenta\/\"]}]},{\"@type\":\"BreadcrumbList\",\"@id\":\"https:\/\/www.spottergps.com\/es\/faq\/aplicacion\/no-puedo-agregar-un-observador-adicional-a-mi-cuenta\/#breadcrumb\",\"itemListElement\":[{\"@type\":\"ListItem\",\"position\":1,\"name\":\"Home\",\"item\":\"https:\/\/www.spottergps.com\/es\/\"},{\"@type\":\"ListItem\",\"position\":2,\"name\":\"\u00bfC\u00f3mo podemos ayudarte?\",\"item\":\"https:\/\/www.spottergps.com\/es\/faq\/\"},{\"@type\":\"ListItem\",\"position\":3,\"name\":\"Aplicaci\u00f3n\",\"item\":\"https:\/\/www.spottergps.com\/es\/faq\/aplicacion\/\"},{\"@type\":\"ListItem\",\"position\":4,\"name\":\"No puedo agregar un observador adicional a mi cuenta\"}]},{\"@type\":\"WebSite\",\"@id\":\"https:\/\/www.spottergps.com\/es\/#website\",\"url\":\"https:\/\/www.spottergps.com\/es\/\",\"name\":\"Spotter Spain\",\"description\":\"Para todo lo que amas\",\"publisher\":{\"@id\":\"https:\/\/www.spottergps.com\/es\/#organization\"},\"potentialAction\":[{\"@type\":\"SearchAction\",\"target\":{\"@type\":\"EntryPoint\",\"urlTemplate\":\"https:\/\/www.spottergps.com\/es\/?s={search_term_string}\"},\"query-input\":{\"@type\":\"PropertyValueSpecification\",\"valueRequired\":true,\"valueName\":\"search_term_string\"}}],\"inLanguage\":\"es-ES\"},{\"@type\":\"Organization\",\"@id\":\"https:\/\/www.spottergps.com\/es\/#organization\",\"name\":\"Spotter B.V.\",\"url\":\"https:\/\/www.spottergps.com\/es\/\",\"logo\":{\"@type\":\"ImageObject\",\"inLanguage\":\"es-ES\",\"@id\":\"https:\/\/www.spottergps.com\/es\/#\/schema\/logo\/image\/\",\"url\":\"https:\/\/www.spottergps.com\/es\/wp-content\/uploads\/sites\/7\/2023\/09\/Spotter_logo.png\",\"contentUrl\":\"https:\/\/www.spottergps.com\/es\/wp-content\/uploads\/sites\/7\/2023\/09\/Spotter_logo.png\",\"width\":1500,\"height\":696,\"caption\":\"Spotter B.V.\"},\"image\":{\"@id\":\"https:\/\/www.spottergps.com\/es\/#\/schema\/logo\/image\/\"}}]}<\/script>\n<!-- \/ Yoast SEO plugin. -->","yoast_head_json":{"title":"No puedo agregar un observador adicional a mi cuenta - Spotter Spain","robots":{"index":"noindex","follow":"nofollow"},"og_locale":"es_ES","og_type":"article","og_title":"No puedo agregar un observador adicional a mi cuenta - Spotter Spain","og_description":"Primero verifique si el c\u00f3digo Spotter (en la tarjeta azul) se ha ingresado correctamente. Parece un paso l\u00f3gico, pero regularmente notamos que el c\u00f3digo de Spottercode se copia incorrectamente. \u00bfYa ha vinculado el Spotter a otra cuenta? Entonces primero debes eliminarlo de esa cuenta. Esto se puede hacer iniciando sesi\u00f3n a trav\u00e9s de la cuenta [&hellip;]","og_url":"https:\/\/www.spottergps.com\/es\/faq\/aplicacion\/no-puedo-agregar-un-observador-adicional-a-mi-cuenta\/","og_site_name":"Spotter Spain","article_modified_time":"2024-07-01T12:35:02+00:00","twitter_card":"summary_large_image","twitter_misc":{"Tiempo de lectura":"1 minute"},"schema":{"@context":"https:\/\/schema.org","@graph":[{"@type":"WebPage","@id":"https:\/\/www.spottergps.com\/es\/faq\/aplicacion\/no-puedo-agregar-un-observador-adicional-a-mi-cuenta\/","url":"https:\/\/www.spottergps.com\/es\/faq\/aplicacion\/no-puedo-agregar-un-observador-adicional-a-mi-cuenta\/","name":"No puedo agregar un observador adicional a mi cuenta - Spotter Spain","isPartOf":{"@id":"https:\/\/www.spottergps.com\/es\/#website"},"datePublished":"2023-03-29T09:33:50+00:00","dateModified":"2024-07-01T12:35:02+00:00","breadcrumb":{"@id":"https:\/\/www.spottergps.com\/es\/faq\/aplicacion\/no-puedo-agregar-un-observador-adicional-a-mi-cuenta\/#breadcrumb"},"inLanguage":"es-ES","potentialAction":[{"@type":"ReadAction","target":["https:\/\/www.spottergps.com\/es\/faq\/aplicacion\/no-puedo-agregar-un-observador-adicional-a-mi-cuenta\/"]}]},{"@type":"BreadcrumbList","@id":"https:\/\/www.spottergps.com\/es\/faq\/aplicacion\/no-puedo-agregar-un-observador-adicional-a-mi-cuenta\/#breadcrumb","itemListElement":[{"@type":"ListItem","position":1,"name":"Home","item":"https:\/\/www.spottergps.com\/es\/"},{"@type":"ListItem","position":2,"name":"\u00bfC\u00f3mo podemos ayudarte?","item":"https:\/\/www.spottergps.com\/es\/faq\/"},{"@type":"ListItem","position":3,"name":"Aplicaci\u00f3n","item":"https:\/\/www.spottergps.com\/es\/faq\/aplicacion\/"},{"@type":"ListItem","position":4,"name":"No puedo agregar un observador adicional a mi cuenta"}]},{"@type":"WebSite","@id":"https:\/\/www.spottergps.com\/es\/#website","url":"https:\/\/www.spottergps.com\/es\/","name":"Spotter Spain","description":"Para todo lo que amas","publisher":{"@id":"https:\/\/www.spottergps.com\/es\/#organization"},"potentialAction":[{"@type":"SearchAction","target":{"@type":"EntryPoint","urlTemplate":"https:\/\/www.spottergps.com\/es\/?s={search_term_string}"},"query-input":{"@type":"PropertyValueSpecification","valueRequired":true,"valueName":"search_term_string"}}],"inLanguage":"es-ES"},{"@type":"Organization","@id":"https:\/\/www.spottergps.com\/es\/#organization","name":"Spotter B.V.","url":"https:\/\/www.spottergps.com\/es\/","logo":{"@type":"ImageObject","inLanguage":"es-ES","@id":"https:\/\/www.spottergps.com\/es\/#\/schema\/logo\/image\/","url":"https:\/\/www.spottergps.com\/es\/wp-content\/uploads\/sites\/7\/2023\/09\/Spotter_logo.png","contentUrl":"https:\/\/www.spottergps.com\/es\/wp-content\/uploads\/sites\/7\/2023\/09\/Spotter_logo.png","width":1500,"height":696,"caption":"Spotter B.V."},"image":{"@id":"https:\/\/www.spottergps.com\/es\/#\/schema\/logo\/image\/"}}]}},"_links":{"self":[{"href":"https:\/\/www.spottergps.com\/es\/wp-json\/wp\/v2\/pages\/97","targetHints":{"allow":["GET"]}}],"collection":[{"href":"https:\/\/www.spottergps.com\/es\/wp-json\/wp\/v2\/pages"}],"about":[{"href":"https:\/\/www.spottergps.com\/es\/wp-json\/wp\/v2\/types\/page"}],"author":[{"embeddable":true,"href":"https:\/\/www.spottergps.com\/es\/wp-json\/wp\/v2\/users\/10"}],"replies":[{"embeddable":true,"href":"https:\/\/www.spottergps.com\/es\/wp-json\/wp\/v2\/comments?post=97"}],"version-history":[{"count":3,"href":"https:\/\/www.spottergps.com\/es\/wp-json\/wp\/v2\/pages\/97\/revisions"}],"predecessor-version":[{"id":1538,"href":"https:\/\/www.spottergps.com\/es\/wp-json\/wp\/v2\/pages\/97\/revisions\/1538"}],"up":[{"embeddable":true,"href":"https:\/\/www.spottergps.com\/es\/wp-json\/wp\/v2\/pages\/81"}],"wp:attachment":[{"href":"https:\/\/www.spottergps.com\/es\/wp-json\/wp\/v2\/media?parent=97"}],"wp:term":[{"taxonomy":"category","embeddable":true,"href":"https:\/\/www.spottergps.com\/es\/wp-json\/wp\/v2\/categories?post=97"},{"taxonomy":"post_tag","embeddable":true,"href":"https:\/\/www.spottergps.com\/es\/wp-json\/wp\/v2\/tags?post=97"}],"curies":[{"name":"wp","href":"https:\/\/api.w.org\/{rel}","templated":true}]}}