{"id":95,"date":"2023-03-29T09:33:15","date_gmt":"2023-03-29T09:33:15","guid":{"rendered":"https:\/\/www.spottergps.com\/es\/?page_id=95"},"modified":"2024-07-01T12:32:42","modified_gmt":"2024-07-01T12:32:42","slug":"no-puedo-descargar-la-aplicacion-spotter","status":"publish","type":"page","link":"https:\/\/www.spottergps.com\/es\/faq\/aplicacion\/no-puedo-descargar-la-aplicacion-spotter\/","title":{"rendered":"No puedo descargar la aplicaci\u00f3n Spotter"},"content":{"rendered":"\n<p>Lamentamos que a\u00fan no haya podido descargar la aplicaci\u00f3n Spotter. Te ayudaremos con esto siguiendo los pasos a continuaci\u00f3n.<\/p>\n\n\n\n<h3 class=\"wp-block-heading\">Paso 1: conexi\u00f3n a Internet<\/h3>\n\n\n\n<p>Es \u00fatil comprobar siempre primero las condiciones b\u00e1sicas. Compruebe si el dispositivo est\u00e1 conectado a Internet. Se recomienda una conexi\u00f3n WiFi para descargar la aplicaci\u00f3n. Pero tambi\u00e9n puedes usar datos m\u00f3viles. Compruebe si est\u00e1 conectado a una red.<\/p>\n\n\n\n<h3 class=\"wp-block-heading\">Paso 2: la tienda adecuada<\/h3>\n\n\n\n<p>Est\u00e1s conectado a una red. Ahora verifique si la tienda App Store o Google Play est\u00e1 configurada en el pa\u00eds correcto. La aplicaci\u00f3n Spotter solo se puede descargar en pa\u00edses de Europa.<\/p>\n\n\n\n<h3 class=\"wp-block-heading\">Paso 3: el software adecuado<\/h3>\n\n\n\n<p>Luego verifique si tiene la versi\u00f3n de software correcta en su dispositivo.<br>La aplicaci\u00f3n Spotter requiere las siguientes versiones de software:<br>Android: 6.0 y m\u00e1s reciente<br>\u00a0\u00a0iOS: 12.0 o m\u00e1s reciente<\/p>\n\n\n\n<h3 class=\"wp-block-heading\">Paso 4<\/h3>\n\n\n\n<p>Ahora que lo b\u00e1sico es bueno, puede descargar la aplicaci\u00f3n Spotter en Google Play Store o App Store.<\/p>\n\n\n\n<p><strong>Tienda de juegos de google<\/strong><\/p>\n\n\n\n<ol class=\"wp-block-list\">\n<li>Abra la aplicaci\u00f3n Google Play Store.<\/li>\n\n\n\n<li>Busque &#8216;Spotter&#8217;.<\/li>\n\n\n\n<li>Seleccione la aplicaci\u00f3n Spotter.<\/li>\n\n\n\n<li>Haga clic en instalar.<\/li>\n\n\n\n<li>Siga las instrucciones en pantalla.<\/li>\n\n\n\n<li>Cuando se haya descargado la aplicaci\u00f3n, haga clic en abrir e inicie sesi\u00f3n con sus datos.<\/li>\n<\/ol>\n\n\n\n<p>La aplicaci\u00f3n siempre se puede encontrar en la pantalla de inicio. Puede que tenga que desplazarse a la siguiente p\u00e1gina para encontrarlo.<\/p>\n\n\n\n<p><strong>Tienda de aplicaciones<\/strong><\/p>\n\n\n\n<ol class=\"wp-block-list\">\n<li>Vaya a la tienda de aplicaciones.<\/li>\n\n\n\n<li>Vaya a buscar (abajo a la derecha) y toque &#8216;Spotter&#8217; en la barra de b\u00fasqueda.<\/li>\n\n\n\n<li>Ahora haga clic en la aplicaci\u00f3n Spotter.<\/li>\n\n\n\n<li>Haga clic en instalar<\/li>\n\n\n\n<li>La aplicaci\u00f3n se descargar\u00e1 e instalar\u00e1.<\/li>\n\n\n\n<li>Abra la aplicaci\u00f3n y ahora inicie sesi\u00f3n con sus datos.<\/li>\n<\/ol>\n\n\n\n<p>La aplicaci\u00f3n siempre se puede encontrar en la pantalla de inicio. Puede que tenga que desplazarse a la siguiente p\u00e1gina para encontrarlo. Si estos pasos no funcionan, comun\u00edquese con el servicio al cliente.<\/p>\n","protected":false},"excerpt":{"rendered":"<p>Lamentamos que a\u00fan no haya podido descargar la aplicaci\u00f3n Spotter. Te ayudaremos con esto siguiendo los pasos a continuaci\u00f3n. Paso 1: conexi\u00f3n a Internet Es \u00fatil comprobar siempre primero las condiciones b\u00e1sicas. Compruebe si el dispositivo est\u00e1 conectado a Internet. Se recomienda una conexi\u00f3n WiFi para descargar la aplicaci\u00f3n. Pero tambi\u00e9n puedes usar datos m\u00f3viles. [&hellip;]<\/p>\n","protected":false},"author":10,"featured_media":0,"parent":81,"menu_order":0,"comment_status":"closed","ping_status":"closed","template":"faq-content.php","meta":{"_acf_changed":false,"footnotes":""},"categories":[2],"tags":[],"class_list":["post-95","page","type-page","status-publish","hentry","category-faq"],"acf":[],"yoast_head":"<!-- This site is optimized with the Yoast SEO plugin v25.9 - https:\/\/yoast.com\/wordpress\/plugins\/seo\/ -->\n<title>No puedo descargar la aplicaci\u00f3n Spotter - Spotter Spain<\/title>\n<meta name=\"robots\" content=\"noindex, nofollow\" \/>\n<meta property=\"og:locale\" content=\"es_ES\" \/>\n<meta property=\"og:type\" content=\"article\" \/>\n<meta property=\"og:title\" content=\"No puedo descargar la aplicaci\u00f3n Spotter - Spotter Spain\" \/>\n<meta property=\"og:description\" content=\"Lamentamos que a\u00fan no haya podido descargar la aplicaci\u00f3n Spotter. Te ayudaremos con esto siguiendo los pasos a continuaci\u00f3n. Paso 1: conexi\u00f3n a Internet Es \u00fatil comprobar siempre primero las condiciones b\u00e1sicas. Compruebe si el dispositivo est\u00e1 conectado a Internet. Se recomienda una conexi\u00f3n WiFi para descargar la aplicaci\u00f3n. Pero tambi\u00e9n puedes usar datos m\u00f3viles. [&hellip;]\" \/>\n<meta property=\"og:url\" content=\"https:\/\/www.spottergps.com\/es\/faq\/aplicacion\/no-puedo-descargar-la-aplicacion-spotter\/\" \/>\n<meta property=\"og:site_name\" content=\"Spotter Spain\" \/>\n<meta property=\"article:modified_time\" content=\"2024-07-01T12:32:42+00:00\" \/>\n<meta name=\"twitter:card\" content=\"summary_large_image\" \/>\n<meta name=\"twitter:label1\" content=\"Tiempo de lectura\" \/>\n\t<meta name=\"twitter:data1\" content=\"2 minutes\" \/>\n<script type=\"application\/ld+json\" class=\"yoast-schema-graph\">{\"@context\":\"https:\/\/schema.org\",\"@graph\":[{\"@type\":\"WebPage\",\"@id\":\"https:\/\/www.spottergps.com\/es\/faq\/aplicacion\/no-puedo-descargar-la-aplicacion-spotter\/\",\"url\":\"https:\/\/www.spottergps.com\/es\/faq\/aplicacion\/no-puedo-descargar-la-aplicacion-spotter\/\",\"name\":\"No puedo descargar la aplicaci\u00f3n Spotter - Spotter Spain\",\"isPartOf\":{\"@id\":\"https:\/\/www.spottergps.com\/es\/#website\"},\"datePublished\":\"2023-03-29T09:33:15+00:00\",\"dateModified\":\"2024-07-01T12:32:42+00:00\",\"breadcrumb\":{\"@id\":\"https:\/\/www.spottergps.com\/es\/faq\/aplicacion\/no-puedo-descargar-la-aplicacion-spotter\/#breadcrumb\"},\"inLanguage\":\"es-ES\",\"potentialAction\":[{\"@type\":\"ReadAction\",\"target\":[\"https:\/\/www.spottergps.com\/es\/faq\/aplicacion\/no-puedo-descargar-la-aplicacion-spotter\/\"]}]},{\"@type\":\"BreadcrumbList\",\"@id\":\"https:\/\/www.spottergps.com\/es\/faq\/aplicacion\/no-puedo-descargar-la-aplicacion-spotter\/#breadcrumb\",\"itemListElement\":[{\"@type\":\"ListItem\",\"position\":1,\"name\":\"Home\",\"item\":\"https:\/\/www.spottergps.com\/es\/\"},{\"@type\":\"ListItem\",\"position\":2,\"name\":\"\u00bfC\u00f3mo podemos ayudarte?\",\"item\":\"https:\/\/www.spottergps.com\/es\/faq\/\"},{\"@type\":\"ListItem\",\"position\":3,\"name\":\"Aplicaci\u00f3n\",\"item\":\"https:\/\/www.spottergps.com\/es\/faq\/aplicacion\/\"},{\"@type\":\"ListItem\",\"position\":4,\"name\":\"No puedo descargar la aplicaci\u00f3n Spotter\"}]},{\"@type\":\"WebSite\",\"@id\":\"https:\/\/www.spottergps.com\/es\/#website\",\"url\":\"https:\/\/www.spottergps.com\/es\/\",\"name\":\"Spotter Spain\",\"description\":\"Para todo lo que amas\",\"publisher\":{\"@id\":\"https:\/\/www.spottergps.com\/es\/#organization\"},\"potentialAction\":[{\"@type\":\"SearchAction\",\"target\":{\"@type\":\"EntryPoint\",\"urlTemplate\":\"https:\/\/www.spottergps.com\/es\/?s={search_term_string}\"},\"query-input\":{\"@type\":\"PropertyValueSpecification\",\"valueRequired\":true,\"valueName\":\"search_term_string\"}}],\"inLanguage\":\"es-ES\"},{\"@type\":\"Organization\",\"@id\":\"https:\/\/www.spottergps.com\/es\/#organization\",\"name\":\"Spotter B.V.\",\"url\":\"https:\/\/www.spottergps.com\/es\/\",\"logo\":{\"@type\":\"ImageObject\",\"inLanguage\":\"es-ES\",\"@id\":\"https:\/\/www.spottergps.com\/es\/#\/schema\/logo\/image\/\",\"url\":\"https:\/\/www.spottergps.com\/es\/wp-content\/uploads\/sites\/7\/2023\/09\/Spotter_logo.png\",\"contentUrl\":\"https:\/\/www.spottergps.com\/es\/wp-content\/uploads\/sites\/7\/2023\/09\/Spotter_logo.png\",\"width\":1500,\"height\":696,\"caption\":\"Spotter B.V.\"},\"image\":{\"@id\":\"https:\/\/www.spottergps.com\/es\/#\/schema\/logo\/image\/\"}}]}<\/script>\n<!-- \/ Yoast SEO plugin. -->","yoast_head_json":{"title":"No puedo descargar la aplicaci\u00f3n Spotter - Spotter Spain","robots":{"index":"noindex","follow":"nofollow"},"og_locale":"es_ES","og_type":"article","og_title":"No puedo descargar la aplicaci\u00f3n Spotter - Spotter Spain","og_description":"Lamentamos que a\u00fan no haya podido descargar la aplicaci\u00f3n Spotter. Te ayudaremos con esto siguiendo los pasos a continuaci\u00f3n. Paso 1: conexi\u00f3n a Internet Es \u00fatil comprobar siempre primero las condiciones b\u00e1sicas. Compruebe si el dispositivo est\u00e1 conectado a Internet. Se recomienda una conexi\u00f3n WiFi para descargar la aplicaci\u00f3n. Pero tambi\u00e9n puedes usar datos m\u00f3viles. [&hellip;]","og_url":"https:\/\/www.spottergps.com\/es\/faq\/aplicacion\/no-puedo-descargar-la-aplicacion-spotter\/","og_site_name":"Spotter Spain","article_modified_time":"2024-07-01T12:32:42+00:00","twitter_card":"summary_large_image","twitter_misc":{"Tiempo de lectura":"2 minutes"},"schema":{"@context":"https:\/\/schema.org","@graph":[{"@type":"WebPage","@id":"https:\/\/www.spottergps.com\/es\/faq\/aplicacion\/no-puedo-descargar-la-aplicacion-spotter\/","url":"https:\/\/www.spottergps.com\/es\/faq\/aplicacion\/no-puedo-descargar-la-aplicacion-spotter\/","name":"No puedo descargar la aplicaci\u00f3n Spotter - Spotter Spain","isPartOf":{"@id":"https:\/\/www.spottergps.com\/es\/#website"},"datePublished":"2023-03-29T09:33:15+00:00","dateModified":"2024-07-01T12:32:42+00:00","breadcrumb":{"@id":"https:\/\/www.spottergps.com\/es\/faq\/aplicacion\/no-puedo-descargar-la-aplicacion-spotter\/#breadcrumb"},"inLanguage":"es-ES","potentialAction":[{"@type":"ReadAction","target":["https:\/\/www.spottergps.com\/es\/faq\/aplicacion\/no-puedo-descargar-la-aplicacion-spotter\/"]}]},{"@type":"BreadcrumbList","@id":"https:\/\/www.spottergps.com\/es\/faq\/aplicacion\/no-puedo-descargar-la-aplicacion-spotter\/#breadcrumb","itemListElement":[{"@type":"ListItem","position":1,"name":"Home","item":"https:\/\/www.spottergps.com\/es\/"},{"@type":"ListItem","position":2,"name":"\u00bfC\u00f3mo podemos ayudarte?","item":"https:\/\/www.spottergps.com\/es\/faq\/"},{"@type":"ListItem","position":3,"name":"Aplicaci\u00f3n","item":"https:\/\/www.spottergps.com\/es\/faq\/aplicacion\/"},{"@type":"ListItem","position":4,"name":"No puedo descargar la aplicaci\u00f3n Spotter"}]},{"@type":"WebSite","@id":"https:\/\/www.spottergps.com\/es\/#website","url":"https:\/\/www.spottergps.com\/es\/","name":"Spotter Spain","description":"Para todo lo que amas","publisher":{"@id":"https:\/\/www.spottergps.com\/es\/#organization"},"potentialAction":[{"@type":"SearchAction","target":{"@type":"EntryPoint","urlTemplate":"https:\/\/www.spottergps.com\/es\/?s={search_term_string}"},"query-input":{"@type":"PropertyValueSpecification","valueRequired":true,"valueName":"search_term_string"}}],"inLanguage":"es-ES"},{"@type":"Organization","@id":"https:\/\/www.spottergps.com\/es\/#organization","name":"Spotter B.V.","url":"https:\/\/www.spottergps.com\/es\/","logo":{"@type":"ImageObject","inLanguage":"es-ES","@id":"https:\/\/www.spottergps.com\/es\/#\/schema\/logo\/image\/","url":"https:\/\/www.spottergps.com\/es\/wp-content\/uploads\/sites\/7\/2023\/09\/Spotter_logo.png","contentUrl":"https:\/\/www.spottergps.com\/es\/wp-content\/uploads\/sites\/7\/2023\/09\/Spotter_logo.png","width":1500,"height":696,"caption":"Spotter B.V."},"image":{"@id":"https:\/\/www.spottergps.com\/es\/#\/schema\/logo\/image\/"}}]}},"_links":{"self":[{"href":"https:\/\/www.spottergps.com\/es\/wp-json\/wp\/v2\/pages\/95","targetHints":{"allow":["GET"]}}],"collection":[{"href":"https:\/\/www.spottergps.com\/es\/wp-json\/wp\/v2\/pages"}],"about":[{"href":"https:\/\/www.spottergps.com\/es\/wp-json\/wp\/v2\/types\/page"}],"author":[{"embeddable":true,"href":"https:\/\/www.spottergps.com\/es\/wp-json\/wp\/v2\/users\/10"}],"replies":[{"embeddable":true,"href":"https:\/\/www.spottergps.com\/es\/wp-json\/wp\/v2\/comments?post=95"}],"version-history":[{"count":4,"href":"https:\/\/www.spottergps.com\/es\/wp-json\/wp\/v2\/pages\/95\/revisions"}],"predecessor-version":[{"id":1509,"href":"https:\/\/www.spottergps.com\/es\/wp-json\/wp\/v2\/pages\/95\/revisions\/1509"}],"up":[{"embeddable":true,"href":"https:\/\/www.spottergps.com\/es\/wp-json\/wp\/v2\/pages\/81"}],"wp:attachment":[{"href":"https:\/\/www.spottergps.com\/es\/wp-json\/wp\/v2\/media?parent=95"}],"wp:term":[{"taxonomy":"category","embeddable":true,"href":"https:\/\/www.spottergps.com\/es\/wp-json\/wp\/v2\/categories?post=95"},{"taxonomy":"post_tag","embeddable":true,"href":"https:\/\/www.spottergps.com\/es\/wp-json\/wp\/v2\/tags?post=95"}],"curies":[{"name":"wp","href":"https:\/\/api.w.org\/{rel}","templated":true}]}}