{"id":936,"date":"2023-09-27T10:05:41","date_gmt":"2023-09-27T10:05:41","guid":{"rendered":"https:\/\/www.spottergps.com\/es\/?page_id=936"},"modified":"2025-01-24T13:46:59","modified_gmt":"2025-01-24T13:46:59","slug":"como-funciona-un-reloj-gps-para-ninos","status":"publish","type":"page","link":"https:\/\/www.spottergps.com\/es\/como-funciona-un-reloj-gps-para-ninos\/","title":{"rendered":"C\u00f3mo funciona un reloj GPS para ni\u00f1os?"},"content":{"rendered":"\n<p><strong>Las investigaciones muestran que muchos padres con ni\u00f1os peque\u00f1os est\u00e1n considerando comprar un reloj para ni\u00f1os con GPS. En 2019, aproximadamente el 35 por ciento de los padres ya usaban GPS para saber d\u00f3nde estaban sus hijos.<\/strong><\/p>\n\n\n\n<p>Pero, \u00bfc\u00f3mo funciona exactamente un <a href=\"https:\/\/www.spottergps.com\/es\/reloj-gps-spotter-para-ninos\/\" data-type=\"URL\" data-id=\"https:\/\/www.spottergps.com\/es\/reloj-gps-spotter-para-ninos\/\">reloj GPS para ni\u00f1os<\/a>? \u00bfEs responsable y seguro de usar? Preguntas frecuentes de los clientes que estamos encantados de responder.<\/p>\n","protected":false},"excerpt":{"rendered":"<p>Las investigaciones muestran que muchos padres con ni\u00f1os peque\u00f1os est\u00e1n considerando comprar un reloj para ni\u00f1os con GPS. En 2019, aproximadamente el 35 por ciento de los padres ya usaban GPS para saber d\u00f3nde estaban sus hijos. Pero, \u00bfc\u00f3mo funciona exactamente un reloj GPS para ni\u00f1os? \u00bfEs responsable y seguro de usar? Preguntas frecuentes de [&hellip;]<\/p>\n","protected":false},"author":10,"featured_media":0,"parent":0,"menu_order":0,"comment_status":"closed","ping_status":"closed","template":"","meta":{"_acf_changed":false,"footnotes":""},"categories":[],"tags":[],"class_list":["post-936","page","type-page","status-publish","hentry"],"acf":[],"yoast_head":"<!-- This site is optimized with the Yoast SEO plugin v25.9 - https:\/\/yoast.com\/wordpress\/plugins\/seo\/ -->\n<title>C\u00f3mo funciona un reloj GPS para ni\u00f1os? - Spotter Spain<\/title>\n<meta name=\"description\" content=\"\u00bfC\u00f3mo funciona realmente un reloj GPS y qu\u00e9 se puede hacer con \u00e9l? Explicamos paso a paso c\u00f3mo funciona un reloj GPS.\" \/>\n<meta name=\"robots\" content=\"index, follow, max-snippet:-1, max-image-preview:large, max-video-preview:-1\" \/>\n<link rel=\"canonical\" href=\"https:\/\/www.spottergps.com\/es\/como-funciona-un-reloj-gps-para-ninos\/\" \/>\n<meta property=\"og:locale\" content=\"es_ES\" \/>\n<meta property=\"og:type\" content=\"article\" \/>\n<meta property=\"og:title\" content=\"C\u00f3mo funciona un reloj GPS para ni\u00f1os? - Spotter Spain\" \/>\n<meta property=\"og:description\" content=\"\u00bfC\u00f3mo funciona realmente un reloj GPS y qu\u00e9 se puede hacer con \u00e9l? Explicamos paso a paso c\u00f3mo funciona un reloj GPS.\" \/>\n<meta property=\"og:url\" content=\"https:\/\/www.spottergps.com\/es\/como-funciona-un-reloj-gps-para-ninos\/\" \/>\n<meta property=\"og:site_name\" content=\"Spotter Spain\" \/>\n<meta property=\"article:modified_time\" content=\"2025-01-24T13:46:59+00:00\" \/>\n<meta name=\"twitter:card\" content=\"summary_large_image\" \/>\n<meta name=\"twitter:label1\" content=\"Tiempo de lectura\" \/>\n\t<meta name=\"twitter:data1\" content=\"1 minute\" \/>\n<script type=\"application\/ld+json\" class=\"yoast-schema-graph\">{\"@context\":\"https:\/\/schema.org\",\"@graph\":[{\"@type\":\"WebPage\",\"@id\":\"https:\/\/www.spottergps.com\/es\/como-funciona-un-reloj-gps-para-ninos\/\",\"url\":\"https:\/\/www.spottergps.com\/es\/como-funciona-un-reloj-gps-para-ninos\/\",\"name\":\"C\u00f3mo funciona un reloj GPS para ni\u00f1os? - Spotter Spain\",\"isPartOf\":{\"@id\":\"https:\/\/www.spottergps.com\/es\/#website\"},\"datePublished\":\"2023-09-27T10:05:41+00:00\",\"dateModified\":\"2025-01-24T13:46:59+00:00\",\"description\":\"\u00bfC\u00f3mo funciona realmente un reloj GPS y qu\u00e9 se puede hacer con \u00e9l? Explicamos paso a paso c\u00f3mo funciona un reloj GPS.\",\"breadcrumb\":{\"@id\":\"https:\/\/www.spottergps.com\/es\/como-funciona-un-reloj-gps-para-ninos\/#breadcrumb\"},\"inLanguage\":\"es-ES\",\"potentialAction\":[{\"@type\":\"ReadAction\",\"target\":[\"https:\/\/www.spottergps.com\/es\/como-funciona-un-reloj-gps-para-ninos\/\"]}]},{\"@type\":\"BreadcrumbList\",\"@id\":\"https:\/\/www.spottergps.com\/es\/como-funciona-un-reloj-gps-para-ninos\/#breadcrumb\",\"itemListElement\":[{\"@type\":\"ListItem\",\"position\":1,\"name\":\"Home\",\"item\":\"https:\/\/www.spottergps.com\/es\/\"},{\"@type\":\"ListItem\",\"position\":2,\"name\":\"C\u00f3mo funciona un reloj GPS para ni\u00f1os?\"}]},{\"@type\":\"WebSite\",\"@id\":\"https:\/\/www.spottergps.com\/es\/#website\",\"url\":\"https:\/\/www.spottergps.com\/es\/\",\"name\":\"Spotter Spain\",\"description\":\"Para todo lo que amas\",\"publisher\":{\"@id\":\"https:\/\/www.spottergps.com\/es\/#organization\"},\"potentialAction\":[{\"@type\":\"SearchAction\",\"target\":{\"@type\":\"EntryPoint\",\"urlTemplate\":\"https:\/\/www.spottergps.com\/es\/?s={search_term_string}\"},\"query-input\":{\"@type\":\"PropertyValueSpecification\",\"valueRequired\":true,\"valueName\":\"search_term_string\"}}],\"inLanguage\":\"es-ES\"},{\"@type\":\"Organization\",\"@id\":\"https:\/\/www.spottergps.com\/es\/#organization\",\"name\":\"Spotter B.V.\",\"url\":\"https:\/\/www.spottergps.com\/es\/\",\"logo\":{\"@type\":\"ImageObject\",\"inLanguage\":\"es-ES\",\"@id\":\"https:\/\/www.spottergps.com\/es\/#\/schema\/logo\/image\/\",\"url\":\"https:\/\/www.spottergps.com\/es\/wp-content\/uploads\/sites\/7\/2023\/09\/Spotter_logo.png\",\"contentUrl\":\"https:\/\/www.spottergps.com\/es\/wp-content\/uploads\/sites\/7\/2023\/09\/Spotter_logo.png\",\"width\":1500,\"height\":696,\"caption\":\"Spotter B.V.\"},\"image\":{\"@id\":\"https:\/\/www.spottergps.com\/es\/#\/schema\/logo\/image\/\"}}]}<\/script>\n<!-- \/ Yoast SEO plugin. -->","yoast_head_json":{"title":"C\u00f3mo funciona un reloj GPS para ni\u00f1os? - Spotter Spain","description":"\u00bfC\u00f3mo funciona realmente un reloj GPS y qu\u00e9 se puede hacer con \u00e9l? Explicamos paso a paso c\u00f3mo funciona un reloj GPS.","robots":{"index":"index","follow":"follow","max-snippet":"max-snippet:-1","max-image-preview":"max-image-preview:large","max-video-preview":"max-video-preview:-1"},"canonical":"https:\/\/www.spottergps.com\/es\/como-funciona-un-reloj-gps-para-ninos\/","og_locale":"es_ES","og_type":"article","og_title":"C\u00f3mo funciona un reloj GPS para ni\u00f1os? - Spotter Spain","og_description":"\u00bfC\u00f3mo funciona realmente un reloj GPS y qu\u00e9 se puede hacer con \u00e9l? Explicamos paso a paso c\u00f3mo funciona un reloj GPS.","og_url":"https:\/\/www.spottergps.com\/es\/como-funciona-un-reloj-gps-para-ninos\/","og_site_name":"Spotter Spain","article_modified_time":"2025-01-24T13:46:59+00:00","twitter_card":"summary_large_image","twitter_misc":{"Tiempo de lectura":"1 minute"},"schema":{"@context":"https:\/\/schema.org","@graph":[{"@type":"WebPage","@id":"https:\/\/www.spottergps.com\/es\/como-funciona-un-reloj-gps-para-ninos\/","url":"https:\/\/www.spottergps.com\/es\/como-funciona-un-reloj-gps-para-ninos\/","name":"C\u00f3mo funciona un reloj GPS para ni\u00f1os? - Spotter Spain","isPartOf":{"@id":"https:\/\/www.spottergps.com\/es\/#website"},"datePublished":"2023-09-27T10:05:41+00:00","dateModified":"2025-01-24T13:46:59+00:00","description":"\u00bfC\u00f3mo funciona realmente un reloj GPS y qu\u00e9 se puede hacer con \u00e9l? Explicamos paso a paso c\u00f3mo funciona un reloj GPS.","breadcrumb":{"@id":"https:\/\/www.spottergps.com\/es\/como-funciona-un-reloj-gps-para-ninos\/#breadcrumb"},"inLanguage":"es-ES","potentialAction":[{"@type":"ReadAction","target":["https:\/\/www.spottergps.com\/es\/como-funciona-un-reloj-gps-para-ninos\/"]}]},{"@type":"BreadcrumbList","@id":"https:\/\/www.spottergps.com\/es\/como-funciona-un-reloj-gps-para-ninos\/#breadcrumb","itemListElement":[{"@type":"ListItem","position":1,"name":"Home","item":"https:\/\/www.spottergps.com\/es\/"},{"@type":"ListItem","position":2,"name":"C\u00f3mo funciona un reloj GPS para ni\u00f1os?"}]},{"@type":"WebSite","@id":"https:\/\/www.spottergps.com\/es\/#website","url":"https:\/\/www.spottergps.com\/es\/","name":"Spotter Spain","description":"Para todo lo que amas","publisher":{"@id":"https:\/\/www.spottergps.com\/es\/#organization"},"potentialAction":[{"@type":"SearchAction","target":{"@type":"EntryPoint","urlTemplate":"https:\/\/www.spottergps.com\/es\/?s={search_term_string}"},"query-input":{"@type":"PropertyValueSpecification","valueRequired":true,"valueName":"search_term_string"}}],"inLanguage":"es-ES"},{"@type":"Organization","@id":"https:\/\/www.spottergps.com\/es\/#organization","name":"Spotter B.V.","url":"https:\/\/www.spottergps.com\/es\/","logo":{"@type":"ImageObject","inLanguage":"es-ES","@id":"https:\/\/www.spottergps.com\/es\/#\/schema\/logo\/image\/","url":"https:\/\/www.spottergps.com\/es\/wp-content\/uploads\/sites\/7\/2023\/09\/Spotter_logo.png","contentUrl":"https:\/\/www.spottergps.com\/es\/wp-content\/uploads\/sites\/7\/2023\/09\/Spotter_logo.png","width":1500,"height":696,"caption":"Spotter B.V."},"image":{"@id":"https:\/\/www.spottergps.com\/es\/#\/schema\/logo\/image\/"}}]}},"_links":{"self":[{"href":"https:\/\/www.spottergps.com\/es\/wp-json\/wp\/v2\/pages\/936","targetHints":{"allow":["GET"]}}],"collection":[{"href":"https:\/\/www.spottergps.com\/es\/wp-json\/wp\/v2\/pages"}],"about":[{"href":"https:\/\/www.spottergps.com\/es\/wp-json\/wp\/v2\/types\/page"}],"author":[{"embeddable":true,"href":"https:\/\/www.spottergps.com\/es\/wp-json\/wp\/v2\/users\/10"}],"replies":[{"embeddable":true,"href":"https:\/\/www.spottergps.com\/es\/wp-json\/wp\/v2\/comments?post=936"}],"version-history":[{"count":11,"href":"https:\/\/www.spottergps.com\/es\/wp-json\/wp\/v2\/pages\/936\/revisions"}],"predecessor-version":[{"id":2125,"href":"https:\/\/www.spottergps.com\/es\/wp-json\/wp\/v2\/pages\/936\/revisions\/2125"}],"wp:attachment":[{"href":"https:\/\/www.spottergps.com\/es\/wp-json\/wp\/v2\/media?parent=936"}],"wp:term":[{"taxonomy":"category","embeddable":true,"href":"https:\/\/www.spottergps.com\/es\/wp-json\/wp\/v2\/categories?post=936"},{"taxonomy":"post_tag","embeddable":true,"href":"https:\/\/www.spottergps.com\/es\/wp-json\/wp\/v2\/tags?post=936"}],"curies":[{"name":"wp","href":"https:\/\/api.w.org\/{rel}","templated":true}]}}