{"id":93,"date":"2023-03-29T09:32:40","date_gmt":"2023-03-29T09:32:40","guid":{"rendered":"https:\/\/www.spottergps.com\/es\/?page_id=93"},"modified":"2026-03-13T10:59:28","modified_gmt":"2026-03-13T10:59:28","slug":"como-actualizo-la-aplicacion-spotter","status":"publish","type":"page","link":"https:\/\/www.spottergps.com\/es\/faq\/aplicacion\/como-actualizo-la-aplicacion-spotter\/","title":{"rendered":"\u00bfC\u00f3mo actualizo la aplicaci\u00f3n Spotter?"},"content":{"rendered":"\n<p>La aplicaci\u00f3n Spotter se actualiza peri\u00f3dicamente con nuevas funciones o errores corregidos. Por lo tanto, es importante estar atento a estas actualizaciones. A menudo, estas actualizaciones se actualizan autom\u00e1ticamente en los dispositivos y no es necesario que realice ninguna acci\u00f3n. Si no ha configurado esto, le recomendamos que vigile estas actualizaciones y las actualice peri\u00f3dicamente. De esta manera, garantiza una experiencia de usuario \u00f3ptima y siempre utiliza las \u00faltimas funciones.<\/p>\n\n\n\n<h3 class=\"wp-block-heading\">Apple<\/h3>\n\n\n\n<p>Si abre Apple Store, ver\u00e1 una funci\u00f3n de b\u00fasqueda en la parte inferior derecha. Ah\u00ed buscas \u201cspotter gps\u201d. Ahora aparecer\u00e1 la aplicaci\u00f3n Spotter. Haga clic en el icono de la aplicaci\u00f3n y encontrar\u00e1 informaci\u00f3n sobre la actualizaci\u00f3n de la aplicaci\u00f3n y si necesita actualizarse con una versi\u00f3n m\u00e1s nueva.<\/p>\n\n\n\n<figure class=\"wp-block-image is-resized\"><a href=\"https:\/\/itunes.apple.com\/nl\/app\/spotter-gps-tracker\/id997370912?l=en&amp;mt=8\" target=\"_blank\" rel=\"noreferrer noopener\"><img decoding=\"async\" src=\"https:\/\/www.spottergps.com\/wp-content\/uploads\/2015\/05\/AppStore-e1589534547197.png\" alt=\"Spotter - AppStore\" class=\"wp-image-199\" style=\"width:164px;height:54px\" \/><\/a><\/figure>\n\n\n\n<h3 class=\"wp-block-heading\">Androide<\/h3>\n\n\n\n<p>Cuando abra Play Store, haga clic en el bot\u00f3n de men\u00fa (c\u00edrculo) en la parte superior derecha o use la pantalla de b\u00fasqueda e ingrese &#8220;spotter gps&#8221;. Luego haga clic en &#8220;administrar aplicaciones y dispositivos&#8221;. Luego llegar\u00e1 a la p\u00e1gina de actualizaci\u00f3n. Luego busque en esta p\u00e1gina &#8220;Spotter GPS&#8221;. Cuando haya encontrado la aplicaci\u00f3n, haga clic en &#8220;actualizar&#8221;. La aplicaci\u00f3n ahora se est\u00e1 actualizando.<\/p>\n\n\n\n<figure class=\"wp-block-image is-resized\"><a href=\"https:\/\/play.google.com\/store\/apps\/details?id=com.spottergps.spotter\" target=\"_blank\" rel=\"noreferrer noopener\"><img decoding=\"async\" src=\"https:\/\/www.spottergps.com\/wp-content\/uploads\/2015\/05\/PlayStore-e1589534566122.png\" alt=\"Spotter - PlayStore\" class=\"wp-image-200\" style=\"width:167px;height:55px\" \/><\/a><\/figure>\n\n\n\n<h3 class=\"wp-block-heading\">Aplicaci\u00f3n Web<\/h3>\n\n\n\n<p>Si usa la aplicaci\u00f3n web, se actualiza autom\u00e1ticamente con actualizaciones. No tienes que hacer nada por esto.<\/p>\n","protected":false},"excerpt":{"rendered":"<p>La aplicaci\u00f3n Spotter se actualiza peri\u00f3dicamente con nuevas funciones o errores corregidos. Por lo tanto, es importante estar atento a estas actualizaciones. A menudo, estas actualizaciones se actualizan autom\u00e1ticamente en los dispositivos y no es necesario que realice ninguna acci\u00f3n. Si no ha configurado esto, le recomendamos que vigile estas actualizaciones y las actualice peri\u00f3dicamente. [&hellip;]<\/p>\n","protected":false},"author":10,"featured_media":0,"parent":81,"menu_order":0,"comment_status":"closed","ping_status":"closed","template":"faq-content.php","meta":{"_acf_changed":false,"footnotes":""},"categories":[2],"tags":[],"class_list":["post-93","page","type-page","status-publish","hentry","category-faq"],"acf":[],"yoast_head":"<!-- This site is optimized with the Yoast SEO plugin v25.9 - https:\/\/yoast.com\/wordpress\/plugins\/seo\/ -->\n<title>\u00bfC\u00f3mo actualizo la aplicaci\u00f3n Spotter? - Spotter Spain<\/title>\n<meta name=\"robots\" content=\"noindex, nofollow\" \/>\n<meta property=\"og:locale\" content=\"es_ES\" \/>\n<meta property=\"og:type\" content=\"article\" \/>\n<meta property=\"og:title\" content=\"\u00bfC\u00f3mo actualizo la aplicaci\u00f3n Spotter? - Spotter Spain\" \/>\n<meta property=\"og:description\" content=\"La aplicaci\u00f3n Spotter se actualiza peri\u00f3dicamente con nuevas funciones o errores corregidos. Por lo tanto, es importante estar atento a estas actualizaciones. A menudo, estas actualizaciones se actualizan autom\u00e1ticamente en los dispositivos y no es necesario que realice ninguna acci\u00f3n. Si no ha configurado esto, le recomendamos que vigile estas actualizaciones y las actualice peri\u00f3dicamente. [&hellip;]\" \/>\n<meta property=\"og:url\" content=\"https:\/\/www.spottergps.com\/es\/faq\/aplicacion\/como-actualizo-la-aplicacion-spotter\/\" \/>\n<meta property=\"og:site_name\" content=\"Spotter Spain\" \/>\n<meta property=\"article:modified_time\" content=\"2026-03-13T10:59:28+00:00\" \/>\n<meta property=\"og:image\" content=\"https:\/\/www.spottergps.com\/wp-content\/uploads\/2015\/05\/AppStore-e1589534547197.png\" \/>\n<meta name=\"twitter:card\" content=\"summary_large_image\" \/>\n<meta name=\"twitter:label1\" content=\"Tiempo de lectura\" \/>\n\t<meta name=\"twitter:data1\" content=\"2 minutes\" \/>\n<script type=\"application\/ld+json\" class=\"yoast-schema-graph\">{\"@context\":\"https:\/\/schema.org\",\"@graph\":[{\"@type\":\"WebPage\",\"@id\":\"https:\/\/www.spottergps.com\/es\/faq\/aplicacion\/como-actualizo-la-aplicacion-spotter\/\",\"url\":\"https:\/\/www.spottergps.com\/es\/faq\/aplicacion\/como-actualizo-la-aplicacion-spotter\/\",\"name\":\"\u00bfC\u00f3mo actualizo la aplicaci\u00f3n Spotter? - Spotter Spain\",\"isPartOf\":{\"@id\":\"https:\/\/www.spottergps.com\/es\/#website\"},\"primaryImageOfPage\":{\"@id\":\"https:\/\/www.spottergps.com\/es\/faq\/aplicacion\/como-actualizo-la-aplicacion-spotter\/#primaryimage\"},\"image\":{\"@id\":\"https:\/\/www.spottergps.com\/es\/faq\/aplicacion\/como-actualizo-la-aplicacion-spotter\/#primaryimage\"},\"thumbnailUrl\":\"https:\/\/www.spottergps.com\/wp-content\/uploads\/2015\/05\/AppStore-e1589534547197.png\",\"datePublished\":\"2023-03-29T09:32:40+00:00\",\"dateModified\":\"2026-03-13T10:59:28+00:00\",\"breadcrumb\":{\"@id\":\"https:\/\/www.spottergps.com\/es\/faq\/aplicacion\/como-actualizo-la-aplicacion-spotter\/#breadcrumb\"},\"inLanguage\":\"es-ES\",\"potentialAction\":[{\"@type\":\"ReadAction\",\"target\":[\"https:\/\/www.spottergps.com\/es\/faq\/aplicacion\/como-actualizo-la-aplicacion-spotter\/\"]}]},{\"@type\":\"ImageObject\",\"inLanguage\":\"es-ES\",\"@id\":\"https:\/\/www.spottergps.com\/es\/faq\/aplicacion\/como-actualizo-la-aplicacion-spotter\/#primaryimage\",\"url\":\"https:\/\/www.spottergps.com\/wp-content\/uploads\/2015\/05\/AppStore-e1589534547197.png\",\"contentUrl\":\"https:\/\/www.spottergps.com\/wp-content\/uploads\/2015\/05\/AppStore-e1589534547197.png\"},{\"@type\":\"BreadcrumbList\",\"@id\":\"https:\/\/www.spottergps.com\/es\/faq\/aplicacion\/como-actualizo-la-aplicacion-spotter\/#breadcrumb\",\"itemListElement\":[{\"@type\":\"ListItem\",\"position\":1,\"name\":\"Home\",\"item\":\"https:\/\/www.spottergps.com\/es\/\"},{\"@type\":\"ListItem\",\"position\":2,\"name\":\"\u00bfC\u00f3mo podemos ayudarte?\",\"item\":\"https:\/\/www.spottergps.com\/es\/faq\/\"},{\"@type\":\"ListItem\",\"position\":3,\"name\":\"Aplicaci\u00f3n\",\"item\":\"https:\/\/www.spottergps.com\/es\/faq\/aplicacion\/\"},{\"@type\":\"ListItem\",\"position\":4,\"name\":\"\u00bfC\u00f3mo actualizo la aplicaci\u00f3n Spotter?\"}]},{\"@type\":\"WebSite\",\"@id\":\"https:\/\/www.spottergps.com\/es\/#website\",\"url\":\"https:\/\/www.spottergps.com\/es\/\",\"name\":\"Spotter Spain\",\"description\":\"Para todo lo que amas\",\"publisher\":{\"@id\":\"https:\/\/www.spottergps.com\/es\/#organization\"},\"potentialAction\":[{\"@type\":\"SearchAction\",\"target\":{\"@type\":\"EntryPoint\",\"urlTemplate\":\"https:\/\/www.spottergps.com\/es\/?s={search_term_string}\"},\"query-input\":{\"@type\":\"PropertyValueSpecification\",\"valueRequired\":true,\"valueName\":\"search_term_string\"}}],\"inLanguage\":\"es-ES\"},{\"@type\":\"Organization\",\"@id\":\"https:\/\/www.spottergps.com\/es\/#organization\",\"name\":\"Spotter B.V.\",\"url\":\"https:\/\/www.spottergps.com\/es\/\",\"logo\":{\"@type\":\"ImageObject\",\"inLanguage\":\"es-ES\",\"@id\":\"https:\/\/www.spottergps.com\/es\/#\/schema\/logo\/image\/\",\"url\":\"https:\/\/www.spottergps.com\/es\/wp-content\/uploads\/sites\/7\/2023\/09\/Spotter_logo.png\",\"contentUrl\":\"https:\/\/www.spottergps.com\/es\/wp-content\/uploads\/sites\/7\/2023\/09\/Spotter_logo.png\",\"width\":1500,\"height\":696,\"caption\":\"Spotter B.V.\"},\"image\":{\"@id\":\"https:\/\/www.spottergps.com\/es\/#\/schema\/logo\/image\/\"}}]}<\/script>\n<!-- \/ Yoast SEO plugin. -->","yoast_head_json":{"title":"\u00bfC\u00f3mo actualizo la aplicaci\u00f3n Spotter? - Spotter Spain","robots":{"index":"noindex","follow":"nofollow"},"og_locale":"es_ES","og_type":"article","og_title":"\u00bfC\u00f3mo actualizo la aplicaci\u00f3n Spotter? - Spotter Spain","og_description":"La aplicaci\u00f3n Spotter se actualiza peri\u00f3dicamente con nuevas funciones o errores corregidos. Por lo tanto, es importante estar atento a estas actualizaciones. A menudo, estas actualizaciones se actualizan autom\u00e1ticamente en los dispositivos y no es necesario que realice ninguna acci\u00f3n. Si no ha configurado esto, le recomendamos que vigile estas actualizaciones y las actualice peri\u00f3dicamente. [&hellip;]","og_url":"https:\/\/www.spottergps.com\/es\/faq\/aplicacion\/como-actualizo-la-aplicacion-spotter\/","og_site_name":"Spotter Spain","article_modified_time":"2026-03-13T10:59:28+00:00","og_image":[{"url":"https:\/\/www.spottergps.com\/wp-content\/uploads\/2015\/05\/AppStore-e1589534547197.png","type":"","width":"","height":""}],"twitter_card":"summary_large_image","twitter_misc":{"Tiempo de lectura":"2 minutes"},"schema":{"@context":"https:\/\/schema.org","@graph":[{"@type":"WebPage","@id":"https:\/\/www.spottergps.com\/es\/faq\/aplicacion\/como-actualizo-la-aplicacion-spotter\/","url":"https:\/\/www.spottergps.com\/es\/faq\/aplicacion\/como-actualizo-la-aplicacion-spotter\/","name":"\u00bfC\u00f3mo actualizo la aplicaci\u00f3n Spotter? - Spotter Spain","isPartOf":{"@id":"https:\/\/www.spottergps.com\/es\/#website"},"primaryImageOfPage":{"@id":"https:\/\/www.spottergps.com\/es\/faq\/aplicacion\/como-actualizo-la-aplicacion-spotter\/#primaryimage"},"image":{"@id":"https:\/\/www.spottergps.com\/es\/faq\/aplicacion\/como-actualizo-la-aplicacion-spotter\/#primaryimage"},"thumbnailUrl":"https:\/\/www.spottergps.com\/wp-content\/uploads\/2015\/05\/AppStore-e1589534547197.png","datePublished":"2023-03-29T09:32:40+00:00","dateModified":"2026-03-13T10:59:28+00:00","breadcrumb":{"@id":"https:\/\/www.spottergps.com\/es\/faq\/aplicacion\/como-actualizo-la-aplicacion-spotter\/#breadcrumb"},"inLanguage":"es-ES","potentialAction":[{"@type":"ReadAction","target":["https:\/\/www.spottergps.com\/es\/faq\/aplicacion\/como-actualizo-la-aplicacion-spotter\/"]}]},{"@type":"ImageObject","inLanguage":"es-ES","@id":"https:\/\/www.spottergps.com\/es\/faq\/aplicacion\/como-actualizo-la-aplicacion-spotter\/#primaryimage","url":"https:\/\/www.spottergps.com\/wp-content\/uploads\/2015\/05\/AppStore-e1589534547197.png","contentUrl":"https:\/\/www.spottergps.com\/wp-content\/uploads\/2015\/05\/AppStore-e1589534547197.png"},{"@type":"BreadcrumbList","@id":"https:\/\/www.spottergps.com\/es\/faq\/aplicacion\/como-actualizo-la-aplicacion-spotter\/#breadcrumb","itemListElement":[{"@type":"ListItem","position":1,"name":"Home","item":"https:\/\/www.spottergps.com\/es\/"},{"@type":"ListItem","position":2,"name":"\u00bfC\u00f3mo podemos ayudarte?","item":"https:\/\/www.spottergps.com\/es\/faq\/"},{"@type":"ListItem","position":3,"name":"Aplicaci\u00f3n","item":"https:\/\/www.spottergps.com\/es\/faq\/aplicacion\/"},{"@type":"ListItem","position":4,"name":"\u00bfC\u00f3mo actualizo la aplicaci\u00f3n Spotter?"}]},{"@type":"WebSite","@id":"https:\/\/www.spottergps.com\/es\/#website","url":"https:\/\/www.spottergps.com\/es\/","name":"Spotter Spain","description":"Para todo lo que amas","publisher":{"@id":"https:\/\/www.spottergps.com\/es\/#organization"},"potentialAction":[{"@type":"SearchAction","target":{"@type":"EntryPoint","urlTemplate":"https:\/\/www.spottergps.com\/es\/?s={search_term_string}"},"query-input":{"@type":"PropertyValueSpecification","valueRequired":true,"valueName":"search_term_string"}}],"inLanguage":"es-ES"},{"@type":"Organization","@id":"https:\/\/www.spottergps.com\/es\/#organization","name":"Spotter B.V.","url":"https:\/\/www.spottergps.com\/es\/","logo":{"@type":"ImageObject","inLanguage":"es-ES","@id":"https:\/\/www.spottergps.com\/es\/#\/schema\/logo\/image\/","url":"https:\/\/www.spottergps.com\/es\/wp-content\/uploads\/sites\/7\/2023\/09\/Spotter_logo.png","contentUrl":"https:\/\/www.spottergps.com\/es\/wp-content\/uploads\/sites\/7\/2023\/09\/Spotter_logo.png","width":1500,"height":696,"caption":"Spotter B.V."},"image":{"@id":"https:\/\/www.spottergps.com\/es\/#\/schema\/logo\/image\/"}}]}},"_links":{"self":[{"href":"https:\/\/www.spottergps.com\/es\/wp-json\/wp\/v2\/pages\/93","targetHints":{"allow":["GET"]}}],"collection":[{"href":"https:\/\/www.spottergps.com\/es\/wp-json\/wp\/v2\/pages"}],"about":[{"href":"https:\/\/www.spottergps.com\/es\/wp-json\/wp\/v2\/types\/page"}],"author":[{"embeddable":true,"href":"https:\/\/www.spottergps.com\/es\/wp-json\/wp\/v2\/users\/10"}],"replies":[{"embeddable":true,"href":"https:\/\/www.spottergps.com\/es\/wp-json\/wp\/v2\/comments?post=93"}],"version-history":[{"count":4,"href":"https:\/\/www.spottergps.com\/es\/wp-json\/wp\/v2\/pages\/93\/revisions"}],"predecessor-version":[{"id":2609,"href":"https:\/\/www.spottergps.com\/es\/wp-json\/wp\/v2\/pages\/93\/revisions\/2609"}],"up":[{"embeddable":true,"href":"https:\/\/www.spottergps.com\/es\/wp-json\/wp\/v2\/pages\/81"}],"wp:attachment":[{"href":"https:\/\/www.spottergps.com\/es\/wp-json\/wp\/v2\/media?parent=93"}],"wp:term":[{"taxonomy":"category","embeddable":true,"href":"https:\/\/www.spottergps.com\/es\/wp-json\/wp\/v2\/categories?post=93"},{"taxonomy":"post_tag","embeddable":true,"href":"https:\/\/www.spottergps.com\/es\/wp-json\/wp\/v2\/tags?post=93"}],"curies":[{"name":"wp","href":"https:\/\/api.w.org\/{rel}","templated":true}]}}