{"id":894,"date":"2023-04-20T07:53:55","date_gmt":"2023-04-20T07:53:55","guid":{"rendered":"https:\/\/www.spottergps.com\/es\/?page_id=894"},"modified":"2025-12-24T12:50:16","modified_gmt":"2025-12-24T12:50:16","slug":"localizador-gps-para-ninos","status":"publish","type":"page","link":"https:\/\/www.spottergps.com\/es\/localizador-gps-para-ninos\/","title":{"rendered":"El localizador GPS ni\u00f1os de Spotter\u00ae"},"content":{"rendered":"\n<h2 class=\"wp-block-heading\">El localizador GPS<strong> <\/strong>m\u00e1s vendida para ni\u00f1os<\/h2>\n\n\n\n<div class=\"wp-block-columns is-layout-flex wp-container-core-columns-is-layout-9d6595d7 wp-block-columns-is-layout-flex\">\n<div class=\"wp-block-column is-layout-flow wp-block-column-is-layout-flow\">\n<figure class=\"wp-block-image size-full is-resized\"><a href=\"https:\/\/shop.spottergps.com\/es\/spotter%20gps%20tracker.html\"><img loading=\"lazy\" decoding=\"async\" width=\"700\" height=\"657\" src=\"https:\/\/www.spottergps.com\/es\/wp-content\/uploads\/sites\/7\/2024\/12\/gps-para-ninos-spotter.jpg\" alt=\"\" class=\"wp-image-2061\" style=\"width:477px;height:auto\" srcset=\"https:\/\/www.spottergps.com\/es\/wp-content\/uploads\/sites\/7\/2024\/12\/gps-para-ninos-spotter.jpg 700w, https:\/\/www.spottergps.com\/es\/wp-content\/uploads\/sites\/7\/2024\/12\/gps-para-ninos-spotter-300x282.jpg 300w\" sizes=\"auto, (max-width: 700px) 100vw, 700px\" \/><\/a><\/figure>\n<\/div>\n\n\n\n<div class=\"wp-block-column is-layout-flow wp-block-column-is-layout-flow\">\n<p>Mant\u00e9n siempre el contacto con tu hijo mientras juega fuera. Dale un GPS para ni\u00f1os Spotter, para que siempre sepas d\u00f3nde est\u00e1. Compacto y f\u00e1cil de llevar en una mochila o colgado en un cord\u00f3n alrededor del cuello.<\/p>\n<ul>\n<li>Consulta en <strong>tu smartphone<\/strong> d\u00f3nde est\u00e1 tu hijo.<\/li>\n<li>Desde <strong>localizaci\u00f3n por GPS<\/strong> para ni\u00f1os, <strong>bot\u00f3n SOS<\/strong> hasta <strong>funci\u00f3n de llamadas<\/strong>.<\/li>\n<li>Sin complicaciones. Funciona de inmediato <strong>e incluye tarjeta SIM<\/strong>.<\/li>\n<li><strong>Marca europea segura<\/strong>.<\/li>\n<li><strong>Robusto<\/strong> y <strong>resistente al agua<\/strong>.<\/li>\n<li>Funciona en <strong>toda Europa<\/strong>, opcionalmente en <strong>todo el mundo<\/strong>.<\/li>\n<li><strong>Sin suscripci\u00f3n<\/strong>, solo uso prepago.<\/li>\n<li>M\u00e1s de <strong>35.000 usuarios<\/strong>.<\/li>\n<\/ul>\n<p><br><a class=\"main-button\" title=\"spotter bestellen\" href=\"https:\/\/shop.spottergps.com\/es\/spotter%20gps%20tracker.html\" target=\"_blank\" rel=\"noopener noreferrer\" data-wplink-edit=\"true\">Ver nuestro localizador GPS para ni\u00f1os<\/a><\/p>\n<\/div>\n<\/div>\n\n\n\n<p><\/p>\n\n\n\n<p><\/p>\n\n\n\n<h3 style=\"text-align: center\"><span class=\"jCAhz ChMk0b\"><span class=\"ryNqvb\">F\u00e1cil de llevar <\/span><\/span><\/h3>\n<p style=\"text-align: center\"><span class=\"jCAhz ChMk0b\"><span class=\"ryNqvb\">Alrededor del cuello o en\/en el bolso, lo que m\u00e1s le guste a tu hijo.<\/span><\/span><\/p>\n<p>\u00a0<\/p>\n<p>\u00a0<\/p>\n\n\n\n<div class=\"wp-block-columns is-layout-flex wp-container-core-columns-is-layout-9d6595d7 wp-block-columns-is-layout-flex\">\n<div class=\"wp-block-column is-layout-flow wp-block-column-is-layout-flow\"><div class=\"wp-block-image\">\n<figure class=\"alignright size-full is-resized\"><a href=\"https:\/\/shop.spottergps.com\/es\/spotter%20gps%20tracker.html\"><img loading=\"lazy\" decoding=\"async\" width=\"700\" height=\"657\" src=\"https:\/\/www.spottergps.com\/es\/wp-content\/uploads\/sites\/7\/2024\/12\/localizador-gps-ninos-spotter.jpg\" alt=\"\" class=\"wp-image-2062\" style=\"width:453px;height:auto\" srcset=\"https:\/\/www.spottergps.com\/es\/wp-content\/uploads\/sites\/7\/2024\/12\/localizador-gps-ninos-spotter.jpg 700w, https:\/\/www.spottergps.com\/es\/wp-content\/uploads\/sites\/7\/2024\/12\/localizador-gps-ninos-spotter-300x282.jpg 300w\" sizes=\"auto, (max-width: 700px) 100vw, 700px\" \/><\/a><\/figure><\/div><\/div>\n\n\n\n<div class=\"wp-block-column is-layout-flow wp-block-column-is-layout-flow\"><div class=\"wp-block-image\">\n<figure class=\"alignleft size-full is-resized\"><a href=\"https:\/\/shop.spottergps.com\/es\/spotter%20gps%20tracker.html\"><img loading=\"lazy\" decoding=\"async\" width=\"700\" height=\"657\" src=\"https:\/\/www.spottergps.com\/es\/wp-content\/uploads\/sites\/7\/2024\/12\/gps-para-ninos-spotter-1.jpg\" alt=\"\" class=\"wp-image-2063\" style=\"width:449px;height:auto\" srcset=\"https:\/\/www.spottergps.com\/es\/wp-content\/uploads\/sites\/7\/2024\/12\/gps-para-ninos-spotter-1.jpg 700w, https:\/\/www.spottergps.com\/es\/wp-content\/uploads\/sites\/7\/2024\/12\/gps-para-ninos-spotter-1-300x282.jpg 300w\" sizes=\"auto, (max-width: 700px) 100vw, 700px\" \/><\/a><\/figure><\/div><\/div>\n<\/div>\n\n\n\n<p><\/p>\n","protected":false},"excerpt":{"rendered":"<p>El localizador GPS m\u00e1s vendida para ni\u00f1os Mant\u00e9n siempre el contacto con tu hijo mientras juega fuera. Dale un GPS para ni\u00f1os Spotter, para que siempre sepas d\u00f3nde est\u00e1. Compacto y f\u00e1cil de llevar en una mochila o colgado en un cord\u00f3n alrededor del cuello. Consulta en tu smartphone d\u00f3nde est\u00e1 tu hijo. Desde localizaci\u00f3n [&hellip;]<\/p>\n","protected":false},"author":10,"featured_media":0,"parent":0,"menu_order":0,"comment_status":"closed","ping_status":"closed","template":"","meta":{"_acf_changed":false,"footnotes":""},"categories":[],"tags":[],"class_list":["post-894","page","type-page","status-publish","hentry"],"acf":[],"yoast_head":"<!-- This site is optimized with the Yoast SEO plugin v25.9 - https:\/\/yoast.com\/wordpress\/plugins\/seo\/ -->\n<title>Localizador GPS ni\u00f1os \u2013 Seguro, fiable y sin estr\u00e9s | Spotter\u00ae<\/title>\n<meta name=\"description\" content=\"El localizador GPS para su hijo, para que siempre sepa d\u00f3nde est\u00e1. Con bot\u00f3n SOS, funci\u00f3n de llamada y m\u00e1s. \u00a1M\u00e1s de 35,000 usuarios!\" \/>\n<meta name=\"robots\" content=\"index, follow, max-snippet:-1, max-image-preview:large, max-video-preview:-1\" \/>\n<link rel=\"canonical\" href=\"https:\/\/www.spottergps.com\/es\/localizador-gps-para-ninos\/\" \/>\n<meta property=\"og:locale\" content=\"es_ES\" \/>\n<meta property=\"og:type\" content=\"article\" \/>\n<meta property=\"og:title\" content=\"Localizador GPS ni\u00f1os \u2013 Seguro, fiable y sin estr\u00e9s | Spotter\u00ae\" \/>\n<meta property=\"og:description\" content=\"El localizador GPS para su hijo, para que siempre sepa d\u00f3nde est\u00e1. Con bot\u00f3n SOS, funci\u00f3n de llamada y m\u00e1s. \u00a1M\u00e1s de 35,000 usuarios!\" \/>\n<meta property=\"og:url\" content=\"https:\/\/www.spottergps.com\/es\/localizador-gps-para-ninos\/\" \/>\n<meta property=\"og:site_name\" content=\"Spotter Spain\" \/>\n<meta property=\"article:modified_time\" content=\"2025-12-24T12:50:16+00:00\" \/>\n<meta property=\"og:image\" content=\"https:\/\/www.spottergps.com\/es\/wp-content\/uploads\/sites\/7\/2024\/12\/gps-para-ninos-spotter.jpg\" \/>\n<meta name=\"twitter:card\" content=\"summary_large_image\" \/>\n<meta name=\"twitter:label1\" content=\"Tiempo de lectura\" \/>\n\t<meta name=\"twitter:data1\" content=\"2 minutes\" \/>\n<script type=\"application\/ld+json\" class=\"yoast-schema-graph\">{\"@context\":\"https:\/\/schema.org\",\"@graph\":[{\"@type\":\"WebPage\",\"@id\":\"https:\/\/www.spottergps.com\/es\/localizador-gps-para-ninos\/\",\"url\":\"https:\/\/www.spottergps.com\/es\/localizador-gps-para-ninos\/\",\"name\":\"Localizador GPS ni\u00f1os \u2013 Seguro, fiable y sin estr\u00e9s | Spotter\u00ae\",\"isPartOf\":{\"@id\":\"https:\/\/www.spottergps.com\/es\/#website\"},\"primaryImageOfPage\":{\"@id\":\"https:\/\/www.spottergps.com\/es\/localizador-gps-para-ninos\/#primaryimage\"},\"image\":{\"@id\":\"https:\/\/www.spottergps.com\/es\/localizador-gps-para-ninos\/#primaryimage\"},\"thumbnailUrl\":\"https:\/\/www.spottergps.com\/es\/wp-content\/uploads\/sites\/7\/2024\/12\/gps-para-ninos-spotter.jpg\",\"datePublished\":\"2023-04-20T07:53:55+00:00\",\"dateModified\":\"2025-12-24T12:50:16+00:00\",\"description\":\"El localizador GPS para su hijo, para que siempre sepa d\u00f3nde est\u00e1. Con bot\u00f3n SOS, funci\u00f3n de llamada y m\u00e1s. \u00a1M\u00e1s de 35,000 usuarios!\",\"breadcrumb\":{\"@id\":\"https:\/\/www.spottergps.com\/es\/localizador-gps-para-ninos\/#breadcrumb\"},\"inLanguage\":\"es-ES\",\"potentialAction\":[{\"@type\":\"ReadAction\",\"target\":[\"https:\/\/www.spottergps.com\/es\/localizador-gps-para-ninos\/\"]}]},{\"@type\":\"ImageObject\",\"inLanguage\":\"es-ES\",\"@id\":\"https:\/\/www.spottergps.com\/es\/localizador-gps-para-ninos\/#primaryimage\",\"url\":\"https:\/\/www.spottergps.com\/es\/wp-content\/uploads\/sites\/7\/2024\/12\/gps-para-ninos-spotter.jpg\",\"contentUrl\":\"https:\/\/www.spottergps.com\/es\/wp-content\/uploads\/sites\/7\/2024\/12\/gps-para-ninos-spotter.jpg\",\"width\":700,\"height\":657},{\"@type\":\"BreadcrumbList\",\"@id\":\"https:\/\/www.spottergps.com\/es\/localizador-gps-para-ninos\/#breadcrumb\",\"itemListElement\":[{\"@type\":\"ListItem\",\"position\":1,\"name\":\"Home\",\"item\":\"https:\/\/www.spottergps.com\/es\/\"},{\"@type\":\"ListItem\",\"position\":2,\"name\":\"El localizador GPS ni\u00f1os de Spotter\u00ae\"}]},{\"@type\":\"WebSite\",\"@id\":\"https:\/\/www.spottergps.com\/es\/#website\",\"url\":\"https:\/\/www.spottergps.com\/es\/\",\"name\":\"Spotter Spain\",\"description\":\"Para todo lo que amas\",\"publisher\":{\"@id\":\"https:\/\/www.spottergps.com\/es\/#organization\"},\"potentialAction\":[{\"@type\":\"SearchAction\",\"target\":{\"@type\":\"EntryPoint\",\"urlTemplate\":\"https:\/\/www.spottergps.com\/es\/?s={search_term_string}\"},\"query-input\":{\"@type\":\"PropertyValueSpecification\",\"valueRequired\":true,\"valueName\":\"search_term_string\"}}],\"inLanguage\":\"es-ES\"},{\"@type\":\"Organization\",\"@id\":\"https:\/\/www.spottergps.com\/es\/#organization\",\"name\":\"Spotter B.V.\",\"url\":\"https:\/\/www.spottergps.com\/es\/\",\"logo\":{\"@type\":\"ImageObject\",\"inLanguage\":\"es-ES\",\"@id\":\"https:\/\/www.spottergps.com\/es\/#\/schema\/logo\/image\/\",\"url\":\"https:\/\/www.spottergps.com\/es\/wp-content\/uploads\/sites\/7\/2023\/09\/Spotter_logo.png\",\"contentUrl\":\"https:\/\/www.spottergps.com\/es\/wp-content\/uploads\/sites\/7\/2023\/09\/Spotter_logo.png\",\"width\":1500,\"height\":696,\"caption\":\"Spotter B.V.\"},\"image\":{\"@id\":\"https:\/\/www.spottergps.com\/es\/#\/schema\/logo\/image\/\"}}]}<\/script>\n<!-- \/ Yoast SEO plugin. -->","yoast_head_json":{"title":"Localizador GPS ni\u00f1os \u2013 Seguro, fiable y sin estr\u00e9s | Spotter\u00ae","description":"El localizador GPS para su hijo, para que siempre sepa d\u00f3nde est\u00e1. Con bot\u00f3n SOS, funci\u00f3n de llamada y m\u00e1s. \u00a1M\u00e1s de 35,000 usuarios!","robots":{"index":"index","follow":"follow","max-snippet":"max-snippet:-1","max-image-preview":"max-image-preview:large","max-video-preview":"max-video-preview:-1"},"canonical":"https:\/\/www.spottergps.com\/es\/localizador-gps-para-ninos\/","og_locale":"es_ES","og_type":"article","og_title":"Localizador GPS ni\u00f1os \u2013 Seguro, fiable y sin estr\u00e9s | Spotter\u00ae","og_description":"El localizador GPS para su hijo, para que siempre sepa d\u00f3nde est\u00e1. Con bot\u00f3n SOS, funci\u00f3n de llamada y m\u00e1s. \u00a1M\u00e1s de 35,000 usuarios!","og_url":"https:\/\/www.spottergps.com\/es\/localizador-gps-para-ninos\/","og_site_name":"Spotter Spain","article_modified_time":"2025-12-24T12:50:16+00:00","og_image":[{"url":"https:\/\/www.spottergps.com\/es\/wp-content\/uploads\/sites\/7\/2024\/12\/gps-para-ninos-spotter.jpg","type":"","width":"","height":""}],"twitter_card":"summary_large_image","twitter_misc":{"Tiempo de lectura":"2 minutes"},"schema":{"@context":"https:\/\/schema.org","@graph":[{"@type":"WebPage","@id":"https:\/\/www.spottergps.com\/es\/localizador-gps-para-ninos\/","url":"https:\/\/www.spottergps.com\/es\/localizador-gps-para-ninos\/","name":"Localizador GPS ni\u00f1os \u2013 Seguro, fiable y sin estr\u00e9s | Spotter\u00ae","isPartOf":{"@id":"https:\/\/www.spottergps.com\/es\/#website"},"primaryImageOfPage":{"@id":"https:\/\/www.spottergps.com\/es\/localizador-gps-para-ninos\/#primaryimage"},"image":{"@id":"https:\/\/www.spottergps.com\/es\/localizador-gps-para-ninos\/#primaryimage"},"thumbnailUrl":"https:\/\/www.spottergps.com\/es\/wp-content\/uploads\/sites\/7\/2024\/12\/gps-para-ninos-spotter.jpg","datePublished":"2023-04-20T07:53:55+00:00","dateModified":"2025-12-24T12:50:16+00:00","description":"El localizador GPS para su hijo, para que siempre sepa d\u00f3nde est\u00e1. Con bot\u00f3n SOS, funci\u00f3n de llamada y m\u00e1s. \u00a1M\u00e1s de 35,000 usuarios!","breadcrumb":{"@id":"https:\/\/www.spottergps.com\/es\/localizador-gps-para-ninos\/#breadcrumb"},"inLanguage":"es-ES","potentialAction":[{"@type":"ReadAction","target":["https:\/\/www.spottergps.com\/es\/localizador-gps-para-ninos\/"]}]},{"@type":"ImageObject","inLanguage":"es-ES","@id":"https:\/\/www.spottergps.com\/es\/localizador-gps-para-ninos\/#primaryimage","url":"https:\/\/www.spottergps.com\/es\/wp-content\/uploads\/sites\/7\/2024\/12\/gps-para-ninos-spotter.jpg","contentUrl":"https:\/\/www.spottergps.com\/es\/wp-content\/uploads\/sites\/7\/2024\/12\/gps-para-ninos-spotter.jpg","width":700,"height":657},{"@type":"BreadcrumbList","@id":"https:\/\/www.spottergps.com\/es\/localizador-gps-para-ninos\/#breadcrumb","itemListElement":[{"@type":"ListItem","position":1,"name":"Home","item":"https:\/\/www.spottergps.com\/es\/"},{"@type":"ListItem","position":2,"name":"El localizador GPS ni\u00f1os de Spotter\u00ae"}]},{"@type":"WebSite","@id":"https:\/\/www.spottergps.com\/es\/#website","url":"https:\/\/www.spottergps.com\/es\/","name":"Spotter Spain","description":"Para todo lo que amas","publisher":{"@id":"https:\/\/www.spottergps.com\/es\/#organization"},"potentialAction":[{"@type":"SearchAction","target":{"@type":"EntryPoint","urlTemplate":"https:\/\/www.spottergps.com\/es\/?s={search_term_string}"},"query-input":{"@type":"PropertyValueSpecification","valueRequired":true,"valueName":"search_term_string"}}],"inLanguage":"es-ES"},{"@type":"Organization","@id":"https:\/\/www.spottergps.com\/es\/#organization","name":"Spotter B.V.","url":"https:\/\/www.spottergps.com\/es\/","logo":{"@type":"ImageObject","inLanguage":"es-ES","@id":"https:\/\/www.spottergps.com\/es\/#\/schema\/logo\/image\/","url":"https:\/\/www.spottergps.com\/es\/wp-content\/uploads\/sites\/7\/2023\/09\/Spotter_logo.png","contentUrl":"https:\/\/www.spottergps.com\/es\/wp-content\/uploads\/sites\/7\/2023\/09\/Spotter_logo.png","width":1500,"height":696,"caption":"Spotter B.V."},"image":{"@id":"https:\/\/www.spottergps.com\/es\/#\/schema\/logo\/image\/"}}]}},"_links":{"self":[{"href":"https:\/\/www.spottergps.com\/es\/wp-json\/wp\/v2\/pages\/894","targetHints":{"allow":["GET"]}}],"collection":[{"href":"https:\/\/www.spottergps.com\/es\/wp-json\/wp\/v2\/pages"}],"about":[{"href":"https:\/\/www.spottergps.com\/es\/wp-json\/wp\/v2\/types\/page"}],"author":[{"embeddable":true,"href":"https:\/\/www.spottergps.com\/es\/wp-json\/wp\/v2\/users\/10"}],"replies":[{"embeddable":true,"href":"https:\/\/www.spottergps.com\/es\/wp-json\/wp\/v2\/comments?post=894"}],"version-history":[{"count":43,"href":"https:\/\/www.spottergps.com\/es\/wp-json\/wp\/v2\/pages\/894\/revisions"}],"predecessor-version":[{"id":2486,"href":"https:\/\/www.spottergps.com\/es\/wp-json\/wp\/v2\/pages\/894\/revisions\/2486"}],"wp:attachment":[{"href":"https:\/\/www.spottergps.com\/es\/wp-json\/wp\/v2\/media?parent=894"}],"wp:term":[{"taxonomy":"category","embeddable":true,"href":"https:\/\/www.spottergps.com\/es\/wp-json\/wp\/v2\/categories?post=894"},{"taxonomy":"post_tag","embeddable":true,"href":"https:\/\/www.spottergps.com\/es\/wp-json\/wp\/v2\/tags?post=894"}],"curies":[{"name":"wp","href":"https:\/\/api.w.org\/{rel}","templated":true}]}}