{"id":864,"date":"2023-04-19T09:48:35","date_gmt":"2023-04-19T09:48:35","guid":{"rendered":"https:\/\/www.spottergps.com\/es\/?page_id=864"},"modified":"2026-02-23T10:22:34","modified_gmt":"2026-02-23T10:22:34","slug":"reloj-gps-alzheimer","status":"publish","type":"page","link":"https:\/\/www.spottergps.com\/es\/reloj-gps-alzheimer\/","title":{"rendered":"El Reloj GPS para personas con Alzheimer"},"content":{"rendered":"\n<h2 class=\"wp-block-heading\"><strong><em>A partir de ahora puedes salir solo con tranquilidad<\/em><\/strong>&nbsp;<\/h2>\n\n\n\n<p>La falta de tranquilidad entre los seres queridos de alguien con Alzheimer o Demencia cuando sale solo es com\u00fan. El reloj GPS Spotter elimina parte de esta intranquilidad. Coloca el reloj en su mu\u00f1eca y siempre sabr\u00e1s d\u00f3nde est\u00e1 tu ser querido. Puedes iniciar sesi\u00f3n f\u00e1cilmente en l\u00ednea o a trav\u00e9s de la aplicaci\u00f3n Spotter y ver su ubicaci\u00f3n Tambi\u00e9n puedes llamar al reloj GPS, configurar una zona sobre la que se te notificar\u00e1 cuando alguien entre o salga de la misma, configurar una alarma y mucho m\u00e1s. El reloj GPS tambi\u00e9n est\u00e1 equipado con un bot\u00f3n SOS que se puede usar en caso de emergencia, al usar el bot\u00f3n se env\u00eda un mensaje de manera inmediata.&nbsp;<\/p>\n\n\n\n<p><em>&#8220;Muchos empleados del sector de la salud , hogares para el cuidado de adultos mayores y familiares de seres queridos con Alzheimer o demencia usan el reloj GPS Spotter. Estamos felices de poder contribuir con esto y esperamos darte la bienvenida pronto&#8221;.&nbsp;<\/em><\/p>\n","protected":false},"excerpt":{"rendered":"<p>A partir de ahora puedes salir solo con tranquilidad&nbsp; La falta de tranquilidad entre los seres queridos de alguien con Alzheimer o Demencia cuando sale solo es com\u00fan. El reloj GPS Spotter elimina parte de esta intranquilidad. Coloca el reloj en su mu\u00f1eca y siempre sabr\u00e1s d\u00f3nde est\u00e1 tu ser querido. Puedes iniciar sesi\u00f3n f\u00e1cilmente [&hellip;]<\/p>\n","protected":false},"author":10,"featured_media":2456,"parent":0,"menu_order":0,"comment_status":"closed","ping_status":"closed","template":"","meta":{"_acf_changed":false,"footnotes":""},"categories":[],"tags":[],"class_list":["post-864","page","type-page","status-publish","has-post-thumbnail","hentry"],"acf":[],"yoast_head":"<!-- This site is optimized with the Yoast SEO plugin v25.9 - https:\/\/yoast.com\/wordpress\/plugins\/seo\/ -->\n<title>Localizador GPS personas Alzheimer \u2013 SOS y llamadas | Spotter\u00ae \u2764<\/title>\n<meta name=\"description\" content=\"Reloj GPS para Alzheimer y Demencia. Con bot\u00f3n SOS, funci\u00f3n de llamada y zonas ajustables. En l\u00ednea y aplicaci\u00f3n. Prepago y sin suscripci\u00f3n.\" \/>\n<meta name=\"robots\" content=\"index, follow, max-snippet:-1, max-image-preview:large, max-video-preview:-1\" \/>\n<link rel=\"canonical\" href=\"https:\/\/www.spottergps.com\/es\/reloj-gps-alzheimer\/\" \/>\n<meta property=\"og:locale\" content=\"es_ES\" \/>\n<meta property=\"og:type\" content=\"article\" \/>\n<meta property=\"og:title\" content=\"Localizador GPS personas Alzheimer \u2013 SOS y llamadas | Spotter\u00ae \u2764\" \/>\n<meta property=\"og:description\" content=\"Reloj GPS para Alzheimer y Demencia. Con bot\u00f3n SOS, funci\u00f3n de llamada y zonas ajustables. En l\u00ednea y aplicaci\u00f3n. Prepago y sin suscripci\u00f3n.\" \/>\n<meta property=\"og:url\" content=\"https:\/\/www.spottergps.com\/es\/reloj-gps-alzheimer\/\" \/>\n<meta property=\"og:site_name\" content=\"Spotter Spain\" \/>\n<meta property=\"article:modified_time\" content=\"2026-02-23T10:22:34+00:00\" \/>\n<meta property=\"og:image\" content=\"https:\/\/www.spottergps.com\/es\/wp-content\/uploads\/sites\/7\/2025\/10\/El-Reloj-GPS-para-personas-con-Alzheimer-spotter.jpg\" \/>\n\t<meta property=\"og:image:width\" content=\"1800\" \/>\n\t<meta property=\"og:image:height\" content=\"1800\" \/>\n\t<meta property=\"og:image:type\" content=\"image\/jpeg\" \/>\n<meta name=\"twitter:card\" content=\"summary_large_image\" \/>\n<meta name=\"twitter:label1\" content=\"Tiempo de lectura\" \/>\n\t<meta name=\"twitter:data1\" content=\"1 minute\" \/>\n<script type=\"application\/ld+json\" class=\"yoast-schema-graph\">{\"@context\":\"https:\/\/schema.org\",\"@graph\":[{\"@type\":\"WebPage\",\"@id\":\"https:\/\/www.spottergps.com\/es\/reloj-gps-alzheimer\/\",\"url\":\"https:\/\/www.spottergps.com\/es\/reloj-gps-alzheimer\/\",\"name\":\"Localizador GPS personas Alzheimer \u2013 SOS y llamadas | Spotter\u00ae \u2764\",\"isPartOf\":{\"@id\":\"https:\/\/www.spottergps.com\/es\/#website\"},\"primaryImageOfPage\":{\"@id\":\"https:\/\/www.spottergps.com\/es\/reloj-gps-alzheimer\/#primaryimage\"},\"image\":{\"@id\":\"https:\/\/www.spottergps.com\/es\/reloj-gps-alzheimer\/#primaryimage\"},\"thumbnailUrl\":\"https:\/\/www.spottergps.com\/es\/wp-content\/uploads\/sites\/7\/2025\/10\/El-Reloj-GPS-para-personas-con-Alzheimer-spotter.jpg\",\"datePublished\":\"2023-04-19T09:48:35+00:00\",\"dateModified\":\"2026-02-23T10:22:34+00:00\",\"description\":\"Reloj GPS para Alzheimer y Demencia. Con bot\u00f3n SOS, funci\u00f3n de llamada y zonas ajustables. En l\u00ednea y aplicaci\u00f3n. Prepago y sin suscripci\u00f3n.\",\"breadcrumb\":{\"@id\":\"https:\/\/www.spottergps.com\/es\/reloj-gps-alzheimer\/#breadcrumb\"},\"inLanguage\":\"es-ES\",\"potentialAction\":[{\"@type\":\"ReadAction\",\"target\":[\"https:\/\/www.spottergps.com\/es\/reloj-gps-alzheimer\/\"]}]},{\"@type\":\"ImageObject\",\"inLanguage\":\"es-ES\",\"@id\":\"https:\/\/www.spottergps.com\/es\/reloj-gps-alzheimer\/#primaryimage\",\"url\":\"https:\/\/www.spottergps.com\/es\/wp-content\/uploads\/sites\/7\/2025\/10\/El-Reloj-GPS-para-personas-con-Alzheimer-spotter.jpg\",\"contentUrl\":\"https:\/\/www.spottergps.com\/es\/wp-content\/uploads\/sites\/7\/2025\/10\/El-Reloj-GPS-para-personas-con-Alzheimer-spotter.jpg\",\"width\":1800,\"height\":1800,\"caption\":\"El Reloj GPS para personas con Alzheimer - spotter\"},{\"@type\":\"BreadcrumbList\",\"@id\":\"https:\/\/www.spottergps.com\/es\/reloj-gps-alzheimer\/#breadcrumb\",\"itemListElement\":[{\"@type\":\"ListItem\",\"position\":1,\"name\":\"Home\",\"item\":\"https:\/\/www.spottergps.com\/es\/\"},{\"@type\":\"ListItem\",\"position\":2,\"name\":\"El Reloj GPS para personas con Alzheimer\"}]},{\"@type\":\"WebSite\",\"@id\":\"https:\/\/www.spottergps.com\/es\/#website\",\"url\":\"https:\/\/www.spottergps.com\/es\/\",\"name\":\"Spotter Spain\",\"description\":\"Para todo lo que amas\",\"publisher\":{\"@id\":\"https:\/\/www.spottergps.com\/es\/#organization\"},\"potentialAction\":[{\"@type\":\"SearchAction\",\"target\":{\"@type\":\"EntryPoint\",\"urlTemplate\":\"https:\/\/www.spottergps.com\/es\/?s={search_term_string}\"},\"query-input\":{\"@type\":\"PropertyValueSpecification\",\"valueRequired\":true,\"valueName\":\"search_term_string\"}}],\"inLanguage\":\"es-ES\"},{\"@type\":\"Organization\",\"@id\":\"https:\/\/www.spottergps.com\/es\/#organization\",\"name\":\"Spotter B.V.\",\"url\":\"https:\/\/www.spottergps.com\/es\/\",\"logo\":{\"@type\":\"ImageObject\",\"inLanguage\":\"es-ES\",\"@id\":\"https:\/\/www.spottergps.com\/es\/#\/schema\/logo\/image\/\",\"url\":\"https:\/\/www.spottergps.com\/es\/wp-content\/uploads\/sites\/7\/2023\/09\/Spotter_logo.png\",\"contentUrl\":\"https:\/\/www.spottergps.com\/es\/wp-content\/uploads\/sites\/7\/2023\/09\/Spotter_logo.png\",\"width\":1500,\"height\":696,\"caption\":\"Spotter B.V.\"},\"image\":{\"@id\":\"https:\/\/www.spottergps.com\/es\/#\/schema\/logo\/image\/\"}}]}<\/script>\n<!-- \/ Yoast SEO plugin. -->","yoast_head_json":{"title":"Localizador GPS personas Alzheimer \u2013 SOS y llamadas | Spotter\u00ae \u2764","description":"Reloj GPS para Alzheimer y Demencia. Con bot\u00f3n SOS, funci\u00f3n de llamada y zonas ajustables. En l\u00ednea y aplicaci\u00f3n. Prepago y sin suscripci\u00f3n.","robots":{"index":"index","follow":"follow","max-snippet":"max-snippet:-1","max-image-preview":"max-image-preview:large","max-video-preview":"max-video-preview:-1"},"canonical":"https:\/\/www.spottergps.com\/es\/reloj-gps-alzheimer\/","og_locale":"es_ES","og_type":"article","og_title":"Localizador GPS personas Alzheimer \u2013 SOS y llamadas | Spotter\u00ae \u2764","og_description":"Reloj GPS para Alzheimer y Demencia. Con bot\u00f3n SOS, funci\u00f3n de llamada y zonas ajustables. En l\u00ednea y aplicaci\u00f3n. Prepago y sin suscripci\u00f3n.","og_url":"https:\/\/www.spottergps.com\/es\/reloj-gps-alzheimer\/","og_site_name":"Spotter Spain","article_modified_time":"2026-02-23T10:22:34+00:00","og_image":[{"width":1800,"height":1800,"url":"https:\/\/www.spottergps.com\/es\/wp-content\/uploads\/sites\/7\/2025\/10\/El-Reloj-GPS-para-personas-con-Alzheimer-spotter.jpg","type":"image\/jpeg"}],"twitter_card":"summary_large_image","twitter_misc":{"Tiempo de lectura":"1 minute"},"schema":{"@context":"https:\/\/schema.org","@graph":[{"@type":"WebPage","@id":"https:\/\/www.spottergps.com\/es\/reloj-gps-alzheimer\/","url":"https:\/\/www.spottergps.com\/es\/reloj-gps-alzheimer\/","name":"Localizador GPS personas Alzheimer \u2013 SOS y llamadas | Spotter\u00ae \u2764","isPartOf":{"@id":"https:\/\/www.spottergps.com\/es\/#website"},"primaryImageOfPage":{"@id":"https:\/\/www.spottergps.com\/es\/reloj-gps-alzheimer\/#primaryimage"},"image":{"@id":"https:\/\/www.spottergps.com\/es\/reloj-gps-alzheimer\/#primaryimage"},"thumbnailUrl":"https:\/\/www.spottergps.com\/es\/wp-content\/uploads\/sites\/7\/2025\/10\/El-Reloj-GPS-para-personas-con-Alzheimer-spotter.jpg","datePublished":"2023-04-19T09:48:35+00:00","dateModified":"2026-02-23T10:22:34+00:00","description":"Reloj GPS para Alzheimer y Demencia. Con bot\u00f3n SOS, funci\u00f3n de llamada y zonas ajustables. En l\u00ednea y aplicaci\u00f3n. Prepago y sin suscripci\u00f3n.","breadcrumb":{"@id":"https:\/\/www.spottergps.com\/es\/reloj-gps-alzheimer\/#breadcrumb"},"inLanguage":"es-ES","potentialAction":[{"@type":"ReadAction","target":["https:\/\/www.spottergps.com\/es\/reloj-gps-alzheimer\/"]}]},{"@type":"ImageObject","inLanguage":"es-ES","@id":"https:\/\/www.spottergps.com\/es\/reloj-gps-alzheimer\/#primaryimage","url":"https:\/\/www.spottergps.com\/es\/wp-content\/uploads\/sites\/7\/2025\/10\/El-Reloj-GPS-para-personas-con-Alzheimer-spotter.jpg","contentUrl":"https:\/\/www.spottergps.com\/es\/wp-content\/uploads\/sites\/7\/2025\/10\/El-Reloj-GPS-para-personas-con-Alzheimer-spotter.jpg","width":1800,"height":1800,"caption":"El Reloj GPS para personas con Alzheimer - spotter"},{"@type":"BreadcrumbList","@id":"https:\/\/www.spottergps.com\/es\/reloj-gps-alzheimer\/#breadcrumb","itemListElement":[{"@type":"ListItem","position":1,"name":"Home","item":"https:\/\/www.spottergps.com\/es\/"},{"@type":"ListItem","position":2,"name":"El Reloj GPS para personas con Alzheimer"}]},{"@type":"WebSite","@id":"https:\/\/www.spottergps.com\/es\/#website","url":"https:\/\/www.spottergps.com\/es\/","name":"Spotter Spain","description":"Para todo lo que amas","publisher":{"@id":"https:\/\/www.spottergps.com\/es\/#organization"},"potentialAction":[{"@type":"SearchAction","target":{"@type":"EntryPoint","urlTemplate":"https:\/\/www.spottergps.com\/es\/?s={search_term_string}"},"query-input":{"@type":"PropertyValueSpecification","valueRequired":true,"valueName":"search_term_string"}}],"inLanguage":"es-ES"},{"@type":"Organization","@id":"https:\/\/www.spottergps.com\/es\/#organization","name":"Spotter B.V.","url":"https:\/\/www.spottergps.com\/es\/","logo":{"@type":"ImageObject","inLanguage":"es-ES","@id":"https:\/\/www.spottergps.com\/es\/#\/schema\/logo\/image\/","url":"https:\/\/www.spottergps.com\/es\/wp-content\/uploads\/sites\/7\/2023\/09\/Spotter_logo.png","contentUrl":"https:\/\/www.spottergps.com\/es\/wp-content\/uploads\/sites\/7\/2023\/09\/Spotter_logo.png","width":1500,"height":696,"caption":"Spotter B.V."},"image":{"@id":"https:\/\/www.spottergps.com\/es\/#\/schema\/logo\/image\/"}}]}},"_links":{"self":[{"href":"https:\/\/www.spottergps.com\/es\/wp-json\/wp\/v2\/pages\/864","targetHints":{"allow":["GET"]}}],"collection":[{"href":"https:\/\/www.spottergps.com\/es\/wp-json\/wp\/v2\/pages"}],"about":[{"href":"https:\/\/www.spottergps.com\/es\/wp-json\/wp\/v2\/types\/page"}],"author":[{"embeddable":true,"href":"https:\/\/www.spottergps.com\/es\/wp-json\/wp\/v2\/users\/10"}],"replies":[{"embeddable":true,"href":"https:\/\/www.spottergps.com\/es\/wp-json\/wp\/v2\/comments?post=864"}],"version-history":[{"count":44,"href":"https:\/\/www.spottergps.com\/es\/wp-json\/wp\/v2\/pages\/864\/revisions"}],"predecessor-version":[{"id":2558,"href":"https:\/\/www.spottergps.com\/es\/wp-json\/wp\/v2\/pages\/864\/revisions\/2558"}],"wp:featuredmedia":[{"embeddable":true,"href":"https:\/\/www.spottergps.com\/es\/wp-json\/wp\/v2\/media\/2456"}],"wp:attachment":[{"href":"https:\/\/www.spottergps.com\/es\/wp-json\/wp\/v2\/media?parent=864"}],"wp:term":[{"taxonomy":"category","embeddable":true,"href":"https:\/\/www.spottergps.com\/es\/wp-json\/wp\/v2\/categories?post=864"},{"taxonomy":"post_tag","embeddable":true,"href":"https:\/\/www.spottergps.com\/es\/wp-json\/wp\/v2\/tags?post=864"}],"curies":[{"name":"wp","href":"https:\/\/api.w.org\/{rel}","templated":true}]}}