{"id":83,"date":"2023-03-29T09:30:09","date_gmt":"2023-03-29T09:30:09","guid":{"rendered":"https:\/\/www.spottergps.com\/es\/?page_id=83"},"modified":"2024-07-01T12:30:53","modified_gmt":"2024-07-01T12:30:53","slug":"descarga-la-aplicacion-spotter","status":"publish","type":"page","link":"https:\/\/www.spottergps.com\/es\/faq\/aplicacion\/descarga-la-aplicacion-spotter\/","title":{"rendered":"Descarga la aplicaci\u00f3n Spotter"},"content":{"rendered":"\n<p>Descargue la aplicaci\u00f3n Spotter para que pueda iniciar sesi\u00f3n f\u00e1cilmente en el camino y recibir mensajes push en su tel\u00e9fono inteligente. Este es un mensaje breve que ver\u00e1 inmediatamente en la pantalla de su tel\u00e9fono, incluso si no tiene abierta la aplicaci\u00f3n Spotter. La aplicaci\u00f3n Spotter se puede descargar GRATIS.<\/p>\n\n\n\n<h3 class=\"wp-block-heading\">iOS<\/h3>\n\n\n\n<p>Vaya a la tienda de aplicaciones con su dispositivo Apple y busque &#8216;Spotter GPS&#8217; a trav\u00e9s de la funci\u00f3n de b\u00fasqueda. Aparece la aplicaci\u00f3n Spotter, ahora haga clic en &#8216;descargar&#8217;. O haga clic en la imagen a continuaci\u00f3n para descargar la aplicaci\u00f3n directamente a su dispositivo Apple.<br><br><a rel=\"noopener noreferrer\" href=\"https:\/\/itunes.apple.com\/nl\/app\/spotter-gps-tracker\/id997370912?l=en&amp;mt=8\" target=\"_blank\"><img loading=\"lazy\" decoding=\"async\" width=\"191\" height=\"63\" class=\" alignnone wp-image-199\" src=\"\/wp-content\/uploads\/2015\/05\/AppStore.png\" alt=\"Spotter - AppStore\"><\/a><\/p>\n\n\n\n<h3 class=\"wp-block-heading\">Androide<\/h3>\n\n\n\n<p>Vaya a Playstore con su dispositivo Android y busque &#8216;Spotter GPS&#8217; a trav\u00e9s de la funci\u00f3n de b\u00fasqueda. Aparece la aplicaci\u00f3n Spotter, ahora haga clic en &#8216;descargar&#8217;. O haga clic en la imagen a continuaci\u00f3n para descargar la aplicaci\u00f3n directamente a su dispositivo Android.<\/p>\n\n\n\n<figure class=\"wp-block-image is-resized\"><a href=\"https:\/\/play.google.com\/store\/apps\/details?id=com.spottergps.spotter\" target=\"_blank\" rel=\"noopener noreferrer\"><img loading=\"lazy\" decoding=\"async\" src=\"\/wp-content\/uploads\/2015\/05\/PlayStore.png\" alt=\"Spotter - PlayStore\" class=\"wp-image-200\" width=\"192\" height=\"63\" \/><\/a><\/figure>\n\n\n\n<h3 class=\"wp-block-heading\">Aplicaci\u00f3n web para todos los dispositivos<\/h3>\n\n\n\n<p>Puede utilizar la aplicaci\u00f3n web Spotter en cualquier dispositivo. Vas a <a href=\"https:\/\/my.spottergps.com\">https:\/\/my.spottergps.com<\/a> e inicias sesi\u00f3n con tus datos. Sugerencia: haga un acceso directo de esta p\u00e1gina en su pantalla de inicio para que pueda usar la aplicaci\u00f3n f\u00e1cilmente.<\/p>\n","protected":false},"excerpt":{"rendered":"<p>Descargue la aplicaci\u00f3n Spotter para que pueda iniciar sesi\u00f3n f\u00e1cilmente en el camino y recibir mensajes push en su tel\u00e9fono inteligente. Este es un mensaje breve que ver\u00e1 inmediatamente en la pantalla de su tel\u00e9fono, incluso si no tiene abierta la aplicaci\u00f3n Spotter. La aplicaci\u00f3n Spotter se puede descargar GRATIS. iOS Vaya a la tienda [&hellip;]<\/p>\n","protected":false},"author":10,"featured_media":0,"parent":81,"menu_order":0,"comment_status":"closed","ping_status":"closed","template":"faq-content.php","meta":{"_acf_changed":false,"footnotes":""},"categories":[2],"tags":[],"class_list":["post-83","page","type-page","status-publish","hentry","category-faq"],"acf":[],"yoast_head":"<!-- This site is optimized with the Yoast SEO plugin v25.9 - https:\/\/yoast.com\/wordpress\/plugins\/seo\/ -->\n<title>Descarga la aplicaci\u00f3n Spotter - Spotter Spain<\/title>\n<meta name=\"robots\" content=\"noindex, nofollow\" \/>\n<meta property=\"og:locale\" content=\"es_ES\" \/>\n<meta property=\"og:type\" content=\"article\" \/>\n<meta property=\"og:title\" content=\"Descarga la aplicaci\u00f3n Spotter - Spotter Spain\" \/>\n<meta property=\"og:description\" content=\"Descargue la aplicaci\u00f3n Spotter para que pueda iniciar sesi\u00f3n f\u00e1cilmente en el camino y recibir mensajes push en su tel\u00e9fono inteligente. Este es un mensaje breve que ver\u00e1 inmediatamente en la pantalla de su tel\u00e9fono, incluso si no tiene abierta la aplicaci\u00f3n Spotter. La aplicaci\u00f3n Spotter se puede descargar GRATIS. iOS Vaya a la tienda [&hellip;]\" \/>\n<meta property=\"og:url\" content=\"https:\/\/www.spottergps.com\/es\/faq\/aplicacion\/descarga-la-aplicacion-spotter\/\" \/>\n<meta property=\"og:site_name\" content=\"Spotter Spain\" \/>\n<meta property=\"article:modified_time\" content=\"2024-07-01T12:30:53+00:00\" \/>\n<meta name=\"twitter:card\" content=\"summary_large_image\" \/>\n<meta name=\"twitter:label1\" content=\"Tiempo de lectura\" \/>\n\t<meta name=\"twitter:data1\" content=\"2 minutes\" \/>\n<script type=\"application\/ld+json\" class=\"yoast-schema-graph\">{\"@context\":\"https:\/\/schema.org\",\"@graph\":[{\"@type\":\"WebPage\",\"@id\":\"https:\/\/www.spottergps.com\/es\/faq\/aplicacion\/descarga-la-aplicacion-spotter\/\",\"url\":\"https:\/\/www.spottergps.com\/es\/faq\/aplicacion\/descarga-la-aplicacion-spotter\/\",\"name\":\"Descarga la aplicaci\u00f3n Spotter - Spotter Spain\",\"isPartOf\":{\"@id\":\"https:\/\/www.spottergps.com\/es\/#website\"},\"datePublished\":\"2023-03-29T09:30:09+00:00\",\"dateModified\":\"2024-07-01T12:30:53+00:00\",\"breadcrumb\":{\"@id\":\"https:\/\/www.spottergps.com\/es\/faq\/aplicacion\/descarga-la-aplicacion-spotter\/#breadcrumb\"},\"inLanguage\":\"es-ES\",\"potentialAction\":[{\"@type\":\"ReadAction\",\"target\":[\"https:\/\/www.spottergps.com\/es\/faq\/aplicacion\/descarga-la-aplicacion-spotter\/\"]}]},{\"@type\":\"BreadcrumbList\",\"@id\":\"https:\/\/www.spottergps.com\/es\/faq\/aplicacion\/descarga-la-aplicacion-spotter\/#breadcrumb\",\"itemListElement\":[{\"@type\":\"ListItem\",\"position\":1,\"name\":\"Home\",\"item\":\"https:\/\/www.spottergps.com\/es\/\"},{\"@type\":\"ListItem\",\"position\":2,\"name\":\"\u00bfC\u00f3mo podemos ayudarte?\",\"item\":\"https:\/\/www.spottergps.com\/es\/faq\/\"},{\"@type\":\"ListItem\",\"position\":3,\"name\":\"Aplicaci\u00f3n\",\"item\":\"https:\/\/www.spottergps.com\/es\/faq\/aplicacion\/\"},{\"@type\":\"ListItem\",\"position\":4,\"name\":\"Descarga la aplicaci\u00f3n Spotter\"}]},{\"@type\":\"WebSite\",\"@id\":\"https:\/\/www.spottergps.com\/es\/#website\",\"url\":\"https:\/\/www.spottergps.com\/es\/\",\"name\":\"Spotter Spain\",\"description\":\"Para todo lo que amas\",\"publisher\":{\"@id\":\"https:\/\/www.spottergps.com\/es\/#organization\"},\"potentialAction\":[{\"@type\":\"SearchAction\",\"target\":{\"@type\":\"EntryPoint\",\"urlTemplate\":\"https:\/\/www.spottergps.com\/es\/?s={search_term_string}\"},\"query-input\":{\"@type\":\"PropertyValueSpecification\",\"valueRequired\":true,\"valueName\":\"search_term_string\"}}],\"inLanguage\":\"es-ES\"},{\"@type\":\"Organization\",\"@id\":\"https:\/\/www.spottergps.com\/es\/#organization\",\"name\":\"Spotter B.V.\",\"url\":\"https:\/\/www.spottergps.com\/es\/\",\"logo\":{\"@type\":\"ImageObject\",\"inLanguage\":\"es-ES\",\"@id\":\"https:\/\/www.spottergps.com\/es\/#\/schema\/logo\/image\/\",\"url\":\"https:\/\/www.spottergps.com\/es\/wp-content\/uploads\/sites\/7\/2023\/09\/Spotter_logo.png\",\"contentUrl\":\"https:\/\/www.spottergps.com\/es\/wp-content\/uploads\/sites\/7\/2023\/09\/Spotter_logo.png\",\"width\":1500,\"height\":696,\"caption\":\"Spotter B.V.\"},\"image\":{\"@id\":\"https:\/\/www.spottergps.com\/es\/#\/schema\/logo\/image\/\"}}]}<\/script>\n<!-- \/ Yoast SEO plugin. -->","yoast_head_json":{"title":"Descarga la aplicaci\u00f3n Spotter - Spotter Spain","robots":{"index":"noindex","follow":"nofollow"},"og_locale":"es_ES","og_type":"article","og_title":"Descarga la aplicaci\u00f3n Spotter - Spotter Spain","og_description":"Descargue la aplicaci\u00f3n Spotter para que pueda iniciar sesi\u00f3n f\u00e1cilmente en el camino y recibir mensajes push en su tel\u00e9fono inteligente. Este es un mensaje breve que ver\u00e1 inmediatamente en la pantalla de su tel\u00e9fono, incluso si no tiene abierta la aplicaci\u00f3n Spotter. La aplicaci\u00f3n Spotter se puede descargar GRATIS. iOS Vaya a la tienda [&hellip;]","og_url":"https:\/\/www.spottergps.com\/es\/faq\/aplicacion\/descarga-la-aplicacion-spotter\/","og_site_name":"Spotter Spain","article_modified_time":"2024-07-01T12:30:53+00:00","twitter_card":"summary_large_image","twitter_misc":{"Tiempo de lectura":"2 minutes"},"schema":{"@context":"https:\/\/schema.org","@graph":[{"@type":"WebPage","@id":"https:\/\/www.spottergps.com\/es\/faq\/aplicacion\/descarga-la-aplicacion-spotter\/","url":"https:\/\/www.spottergps.com\/es\/faq\/aplicacion\/descarga-la-aplicacion-spotter\/","name":"Descarga la aplicaci\u00f3n Spotter - Spotter Spain","isPartOf":{"@id":"https:\/\/www.spottergps.com\/es\/#website"},"datePublished":"2023-03-29T09:30:09+00:00","dateModified":"2024-07-01T12:30:53+00:00","breadcrumb":{"@id":"https:\/\/www.spottergps.com\/es\/faq\/aplicacion\/descarga-la-aplicacion-spotter\/#breadcrumb"},"inLanguage":"es-ES","potentialAction":[{"@type":"ReadAction","target":["https:\/\/www.spottergps.com\/es\/faq\/aplicacion\/descarga-la-aplicacion-spotter\/"]}]},{"@type":"BreadcrumbList","@id":"https:\/\/www.spottergps.com\/es\/faq\/aplicacion\/descarga-la-aplicacion-spotter\/#breadcrumb","itemListElement":[{"@type":"ListItem","position":1,"name":"Home","item":"https:\/\/www.spottergps.com\/es\/"},{"@type":"ListItem","position":2,"name":"\u00bfC\u00f3mo podemos ayudarte?","item":"https:\/\/www.spottergps.com\/es\/faq\/"},{"@type":"ListItem","position":3,"name":"Aplicaci\u00f3n","item":"https:\/\/www.spottergps.com\/es\/faq\/aplicacion\/"},{"@type":"ListItem","position":4,"name":"Descarga la aplicaci\u00f3n Spotter"}]},{"@type":"WebSite","@id":"https:\/\/www.spottergps.com\/es\/#website","url":"https:\/\/www.spottergps.com\/es\/","name":"Spotter Spain","description":"Para todo lo que amas","publisher":{"@id":"https:\/\/www.spottergps.com\/es\/#organization"},"potentialAction":[{"@type":"SearchAction","target":{"@type":"EntryPoint","urlTemplate":"https:\/\/www.spottergps.com\/es\/?s={search_term_string}"},"query-input":{"@type":"PropertyValueSpecification","valueRequired":true,"valueName":"search_term_string"}}],"inLanguage":"es-ES"},{"@type":"Organization","@id":"https:\/\/www.spottergps.com\/es\/#organization","name":"Spotter B.V.","url":"https:\/\/www.spottergps.com\/es\/","logo":{"@type":"ImageObject","inLanguage":"es-ES","@id":"https:\/\/www.spottergps.com\/es\/#\/schema\/logo\/image\/","url":"https:\/\/www.spottergps.com\/es\/wp-content\/uploads\/sites\/7\/2023\/09\/Spotter_logo.png","contentUrl":"https:\/\/www.spottergps.com\/es\/wp-content\/uploads\/sites\/7\/2023\/09\/Spotter_logo.png","width":1500,"height":696,"caption":"Spotter B.V."},"image":{"@id":"https:\/\/www.spottergps.com\/es\/#\/schema\/logo\/image\/"}}]}},"_links":{"self":[{"href":"https:\/\/www.spottergps.com\/es\/wp-json\/wp\/v2\/pages\/83","targetHints":{"allow":["GET"]}}],"collection":[{"href":"https:\/\/www.spottergps.com\/es\/wp-json\/wp\/v2\/pages"}],"about":[{"href":"https:\/\/www.spottergps.com\/es\/wp-json\/wp\/v2\/types\/page"}],"author":[{"embeddable":true,"href":"https:\/\/www.spottergps.com\/es\/wp-json\/wp\/v2\/users\/10"}],"replies":[{"embeddable":true,"href":"https:\/\/www.spottergps.com\/es\/wp-json\/wp\/v2\/comments?post=83"}],"version-history":[{"count":3,"href":"https:\/\/www.spottergps.com\/es\/wp-json\/wp\/v2\/pages\/83\/revisions"}],"predecessor-version":[{"id":1504,"href":"https:\/\/www.spottergps.com\/es\/wp-json\/wp\/v2\/pages\/83\/revisions\/1504"}],"up":[{"embeddable":true,"href":"https:\/\/www.spottergps.com\/es\/wp-json\/wp\/v2\/pages\/81"}],"wp:attachment":[{"href":"https:\/\/www.spottergps.com\/es\/wp-json\/wp\/v2\/media?parent=83"}],"wp:term":[{"taxonomy":"category","embeddable":true,"href":"https:\/\/www.spottergps.com\/es\/wp-json\/wp\/v2\/categories?post=83"},{"taxonomy":"post_tag","embeddable":true,"href":"https:\/\/www.spottergps.com\/es\/wp-json\/wp\/v2\/tags?post=83"}],"curies":[{"name":"wp","href":"https:\/\/api.w.org\/{rel}","templated":true}]}}