{"id":77,"date":"2023-03-29T09:26:58","date_gmt":"2023-03-29T09:26:58","guid":{"rendered":"https:\/\/www.spottergps.com\/es\/?page_id=77"},"modified":"2024-07-01T12:14:45","modified_gmt":"2024-07-01T12:14:45","slug":"transferir-el-spotter-a-un-nuevo-usuario","status":"publish","type":"page","link":"https:\/\/www.spottergps.com\/es\/faq\/cuenta-y-perfil\/transferir-el-spotter-a-un-nuevo-usuario\/","title":{"rendered":"Transferir el Spotter a un nuevo usuario"},"content":{"rendered":"\n<p>\u00bfTiene un observador que desea transferir a otra persona? Entonces se requieren una serie de acciones. Vamos a trav\u00e9s de los pasos con usted.<\/p>\n\n\n\n<ol class=\"wp-block-list\">\n<li>Inicia sesi\u00f3n en su cuenta (en l\u00ednea).<\/li>\n\n\n\n<li>Vaya al \u00edcono\/lupa de b\u00fasqueda en la parte inferior de la barra azul (tambi\u00e9n es posible si el observador no est\u00e1 encendido).<\/li>\n\n\n\n<li>Seleccione el Spotter que desea eliminar y vaya a &#8216;Configuraci\u00f3n&#8217;.<\/li>\n\n\n\n<li>Aqu\u00ed puede eliminar la foto y cambiar el nombre, por ejemplo, al c\u00f3digo Spotter.<\/li>\n\n\n\n<li>Ahora haga clic en la marca de verificaci\u00f3n verde para confirmar los cambios.<\/li>\n\n\n\n<li>Ahora elija nuevamente &#8216;configuraci\u00f3n&#8217; como se indica al comienzo del paso 3.<\/li>\n\n\n\n<li>Haga clic en &#8216;eliminar sistema&#8217; y haga clic en aceptar para eliminar el Spotter.<\/li>\n\n\n\n<li>El observador se ha eliminado y ahora se puede transferir al nuevo usuario.<\/li>\n<\/ol>\n","protected":false},"excerpt":{"rendered":"<p>\u00bfTiene un observador que desea transferir a otra persona? Entonces se requieren una serie de acciones. Vamos a trav\u00e9s de los pasos con usted.<\/p>\n","protected":false},"author":10,"featured_media":0,"parent":61,"menu_order":0,"comment_status":"closed","ping_status":"closed","template":"faq-content.php","meta":{"_acf_changed":false,"footnotes":""},"categories":[2],"tags":[],"class_list":["post-77","page","type-page","status-publish","hentry","category-faq"],"acf":[],"yoast_head":"<!-- This site is optimized with the Yoast SEO plugin v25.9 - https:\/\/yoast.com\/wordpress\/plugins\/seo\/ -->\n<title>Transferir el Spotter a un nuevo usuario - Spotter Spain<\/title>\n<meta name=\"robots\" content=\"noindex, nofollow\" \/>\n<meta property=\"og:locale\" content=\"es_ES\" \/>\n<meta property=\"og:type\" content=\"article\" \/>\n<meta property=\"og:title\" content=\"Transferir el Spotter a un nuevo usuario - Spotter Spain\" \/>\n<meta property=\"og:description\" content=\"\u00bfTiene un observador que desea transferir a otra persona? Entonces se requieren una serie de acciones. Vamos a trav\u00e9s de los pasos con usted.\" \/>\n<meta property=\"og:url\" content=\"https:\/\/www.spottergps.com\/es\/faq\/cuenta-y-perfil\/transferir-el-spotter-a-un-nuevo-usuario\/\" \/>\n<meta property=\"og:site_name\" content=\"Spotter Spain\" \/>\n<meta property=\"article:modified_time\" content=\"2024-07-01T12:14:45+00:00\" \/>\n<meta name=\"twitter:card\" content=\"summary_large_image\" \/>\n<meta name=\"twitter:label1\" content=\"Tiempo de lectura\" \/>\n\t<meta name=\"twitter:data1\" content=\"1 minute\" \/>\n<script type=\"application\/ld+json\" class=\"yoast-schema-graph\">{\"@context\":\"https:\/\/schema.org\",\"@graph\":[{\"@type\":\"WebPage\",\"@id\":\"https:\/\/www.spottergps.com\/es\/faq\/cuenta-y-perfil\/transferir-el-spotter-a-un-nuevo-usuario\/\",\"url\":\"https:\/\/www.spottergps.com\/es\/faq\/cuenta-y-perfil\/transferir-el-spotter-a-un-nuevo-usuario\/\",\"name\":\"Transferir el Spotter a un nuevo usuario - Spotter Spain\",\"isPartOf\":{\"@id\":\"https:\/\/www.spottergps.com\/es\/#website\"},\"datePublished\":\"2023-03-29T09:26:58+00:00\",\"dateModified\":\"2024-07-01T12:14:45+00:00\",\"breadcrumb\":{\"@id\":\"https:\/\/www.spottergps.com\/es\/faq\/cuenta-y-perfil\/transferir-el-spotter-a-un-nuevo-usuario\/#breadcrumb\"},\"inLanguage\":\"es-ES\",\"potentialAction\":[{\"@type\":\"ReadAction\",\"target\":[\"https:\/\/www.spottergps.com\/es\/faq\/cuenta-y-perfil\/transferir-el-spotter-a-un-nuevo-usuario\/\"]}]},{\"@type\":\"BreadcrumbList\",\"@id\":\"https:\/\/www.spottergps.com\/es\/faq\/cuenta-y-perfil\/transferir-el-spotter-a-un-nuevo-usuario\/#breadcrumb\",\"itemListElement\":[{\"@type\":\"ListItem\",\"position\":1,\"name\":\"Home\",\"item\":\"https:\/\/www.spottergps.com\/es\/\"},{\"@type\":\"ListItem\",\"position\":2,\"name\":\"\u00bfC\u00f3mo podemos ayudarte?\",\"item\":\"https:\/\/www.spottergps.com\/es\/faq\/\"},{\"@type\":\"ListItem\",\"position\":3,\"name\":\"Cuenta y Perfil\",\"item\":\"https:\/\/www.spottergps.com\/es\/faq\/cuenta-y-perfil\/\"},{\"@type\":\"ListItem\",\"position\":4,\"name\":\"Transferir el Spotter a un nuevo usuario\"}]},{\"@type\":\"WebSite\",\"@id\":\"https:\/\/www.spottergps.com\/es\/#website\",\"url\":\"https:\/\/www.spottergps.com\/es\/\",\"name\":\"Spotter Spain\",\"description\":\"Para todo lo que amas\",\"publisher\":{\"@id\":\"https:\/\/www.spottergps.com\/es\/#organization\"},\"potentialAction\":[{\"@type\":\"SearchAction\",\"target\":{\"@type\":\"EntryPoint\",\"urlTemplate\":\"https:\/\/www.spottergps.com\/es\/?s={search_term_string}\"},\"query-input\":{\"@type\":\"PropertyValueSpecification\",\"valueRequired\":true,\"valueName\":\"search_term_string\"}}],\"inLanguage\":\"es-ES\"},{\"@type\":\"Organization\",\"@id\":\"https:\/\/www.spottergps.com\/es\/#organization\",\"name\":\"Spotter B.V.\",\"url\":\"https:\/\/www.spottergps.com\/es\/\",\"logo\":{\"@type\":\"ImageObject\",\"inLanguage\":\"es-ES\",\"@id\":\"https:\/\/www.spottergps.com\/es\/#\/schema\/logo\/image\/\",\"url\":\"https:\/\/www.spottergps.com\/es\/wp-content\/uploads\/sites\/7\/2023\/09\/Spotter_logo.png\",\"contentUrl\":\"https:\/\/www.spottergps.com\/es\/wp-content\/uploads\/sites\/7\/2023\/09\/Spotter_logo.png\",\"width\":1500,\"height\":696,\"caption\":\"Spotter B.V.\"},\"image\":{\"@id\":\"https:\/\/www.spottergps.com\/es\/#\/schema\/logo\/image\/\"}}]}<\/script>\n<!-- \/ Yoast SEO plugin. -->","yoast_head_json":{"title":"Transferir el Spotter a un nuevo usuario - Spotter Spain","robots":{"index":"noindex","follow":"nofollow"},"og_locale":"es_ES","og_type":"article","og_title":"Transferir el Spotter a un nuevo usuario - Spotter Spain","og_description":"\u00bfTiene un observador que desea transferir a otra persona? Entonces se requieren una serie de acciones. Vamos a trav\u00e9s de los pasos con usted.","og_url":"https:\/\/www.spottergps.com\/es\/faq\/cuenta-y-perfil\/transferir-el-spotter-a-un-nuevo-usuario\/","og_site_name":"Spotter Spain","article_modified_time":"2024-07-01T12:14:45+00:00","twitter_card":"summary_large_image","twitter_misc":{"Tiempo de lectura":"1 minute"},"schema":{"@context":"https:\/\/schema.org","@graph":[{"@type":"WebPage","@id":"https:\/\/www.spottergps.com\/es\/faq\/cuenta-y-perfil\/transferir-el-spotter-a-un-nuevo-usuario\/","url":"https:\/\/www.spottergps.com\/es\/faq\/cuenta-y-perfil\/transferir-el-spotter-a-un-nuevo-usuario\/","name":"Transferir el Spotter a un nuevo usuario - Spotter Spain","isPartOf":{"@id":"https:\/\/www.spottergps.com\/es\/#website"},"datePublished":"2023-03-29T09:26:58+00:00","dateModified":"2024-07-01T12:14:45+00:00","breadcrumb":{"@id":"https:\/\/www.spottergps.com\/es\/faq\/cuenta-y-perfil\/transferir-el-spotter-a-un-nuevo-usuario\/#breadcrumb"},"inLanguage":"es-ES","potentialAction":[{"@type":"ReadAction","target":["https:\/\/www.spottergps.com\/es\/faq\/cuenta-y-perfil\/transferir-el-spotter-a-un-nuevo-usuario\/"]}]},{"@type":"BreadcrumbList","@id":"https:\/\/www.spottergps.com\/es\/faq\/cuenta-y-perfil\/transferir-el-spotter-a-un-nuevo-usuario\/#breadcrumb","itemListElement":[{"@type":"ListItem","position":1,"name":"Home","item":"https:\/\/www.spottergps.com\/es\/"},{"@type":"ListItem","position":2,"name":"\u00bfC\u00f3mo podemos ayudarte?","item":"https:\/\/www.spottergps.com\/es\/faq\/"},{"@type":"ListItem","position":3,"name":"Cuenta y Perfil","item":"https:\/\/www.spottergps.com\/es\/faq\/cuenta-y-perfil\/"},{"@type":"ListItem","position":4,"name":"Transferir el Spotter a un nuevo usuario"}]},{"@type":"WebSite","@id":"https:\/\/www.spottergps.com\/es\/#website","url":"https:\/\/www.spottergps.com\/es\/","name":"Spotter Spain","description":"Para todo lo que amas","publisher":{"@id":"https:\/\/www.spottergps.com\/es\/#organization"},"potentialAction":[{"@type":"SearchAction","target":{"@type":"EntryPoint","urlTemplate":"https:\/\/www.spottergps.com\/es\/?s={search_term_string}"},"query-input":{"@type":"PropertyValueSpecification","valueRequired":true,"valueName":"search_term_string"}}],"inLanguage":"es-ES"},{"@type":"Organization","@id":"https:\/\/www.spottergps.com\/es\/#organization","name":"Spotter B.V.","url":"https:\/\/www.spottergps.com\/es\/","logo":{"@type":"ImageObject","inLanguage":"es-ES","@id":"https:\/\/www.spottergps.com\/es\/#\/schema\/logo\/image\/","url":"https:\/\/www.spottergps.com\/es\/wp-content\/uploads\/sites\/7\/2023\/09\/Spotter_logo.png","contentUrl":"https:\/\/www.spottergps.com\/es\/wp-content\/uploads\/sites\/7\/2023\/09\/Spotter_logo.png","width":1500,"height":696,"caption":"Spotter B.V."},"image":{"@id":"https:\/\/www.spottergps.com\/es\/#\/schema\/logo\/image\/"}}]}},"_links":{"self":[{"href":"https:\/\/www.spottergps.com\/es\/wp-json\/wp\/v2\/pages\/77","targetHints":{"allow":["GET"]}}],"collection":[{"href":"https:\/\/www.spottergps.com\/es\/wp-json\/wp\/v2\/pages"}],"about":[{"href":"https:\/\/www.spottergps.com\/es\/wp-json\/wp\/v2\/types\/page"}],"author":[{"embeddable":true,"href":"https:\/\/www.spottergps.com\/es\/wp-json\/wp\/v2\/users\/10"}],"replies":[{"embeddable":true,"href":"https:\/\/www.spottergps.com\/es\/wp-json\/wp\/v2\/comments?post=77"}],"version-history":[{"count":3,"href":"https:\/\/www.spottergps.com\/es\/wp-json\/wp\/v2\/pages\/77\/revisions"}],"predecessor-version":[{"id":1443,"href":"https:\/\/www.spottergps.com\/es\/wp-json\/wp\/v2\/pages\/77\/revisions\/1443"}],"up":[{"embeddable":true,"href":"https:\/\/www.spottergps.com\/es\/wp-json\/wp\/v2\/pages\/61"}],"wp:attachment":[{"href":"https:\/\/www.spottergps.com\/es\/wp-json\/wp\/v2\/media?parent=77"}],"wp:term":[{"taxonomy":"category","embeddable":true,"href":"https:\/\/www.spottergps.com\/es\/wp-json\/wp\/v2\/categories?post=77"},{"taxonomy":"post_tag","embeddable":true,"href":"https:\/\/www.spottergps.com\/es\/wp-json\/wp\/v2\/tags?post=77"}],"curies":[{"name":"wp","href":"https:\/\/api.w.org\/{rel}","templated":true}]}}