{"id":75,"date":"2023-03-29T09:25:48","date_gmt":"2023-03-29T09:25:48","guid":{"rendered":"https:\/\/www.spottergps.com\/es\/?page_id=75"},"modified":"2024-07-01T12:13:24","modified_gmt":"2024-07-01T12:13:24","slug":"cambiar-mi-direccion-de-correo-electronico","status":"publish","type":"page","link":"https:\/\/www.spottergps.com\/es\/faq\/cuenta-y-perfil\/cambiar-mi-direccion-de-correo-electronico\/","title":{"rendered":"Cambiar mi direcci\u00f3n de correo electr\u00f3nico"},"content":{"rendered":"\n<p>La direcci\u00f3n de correo electr\u00f3nico de una cuenta no se puede cambiar. Para hacer esto, crea una nueva cuenta con la nueva direcci\u00f3n de correo electr\u00f3nico.<\/p>\n\n\n\n<p><strong>Paso 1: Elimina el Spotter de la cuenta anterior<\/strong><\/p>\n\n\n\n<ul class=\"wp-block-list\">\n<li>Inicie sesi\u00f3n en su <a href=\"https:\/\/my.spottergps.com\/SpotterApp\/index.html#login\" data-type=\"URL\" data-id=\"https:\/\/my.spottergps.com\/SpotterApp\/index.html#login\">cuenta en l\u00ednea aqu\u00ed<\/a>.<\/li>\n\n\n\n<li>Ir a \u201cinicio\u201d en el men\u00fa.<\/li>\n\n\n\n<li>Seleccione el Spotter en el mapa.<\/li>\n\n\n\n<li>Haga clic en el Spotter y vaya a &#8220;Configuraci\u00f3n&#8221;. Guarde el c\u00f3digo de Spotter en un lugar seguro para agregarlo a su nueva cuenta.<\/li>\n\n\n\n<li>Ahora haga clic en &#8220;eliminar sistema de la cuenta&#8221;.<\/li>\n\n\n\n<li>A continuaci\u00f3n, haga clic en &#8220;eliminar&#8221; de nuevo si est\u00e1 seguro.<\/li>\n\n\n\n<li>El observador ahora se ha eliminado de la cuenta.<\/li>\n<\/ul>\n\n\n\n<p><br><strong>Paso 2: crea una nueva cuenta<\/strong><\/p>\n\n\n\n<ul class=\"wp-block-list\">\n<li>Luego cree una nueva cuenta a trav\u00e9s de <a href=\"https:\/\/my.spottergps.com\/SpotterApp\/index.html#login\" data-type=\"URL\" data-id=\"https:\/\/my.spottergps.com\/SpotterApp\/index.html#login\">la p\u00e1gina de inicio de sesi\u00f3n<\/a> y haga clic en &#8220;registrarse&#8221;.<\/li>\n\n\n\n<li>Crea tu cuenta aqu\u00ed. A continuaci\u00f3n, se le pedir\u00e1 que confirme su direcci\u00f3n de correo electr\u00f3nico.<\/li>\n\n\n\n<li>Ahora inicie sesi\u00f3n en su nueva cuenta en l\u00ednea, despu\u00e9s de lo cual aparecer\u00e1 una pantalla que le pedir\u00e1 que ingrese su c\u00f3digo de Spotter.<\/li>\n\n\n\n<li>Introduce el c\u00f3digo Spotter de 12 letras que encuentras en la tarjeta.<\/li>\n\n\n\n<li>El Spotter ahora est\u00e1 vinculado a su nueva cuenta y su direcci\u00f3n de correo electr\u00f3nico ha sido cambiada.<\/li>\n<\/ul>\n","protected":false},"excerpt":{"rendered":"<p>La direcci\u00f3n de correo electr\u00f3nico de una cuenta no se puede cambiar. Para hacer esto, crea una nueva cuenta con la nueva direcci\u00f3n de correo electr\u00f3nico. Paso 1: Elimina el Spotter de la cuenta anterior Paso 2: crea una nueva cuenta<\/p>\n","protected":false},"author":10,"featured_media":0,"parent":61,"menu_order":0,"comment_status":"closed","ping_status":"closed","template":"faq-content.php","meta":{"_acf_changed":false,"footnotes":""},"categories":[2],"tags":[],"class_list":["post-75","page","type-page","status-publish","hentry","category-faq"],"acf":[],"yoast_head":"<!-- This site is optimized with the Yoast SEO plugin v25.9 - https:\/\/yoast.com\/wordpress\/plugins\/seo\/ -->\n<title>Cambiar mi direcci\u00f3n de correo electr\u00f3nico - Spotter Spain<\/title>\n<meta name=\"robots\" content=\"noindex, nofollow\" \/>\n<meta property=\"og:locale\" content=\"es_ES\" \/>\n<meta property=\"og:type\" content=\"article\" \/>\n<meta property=\"og:title\" content=\"Cambiar mi direcci\u00f3n de correo electr\u00f3nico - Spotter Spain\" \/>\n<meta property=\"og:description\" content=\"La direcci\u00f3n de correo electr\u00f3nico de una cuenta no se puede cambiar. Para hacer esto, crea una nueva cuenta con la nueva direcci\u00f3n de correo electr\u00f3nico. Paso 1: Elimina el Spotter de la cuenta anterior Paso 2: crea una nueva cuenta\" \/>\n<meta property=\"og:url\" content=\"https:\/\/www.spottergps.com\/es\/faq\/cuenta-y-perfil\/cambiar-mi-direccion-de-correo-electronico\/\" \/>\n<meta property=\"og:site_name\" content=\"Spotter Spain\" \/>\n<meta property=\"article:modified_time\" content=\"2024-07-01T12:13:24+00:00\" \/>\n<meta name=\"twitter:card\" content=\"summary_large_image\" \/>\n<meta name=\"twitter:label1\" content=\"Tiempo de lectura\" \/>\n\t<meta name=\"twitter:data1\" content=\"1 minute\" \/>\n<script type=\"application\/ld+json\" class=\"yoast-schema-graph\">{\"@context\":\"https:\/\/schema.org\",\"@graph\":[{\"@type\":\"WebPage\",\"@id\":\"https:\/\/www.spottergps.com\/es\/faq\/cuenta-y-perfil\/cambiar-mi-direccion-de-correo-electronico\/\",\"url\":\"https:\/\/www.spottergps.com\/es\/faq\/cuenta-y-perfil\/cambiar-mi-direccion-de-correo-electronico\/\",\"name\":\"Cambiar mi direcci\u00f3n de correo electr\u00f3nico - Spotter Spain\",\"isPartOf\":{\"@id\":\"https:\/\/www.spottergps.com\/es\/#website\"},\"datePublished\":\"2023-03-29T09:25:48+00:00\",\"dateModified\":\"2024-07-01T12:13:24+00:00\",\"breadcrumb\":{\"@id\":\"https:\/\/www.spottergps.com\/es\/faq\/cuenta-y-perfil\/cambiar-mi-direccion-de-correo-electronico\/#breadcrumb\"},\"inLanguage\":\"es-ES\",\"potentialAction\":[{\"@type\":\"ReadAction\",\"target\":[\"https:\/\/www.spottergps.com\/es\/faq\/cuenta-y-perfil\/cambiar-mi-direccion-de-correo-electronico\/\"]}]},{\"@type\":\"BreadcrumbList\",\"@id\":\"https:\/\/www.spottergps.com\/es\/faq\/cuenta-y-perfil\/cambiar-mi-direccion-de-correo-electronico\/#breadcrumb\",\"itemListElement\":[{\"@type\":\"ListItem\",\"position\":1,\"name\":\"Home\",\"item\":\"https:\/\/www.spottergps.com\/es\/\"},{\"@type\":\"ListItem\",\"position\":2,\"name\":\"\u00bfC\u00f3mo podemos ayudarte?\",\"item\":\"https:\/\/www.spottergps.com\/es\/faq\/\"},{\"@type\":\"ListItem\",\"position\":3,\"name\":\"Cuenta y Perfil\",\"item\":\"https:\/\/www.spottergps.com\/es\/faq\/cuenta-y-perfil\/\"},{\"@type\":\"ListItem\",\"position\":4,\"name\":\"Cambiar mi direcci\u00f3n de correo electr\u00f3nico\"}]},{\"@type\":\"WebSite\",\"@id\":\"https:\/\/www.spottergps.com\/es\/#website\",\"url\":\"https:\/\/www.spottergps.com\/es\/\",\"name\":\"Spotter Spain\",\"description\":\"Para todo lo que amas\",\"publisher\":{\"@id\":\"https:\/\/www.spottergps.com\/es\/#organization\"},\"potentialAction\":[{\"@type\":\"SearchAction\",\"target\":{\"@type\":\"EntryPoint\",\"urlTemplate\":\"https:\/\/www.spottergps.com\/es\/?s={search_term_string}\"},\"query-input\":{\"@type\":\"PropertyValueSpecification\",\"valueRequired\":true,\"valueName\":\"search_term_string\"}}],\"inLanguage\":\"es-ES\"},{\"@type\":\"Organization\",\"@id\":\"https:\/\/www.spottergps.com\/es\/#organization\",\"name\":\"Spotter B.V.\",\"url\":\"https:\/\/www.spottergps.com\/es\/\",\"logo\":{\"@type\":\"ImageObject\",\"inLanguage\":\"es-ES\",\"@id\":\"https:\/\/www.spottergps.com\/es\/#\/schema\/logo\/image\/\",\"url\":\"https:\/\/www.spottergps.com\/es\/wp-content\/uploads\/sites\/7\/2023\/09\/Spotter_logo.png\",\"contentUrl\":\"https:\/\/www.spottergps.com\/es\/wp-content\/uploads\/sites\/7\/2023\/09\/Spotter_logo.png\",\"width\":1500,\"height\":696,\"caption\":\"Spotter B.V.\"},\"image\":{\"@id\":\"https:\/\/www.spottergps.com\/es\/#\/schema\/logo\/image\/\"}}]}<\/script>\n<!-- \/ Yoast SEO plugin. -->","yoast_head_json":{"title":"Cambiar mi direcci\u00f3n de correo electr\u00f3nico - Spotter Spain","robots":{"index":"noindex","follow":"nofollow"},"og_locale":"es_ES","og_type":"article","og_title":"Cambiar mi direcci\u00f3n de correo electr\u00f3nico - Spotter Spain","og_description":"La direcci\u00f3n de correo electr\u00f3nico de una cuenta no se puede cambiar. Para hacer esto, crea una nueva cuenta con la nueva direcci\u00f3n de correo electr\u00f3nico. Paso 1: Elimina el Spotter de la cuenta anterior Paso 2: crea una nueva cuenta","og_url":"https:\/\/www.spottergps.com\/es\/faq\/cuenta-y-perfil\/cambiar-mi-direccion-de-correo-electronico\/","og_site_name":"Spotter Spain","article_modified_time":"2024-07-01T12:13:24+00:00","twitter_card":"summary_large_image","twitter_misc":{"Tiempo de lectura":"1 minute"},"schema":{"@context":"https:\/\/schema.org","@graph":[{"@type":"WebPage","@id":"https:\/\/www.spottergps.com\/es\/faq\/cuenta-y-perfil\/cambiar-mi-direccion-de-correo-electronico\/","url":"https:\/\/www.spottergps.com\/es\/faq\/cuenta-y-perfil\/cambiar-mi-direccion-de-correo-electronico\/","name":"Cambiar mi direcci\u00f3n de correo electr\u00f3nico - Spotter Spain","isPartOf":{"@id":"https:\/\/www.spottergps.com\/es\/#website"},"datePublished":"2023-03-29T09:25:48+00:00","dateModified":"2024-07-01T12:13:24+00:00","breadcrumb":{"@id":"https:\/\/www.spottergps.com\/es\/faq\/cuenta-y-perfil\/cambiar-mi-direccion-de-correo-electronico\/#breadcrumb"},"inLanguage":"es-ES","potentialAction":[{"@type":"ReadAction","target":["https:\/\/www.spottergps.com\/es\/faq\/cuenta-y-perfil\/cambiar-mi-direccion-de-correo-electronico\/"]}]},{"@type":"BreadcrumbList","@id":"https:\/\/www.spottergps.com\/es\/faq\/cuenta-y-perfil\/cambiar-mi-direccion-de-correo-electronico\/#breadcrumb","itemListElement":[{"@type":"ListItem","position":1,"name":"Home","item":"https:\/\/www.spottergps.com\/es\/"},{"@type":"ListItem","position":2,"name":"\u00bfC\u00f3mo podemos ayudarte?","item":"https:\/\/www.spottergps.com\/es\/faq\/"},{"@type":"ListItem","position":3,"name":"Cuenta y Perfil","item":"https:\/\/www.spottergps.com\/es\/faq\/cuenta-y-perfil\/"},{"@type":"ListItem","position":4,"name":"Cambiar mi direcci\u00f3n de correo electr\u00f3nico"}]},{"@type":"WebSite","@id":"https:\/\/www.spottergps.com\/es\/#website","url":"https:\/\/www.spottergps.com\/es\/","name":"Spotter Spain","description":"Para todo lo que amas","publisher":{"@id":"https:\/\/www.spottergps.com\/es\/#organization"},"potentialAction":[{"@type":"SearchAction","target":{"@type":"EntryPoint","urlTemplate":"https:\/\/www.spottergps.com\/es\/?s={search_term_string}"},"query-input":{"@type":"PropertyValueSpecification","valueRequired":true,"valueName":"search_term_string"}}],"inLanguage":"es-ES"},{"@type":"Organization","@id":"https:\/\/www.spottergps.com\/es\/#organization","name":"Spotter B.V.","url":"https:\/\/www.spottergps.com\/es\/","logo":{"@type":"ImageObject","inLanguage":"es-ES","@id":"https:\/\/www.spottergps.com\/es\/#\/schema\/logo\/image\/","url":"https:\/\/www.spottergps.com\/es\/wp-content\/uploads\/sites\/7\/2023\/09\/Spotter_logo.png","contentUrl":"https:\/\/www.spottergps.com\/es\/wp-content\/uploads\/sites\/7\/2023\/09\/Spotter_logo.png","width":1500,"height":696,"caption":"Spotter B.V."},"image":{"@id":"https:\/\/www.spottergps.com\/es\/#\/schema\/logo\/image\/"}}]}},"_links":{"self":[{"href":"https:\/\/www.spottergps.com\/es\/wp-json\/wp\/v2\/pages\/75","targetHints":{"allow":["GET"]}}],"collection":[{"href":"https:\/\/www.spottergps.com\/es\/wp-json\/wp\/v2\/pages"}],"about":[{"href":"https:\/\/www.spottergps.com\/es\/wp-json\/wp\/v2\/types\/page"}],"author":[{"embeddable":true,"href":"https:\/\/www.spottergps.com\/es\/wp-json\/wp\/v2\/users\/10"}],"replies":[{"embeddable":true,"href":"https:\/\/www.spottergps.com\/es\/wp-json\/wp\/v2\/comments?post=75"}],"version-history":[{"count":2,"href":"https:\/\/www.spottergps.com\/es\/wp-json\/wp\/v2\/pages\/75\/revisions"}],"predecessor-version":[{"id":1441,"href":"https:\/\/www.spottergps.com\/es\/wp-json\/wp\/v2\/pages\/75\/revisions\/1441"}],"up":[{"embeddable":true,"href":"https:\/\/www.spottergps.com\/es\/wp-json\/wp\/v2\/pages\/61"}],"wp:attachment":[{"href":"https:\/\/www.spottergps.com\/es\/wp-json\/wp\/v2\/media?parent=75"}],"wp:term":[{"taxonomy":"category","embeddable":true,"href":"https:\/\/www.spottergps.com\/es\/wp-json\/wp\/v2\/categories?post=75"},{"taxonomy":"post_tag","embeddable":true,"href":"https:\/\/www.spottergps.com\/es\/wp-json\/wp\/v2\/tags?post=75"}],"curies":[{"name":"wp","href":"https:\/\/api.w.org\/{rel}","templated":true}]}}