{"id":73,"date":"2023-03-29T09:25:01","date_gmt":"2023-03-29T09:25:01","guid":{"rendered":"https:\/\/www.spottergps.com\/es\/?page_id=73"},"modified":"2024-07-01T12:11:43","modified_gmt":"2024-07-01T12:11:43","slug":"pueden-iniciar-sesion-varias-personas-al-mismo-tiempo","status":"publish","type":"page","link":"https:\/\/www.spottergps.com\/es\/faq\/cuenta-y-perfil\/pueden-iniciar-sesion-varias-personas-al-mismo-tiempo\/","title":{"rendered":"\u00bfPueden iniciar sesi\u00f3n varias personas al mismo tiempo?"},"content":{"rendered":"\n<p>S\u00ed, varias personas pueden iniciar sesi\u00f3n en una cuenta al mismo tiempo. Cada Spotter est\u00e1 vinculado a una cuenta. Cualquiera que est\u00e9 en posesi\u00f3n de estos datos de inicio de sesi\u00f3n puede iniciar sesi\u00f3n con esto. Esto tambi\u00e9n puede ser varias personas al mismo tiempo. Los informes emitidos por Spotter se env\u00edan a todas las personas que han iniciado sesi\u00f3n a trav\u00e9s de la aplicaci\u00f3n Spotter.<\/p>\n\n\n\n<p>Supongamos que un equipo de 10 personas han instalado la aplicaci\u00f3n Spotter y han iniciado sesi\u00f3n con la misma cuenta, las 10 personas recibir\u00e1n la misma notificaci\u00f3n.<\/p>\n","protected":false},"excerpt":{"rendered":"<p>S\u00ed, varias personas pueden iniciar sesi\u00f3n en una cuenta al mismo tiempo. Cada Spotter est\u00e1 vinculado a una cuenta. Cualquiera que est\u00e9 en posesi\u00f3n de estos datos de inicio de sesi\u00f3n puede iniciar sesi\u00f3n con esto. Esto tambi\u00e9n puede ser varias personas al mismo tiempo. Los informes emitidos por Spotter se env\u00edan a todas las [&hellip;]<\/p>\n","protected":false},"author":10,"featured_media":0,"parent":61,"menu_order":0,"comment_status":"closed","ping_status":"closed","template":"faq-content.php","meta":{"_acf_changed":false,"footnotes":""},"categories":[2],"tags":[],"class_list":["post-73","page","type-page","status-publish","hentry","category-faq"],"acf":[],"yoast_head":"<!-- This site is optimized with the Yoast SEO plugin v25.9 - https:\/\/yoast.com\/wordpress\/plugins\/seo\/ -->\n<title>\u00bfPueden iniciar sesi\u00f3n varias personas al mismo tiempo? - Spotter Spain<\/title>\n<meta name=\"robots\" content=\"noindex, nofollow\" \/>\n<meta property=\"og:locale\" content=\"es_ES\" \/>\n<meta property=\"og:type\" content=\"article\" \/>\n<meta property=\"og:title\" content=\"\u00bfPueden iniciar sesi\u00f3n varias personas al mismo tiempo? - Spotter Spain\" \/>\n<meta property=\"og:description\" content=\"S\u00ed, varias personas pueden iniciar sesi\u00f3n en una cuenta al mismo tiempo. Cada Spotter est\u00e1 vinculado a una cuenta. Cualquiera que est\u00e9 en posesi\u00f3n de estos datos de inicio de sesi\u00f3n puede iniciar sesi\u00f3n con esto. Esto tambi\u00e9n puede ser varias personas al mismo tiempo. Los informes emitidos por Spotter se env\u00edan a todas las [&hellip;]\" \/>\n<meta property=\"og:url\" content=\"https:\/\/www.spottergps.com\/es\/faq\/cuenta-y-perfil\/pueden-iniciar-sesion-varias-personas-al-mismo-tiempo\/\" \/>\n<meta property=\"og:site_name\" content=\"Spotter Spain\" \/>\n<meta property=\"article:modified_time\" content=\"2024-07-01T12:11:43+00:00\" \/>\n<meta name=\"twitter:card\" content=\"summary_large_image\" \/>\n<meta name=\"twitter:label1\" content=\"Tiempo de lectura\" \/>\n\t<meta name=\"twitter:data1\" content=\"1 minute\" \/>\n<script type=\"application\/ld+json\" class=\"yoast-schema-graph\">{\"@context\":\"https:\/\/schema.org\",\"@graph\":[{\"@type\":\"WebPage\",\"@id\":\"https:\/\/www.spottergps.com\/es\/faq\/cuenta-y-perfil\/pueden-iniciar-sesion-varias-personas-al-mismo-tiempo\/\",\"url\":\"https:\/\/www.spottergps.com\/es\/faq\/cuenta-y-perfil\/pueden-iniciar-sesion-varias-personas-al-mismo-tiempo\/\",\"name\":\"\u00bfPueden iniciar sesi\u00f3n varias personas al mismo tiempo? - Spotter Spain\",\"isPartOf\":{\"@id\":\"https:\/\/www.spottergps.com\/es\/#website\"},\"datePublished\":\"2023-03-29T09:25:01+00:00\",\"dateModified\":\"2024-07-01T12:11:43+00:00\",\"breadcrumb\":{\"@id\":\"https:\/\/www.spottergps.com\/es\/faq\/cuenta-y-perfil\/pueden-iniciar-sesion-varias-personas-al-mismo-tiempo\/#breadcrumb\"},\"inLanguage\":\"es-ES\",\"potentialAction\":[{\"@type\":\"ReadAction\",\"target\":[\"https:\/\/www.spottergps.com\/es\/faq\/cuenta-y-perfil\/pueden-iniciar-sesion-varias-personas-al-mismo-tiempo\/\"]}]},{\"@type\":\"BreadcrumbList\",\"@id\":\"https:\/\/www.spottergps.com\/es\/faq\/cuenta-y-perfil\/pueden-iniciar-sesion-varias-personas-al-mismo-tiempo\/#breadcrumb\",\"itemListElement\":[{\"@type\":\"ListItem\",\"position\":1,\"name\":\"Home\",\"item\":\"https:\/\/www.spottergps.com\/es\/\"},{\"@type\":\"ListItem\",\"position\":2,\"name\":\"\u00bfC\u00f3mo podemos ayudarte?\",\"item\":\"https:\/\/www.spottergps.com\/es\/faq\/\"},{\"@type\":\"ListItem\",\"position\":3,\"name\":\"Cuenta y Perfil\",\"item\":\"https:\/\/www.spottergps.com\/es\/faq\/cuenta-y-perfil\/\"},{\"@type\":\"ListItem\",\"position\":4,\"name\":\"\u00bfPueden iniciar sesi\u00f3n varias personas al mismo tiempo?\"}]},{\"@type\":\"WebSite\",\"@id\":\"https:\/\/www.spottergps.com\/es\/#website\",\"url\":\"https:\/\/www.spottergps.com\/es\/\",\"name\":\"Spotter Spain\",\"description\":\"Para todo lo que amas\",\"publisher\":{\"@id\":\"https:\/\/www.spottergps.com\/es\/#organization\"},\"potentialAction\":[{\"@type\":\"SearchAction\",\"target\":{\"@type\":\"EntryPoint\",\"urlTemplate\":\"https:\/\/www.spottergps.com\/es\/?s={search_term_string}\"},\"query-input\":{\"@type\":\"PropertyValueSpecification\",\"valueRequired\":true,\"valueName\":\"search_term_string\"}}],\"inLanguage\":\"es-ES\"},{\"@type\":\"Organization\",\"@id\":\"https:\/\/www.spottergps.com\/es\/#organization\",\"name\":\"Spotter B.V.\",\"url\":\"https:\/\/www.spottergps.com\/es\/\",\"logo\":{\"@type\":\"ImageObject\",\"inLanguage\":\"es-ES\",\"@id\":\"https:\/\/www.spottergps.com\/es\/#\/schema\/logo\/image\/\",\"url\":\"https:\/\/www.spottergps.com\/es\/wp-content\/uploads\/sites\/7\/2023\/09\/Spotter_logo.png\",\"contentUrl\":\"https:\/\/www.spottergps.com\/es\/wp-content\/uploads\/sites\/7\/2023\/09\/Spotter_logo.png\",\"width\":1500,\"height\":696,\"caption\":\"Spotter B.V.\"},\"image\":{\"@id\":\"https:\/\/www.spottergps.com\/es\/#\/schema\/logo\/image\/\"}}]}<\/script>\n<!-- \/ Yoast SEO plugin. -->","yoast_head_json":{"title":"\u00bfPueden iniciar sesi\u00f3n varias personas al mismo tiempo? - Spotter Spain","robots":{"index":"noindex","follow":"nofollow"},"og_locale":"es_ES","og_type":"article","og_title":"\u00bfPueden iniciar sesi\u00f3n varias personas al mismo tiempo? - Spotter Spain","og_description":"S\u00ed, varias personas pueden iniciar sesi\u00f3n en una cuenta al mismo tiempo. Cada Spotter est\u00e1 vinculado a una cuenta. Cualquiera que est\u00e9 en posesi\u00f3n de estos datos de inicio de sesi\u00f3n puede iniciar sesi\u00f3n con esto. Esto tambi\u00e9n puede ser varias personas al mismo tiempo. Los informes emitidos por Spotter se env\u00edan a todas las [&hellip;]","og_url":"https:\/\/www.spottergps.com\/es\/faq\/cuenta-y-perfil\/pueden-iniciar-sesion-varias-personas-al-mismo-tiempo\/","og_site_name":"Spotter Spain","article_modified_time":"2024-07-01T12:11:43+00:00","twitter_card":"summary_large_image","twitter_misc":{"Tiempo de lectura":"1 minute"},"schema":{"@context":"https:\/\/schema.org","@graph":[{"@type":"WebPage","@id":"https:\/\/www.spottergps.com\/es\/faq\/cuenta-y-perfil\/pueden-iniciar-sesion-varias-personas-al-mismo-tiempo\/","url":"https:\/\/www.spottergps.com\/es\/faq\/cuenta-y-perfil\/pueden-iniciar-sesion-varias-personas-al-mismo-tiempo\/","name":"\u00bfPueden iniciar sesi\u00f3n varias personas al mismo tiempo? - Spotter Spain","isPartOf":{"@id":"https:\/\/www.spottergps.com\/es\/#website"},"datePublished":"2023-03-29T09:25:01+00:00","dateModified":"2024-07-01T12:11:43+00:00","breadcrumb":{"@id":"https:\/\/www.spottergps.com\/es\/faq\/cuenta-y-perfil\/pueden-iniciar-sesion-varias-personas-al-mismo-tiempo\/#breadcrumb"},"inLanguage":"es-ES","potentialAction":[{"@type":"ReadAction","target":["https:\/\/www.spottergps.com\/es\/faq\/cuenta-y-perfil\/pueden-iniciar-sesion-varias-personas-al-mismo-tiempo\/"]}]},{"@type":"BreadcrumbList","@id":"https:\/\/www.spottergps.com\/es\/faq\/cuenta-y-perfil\/pueden-iniciar-sesion-varias-personas-al-mismo-tiempo\/#breadcrumb","itemListElement":[{"@type":"ListItem","position":1,"name":"Home","item":"https:\/\/www.spottergps.com\/es\/"},{"@type":"ListItem","position":2,"name":"\u00bfC\u00f3mo podemos ayudarte?","item":"https:\/\/www.spottergps.com\/es\/faq\/"},{"@type":"ListItem","position":3,"name":"Cuenta y Perfil","item":"https:\/\/www.spottergps.com\/es\/faq\/cuenta-y-perfil\/"},{"@type":"ListItem","position":4,"name":"\u00bfPueden iniciar sesi\u00f3n varias personas al mismo tiempo?"}]},{"@type":"WebSite","@id":"https:\/\/www.spottergps.com\/es\/#website","url":"https:\/\/www.spottergps.com\/es\/","name":"Spotter Spain","description":"Para todo lo que amas","publisher":{"@id":"https:\/\/www.spottergps.com\/es\/#organization"},"potentialAction":[{"@type":"SearchAction","target":{"@type":"EntryPoint","urlTemplate":"https:\/\/www.spottergps.com\/es\/?s={search_term_string}"},"query-input":{"@type":"PropertyValueSpecification","valueRequired":true,"valueName":"search_term_string"}}],"inLanguage":"es-ES"},{"@type":"Organization","@id":"https:\/\/www.spottergps.com\/es\/#organization","name":"Spotter B.V.","url":"https:\/\/www.spottergps.com\/es\/","logo":{"@type":"ImageObject","inLanguage":"es-ES","@id":"https:\/\/www.spottergps.com\/es\/#\/schema\/logo\/image\/","url":"https:\/\/www.spottergps.com\/es\/wp-content\/uploads\/sites\/7\/2023\/09\/Spotter_logo.png","contentUrl":"https:\/\/www.spottergps.com\/es\/wp-content\/uploads\/sites\/7\/2023\/09\/Spotter_logo.png","width":1500,"height":696,"caption":"Spotter B.V."},"image":{"@id":"https:\/\/www.spottergps.com\/es\/#\/schema\/logo\/image\/"}}]}},"_links":{"self":[{"href":"https:\/\/www.spottergps.com\/es\/wp-json\/wp\/v2\/pages\/73","targetHints":{"allow":["GET"]}}],"collection":[{"href":"https:\/\/www.spottergps.com\/es\/wp-json\/wp\/v2\/pages"}],"about":[{"href":"https:\/\/www.spottergps.com\/es\/wp-json\/wp\/v2\/types\/page"}],"author":[{"embeddable":true,"href":"https:\/\/www.spottergps.com\/es\/wp-json\/wp\/v2\/users\/10"}],"replies":[{"embeddable":true,"href":"https:\/\/www.spottergps.com\/es\/wp-json\/wp\/v2\/comments?post=73"}],"version-history":[{"count":2,"href":"https:\/\/www.spottergps.com\/es\/wp-json\/wp\/v2\/pages\/73\/revisions"}],"predecessor-version":[{"id":299,"href":"https:\/\/www.spottergps.com\/es\/wp-json\/wp\/v2\/pages\/73\/revisions\/299"}],"up":[{"embeddable":true,"href":"https:\/\/www.spottergps.com\/es\/wp-json\/wp\/v2\/pages\/61"}],"wp:attachment":[{"href":"https:\/\/www.spottergps.com\/es\/wp-json\/wp\/v2\/media?parent=73"}],"wp:term":[{"taxonomy":"category","embeddable":true,"href":"https:\/\/www.spottergps.com\/es\/wp-json\/wp\/v2\/categories?post=73"},{"taxonomy":"post_tag","embeddable":true,"href":"https:\/\/www.spottergps.com\/es\/wp-json\/wp\/v2\/tags?post=73"}],"curies":[{"name":"wp","href":"https:\/\/api.w.org\/{rel}","templated":true}]}}