{"id":694,"date":"2023-04-18T13:10:24","date_gmt":"2023-04-18T13:10:24","guid":{"rendered":"https:\/\/www.spottergps.com\/es\/?page_id=694"},"modified":"2025-02-10T10:44:45","modified_gmt":"2025-02-10T10:44:45","slug":"el-reloj-gps-para-ninos-y-adultos","status":"publish","type":"page","link":"https:\/\/www.spottergps.com\/es\/el-reloj-gps-para-ninos-y-adultos\/","title":{"rendered":"El reloj GPS para ni\u00f1os y adultos"},"content":{"rendered":"\n<p>El reloj Spotter GPS es el reloj GPS adecuado para todo lo que amas. Su dise\u00f1o \u00fanico, tama\u00f1o compacto y peso ligero lo convierten en un reloj agradable y hermoso para usar. Tanto para <a href=\"https:\/\/www.spottergps.com\/es\/reloj-gps-ninos\/\" data-type=\"link\" data-id=\"https:\/\/www.spottergps.com\/es\/reloj-gps-ninos\/\">ni\u00f1os<\/a> como para <a href=\"https:\/\/www.spottergps.com\/es\/localizador-gps-para-personas-mayores\/\" data-type=\"link\" data-id=\"https:\/\/www.spottergps.com\/es\/localizador-gps-para-personas-mayores\/\">personas mayores<\/a>. Inicie sesi\u00f3n a trav\u00e9s de una cuenta en l\u00ednea o de la aplicaci\u00f3n para tel\u00e9fono m\u00f3vil e inmediatamente ver\u00e1 la ubicaci\u00f3n del reloj GPS. Adem\u00e1s de esto, el reloj Spotter GPS tiene otras funciones \u00fatiles que explicamos con m\u00e1s detalle a continuaci\u00f3n.\u00a0<\/p>\n","protected":false},"excerpt":{"rendered":"<p>El reloj Spotter GPS es el reloj GPS adecuado para todo lo que amas. Su dise\u00f1o \u00fanico, tama\u00f1o compacto y peso ligero lo convierten en un reloj agradable y hermoso para usar. Tanto para ni\u00f1os como para personas mayores. Inicie sesi\u00f3n a trav\u00e9s de una cuenta en l\u00ednea o de la aplicaci\u00f3n para tel\u00e9fono m\u00f3vil [&hellip;]<\/p>\n","protected":false},"author":10,"featured_media":0,"parent":0,"menu_order":0,"comment_status":"closed","ping_status":"closed","template":"","meta":{"_acf_changed":false,"footnotes":""},"categories":[],"tags":[],"class_list":["post-694","page","type-page","status-publish","hentry"],"acf":[],"yoast_head":"<!-- This site is optimized with the Yoast SEO plugin v25.9 - https:\/\/yoast.com\/wordpress\/plugins\/seo\/ -->\n<title>Reloj GPS para ni\u00f1os y personas mayores sin suscripci\u00f3n | Spotter\u00ae<\/title>\n<meta name=\"description\" content=\"El reloj GPS por excelencia para todo lo que amas. Con el reloj GPS Spotter, puedes ver la ubicaci\u00f3n de alguien en l\u00ednea. \u00a1Con alarma SOS, funci\u00f3n de llamada y m\u00e1s!\" \/>\n<meta name=\"robots\" content=\"index, follow, max-snippet:-1, max-image-preview:large, max-video-preview:-1\" \/>\n<link rel=\"canonical\" href=\"https:\/\/www.spottergps.com\/es\/el-reloj-gps-para-ninos-y-adultos\/\" \/>\n<meta property=\"og:locale\" content=\"es_ES\" \/>\n<meta property=\"og:type\" content=\"article\" \/>\n<meta property=\"og:title\" content=\"Reloj GPS para ni\u00f1os y personas mayores sin suscripci\u00f3n | Spotter\u00ae\" \/>\n<meta property=\"og:description\" content=\"El reloj GPS por excelencia para todo lo que amas. Con el reloj GPS Spotter, puedes ver la ubicaci\u00f3n de alguien en l\u00ednea. \u00a1Con alarma SOS, funci\u00f3n de llamada y m\u00e1s!\" \/>\n<meta property=\"og:url\" content=\"https:\/\/www.spottergps.com\/es\/el-reloj-gps-para-ninos-y-adultos\/\" \/>\n<meta property=\"og:site_name\" content=\"Spotter Spain\" \/>\n<meta property=\"article:modified_time\" content=\"2025-02-10T10:44:45+00:00\" \/>\n<meta name=\"twitter:card\" content=\"summary_large_image\" \/>\n<meta name=\"twitter:label1\" content=\"Tiempo de lectura\" \/>\n\t<meta name=\"twitter:data1\" content=\"1 minute\" \/>\n<script type=\"application\/ld+json\" class=\"yoast-schema-graph\">{\"@context\":\"https:\/\/schema.org\",\"@graph\":[{\"@type\":\"WebPage\",\"@id\":\"https:\/\/www.spottergps.com\/es\/el-reloj-gps-para-ninos-y-adultos\/\",\"url\":\"https:\/\/www.spottergps.com\/es\/el-reloj-gps-para-ninos-y-adultos\/\",\"name\":\"Reloj GPS para ni\u00f1os y personas mayores sin suscripci\u00f3n | Spotter\u00ae\",\"isPartOf\":{\"@id\":\"https:\/\/www.spottergps.com\/es\/#website\"},\"datePublished\":\"2023-04-18T13:10:24+00:00\",\"dateModified\":\"2025-02-10T10:44:45+00:00\",\"description\":\"El reloj GPS por excelencia para todo lo que amas. Con el reloj GPS Spotter, puedes ver la ubicaci\u00f3n de alguien en l\u00ednea. \u00a1Con alarma SOS, funci\u00f3n de llamada y m\u00e1s!\",\"breadcrumb\":{\"@id\":\"https:\/\/www.spottergps.com\/es\/el-reloj-gps-para-ninos-y-adultos\/#breadcrumb\"},\"inLanguage\":\"es-ES\",\"potentialAction\":[{\"@type\":\"ReadAction\",\"target\":[\"https:\/\/www.spottergps.com\/es\/el-reloj-gps-para-ninos-y-adultos\/\"]}]},{\"@type\":\"BreadcrumbList\",\"@id\":\"https:\/\/www.spottergps.com\/es\/el-reloj-gps-para-ninos-y-adultos\/#breadcrumb\",\"itemListElement\":[{\"@type\":\"ListItem\",\"position\":1,\"name\":\"Home\",\"item\":\"https:\/\/www.spottergps.com\/es\/\"},{\"@type\":\"ListItem\",\"position\":2,\"name\":\"El reloj GPS para ni\u00f1os y adultos\"}]},{\"@type\":\"WebSite\",\"@id\":\"https:\/\/www.spottergps.com\/es\/#website\",\"url\":\"https:\/\/www.spottergps.com\/es\/\",\"name\":\"Spotter Spain\",\"description\":\"Para todo lo que amas\",\"publisher\":{\"@id\":\"https:\/\/www.spottergps.com\/es\/#organization\"},\"potentialAction\":[{\"@type\":\"SearchAction\",\"target\":{\"@type\":\"EntryPoint\",\"urlTemplate\":\"https:\/\/www.spottergps.com\/es\/?s={search_term_string}\"},\"query-input\":{\"@type\":\"PropertyValueSpecification\",\"valueRequired\":true,\"valueName\":\"search_term_string\"}}],\"inLanguage\":\"es-ES\"},{\"@type\":\"Organization\",\"@id\":\"https:\/\/www.spottergps.com\/es\/#organization\",\"name\":\"Spotter B.V.\",\"url\":\"https:\/\/www.spottergps.com\/es\/\",\"logo\":{\"@type\":\"ImageObject\",\"inLanguage\":\"es-ES\",\"@id\":\"https:\/\/www.spottergps.com\/es\/#\/schema\/logo\/image\/\",\"url\":\"https:\/\/www.spottergps.com\/es\/wp-content\/uploads\/sites\/7\/2023\/09\/Spotter_logo.png\",\"contentUrl\":\"https:\/\/www.spottergps.com\/es\/wp-content\/uploads\/sites\/7\/2023\/09\/Spotter_logo.png\",\"width\":1500,\"height\":696,\"caption\":\"Spotter B.V.\"},\"image\":{\"@id\":\"https:\/\/www.spottergps.com\/es\/#\/schema\/logo\/image\/\"}}]}<\/script>\n<!-- \/ Yoast SEO plugin. -->","yoast_head_json":{"title":"Reloj GPS para ni\u00f1os y personas mayores sin suscripci\u00f3n | Spotter\u00ae","description":"El reloj GPS por excelencia para todo lo que amas. Con el reloj GPS Spotter, puedes ver la ubicaci\u00f3n de alguien en l\u00ednea. \u00a1Con alarma SOS, funci\u00f3n de llamada y m\u00e1s!","robots":{"index":"index","follow":"follow","max-snippet":"max-snippet:-1","max-image-preview":"max-image-preview:large","max-video-preview":"max-video-preview:-1"},"canonical":"https:\/\/www.spottergps.com\/es\/el-reloj-gps-para-ninos-y-adultos\/","og_locale":"es_ES","og_type":"article","og_title":"Reloj GPS para ni\u00f1os y personas mayores sin suscripci\u00f3n | Spotter\u00ae","og_description":"El reloj GPS por excelencia para todo lo que amas. Con el reloj GPS Spotter, puedes ver la ubicaci\u00f3n de alguien en l\u00ednea. \u00a1Con alarma SOS, funci\u00f3n de llamada y m\u00e1s!","og_url":"https:\/\/www.spottergps.com\/es\/el-reloj-gps-para-ninos-y-adultos\/","og_site_name":"Spotter Spain","article_modified_time":"2025-02-10T10:44:45+00:00","twitter_card":"summary_large_image","twitter_misc":{"Tiempo de lectura":"1 minute"},"schema":{"@context":"https:\/\/schema.org","@graph":[{"@type":"WebPage","@id":"https:\/\/www.spottergps.com\/es\/el-reloj-gps-para-ninos-y-adultos\/","url":"https:\/\/www.spottergps.com\/es\/el-reloj-gps-para-ninos-y-adultos\/","name":"Reloj GPS para ni\u00f1os y personas mayores sin suscripci\u00f3n | Spotter\u00ae","isPartOf":{"@id":"https:\/\/www.spottergps.com\/es\/#website"},"datePublished":"2023-04-18T13:10:24+00:00","dateModified":"2025-02-10T10:44:45+00:00","description":"El reloj GPS por excelencia para todo lo que amas. Con el reloj GPS Spotter, puedes ver la ubicaci\u00f3n de alguien en l\u00ednea. \u00a1Con alarma SOS, funci\u00f3n de llamada y m\u00e1s!","breadcrumb":{"@id":"https:\/\/www.spottergps.com\/es\/el-reloj-gps-para-ninos-y-adultos\/#breadcrumb"},"inLanguage":"es-ES","potentialAction":[{"@type":"ReadAction","target":["https:\/\/www.spottergps.com\/es\/el-reloj-gps-para-ninos-y-adultos\/"]}]},{"@type":"BreadcrumbList","@id":"https:\/\/www.spottergps.com\/es\/el-reloj-gps-para-ninos-y-adultos\/#breadcrumb","itemListElement":[{"@type":"ListItem","position":1,"name":"Home","item":"https:\/\/www.spottergps.com\/es\/"},{"@type":"ListItem","position":2,"name":"El reloj GPS para ni\u00f1os y adultos"}]},{"@type":"WebSite","@id":"https:\/\/www.spottergps.com\/es\/#website","url":"https:\/\/www.spottergps.com\/es\/","name":"Spotter Spain","description":"Para todo lo que amas","publisher":{"@id":"https:\/\/www.spottergps.com\/es\/#organization"},"potentialAction":[{"@type":"SearchAction","target":{"@type":"EntryPoint","urlTemplate":"https:\/\/www.spottergps.com\/es\/?s={search_term_string}"},"query-input":{"@type":"PropertyValueSpecification","valueRequired":true,"valueName":"search_term_string"}}],"inLanguage":"es-ES"},{"@type":"Organization","@id":"https:\/\/www.spottergps.com\/es\/#organization","name":"Spotter B.V.","url":"https:\/\/www.spottergps.com\/es\/","logo":{"@type":"ImageObject","inLanguage":"es-ES","@id":"https:\/\/www.spottergps.com\/es\/#\/schema\/logo\/image\/","url":"https:\/\/www.spottergps.com\/es\/wp-content\/uploads\/sites\/7\/2023\/09\/Spotter_logo.png","contentUrl":"https:\/\/www.spottergps.com\/es\/wp-content\/uploads\/sites\/7\/2023\/09\/Spotter_logo.png","width":1500,"height":696,"caption":"Spotter B.V."},"image":{"@id":"https:\/\/www.spottergps.com\/es\/#\/schema\/logo\/image\/"}}]}},"_links":{"self":[{"href":"https:\/\/www.spottergps.com\/es\/wp-json\/wp\/v2\/pages\/694","targetHints":{"allow":["GET"]}}],"collection":[{"href":"https:\/\/www.spottergps.com\/es\/wp-json\/wp\/v2\/pages"}],"about":[{"href":"https:\/\/www.spottergps.com\/es\/wp-json\/wp\/v2\/types\/page"}],"author":[{"embeddable":true,"href":"https:\/\/www.spottergps.com\/es\/wp-json\/wp\/v2\/users\/10"}],"replies":[{"embeddable":true,"href":"https:\/\/www.spottergps.com\/es\/wp-json\/wp\/v2\/comments?post=694"}],"version-history":[{"count":34,"href":"https:\/\/www.spottergps.com\/es\/wp-json\/wp\/v2\/pages\/694\/revisions"}],"predecessor-version":[{"id":2148,"href":"https:\/\/www.spottergps.com\/es\/wp-json\/wp\/v2\/pages\/694\/revisions\/2148"}],"wp:attachment":[{"href":"https:\/\/www.spottergps.com\/es\/wp-json\/wp\/v2\/media?parent=694"}],"wp:term":[{"taxonomy":"category","embeddable":true,"href":"https:\/\/www.spottergps.com\/es\/wp-json\/wp\/v2\/categories?post=694"},{"taxonomy":"post_tag","embeddable":true,"href":"https:\/\/www.spottergps.com\/es\/wp-json\/wp\/v2\/tags?post=694"}],"curies":[{"name":"wp","href":"https:\/\/api.w.org\/{rel}","templated":true}]}}