{"id":69,"date":"2023-03-29T09:23:38","date_gmt":"2023-03-29T09:23:38","guid":{"rendered":"https:\/\/www.spottergps.com\/es\/?page_id=69"},"modified":"2024-07-01T12:12:34","modified_gmt":"2024-07-01T12:12:34","slug":"olvide-mi-contrasena","status":"publish","type":"page","link":"https:\/\/www.spottergps.com\/es\/faq\/cuenta-y-perfil\/olvide-mi-contrasena\/","title":{"rendered":"Olvid\u00e9 mi contrase\u00f1a"},"content":{"rendered":"\n<p>Si ha olvidado su contrase\u00f1a, puede hacer clic en &#8220;Olvid\u00e9 mi contrase\u00f1a&#8221; a trav\u00e9s de <a href=\"https:\/\/my.spottergps.com\/SpotterApp\/index.html#login\" data-type=\"URL\" data-id=\"https:\/\/my.spottergps.com\/SpotterApp\/index.html#login\">la cuenta en l\u00ednea<\/a>.<\/p>\n\n\n\n<p>1. Vaya a la p\u00e1gina <a href=\"https:\/\/my.spottergps.com\/SpotterApp\/index.html#login\" data-type=\"URL\" data-id=\"https:\/\/my.spottergps.com\/SpotterApp\/index.html#login\">de inicio de sesi\u00f3n<\/a> y haga clic en &#8216;Olvid\u00e9 mi contrase\u00f1a&#8217;.<\/p>\n\n\n\n<p>2. Introduzca aqu\u00ed la direcci\u00f3n de correo electr\u00f3nico de la cuenta.<\/p>\n\n\n\n<p>3. Ahora recibir\u00e1 una notificaci\u00f3n de que se est\u00e1 enviando un correo electr\u00f3nico.<\/p>\n\n\n\n<p>4. Abra el correo electr\u00f3nico y haga clic en el enlace. \u00bfNo recibiste un correo electr\u00f3nico? Puede ser que acabe en la casilla de SPAM.<\/p>\n\n\n\n<p>5. Ahora establezca una nueva contrase\u00f1a.<\/p>\n\n\n\n<p>6. Ahora regrese a la p\u00e1gina de inicio de sesi\u00f3n e inicie sesi\u00f3n con la nueva contrase\u00f1a.<\/p>\n","protected":false},"excerpt":{"rendered":"<p>Si ha olvidado su contrase\u00f1a, puede hacer clic en &#8220;Olvid\u00e9 mi contrase\u00f1a&#8221; a trav\u00e9s de la cuenta en l\u00ednea. 1. Vaya a la p\u00e1gina de inicio de sesi\u00f3n y haga clic en &#8216;Olvid\u00e9 mi contrase\u00f1a&#8217;. 2. Introduzca aqu\u00ed la direcci\u00f3n de correo electr\u00f3nico de la cuenta. 3. Ahora recibir\u00e1 una notificaci\u00f3n de que se est\u00e1 [&hellip;]<\/p>\n","protected":false},"author":10,"featured_media":0,"parent":61,"menu_order":0,"comment_status":"closed","ping_status":"closed","template":"faq-content.php","meta":{"_acf_changed":false,"footnotes":""},"categories":[2],"tags":[],"class_list":["post-69","page","type-page","status-publish","hentry","category-faq"],"acf":[],"yoast_head":"<!-- This site is optimized with the Yoast SEO plugin v25.9 - https:\/\/yoast.com\/wordpress\/plugins\/seo\/ -->\n<title>Olvid\u00e9 mi contrase\u00f1a - Spotter Spain<\/title>\n<meta name=\"robots\" content=\"noindex, nofollow\" \/>\n<meta property=\"og:locale\" content=\"es_ES\" \/>\n<meta property=\"og:type\" content=\"article\" \/>\n<meta property=\"og:title\" content=\"Olvid\u00e9 mi contrase\u00f1a - Spotter Spain\" \/>\n<meta property=\"og:description\" content=\"Si ha olvidado su contrase\u00f1a, puede hacer clic en &#8220;Olvid\u00e9 mi contrase\u00f1a&#8221; a trav\u00e9s de la cuenta en l\u00ednea. 1. Vaya a la p\u00e1gina de inicio de sesi\u00f3n y haga clic en &#8216;Olvid\u00e9 mi contrase\u00f1a&#8217;. 2. Introduzca aqu\u00ed la direcci\u00f3n de correo electr\u00f3nico de la cuenta. 3. Ahora recibir\u00e1 una notificaci\u00f3n de que se est\u00e1 [&hellip;]\" \/>\n<meta property=\"og:url\" content=\"https:\/\/www.spottergps.com\/es\/faq\/cuenta-y-perfil\/olvide-mi-contrasena\/\" \/>\n<meta property=\"og:site_name\" content=\"Spotter Spain\" \/>\n<meta property=\"article:modified_time\" content=\"2024-07-01T12:12:34+00:00\" \/>\n<meta name=\"twitter:card\" content=\"summary_large_image\" \/>\n<meta name=\"twitter:label1\" content=\"Tiempo de lectura\" \/>\n\t<meta name=\"twitter:data1\" content=\"1 minute\" \/>\n<script type=\"application\/ld+json\" class=\"yoast-schema-graph\">{\"@context\":\"https:\/\/schema.org\",\"@graph\":[{\"@type\":\"WebPage\",\"@id\":\"https:\/\/www.spottergps.com\/es\/faq\/cuenta-y-perfil\/olvide-mi-contrasena\/\",\"url\":\"https:\/\/www.spottergps.com\/es\/faq\/cuenta-y-perfil\/olvide-mi-contrasena\/\",\"name\":\"Olvid\u00e9 mi contrase\u00f1a - Spotter Spain\",\"isPartOf\":{\"@id\":\"https:\/\/www.spottergps.com\/es\/#website\"},\"datePublished\":\"2023-03-29T09:23:38+00:00\",\"dateModified\":\"2024-07-01T12:12:34+00:00\",\"breadcrumb\":{\"@id\":\"https:\/\/www.spottergps.com\/es\/faq\/cuenta-y-perfil\/olvide-mi-contrasena\/#breadcrumb\"},\"inLanguage\":\"es-ES\",\"potentialAction\":[{\"@type\":\"ReadAction\",\"target\":[\"https:\/\/www.spottergps.com\/es\/faq\/cuenta-y-perfil\/olvide-mi-contrasena\/\"]}]},{\"@type\":\"BreadcrumbList\",\"@id\":\"https:\/\/www.spottergps.com\/es\/faq\/cuenta-y-perfil\/olvide-mi-contrasena\/#breadcrumb\",\"itemListElement\":[{\"@type\":\"ListItem\",\"position\":1,\"name\":\"Home\",\"item\":\"https:\/\/www.spottergps.com\/es\/\"},{\"@type\":\"ListItem\",\"position\":2,\"name\":\"\u00bfC\u00f3mo podemos ayudarte?\",\"item\":\"https:\/\/www.spottergps.com\/es\/faq\/\"},{\"@type\":\"ListItem\",\"position\":3,\"name\":\"Cuenta y Perfil\",\"item\":\"https:\/\/www.spottergps.com\/es\/faq\/cuenta-y-perfil\/\"},{\"@type\":\"ListItem\",\"position\":4,\"name\":\"Olvid\u00e9 mi contrase\u00f1a\"}]},{\"@type\":\"WebSite\",\"@id\":\"https:\/\/www.spottergps.com\/es\/#website\",\"url\":\"https:\/\/www.spottergps.com\/es\/\",\"name\":\"Spotter Spain\",\"description\":\"Para todo lo que amas\",\"publisher\":{\"@id\":\"https:\/\/www.spottergps.com\/es\/#organization\"},\"potentialAction\":[{\"@type\":\"SearchAction\",\"target\":{\"@type\":\"EntryPoint\",\"urlTemplate\":\"https:\/\/www.spottergps.com\/es\/?s={search_term_string}\"},\"query-input\":{\"@type\":\"PropertyValueSpecification\",\"valueRequired\":true,\"valueName\":\"search_term_string\"}}],\"inLanguage\":\"es-ES\"},{\"@type\":\"Organization\",\"@id\":\"https:\/\/www.spottergps.com\/es\/#organization\",\"name\":\"Spotter B.V.\",\"url\":\"https:\/\/www.spottergps.com\/es\/\",\"logo\":{\"@type\":\"ImageObject\",\"inLanguage\":\"es-ES\",\"@id\":\"https:\/\/www.spottergps.com\/es\/#\/schema\/logo\/image\/\",\"url\":\"https:\/\/www.spottergps.com\/es\/wp-content\/uploads\/sites\/7\/2023\/09\/Spotter_logo.png\",\"contentUrl\":\"https:\/\/www.spottergps.com\/es\/wp-content\/uploads\/sites\/7\/2023\/09\/Spotter_logo.png\",\"width\":1500,\"height\":696,\"caption\":\"Spotter B.V.\"},\"image\":{\"@id\":\"https:\/\/www.spottergps.com\/es\/#\/schema\/logo\/image\/\"}}]}<\/script>\n<!-- \/ Yoast SEO plugin. -->","yoast_head_json":{"title":"Olvid\u00e9 mi contrase\u00f1a - Spotter Spain","robots":{"index":"noindex","follow":"nofollow"},"og_locale":"es_ES","og_type":"article","og_title":"Olvid\u00e9 mi contrase\u00f1a - Spotter Spain","og_description":"Si ha olvidado su contrase\u00f1a, puede hacer clic en &#8220;Olvid\u00e9 mi contrase\u00f1a&#8221; a trav\u00e9s de la cuenta en l\u00ednea. 1. Vaya a la p\u00e1gina de inicio de sesi\u00f3n y haga clic en &#8216;Olvid\u00e9 mi contrase\u00f1a&#8217;. 2. Introduzca aqu\u00ed la direcci\u00f3n de correo electr\u00f3nico de la cuenta. 3. Ahora recibir\u00e1 una notificaci\u00f3n de que se est\u00e1 [&hellip;]","og_url":"https:\/\/www.spottergps.com\/es\/faq\/cuenta-y-perfil\/olvide-mi-contrasena\/","og_site_name":"Spotter Spain","article_modified_time":"2024-07-01T12:12:34+00:00","twitter_card":"summary_large_image","twitter_misc":{"Tiempo de lectura":"1 minute"},"schema":{"@context":"https:\/\/schema.org","@graph":[{"@type":"WebPage","@id":"https:\/\/www.spottergps.com\/es\/faq\/cuenta-y-perfil\/olvide-mi-contrasena\/","url":"https:\/\/www.spottergps.com\/es\/faq\/cuenta-y-perfil\/olvide-mi-contrasena\/","name":"Olvid\u00e9 mi contrase\u00f1a - Spotter Spain","isPartOf":{"@id":"https:\/\/www.spottergps.com\/es\/#website"},"datePublished":"2023-03-29T09:23:38+00:00","dateModified":"2024-07-01T12:12:34+00:00","breadcrumb":{"@id":"https:\/\/www.spottergps.com\/es\/faq\/cuenta-y-perfil\/olvide-mi-contrasena\/#breadcrumb"},"inLanguage":"es-ES","potentialAction":[{"@type":"ReadAction","target":["https:\/\/www.spottergps.com\/es\/faq\/cuenta-y-perfil\/olvide-mi-contrasena\/"]}]},{"@type":"BreadcrumbList","@id":"https:\/\/www.spottergps.com\/es\/faq\/cuenta-y-perfil\/olvide-mi-contrasena\/#breadcrumb","itemListElement":[{"@type":"ListItem","position":1,"name":"Home","item":"https:\/\/www.spottergps.com\/es\/"},{"@type":"ListItem","position":2,"name":"\u00bfC\u00f3mo podemos ayudarte?","item":"https:\/\/www.spottergps.com\/es\/faq\/"},{"@type":"ListItem","position":3,"name":"Cuenta y Perfil","item":"https:\/\/www.spottergps.com\/es\/faq\/cuenta-y-perfil\/"},{"@type":"ListItem","position":4,"name":"Olvid\u00e9 mi contrase\u00f1a"}]},{"@type":"WebSite","@id":"https:\/\/www.spottergps.com\/es\/#website","url":"https:\/\/www.spottergps.com\/es\/","name":"Spotter Spain","description":"Para todo lo que amas","publisher":{"@id":"https:\/\/www.spottergps.com\/es\/#organization"},"potentialAction":[{"@type":"SearchAction","target":{"@type":"EntryPoint","urlTemplate":"https:\/\/www.spottergps.com\/es\/?s={search_term_string}"},"query-input":{"@type":"PropertyValueSpecification","valueRequired":true,"valueName":"search_term_string"}}],"inLanguage":"es-ES"},{"@type":"Organization","@id":"https:\/\/www.spottergps.com\/es\/#organization","name":"Spotter B.V.","url":"https:\/\/www.spottergps.com\/es\/","logo":{"@type":"ImageObject","inLanguage":"es-ES","@id":"https:\/\/www.spottergps.com\/es\/#\/schema\/logo\/image\/","url":"https:\/\/www.spottergps.com\/es\/wp-content\/uploads\/sites\/7\/2023\/09\/Spotter_logo.png","contentUrl":"https:\/\/www.spottergps.com\/es\/wp-content\/uploads\/sites\/7\/2023\/09\/Spotter_logo.png","width":1500,"height":696,"caption":"Spotter B.V."},"image":{"@id":"https:\/\/www.spottergps.com\/es\/#\/schema\/logo\/image\/"}}]}},"_links":{"self":[{"href":"https:\/\/www.spottergps.com\/es\/wp-json\/wp\/v2\/pages\/69","targetHints":{"allow":["GET"]}}],"collection":[{"href":"https:\/\/www.spottergps.com\/es\/wp-json\/wp\/v2\/pages"}],"about":[{"href":"https:\/\/www.spottergps.com\/es\/wp-json\/wp\/v2\/types\/page"}],"author":[{"embeddable":true,"href":"https:\/\/www.spottergps.com\/es\/wp-json\/wp\/v2\/users\/10"}],"replies":[{"embeddable":true,"href":"https:\/\/www.spottergps.com\/es\/wp-json\/wp\/v2\/comments?post=69"}],"version-history":[{"count":3,"href":"https:\/\/www.spottergps.com\/es\/wp-json\/wp\/v2\/pages\/69\/revisions"}],"predecessor-version":[{"id":1438,"href":"https:\/\/www.spottergps.com\/es\/wp-json\/wp\/v2\/pages\/69\/revisions\/1438"}],"up":[{"embeddable":true,"href":"https:\/\/www.spottergps.com\/es\/wp-json\/wp\/v2\/pages\/61"}],"wp:attachment":[{"href":"https:\/\/www.spottergps.com\/es\/wp-json\/wp\/v2\/media?parent=69"}],"wp:term":[{"taxonomy":"category","embeddable":true,"href":"https:\/\/www.spottergps.com\/es\/wp-json\/wp\/v2\/categories?post=69"},{"taxonomy":"post_tag","embeddable":true,"href":"https:\/\/www.spottergps.com\/es\/wp-json\/wp\/v2\/tags?post=69"}],"curies":[{"name":"wp","href":"https:\/\/api.w.org\/{rel}","templated":true}]}}