{"id":67,"date":"2023-03-29T09:22:54","date_gmt":"2023-03-29T09:22:54","guid":{"rendered":"https:\/\/www.spottergps.com\/es\/?page_id=67"},"modified":"2024-07-01T12:14:02","modified_gmt":"2024-07-01T12:14:02","slug":"cambiar-el-idioma-del-software","status":"publish","type":"page","link":"https:\/\/www.spottergps.com\/es\/faq\/cuenta-y-perfil\/cambiar-el-idioma-del-software\/","title":{"rendered":"Cambiar el idioma del software"},"content":{"rendered":"\n<p><strong>A trav\u00e9s del escritorio\/computadora<\/strong><\/p>\n\n\n\n<ul class=\"wp-block-list\">\n<li>Inicie sesi\u00f3n en su cuenta en l\u00ednea a trav\u00e9s del escritorio.<\/li>\n\n\n\n<li>Haga clic en los engranajes en la parte inferior izquierda.<\/li>\n\n\n\n<li>Luego haga clic en el idioma.<\/li>\n\n\n\n<li>Luego de esto, aparecer\u00e1n diferentes idiomas para que elijas.<\/li>\n\n\n\n<li>Ahora seleccione el idioma deseado.<\/li>\n<\/ul>\n\n\n\n<p><strong>A trav\u00e9s de la aplicaci\u00f3n<\/strong><\/p>\n\n\n\n<ul class=\"wp-block-list\">\n<li>Abra la aplicaci\u00f3n e inicie sesi\u00f3n en su cuenta.<\/li>\n\n\n\n<li>Abra el men\u00fa en la parte superior izquierda.<\/li>\n\n\n\n<li>En la parte inferior del men\u00fa puede elegir &#8220;idioma&#8221;<\/li>\n\n\n\n<li>Ahora seleccione el idioma deseado.<\/li>\n<\/ul>\n","protected":false},"excerpt":{"rendered":"<p>A trav\u00e9s del escritorio\/computadora A trav\u00e9s de la aplicaci\u00f3n<\/p>\n","protected":false},"author":10,"featured_media":0,"parent":61,"menu_order":0,"comment_status":"closed","ping_status":"closed","template":"faq-content.php","meta":{"_acf_changed":false,"footnotes":""},"categories":[2],"tags":[],"class_list":["post-67","page","type-page","status-publish","hentry","category-faq"],"acf":[],"yoast_head":"<!-- This site is optimized with the Yoast SEO plugin v25.9 - https:\/\/yoast.com\/wordpress\/plugins\/seo\/ -->\n<title>Cambiar el idioma del software - Spotter Spain<\/title>\n<meta name=\"robots\" content=\"noindex, nofollow\" \/>\n<meta property=\"og:locale\" content=\"es_ES\" \/>\n<meta property=\"og:type\" content=\"article\" \/>\n<meta property=\"og:title\" content=\"Cambiar el idioma del software - Spotter Spain\" \/>\n<meta property=\"og:description\" content=\"A trav\u00e9s del escritorio\/computadora A trav\u00e9s de la aplicaci\u00f3n\" \/>\n<meta property=\"og:url\" content=\"https:\/\/www.spottergps.com\/es\/faq\/cuenta-y-perfil\/cambiar-el-idioma-del-software\/\" \/>\n<meta property=\"og:site_name\" content=\"Spotter Spain\" \/>\n<meta property=\"article:modified_time\" content=\"2024-07-01T12:14:02+00:00\" \/>\n<meta name=\"twitter:card\" content=\"summary_large_image\" \/>\n<meta name=\"twitter:label1\" content=\"Tiempo de lectura\" \/>\n\t<meta name=\"twitter:data1\" content=\"1 minute\" \/>\n<script type=\"application\/ld+json\" class=\"yoast-schema-graph\">{\"@context\":\"https:\/\/schema.org\",\"@graph\":[{\"@type\":\"WebPage\",\"@id\":\"https:\/\/www.spottergps.com\/es\/faq\/cuenta-y-perfil\/cambiar-el-idioma-del-software\/\",\"url\":\"https:\/\/www.spottergps.com\/es\/faq\/cuenta-y-perfil\/cambiar-el-idioma-del-software\/\",\"name\":\"Cambiar el idioma del software - Spotter Spain\",\"isPartOf\":{\"@id\":\"https:\/\/www.spottergps.com\/es\/#website\"},\"datePublished\":\"2023-03-29T09:22:54+00:00\",\"dateModified\":\"2024-07-01T12:14:02+00:00\",\"breadcrumb\":{\"@id\":\"https:\/\/www.spottergps.com\/es\/faq\/cuenta-y-perfil\/cambiar-el-idioma-del-software\/#breadcrumb\"},\"inLanguage\":\"es-ES\",\"potentialAction\":[{\"@type\":\"ReadAction\",\"target\":[\"https:\/\/www.spottergps.com\/es\/faq\/cuenta-y-perfil\/cambiar-el-idioma-del-software\/\"]}]},{\"@type\":\"BreadcrumbList\",\"@id\":\"https:\/\/www.spottergps.com\/es\/faq\/cuenta-y-perfil\/cambiar-el-idioma-del-software\/#breadcrumb\",\"itemListElement\":[{\"@type\":\"ListItem\",\"position\":1,\"name\":\"Home\",\"item\":\"https:\/\/www.spottergps.com\/es\/\"},{\"@type\":\"ListItem\",\"position\":2,\"name\":\"\u00bfC\u00f3mo podemos ayudarte?\",\"item\":\"https:\/\/www.spottergps.com\/es\/faq\/\"},{\"@type\":\"ListItem\",\"position\":3,\"name\":\"Cuenta y Perfil\",\"item\":\"https:\/\/www.spottergps.com\/es\/faq\/cuenta-y-perfil\/\"},{\"@type\":\"ListItem\",\"position\":4,\"name\":\"Cambiar el idioma del software\"}]},{\"@type\":\"WebSite\",\"@id\":\"https:\/\/www.spottergps.com\/es\/#website\",\"url\":\"https:\/\/www.spottergps.com\/es\/\",\"name\":\"Spotter Spain\",\"description\":\"Para todo lo que amas\",\"publisher\":{\"@id\":\"https:\/\/www.spottergps.com\/es\/#organization\"},\"potentialAction\":[{\"@type\":\"SearchAction\",\"target\":{\"@type\":\"EntryPoint\",\"urlTemplate\":\"https:\/\/www.spottergps.com\/es\/?s={search_term_string}\"},\"query-input\":{\"@type\":\"PropertyValueSpecification\",\"valueRequired\":true,\"valueName\":\"search_term_string\"}}],\"inLanguage\":\"es-ES\"},{\"@type\":\"Organization\",\"@id\":\"https:\/\/www.spottergps.com\/es\/#organization\",\"name\":\"Spotter B.V.\",\"url\":\"https:\/\/www.spottergps.com\/es\/\",\"logo\":{\"@type\":\"ImageObject\",\"inLanguage\":\"es-ES\",\"@id\":\"https:\/\/www.spottergps.com\/es\/#\/schema\/logo\/image\/\",\"url\":\"https:\/\/www.spottergps.com\/es\/wp-content\/uploads\/sites\/7\/2023\/09\/Spotter_logo.png\",\"contentUrl\":\"https:\/\/www.spottergps.com\/es\/wp-content\/uploads\/sites\/7\/2023\/09\/Spotter_logo.png\",\"width\":1500,\"height\":696,\"caption\":\"Spotter B.V.\"},\"image\":{\"@id\":\"https:\/\/www.spottergps.com\/es\/#\/schema\/logo\/image\/\"}}]}<\/script>\n<!-- \/ Yoast SEO plugin. -->","yoast_head_json":{"title":"Cambiar el idioma del software - Spotter Spain","robots":{"index":"noindex","follow":"nofollow"},"og_locale":"es_ES","og_type":"article","og_title":"Cambiar el idioma del software - Spotter Spain","og_description":"A trav\u00e9s del escritorio\/computadora A trav\u00e9s de la aplicaci\u00f3n","og_url":"https:\/\/www.spottergps.com\/es\/faq\/cuenta-y-perfil\/cambiar-el-idioma-del-software\/","og_site_name":"Spotter Spain","article_modified_time":"2024-07-01T12:14:02+00:00","twitter_card":"summary_large_image","twitter_misc":{"Tiempo de lectura":"1 minute"},"schema":{"@context":"https:\/\/schema.org","@graph":[{"@type":"WebPage","@id":"https:\/\/www.spottergps.com\/es\/faq\/cuenta-y-perfil\/cambiar-el-idioma-del-software\/","url":"https:\/\/www.spottergps.com\/es\/faq\/cuenta-y-perfil\/cambiar-el-idioma-del-software\/","name":"Cambiar el idioma del software - Spotter Spain","isPartOf":{"@id":"https:\/\/www.spottergps.com\/es\/#website"},"datePublished":"2023-03-29T09:22:54+00:00","dateModified":"2024-07-01T12:14:02+00:00","breadcrumb":{"@id":"https:\/\/www.spottergps.com\/es\/faq\/cuenta-y-perfil\/cambiar-el-idioma-del-software\/#breadcrumb"},"inLanguage":"es-ES","potentialAction":[{"@type":"ReadAction","target":["https:\/\/www.spottergps.com\/es\/faq\/cuenta-y-perfil\/cambiar-el-idioma-del-software\/"]}]},{"@type":"BreadcrumbList","@id":"https:\/\/www.spottergps.com\/es\/faq\/cuenta-y-perfil\/cambiar-el-idioma-del-software\/#breadcrumb","itemListElement":[{"@type":"ListItem","position":1,"name":"Home","item":"https:\/\/www.spottergps.com\/es\/"},{"@type":"ListItem","position":2,"name":"\u00bfC\u00f3mo podemos ayudarte?","item":"https:\/\/www.spottergps.com\/es\/faq\/"},{"@type":"ListItem","position":3,"name":"Cuenta y Perfil","item":"https:\/\/www.spottergps.com\/es\/faq\/cuenta-y-perfil\/"},{"@type":"ListItem","position":4,"name":"Cambiar el idioma del software"}]},{"@type":"WebSite","@id":"https:\/\/www.spottergps.com\/es\/#website","url":"https:\/\/www.spottergps.com\/es\/","name":"Spotter Spain","description":"Para todo lo que amas","publisher":{"@id":"https:\/\/www.spottergps.com\/es\/#organization"},"potentialAction":[{"@type":"SearchAction","target":{"@type":"EntryPoint","urlTemplate":"https:\/\/www.spottergps.com\/es\/?s={search_term_string}"},"query-input":{"@type":"PropertyValueSpecification","valueRequired":true,"valueName":"search_term_string"}}],"inLanguage":"es-ES"},{"@type":"Organization","@id":"https:\/\/www.spottergps.com\/es\/#organization","name":"Spotter B.V.","url":"https:\/\/www.spottergps.com\/es\/","logo":{"@type":"ImageObject","inLanguage":"es-ES","@id":"https:\/\/www.spottergps.com\/es\/#\/schema\/logo\/image\/","url":"https:\/\/www.spottergps.com\/es\/wp-content\/uploads\/sites\/7\/2023\/09\/Spotter_logo.png","contentUrl":"https:\/\/www.spottergps.com\/es\/wp-content\/uploads\/sites\/7\/2023\/09\/Spotter_logo.png","width":1500,"height":696,"caption":"Spotter B.V."},"image":{"@id":"https:\/\/www.spottergps.com\/es\/#\/schema\/logo\/image\/"}}]}},"_links":{"self":[{"href":"https:\/\/www.spottergps.com\/es\/wp-json\/wp\/v2\/pages\/67","targetHints":{"allow":["GET"]}}],"collection":[{"href":"https:\/\/www.spottergps.com\/es\/wp-json\/wp\/v2\/pages"}],"about":[{"href":"https:\/\/www.spottergps.com\/es\/wp-json\/wp\/v2\/types\/page"}],"author":[{"embeddable":true,"href":"https:\/\/www.spottergps.com\/es\/wp-json\/wp\/v2\/users\/10"}],"replies":[{"embeddable":true,"href":"https:\/\/www.spottergps.com\/es\/wp-json\/wp\/v2\/comments?post=67"}],"version-history":[{"count":3,"href":"https:\/\/www.spottergps.com\/es\/wp-json\/wp\/v2\/pages\/67\/revisions"}],"predecessor-version":[{"id":1442,"href":"https:\/\/www.spottergps.com\/es\/wp-json\/wp\/v2\/pages\/67\/revisions\/1442"}],"up":[{"embeddable":true,"href":"https:\/\/www.spottergps.com\/es\/wp-json\/wp\/v2\/pages\/61"}],"wp:attachment":[{"href":"https:\/\/www.spottergps.com\/es\/wp-json\/wp\/v2\/media?parent=67"}],"wp:term":[{"taxonomy":"category","embeddable":true,"href":"https:\/\/www.spottergps.com\/es\/wp-json\/wp\/v2\/categories?post=67"},{"taxonomy":"post_tag","embeddable":true,"href":"https:\/\/www.spottergps.com\/es\/wp-json\/wp\/v2\/tags?post=67"}],"curies":[{"name":"wp","href":"https:\/\/api.w.org\/{rel}","templated":true}]}}