{"id":64,"date":"2023-03-29T09:22:15","date_gmt":"2023-03-29T09:22:15","guid":{"rendered":"https:\/\/www.spottergps.com\/es\/?page_id=64"},"modified":"2023-09-29T09:45:51","modified_gmt":"2023-09-29T09:45:51","slug":"software-en-linea","status":"publish","type":"page","link":"https:\/\/www.spottergps.com\/es\/software-en-linea\/","title":{"rendered":"Software en l\u00ednea de Spotter"},"content":{"rendered":"\n<h2 class=\"wp-block-heading\">Ya sea que est\u00e9 en la carretera o en la computadora, siempre tiene acceso a Spotter. <\/h2>\n\n\n\n<p>Tiene una cuenta en l\u00ednea y una aplicaci\u00f3n para el tel\u00e9fono inteligente y la tableta, a la que Spotter env\u00eda ubicaciones e informes autom\u00e1ticamente. No necesita realizar ninguna acci\u00f3n para esto. Sin instalaciones ni licencias de software, todo online. Puede iniciar sesi\u00f3n <a href=\"https:\/\/my.spottergps.com\/SpotterApp\/index.html#login\" data-type=\"URL\" data-id=\"https:\/\/my.spottergps.com\/SpotterApp\/index.html#login\">f\u00e1cilmente<\/a> desde cualquier lugar con conexi\u00f3n a Internet y con varias personas al mismo tiempo.<\/p>\n\n\n<div class=\"wp-block-image\">\n<figure class=\"alignright size-large\"><img decoding=\"async\" src=\"https:\/\/www.spottergps.com\/wp-content\/uploads\/2022\/02\/spotter-online-account-gps.jpg\" alt=\"\" class=\"wp-image-18567\" \/><\/figure><\/div>\n\n\n<ul class=\"wp-block-list\">\n<li>Muy f\u00e1cil de usar<\/li>\n\n\n\n<li>Inicie sesi\u00f3n en l\u00ednea desde cualquier lugar<\/li>\n\n\n\n<li>Iniciar sesi\u00f3n con varias personas al mismo tiempo<\/li>\n\n\n\n<li>Sin instalaciones de software<\/li>\n\n\n\n<li>Sin licencias<\/li>\n<\/ul>\n\n\n\n<figure class=\"wp-block-image is-resized\"><a href=\"https:\/\/play.google.com\/store\/apps\/details?id=com.spottergps.spotter\" target=\"_blank\" rel=\"noreferrer noopener\"><img loading=\"lazy\" decoding=\"async\" src=\"https:\/\/www.spottergps.com\/wp-content\/uploads\/2015\/05\/PlayStore-300x98.png\" alt=\"Spotter - PlayStore\" class=\"wp-image-200\" width=\"159\" height=\"52\" \/><\/a><\/figure>\n\n\n\n<figure class=\"wp-block-image is-resized\"><a href=\"https:\/\/apps.apple.com\/nl\/app\/spotter-gps-tracker\/id997370912\" target=\"_blank\" rel=\"noreferrer noopener\"><img loading=\"lazy\" decoding=\"async\" src=\"https:\/\/www.spottergps.com\/wp-content\/uploads\/2015\/05\/AppStore-300x98.png\" alt=\"Spotter - AppStore\" class=\"wp-image-199\" width=\"159\" height=\"52\" \/><\/a><\/figure>\n\n\n\n<div style=\"height:38px\" aria-hidden=\"true\" class=\"wp-block-spacer\"><\/div>\n\n\n\n<div class=\"wp-block-columns is-layout-flex wp-container-core-columns-is-layout-9d6595d7 wp-block-columns-is-layout-flex\">\n<div class=\"wp-block-column is-layout-flow wp-block-column-is-layout-flow\"><\/div>\n\n\n\n<div class=\"wp-block-column is-layout-flow wp-block-column-is-layout-flow\">\n<h3 class=\"has-text-align-center wp-block-heading\" id=\"tw-target-text\">Funciones de la aplicaci\u00f3n Spotter<\/h3>\n<\/div>\n\n\n\n<div class=\"wp-block-column is-layout-flow wp-block-column-is-layout-flow\"><\/div>\n<\/div>\n\n\n\n<div class=\"wp-block-columns is-layout-flex wp-container-core-columns-is-layout-9d6595d7 wp-block-columns-is-layout-flex\">\n<div class=\"wp-block-column is-layout-flow wp-block-column-is-layout-flow\">\n<h4 class=\"has-text-align-center wp-block-heading\" id=\"tw-target-text\">Ubicaciones en un mapa<\/h4>\n\n\n\n<div style=\"height:60px\" aria-hidden=\"true\" class=\"wp-block-spacer\"><\/div>\n\n\n\n<figure class=\"wp-block-image size-large is-resized\"><img loading=\"lazy\" decoding=\"async\" src=\"https:\/\/www.spottergps.com\/wp-content\/uploads\/2022\/02\/spotter-gps-locatie-512x1024.jpg\" alt=\"spotter gps locatie opvragen\" class=\"wp-image-18437\" width=\"318\" height=\"636\" \/><\/figure>\n\n\n\n<p class=\"has-text-align-center\"><\/p>\n<\/div>\n\n\n\n<div class=\"wp-block-column is-layout-flow wp-block-column-is-layout-flow\">\n<h4 class=\"has-text-align-center wp-block-heading\">Lugares mas visitados<\/h4>\n\n\n\n<figure class=\"wp-block-image size-large\"><img decoding=\"async\" src=\"https:\/\/www.spottergps.com\/wp-content\/uploads\/2022\/02\/spotter-heatmap-512x1024.jpg\" alt=\"spotter gps katten heatmap\" class=\"wp-image-18436\" \/><\/figure>\n\n\n\n<p class=\"has-text-align-center\"><\/p>\n<\/div>\n\n\n\n<div class=\"wp-block-column is-layout-flow wp-block-column-is-layout-flow\">\n<h4 class=\"has-text-align-center wp-block-heading\">Zonas<\/h4>\n\n\n\n<div style=\"height:60px\" aria-hidden=\"true\" class=\"wp-block-spacer\"><\/div>\n\n\n<div class=\"wp-block-image\">\n<figure class=\"aligncenter size-large is-resized\"><img loading=\"lazy\" decoding=\"async\" src=\"https:\/\/www.spottergps.com\/wp-content\/uploads\/2022\/02\/spotter-zones-512x1024.jpg\" alt=\"spotter gps tracker kat zones\" class=\"wp-image-18438\" width=\"319\" height=\"637\" \/><\/figure><\/div>\n\n\n<p class=\"has-text-align-center\"><\/p>\n<\/div>\n<\/div>\n\n\n\n<div class=\"wp-block-columns is-layout-flex wp-container-core-columns-is-layout-9d6595d7 wp-block-columns-is-layout-flex\">\n<div class=\"wp-block-column is-layout-flow wp-block-column-is-layout-flow\">\n<h4 class=\"has-text-align-center wp-block-heading\">Vista de calle<\/h4>\n\n\n\n<div style=\"height:60px\" aria-hidden=\"true\" class=\"wp-block-spacer\"><\/div>\n\n\n<div class=\"wp-block-image\">\n<figure class=\"aligncenter size-large is-resized\"><img loading=\"lazy\" decoding=\"async\" src=\"https:\/\/www.spottergps.com\/wp-content\/uploads\/2022\/02\/spotter-streetview-512x1024.jpg\" alt=\"spotter gps tracker kat streetview\" class=\"wp-image-18440\" width=\"334\" height=\"667\" \/><\/figure><\/div>\n\n<\/div>\n\n\n\n<div class=\"wp-block-column is-layout-flow wp-block-column-is-layout-flow\">\n<h4 class=\"has-text-align-center wp-block-heading\">Ver historial<\/h4>\n\n\n\n<figure class=\"wp-block-image size-large\"><img decoding=\"async\" src=\"https:\/\/www.spottergps.com\/wp-content\/uploads\/2022\/02\/spotter-geschiedenis-512x1024.jpg\" alt=\"Spotter GPS tracker - app geschiedenis\" class=\"wp-image-18439\" \/><\/figure>\n\n\n<\/div>\n\n\n\n<div class=\"wp-block-column is-layout-flow wp-block-column-is-layout-flow\">\n<h4 class=\"has-text-align-center wp-block-heading\" id=\"tw-target-text\">Notificaciones push<\/h4>\n\n\n\n<div style=\"height:60px\" aria-hidden=\"true\" class=\"wp-block-spacer\"><\/div>\n\n\n<div class=\"wp-block-image\">\n<figure class=\"aligncenter size-large is-resized\"><img loading=\"lazy\" decoding=\"async\" src=\"https:\/\/www.spottergps.com\/wp-content\/uploads\/2022\/02\/spotter-app-notificaties.jpg\" alt=\"spotter app notificaties\" class=\"wp-image-18624\" width=\"336\" height=\"671\" \/><\/figure><\/div>\n\n<\/div>\n<\/div>\n","protected":false},"excerpt":{"rendered":"<p>Ya sea que est\u00e9 en la carretera o en la computadora, siempre tiene acceso a Spotter. Tiene una cuenta en l\u00ednea y una aplicaci\u00f3n para el tel\u00e9fono inteligente y la tableta, a la que Spotter env\u00eda ubicaciones e informes autom\u00e1ticamente. No necesita realizar ninguna acci\u00f3n para esto. Sin instalaciones ni licencias de software, todo online. [&hellip;]<\/p>\n","protected":false},"author":10,"featured_media":0,"parent":0,"menu_order":0,"comment_status":"closed","ping_status":"closed","template":"","meta":{"_acf_changed":false,"footnotes":""},"categories":[],"tags":[],"class_list":["post-64","page","type-page","status-publish","hentry"],"acf":[],"yoast_head":"<!-- This site is optimized with the Yoast SEO plugin v25.9 - https:\/\/yoast.com\/wordpress\/plugins\/seo\/ -->\n<title>Software en l\u00ednea de Spotter - Spotter Spain<\/title>\n<meta name=\"description\" content=\"El rastreador GPS de Spotter funciona completamente en l\u00ednea. Inicia sesi\u00f3n en tu cuenta y visualiza los datos. O descarga la aplicaci\u00f3n gratuita de Spotter en tu tel\u00e9fono inteligente.\" \/>\n<meta name=\"robots\" content=\"index, follow, max-snippet:-1, max-image-preview:large, max-video-preview:-1\" \/>\n<link rel=\"canonical\" href=\"https:\/\/www.spottergps.com\/es\/software-en-linea\/\" \/>\n<meta property=\"og:locale\" content=\"es_ES\" \/>\n<meta property=\"og:type\" content=\"article\" \/>\n<meta property=\"og:title\" content=\"Software en l\u00ednea de Spotter - Spotter Spain\" \/>\n<meta property=\"og:description\" content=\"El rastreador GPS de Spotter funciona completamente en l\u00ednea. Inicia sesi\u00f3n en tu cuenta y visualiza los datos. O descarga la aplicaci\u00f3n gratuita de Spotter en tu tel\u00e9fono inteligente.\" \/>\n<meta property=\"og:url\" content=\"https:\/\/www.spottergps.com\/es\/software-en-linea\/\" \/>\n<meta property=\"og:site_name\" content=\"Spotter Spain\" \/>\n<meta property=\"article:modified_time\" content=\"2023-09-29T09:45:51+00:00\" \/>\n<meta property=\"og:image\" content=\"https:\/\/www.spottergps.com\/wp-content\/uploads\/2022\/02\/spotter-online-account-gps.jpg\" \/>\n<meta name=\"twitter:card\" content=\"summary_large_image\" \/>\n<meta name=\"twitter:label1\" content=\"Tiempo de lectura\" \/>\n\t<meta name=\"twitter:data1\" content=\"1 minute\" \/>\n<script type=\"application\/ld+json\" class=\"yoast-schema-graph\">{\"@context\":\"https:\/\/schema.org\",\"@graph\":[{\"@type\":\"WebPage\",\"@id\":\"https:\/\/www.spottergps.com\/es\/software-en-linea\/\",\"url\":\"https:\/\/www.spottergps.com\/es\/software-en-linea\/\",\"name\":\"Software en l\u00ednea de Spotter - Spotter Spain\",\"isPartOf\":{\"@id\":\"https:\/\/www.spottergps.com\/es\/#website\"},\"primaryImageOfPage\":{\"@id\":\"https:\/\/www.spottergps.com\/es\/software-en-linea\/#primaryimage\"},\"image\":{\"@id\":\"https:\/\/www.spottergps.com\/es\/software-en-linea\/#primaryimage\"},\"thumbnailUrl\":\"https:\/\/www.spottergps.com\/wp-content\/uploads\/2022\/02\/spotter-online-account-gps.jpg\",\"datePublished\":\"2023-03-29T09:22:15+00:00\",\"dateModified\":\"2023-09-29T09:45:51+00:00\",\"description\":\"El rastreador GPS de Spotter funciona completamente en l\u00ednea. Inicia sesi\u00f3n en tu cuenta y visualiza los datos. O descarga la aplicaci\u00f3n gratuita de Spotter en tu tel\u00e9fono inteligente.\",\"breadcrumb\":{\"@id\":\"https:\/\/www.spottergps.com\/es\/software-en-linea\/#breadcrumb\"},\"inLanguage\":\"es-ES\",\"potentialAction\":[{\"@type\":\"ReadAction\",\"target\":[\"https:\/\/www.spottergps.com\/es\/software-en-linea\/\"]}]},{\"@type\":\"ImageObject\",\"inLanguage\":\"es-ES\",\"@id\":\"https:\/\/www.spottergps.com\/es\/software-en-linea\/#primaryimage\",\"url\":\"https:\/\/www.spottergps.com\/wp-content\/uploads\/2022\/02\/spotter-online-account-gps.jpg\",\"contentUrl\":\"https:\/\/www.spottergps.com\/wp-content\/uploads\/2022\/02\/spotter-online-account-gps.jpg\"},{\"@type\":\"BreadcrumbList\",\"@id\":\"https:\/\/www.spottergps.com\/es\/software-en-linea\/#breadcrumb\",\"itemListElement\":[{\"@type\":\"ListItem\",\"position\":1,\"name\":\"Home\",\"item\":\"https:\/\/www.spottergps.com\/es\/\"},{\"@type\":\"ListItem\",\"position\":2,\"name\":\"Software en l\u00ednea de Spotter\"}]},{\"@type\":\"WebSite\",\"@id\":\"https:\/\/www.spottergps.com\/es\/#website\",\"url\":\"https:\/\/www.spottergps.com\/es\/\",\"name\":\"Spotter Spain\",\"description\":\"Para todo lo que amas\",\"publisher\":{\"@id\":\"https:\/\/www.spottergps.com\/es\/#organization\"},\"potentialAction\":[{\"@type\":\"SearchAction\",\"target\":{\"@type\":\"EntryPoint\",\"urlTemplate\":\"https:\/\/www.spottergps.com\/es\/?s={search_term_string}\"},\"query-input\":{\"@type\":\"PropertyValueSpecification\",\"valueRequired\":true,\"valueName\":\"search_term_string\"}}],\"inLanguage\":\"es-ES\"},{\"@type\":\"Organization\",\"@id\":\"https:\/\/www.spottergps.com\/es\/#organization\",\"name\":\"Spotter B.V.\",\"url\":\"https:\/\/www.spottergps.com\/es\/\",\"logo\":{\"@type\":\"ImageObject\",\"inLanguage\":\"es-ES\",\"@id\":\"https:\/\/www.spottergps.com\/es\/#\/schema\/logo\/image\/\",\"url\":\"https:\/\/www.spottergps.com\/es\/wp-content\/uploads\/sites\/7\/2023\/09\/Spotter_logo.png\",\"contentUrl\":\"https:\/\/www.spottergps.com\/es\/wp-content\/uploads\/sites\/7\/2023\/09\/Spotter_logo.png\",\"width\":1500,\"height\":696,\"caption\":\"Spotter B.V.\"},\"image\":{\"@id\":\"https:\/\/www.spottergps.com\/es\/#\/schema\/logo\/image\/\"}}]}<\/script>\n<!-- \/ Yoast SEO plugin. -->","yoast_head_json":{"title":"Software en l\u00ednea de Spotter - Spotter Spain","description":"El rastreador GPS de Spotter funciona completamente en l\u00ednea. Inicia sesi\u00f3n en tu cuenta y visualiza los datos. O descarga la aplicaci\u00f3n gratuita de Spotter en tu tel\u00e9fono inteligente.","robots":{"index":"index","follow":"follow","max-snippet":"max-snippet:-1","max-image-preview":"max-image-preview:large","max-video-preview":"max-video-preview:-1"},"canonical":"https:\/\/www.spottergps.com\/es\/software-en-linea\/","og_locale":"es_ES","og_type":"article","og_title":"Software en l\u00ednea de Spotter - Spotter Spain","og_description":"El rastreador GPS de Spotter funciona completamente en l\u00ednea. Inicia sesi\u00f3n en tu cuenta y visualiza los datos. O descarga la aplicaci\u00f3n gratuita de Spotter en tu tel\u00e9fono inteligente.","og_url":"https:\/\/www.spottergps.com\/es\/software-en-linea\/","og_site_name":"Spotter Spain","article_modified_time":"2023-09-29T09:45:51+00:00","og_image":[{"url":"https:\/\/www.spottergps.com\/wp-content\/uploads\/2022\/02\/spotter-online-account-gps.jpg","type":"","width":"","height":""}],"twitter_card":"summary_large_image","twitter_misc":{"Tiempo de lectura":"1 minute"},"schema":{"@context":"https:\/\/schema.org","@graph":[{"@type":"WebPage","@id":"https:\/\/www.spottergps.com\/es\/software-en-linea\/","url":"https:\/\/www.spottergps.com\/es\/software-en-linea\/","name":"Software en l\u00ednea de Spotter - Spotter Spain","isPartOf":{"@id":"https:\/\/www.spottergps.com\/es\/#website"},"primaryImageOfPage":{"@id":"https:\/\/www.spottergps.com\/es\/software-en-linea\/#primaryimage"},"image":{"@id":"https:\/\/www.spottergps.com\/es\/software-en-linea\/#primaryimage"},"thumbnailUrl":"https:\/\/www.spottergps.com\/wp-content\/uploads\/2022\/02\/spotter-online-account-gps.jpg","datePublished":"2023-03-29T09:22:15+00:00","dateModified":"2023-09-29T09:45:51+00:00","description":"El rastreador GPS de Spotter funciona completamente en l\u00ednea. Inicia sesi\u00f3n en tu cuenta y visualiza los datos. O descarga la aplicaci\u00f3n gratuita de Spotter en tu tel\u00e9fono inteligente.","breadcrumb":{"@id":"https:\/\/www.spottergps.com\/es\/software-en-linea\/#breadcrumb"},"inLanguage":"es-ES","potentialAction":[{"@type":"ReadAction","target":["https:\/\/www.spottergps.com\/es\/software-en-linea\/"]}]},{"@type":"ImageObject","inLanguage":"es-ES","@id":"https:\/\/www.spottergps.com\/es\/software-en-linea\/#primaryimage","url":"https:\/\/www.spottergps.com\/wp-content\/uploads\/2022\/02\/spotter-online-account-gps.jpg","contentUrl":"https:\/\/www.spottergps.com\/wp-content\/uploads\/2022\/02\/spotter-online-account-gps.jpg"},{"@type":"BreadcrumbList","@id":"https:\/\/www.spottergps.com\/es\/software-en-linea\/#breadcrumb","itemListElement":[{"@type":"ListItem","position":1,"name":"Home","item":"https:\/\/www.spottergps.com\/es\/"},{"@type":"ListItem","position":2,"name":"Software en l\u00ednea de Spotter"}]},{"@type":"WebSite","@id":"https:\/\/www.spottergps.com\/es\/#website","url":"https:\/\/www.spottergps.com\/es\/","name":"Spotter Spain","description":"Para todo lo que amas","publisher":{"@id":"https:\/\/www.spottergps.com\/es\/#organization"},"potentialAction":[{"@type":"SearchAction","target":{"@type":"EntryPoint","urlTemplate":"https:\/\/www.spottergps.com\/es\/?s={search_term_string}"},"query-input":{"@type":"PropertyValueSpecification","valueRequired":true,"valueName":"search_term_string"}}],"inLanguage":"es-ES"},{"@type":"Organization","@id":"https:\/\/www.spottergps.com\/es\/#organization","name":"Spotter B.V.","url":"https:\/\/www.spottergps.com\/es\/","logo":{"@type":"ImageObject","inLanguage":"es-ES","@id":"https:\/\/www.spottergps.com\/es\/#\/schema\/logo\/image\/","url":"https:\/\/www.spottergps.com\/es\/wp-content\/uploads\/sites\/7\/2023\/09\/Spotter_logo.png","contentUrl":"https:\/\/www.spottergps.com\/es\/wp-content\/uploads\/sites\/7\/2023\/09\/Spotter_logo.png","width":1500,"height":696,"caption":"Spotter B.V."},"image":{"@id":"https:\/\/www.spottergps.com\/es\/#\/schema\/logo\/image\/"}}]}},"_links":{"self":[{"href":"https:\/\/www.spottergps.com\/es\/wp-json\/wp\/v2\/pages\/64","targetHints":{"allow":["GET"]}}],"collection":[{"href":"https:\/\/www.spottergps.com\/es\/wp-json\/wp\/v2\/pages"}],"about":[{"href":"https:\/\/www.spottergps.com\/es\/wp-json\/wp\/v2\/types\/page"}],"author":[{"embeddable":true,"href":"https:\/\/www.spottergps.com\/es\/wp-json\/wp\/v2\/users\/10"}],"replies":[{"embeddable":true,"href":"https:\/\/www.spottergps.com\/es\/wp-json\/wp\/v2\/comments?post=64"}],"version-history":[{"count":9,"href":"https:\/\/www.spottergps.com\/es\/wp-json\/wp\/v2\/pages\/64\/revisions"}],"predecessor-version":[{"id":1434,"href":"https:\/\/www.spottergps.com\/es\/wp-json\/wp\/v2\/pages\/64\/revisions\/1434"}],"wp:attachment":[{"href":"https:\/\/www.spottergps.com\/es\/wp-json\/wp\/v2\/media?parent=64"}],"wp:term":[{"taxonomy":"category","embeddable":true,"href":"https:\/\/www.spottergps.com\/es\/wp-json\/wp\/v2\/categories?post=64"},{"taxonomy":"post_tag","embeddable":true,"href":"https:\/\/www.spottergps.com\/es\/wp-json\/wp\/v2\/tags?post=64"}],"curies":[{"name":"wp","href":"https:\/\/api.w.org\/{rel}","templated":true}]}}