{"id":568,"date":"2023-04-17T10:23:09","date_gmt":"2023-04-17T10:23:09","guid":{"rendered":"https:\/\/www.spottergps.com\/es\/?page_id=568"},"modified":"2024-07-01T12:20:48","modified_gmt":"2024-07-01T12:20:48","slug":"llamando-al-spotter","status":"publish","type":"page","link":"https:\/\/www.spottergps.com\/es\/faq\/productos-y-caracteristicas\/llamando-al-spotter\/","title":{"rendered":"Llamando al Spotter"},"content":{"rendered":"\n<p>Tambi\u00e9n puede llamar al reloj GPS Spotter, por ejemplo, en caso de que una persona est\u00e9 en peligro y desee ponerse en contacto. Inicie sesi\u00f3n en la aplicaci\u00f3n Spotter y haga clic en el \u00edcono del reloj GPS Spotter en el mapa. Luego, se abrir\u00e1 un men\u00fa y seleccionar\u00e1 &#8220;Llamar&#8221;. El Spotter sonar\u00e1. La llamada telef\u00f3nica se puede contestar haciendo clic en el icono plateado debajo de la pantalla del reloj GPS Spotter. La llamada telef\u00f3nica se puede finalizar haciendo clic en el tel\u00e9fono rojo en la pantalla del reloj GPS Spotter.<\/p>\n\n\n\n<p><strong>Costos de llamada <\/strong><br>Cuando llama al reloj GPS Spotter desde su propio smartphone, esto no est\u00e1 incluido en el cr\u00e9dito prepago. Est\u00e1 llamando a un n\u00famero m\u00f3vil europeo que est\u00e1 sujeto a los costos de llamada de su proveedor de telefon\u00eda m\u00f3vil.<\/p>\n\n\n\n<p><strong>Llamadas en toda Europa <\/strong><br>El reloj GPS Spotter cuenta con una tarjeta SIM de roaming integrada, que garantiza que el reloj GPS Spotter funcione en toda Europa en todas las redes m\u00f3viles disponibles sin costo adicional. La raz\u00f3n de esto es que no queremos depender de la cobertura de red de un solo proveedor m\u00f3vil en un pa\u00eds (o regi\u00f3n), sino que el reloj GPS Spotter siempre elige la mejor red m\u00f3vil disponible, independientemente del proveedor m\u00f3vil. Tambi\u00e9n es posible llamar al Spotter a trav\u00e9s de Skype, que es m\u00e1s econ\u00f3mico.<\/p>\n\n\n\n<p><strong>Consejo<\/strong>: Despu\u00e9s de llamar al reloj GPS Spotter, puede guardar el n\u00famero para poder llamar directamente al reloj GPS Spotter sin usar la aplicaci\u00f3n.<\/p>\n","protected":false},"excerpt":{"rendered":"<p>Tambi\u00e9n puede llamar al reloj GPS Spotter, por ejemplo, en caso de que una persona est\u00e9 en peligro y desee ponerse en contacto. Inicie sesi\u00f3n en la aplicaci\u00f3n Spotter y haga clic en el \u00edcono del reloj GPS Spotter en el mapa. Luego, se abrir\u00e1 un men\u00fa y seleccionar\u00e1 &#8220;Llamar&#8221;. El Spotter sonar\u00e1. La llamada [&hellip;]<\/p>\n","protected":false},"author":8,"featured_media":0,"parent":183,"menu_order":0,"comment_status":"closed","ping_status":"closed","template":"faq-content.php","meta":{"_acf_changed":false,"footnotes":""},"categories":[2],"tags":[],"class_list":["post-568","page","type-page","status-publish","hentry","category-faq"],"acf":[],"yoast_head":"<!-- This site is optimized with the Yoast SEO plugin v25.9 - https:\/\/yoast.com\/wordpress\/plugins\/seo\/ -->\n<title>Llamando al Spotter - Spotter Spain<\/title>\n<meta name=\"robots\" content=\"noindex, nofollow\" \/>\n<meta property=\"og:locale\" content=\"es_ES\" \/>\n<meta property=\"og:type\" content=\"article\" \/>\n<meta property=\"og:title\" content=\"Llamando al Spotter - Spotter Spain\" \/>\n<meta property=\"og:description\" content=\"Tambi\u00e9n puede llamar al reloj GPS Spotter, por ejemplo, en caso de que una persona est\u00e9 en peligro y desee ponerse en contacto. Inicie sesi\u00f3n en la aplicaci\u00f3n Spotter y haga clic en el \u00edcono del reloj GPS Spotter en el mapa. Luego, se abrir\u00e1 un men\u00fa y seleccionar\u00e1 &#8220;Llamar&#8221;. El Spotter sonar\u00e1. La llamada [&hellip;]\" \/>\n<meta property=\"og:url\" content=\"https:\/\/www.spottergps.com\/es\/faq\/productos-y-caracteristicas\/llamando-al-spotter\/\" \/>\n<meta property=\"og:site_name\" content=\"Spotter Spain\" \/>\n<meta property=\"article:modified_time\" content=\"2024-07-01T12:20:48+00:00\" \/>\n<meta name=\"twitter:card\" content=\"summary_large_image\" \/>\n<meta name=\"twitter:label1\" content=\"Tiempo de lectura\" \/>\n\t<meta name=\"twitter:data1\" content=\"2 minutes\" \/>\n<script type=\"application\/ld+json\" class=\"yoast-schema-graph\">{\"@context\":\"https:\/\/schema.org\",\"@graph\":[{\"@type\":\"WebPage\",\"@id\":\"https:\/\/www.spottergps.com\/es\/faq\/productos-y-caracteristicas\/llamando-al-spotter\/\",\"url\":\"https:\/\/www.spottergps.com\/es\/faq\/productos-y-caracteristicas\/llamando-al-spotter\/\",\"name\":\"Llamando al Spotter - Spotter Spain\",\"isPartOf\":{\"@id\":\"https:\/\/www.spottergps.com\/es\/#website\"},\"datePublished\":\"2023-04-17T10:23:09+00:00\",\"dateModified\":\"2024-07-01T12:20:48+00:00\",\"breadcrumb\":{\"@id\":\"https:\/\/www.spottergps.com\/es\/faq\/productos-y-caracteristicas\/llamando-al-spotter\/#breadcrumb\"},\"inLanguage\":\"es-ES\",\"potentialAction\":[{\"@type\":\"ReadAction\",\"target\":[\"https:\/\/www.spottergps.com\/es\/faq\/productos-y-caracteristicas\/llamando-al-spotter\/\"]}]},{\"@type\":\"BreadcrumbList\",\"@id\":\"https:\/\/www.spottergps.com\/es\/faq\/productos-y-caracteristicas\/llamando-al-spotter\/#breadcrumb\",\"itemListElement\":[{\"@type\":\"ListItem\",\"position\":1,\"name\":\"Home\",\"item\":\"https:\/\/www.spottergps.com\/es\/\"},{\"@type\":\"ListItem\",\"position\":2,\"name\":\"\u00bfC\u00f3mo podemos ayudarte?\",\"item\":\"https:\/\/www.spottergps.com\/es\/faq\/\"},{\"@type\":\"ListItem\",\"position\":3,\"name\":\"Productos y Caracter\u00edsticas\",\"item\":\"https:\/\/www.spottergps.com\/es\/faq\/productos-y-caracteristicas\/\"},{\"@type\":\"ListItem\",\"position\":4,\"name\":\"Llamando al Spotter\"}]},{\"@type\":\"WebSite\",\"@id\":\"https:\/\/www.spottergps.com\/es\/#website\",\"url\":\"https:\/\/www.spottergps.com\/es\/\",\"name\":\"Spotter Spain\",\"description\":\"Para todo lo que amas\",\"publisher\":{\"@id\":\"https:\/\/www.spottergps.com\/es\/#organization\"},\"potentialAction\":[{\"@type\":\"SearchAction\",\"target\":{\"@type\":\"EntryPoint\",\"urlTemplate\":\"https:\/\/www.spottergps.com\/es\/?s={search_term_string}\"},\"query-input\":{\"@type\":\"PropertyValueSpecification\",\"valueRequired\":true,\"valueName\":\"search_term_string\"}}],\"inLanguage\":\"es-ES\"},{\"@type\":\"Organization\",\"@id\":\"https:\/\/www.spottergps.com\/es\/#organization\",\"name\":\"Spotter B.V.\",\"url\":\"https:\/\/www.spottergps.com\/es\/\",\"logo\":{\"@type\":\"ImageObject\",\"inLanguage\":\"es-ES\",\"@id\":\"https:\/\/www.spottergps.com\/es\/#\/schema\/logo\/image\/\",\"url\":\"https:\/\/www.spottergps.com\/es\/wp-content\/uploads\/sites\/7\/2023\/09\/Spotter_logo.png\",\"contentUrl\":\"https:\/\/www.spottergps.com\/es\/wp-content\/uploads\/sites\/7\/2023\/09\/Spotter_logo.png\",\"width\":1500,\"height\":696,\"caption\":\"Spotter B.V.\"},\"image\":{\"@id\":\"https:\/\/www.spottergps.com\/es\/#\/schema\/logo\/image\/\"}}]}<\/script>\n<!-- \/ Yoast SEO plugin. -->","yoast_head_json":{"title":"Llamando al Spotter - Spotter Spain","robots":{"index":"noindex","follow":"nofollow"},"og_locale":"es_ES","og_type":"article","og_title":"Llamando al Spotter - Spotter Spain","og_description":"Tambi\u00e9n puede llamar al reloj GPS Spotter, por ejemplo, en caso de que una persona est\u00e9 en peligro y desee ponerse en contacto. Inicie sesi\u00f3n en la aplicaci\u00f3n Spotter y haga clic en el \u00edcono del reloj GPS Spotter en el mapa. Luego, se abrir\u00e1 un men\u00fa y seleccionar\u00e1 &#8220;Llamar&#8221;. El Spotter sonar\u00e1. La llamada [&hellip;]","og_url":"https:\/\/www.spottergps.com\/es\/faq\/productos-y-caracteristicas\/llamando-al-spotter\/","og_site_name":"Spotter Spain","article_modified_time":"2024-07-01T12:20:48+00:00","twitter_card":"summary_large_image","twitter_misc":{"Tiempo de lectura":"2 minutes"},"schema":{"@context":"https:\/\/schema.org","@graph":[{"@type":"WebPage","@id":"https:\/\/www.spottergps.com\/es\/faq\/productos-y-caracteristicas\/llamando-al-spotter\/","url":"https:\/\/www.spottergps.com\/es\/faq\/productos-y-caracteristicas\/llamando-al-spotter\/","name":"Llamando al Spotter - Spotter Spain","isPartOf":{"@id":"https:\/\/www.spottergps.com\/es\/#website"},"datePublished":"2023-04-17T10:23:09+00:00","dateModified":"2024-07-01T12:20:48+00:00","breadcrumb":{"@id":"https:\/\/www.spottergps.com\/es\/faq\/productos-y-caracteristicas\/llamando-al-spotter\/#breadcrumb"},"inLanguage":"es-ES","potentialAction":[{"@type":"ReadAction","target":["https:\/\/www.spottergps.com\/es\/faq\/productos-y-caracteristicas\/llamando-al-spotter\/"]}]},{"@type":"BreadcrumbList","@id":"https:\/\/www.spottergps.com\/es\/faq\/productos-y-caracteristicas\/llamando-al-spotter\/#breadcrumb","itemListElement":[{"@type":"ListItem","position":1,"name":"Home","item":"https:\/\/www.spottergps.com\/es\/"},{"@type":"ListItem","position":2,"name":"\u00bfC\u00f3mo podemos ayudarte?","item":"https:\/\/www.spottergps.com\/es\/faq\/"},{"@type":"ListItem","position":3,"name":"Productos y Caracter\u00edsticas","item":"https:\/\/www.spottergps.com\/es\/faq\/productos-y-caracteristicas\/"},{"@type":"ListItem","position":4,"name":"Llamando al Spotter"}]},{"@type":"WebSite","@id":"https:\/\/www.spottergps.com\/es\/#website","url":"https:\/\/www.spottergps.com\/es\/","name":"Spotter Spain","description":"Para todo lo que amas","publisher":{"@id":"https:\/\/www.spottergps.com\/es\/#organization"},"potentialAction":[{"@type":"SearchAction","target":{"@type":"EntryPoint","urlTemplate":"https:\/\/www.spottergps.com\/es\/?s={search_term_string}"},"query-input":{"@type":"PropertyValueSpecification","valueRequired":true,"valueName":"search_term_string"}}],"inLanguage":"es-ES"},{"@type":"Organization","@id":"https:\/\/www.spottergps.com\/es\/#organization","name":"Spotter B.V.","url":"https:\/\/www.spottergps.com\/es\/","logo":{"@type":"ImageObject","inLanguage":"es-ES","@id":"https:\/\/www.spottergps.com\/es\/#\/schema\/logo\/image\/","url":"https:\/\/www.spottergps.com\/es\/wp-content\/uploads\/sites\/7\/2023\/09\/Spotter_logo.png","contentUrl":"https:\/\/www.spottergps.com\/es\/wp-content\/uploads\/sites\/7\/2023\/09\/Spotter_logo.png","width":1500,"height":696,"caption":"Spotter B.V."},"image":{"@id":"https:\/\/www.spottergps.com\/es\/#\/schema\/logo\/image\/"}}]}},"_links":{"self":[{"href":"https:\/\/www.spottergps.com\/es\/wp-json\/wp\/v2\/pages\/568","targetHints":{"allow":["GET"]}}],"collection":[{"href":"https:\/\/www.spottergps.com\/es\/wp-json\/wp\/v2\/pages"}],"about":[{"href":"https:\/\/www.spottergps.com\/es\/wp-json\/wp\/v2\/types\/page"}],"author":[{"embeddable":true,"href":"https:\/\/www.spottergps.com\/es\/wp-json\/wp\/v2\/users\/8"}],"replies":[{"embeddable":true,"href":"https:\/\/www.spottergps.com\/es\/wp-json\/wp\/v2\/comments?post=568"}],"version-history":[{"count":1,"href":"https:\/\/www.spottergps.com\/es\/wp-json\/wp\/v2\/pages\/568\/revisions"}],"predecessor-version":[{"id":569,"href":"https:\/\/www.spottergps.com\/es\/wp-json\/wp\/v2\/pages\/568\/revisions\/569"}],"up":[{"embeddable":true,"href":"https:\/\/www.spottergps.com\/es\/wp-json\/wp\/v2\/pages\/183"}],"wp:attachment":[{"href":"https:\/\/www.spottergps.com\/es\/wp-json\/wp\/v2\/media?parent=568"}],"wp:term":[{"taxonomy":"category","embeddable":true,"href":"https:\/\/www.spottergps.com\/es\/wp-json\/wp\/v2\/categories?post=568"},{"taxonomy":"post_tag","embeddable":true,"href":"https:\/\/www.spottergps.com\/es\/wp-json\/wp\/v2\/tags?post=568"}],"curies":[{"name":"wp","href":"https:\/\/api.w.org\/{rel}","templated":true}]}}