{"id":555,"date":"2023-04-17T12:42:45","date_gmt":"2023-04-17T12:42:45","guid":{"rendered":"https:\/\/www.spottergps.com\/es\/?page_id=555"},"modified":"2026-02-20T14:22:10","modified_gmt":"2026-02-20T14:22:10","slug":"mini-gps-localizador","status":"publish","type":"page","link":"https:\/\/www.spottergps.com\/es\/mini-gps-localizador\/","title":{"rendered":"Mini GPS Localizador Sin Suscripci\u00f3n"},"content":{"rendered":"\n<p>Localice todo lo que desee con el<strong> localizador mini<\/strong> GPS de Spotter. Un localizador GPS m\u00f3vil que se puede transportar f\u00e1cilmente y que est\u00e1 equipado con una bater\u00eda interna que puede durar hasta 5 d\u00edas sin recargar. O coloque el Spotter en una maleta, scooter, coche o lo que quiera localizar. A trav\u00e9s del software Spotter, usted podr\u00e1 iniciar sesi\u00f3n en l\u00ednea o mediante una aplicaci\u00f3n m\u00f3vil y ver la ubicaci\u00f3n del mini localizador GPS. Adem\u00e1s de ver ubicaciones, este localizador mini GPS tiene m\u00e1s funciones, por ejemplo hacer llamadas y configurar zonas. Adicionalmente est\u00e1 equipado con un bot\u00f3n SOS para que el portador del Spotter pueda hacer sonar la alarma en caso de emergencia.&nbsp;<\/p>\n","protected":false},"excerpt":{"rendered":"<p>Localice todo lo que desee con el localizador mini GPS de Spotter. Un localizador GPS m\u00f3vil que se puede transportar f\u00e1cilmente y que est\u00e1 equipado con una bater\u00eda interna que puede durar hasta 5 d\u00edas sin recargar. O coloque el Spotter en una maleta, scooter, coche o lo que quiera localizar. A trav\u00e9s del software [&hellip;]<\/p>\n","protected":false},"author":10,"featured_media":557,"parent":0,"menu_order":0,"comment_status":"closed","ping_status":"closed","template":"","meta":{"_acf_changed":false,"footnotes":""},"categories":[],"tags":[],"class_list":["post-555","page","type-page","status-publish","has-post-thumbnail","hentry"],"acf":[],"yoast_head":"<!-- This site is optimized with the Yoast SEO plugin v25.9 - https:\/\/yoast.com\/wordpress\/plugins\/seo\/ -->\n<title>Mini localizador GPS \u2013 Compacto, preciso y seguro | Spotter\u00ae \u2764<\/title>\n<meta name=\"description\" content=\"\u00bfMini GPS localizador? Spotter mide solo 6 cm y se coloca en cualquier lugar. Ubicaciones online y en la app. Uso prepago.\" \/>\n<meta name=\"robots\" content=\"index, follow, max-snippet:-1, max-image-preview:large, max-video-preview:-1\" \/>\n<link rel=\"canonical\" href=\"https:\/\/www.spottergps.com\/es\/mini-gps-localizador\/\" \/>\n<meta property=\"og:locale\" content=\"es_ES\" \/>\n<meta property=\"og:type\" content=\"article\" \/>\n<meta property=\"og:title\" content=\"Mini localizador GPS \u2013 Compacto, preciso y seguro | Spotter\u00ae \u2764\" \/>\n<meta property=\"og:description\" content=\"\u00bfMini GPS localizador? Spotter mide solo 6 cm y se coloca en cualquier lugar. Ubicaciones online y en la app. Uso prepago.\" \/>\n<meta property=\"og:url\" content=\"https:\/\/www.spottergps.com\/es\/mini-gps-localizador\/\" \/>\n<meta property=\"og:site_name\" content=\"Spotter Spain\" \/>\n<meta property=\"article:modified_time\" content=\"2026-02-20T14:22:10+00:00\" \/>\n<meta property=\"og:image\" content=\"https:\/\/www.spottergps.com\/es\/wp-content\/uploads\/sites\/7\/2023\/04\/Mini-GPS-rastreador-Observador-mano.jpg\" \/>\n\t<meta property=\"og:image:width\" content=\"638\" \/>\n\t<meta property=\"og:image:height\" content=\"720\" \/>\n\t<meta property=\"og:image:type\" content=\"image\/jpeg\" \/>\n<meta name=\"twitter:card\" content=\"summary_large_image\" \/>\n<meta name=\"twitter:label1\" content=\"Tiempo de lectura\" \/>\n\t<meta name=\"twitter:data1\" content=\"1 minute\" \/>\n<script type=\"application\/ld+json\" class=\"yoast-schema-graph\">{\"@context\":\"https:\/\/schema.org\",\"@graph\":[{\"@type\":\"WebPage\",\"@id\":\"https:\/\/www.spottergps.com\/es\/mini-gps-localizador\/\",\"url\":\"https:\/\/www.spottergps.com\/es\/mini-gps-localizador\/\",\"name\":\"Mini localizador GPS \u2013 Compacto, preciso y seguro | Spotter\u00ae \u2764\",\"isPartOf\":{\"@id\":\"https:\/\/www.spottergps.com\/es\/#website\"},\"primaryImageOfPage\":{\"@id\":\"https:\/\/www.spottergps.com\/es\/mini-gps-localizador\/#primaryimage\"},\"image\":{\"@id\":\"https:\/\/www.spottergps.com\/es\/mini-gps-localizador\/#primaryimage\"},\"thumbnailUrl\":\"https:\/\/www.spottergps.com\/es\/wp-content\/uploads\/sites\/7\/2023\/04\/Mini-GPS-rastreador-Observador-mano.jpg\",\"datePublished\":\"2023-04-17T12:42:45+00:00\",\"dateModified\":\"2026-02-20T14:22:10+00:00\",\"description\":\"\u00bfMini GPS localizador? Spotter mide solo 6 cm y se coloca en cualquier lugar. Ubicaciones online y en la app. Uso prepago.\",\"breadcrumb\":{\"@id\":\"https:\/\/www.spottergps.com\/es\/mini-gps-localizador\/#breadcrumb\"},\"inLanguage\":\"es-ES\",\"potentialAction\":[{\"@type\":\"ReadAction\",\"target\":[\"https:\/\/www.spottergps.com\/es\/mini-gps-localizador\/\"]}]},{\"@type\":\"ImageObject\",\"inLanguage\":\"es-ES\",\"@id\":\"https:\/\/www.spottergps.com\/es\/mini-gps-localizador\/#primaryimage\",\"url\":\"https:\/\/www.spottergps.com\/es\/wp-content\/uploads\/sites\/7\/2023\/04\/Mini-GPS-rastreador-Observador-mano.jpg\",\"contentUrl\":\"https:\/\/www.spottergps.com\/es\/wp-content\/uploads\/sites\/7\/2023\/04\/Mini-GPS-rastreador-Observador-mano.jpg\",\"width\":638,\"height\":720,\"caption\":\"Mini-GPS-rastreador-Spotter-mano\"},{\"@type\":\"BreadcrumbList\",\"@id\":\"https:\/\/www.spottergps.com\/es\/mini-gps-localizador\/#breadcrumb\",\"itemListElement\":[{\"@type\":\"ListItem\",\"position\":1,\"name\":\"Home\",\"item\":\"https:\/\/www.spottergps.com\/es\/\"},{\"@type\":\"ListItem\",\"position\":2,\"name\":\"Mini GPS Localizador Sin Suscripci\u00f3n\"}]},{\"@type\":\"WebSite\",\"@id\":\"https:\/\/www.spottergps.com\/es\/#website\",\"url\":\"https:\/\/www.spottergps.com\/es\/\",\"name\":\"Spotter Spain\",\"description\":\"Para todo lo que amas\",\"publisher\":{\"@id\":\"https:\/\/www.spottergps.com\/es\/#organization\"},\"potentialAction\":[{\"@type\":\"SearchAction\",\"target\":{\"@type\":\"EntryPoint\",\"urlTemplate\":\"https:\/\/www.spottergps.com\/es\/?s={search_term_string}\"},\"query-input\":{\"@type\":\"PropertyValueSpecification\",\"valueRequired\":true,\"valueName\":\"search_term_string\"}}],\"inLanguage\":\"es-ES\"},{\"@type\":\"Organization\",\"@id\":\"https:\/\/www.spottergps.com\/es\/#organization\",\"name\":\"Spotter B.V.\",\"url\":\"https:\/\/www.spottergps.com\/es\/\",\"logo\":{\"@type\":\"ImageObject\",\"inLanguage\":\"es-ES\",\"@id\":\"https:\/\/www.spottergps.com\/es\/#\/schema\/logo\/image\/\",\"url\":\"https:\/\/www.spottergps.com\/es\/wp-content\/uploads\/sites\/7\/2023\/09\/Spotter_logo.png\",\"contentUrl\":\"https:\/\/www.spottergps.com\/es\/wp-content\/uploads\/sites\/7\/2023\/09\/Spotter_logo.png\",\"width\":1500,\"height\":696,\"caption\":\"Spotter B.V.\"},\"image\":{\"@id\":\"https:\/\/www.spottergps.com\/es\/#\/schema\/logo\/image\/\"}}]}<\/script>\n<!-- \/ Yoast SEO plugin. -->","yoast_head_json":{"title":"Mini localizador GPS \u2013 Compacto, preciso y seguro | Spotter\u00ae \u2764","description":"\u00bfMini GPS localizador? Spotter mide solo 6 cm y se coloca en cualquier lugar. Ubicaciones online y en la app. Uso prepago.","robots":{"index":"index","follow":"follow","max-snippet":"max-snippet:-1","max-image-preview":"max-image-preview:large","max-video-preview":"max-video-preview:-1"},"canonical":"https:\/\/www.spottergps.com\/es\/mini-gps-localizador\/","og_locale":"es_ES","og_type":"article","og_title":"Mini localizador GPS \u2013 Compacto, preciso y seguro | Spotter\u00ae \u2764","og_description":"\u00bfMini GPS localizador? Spotter mide solo 6 cm y se coloca en cualquier lugar. Ubicaciones online y en la app. Uso prepago.","og_url":"https:\/\/www.spottergps.com\/es\/mini-gps-localizador\/","og_site_name":"Spotter Spain","article_modified_time":"2026-02-20T14:22:10+00:00","og_image":[{"width":638,"height":720,"url":"https:\/\/www.spottergps.com\/es\/wp-content\/uploads\/sites\/7\/2023\/04\/Mini-GPS-rastreador-Observador-mano.jpg","type":"image\/jpeg"}],"twitter_card":"summary_large_image","twitter_misc":{"Tiempo de lectura":"1 minute"},"schema":{"@context":"https:\/\/schema.org","@graph":[{"@type":"WebPage","@id":"https:\/\/www.spottergps.com\/es\/mini-gps-localizador\/","url":"https:\/\/www.spottergps.com\/es\/mini-gps-localizador\/","name":"Mini localizador GPS \u2013 Compacto, preciso y seguro | Spotter\u00ae \u2764","isPartOf":{"@id":"https:\/\/www.spottergps.com\/es\/#website"},"primaryImageOfPage":{"@id":"https:\/\/www.spottergps.com\/es\/mini-gps-localizador\/#primaryimage"},"image":{"@id":"https:\/\/www.spottergps.com\/es\/mini-gps-localizador\/#primaryimage"},"thumbnailUrl":"https:\/\/www.spottergps.com\/es\/wp-content\/uploads\/sites\/7\/2023\/04\/Mini-GPS-rastreador-Observador-mano.jpg","datePublished":"2023-04-17T12:42:45+00:00","dateModified":"2026-02-20T14:22:10+00:00","description":"\u00bfMini GPS localizador? Spotter mide solo 6 cm y se coloca en cualquier lugar. Ubicaciones online y en la app. Uso prepago.","breadcrumb":{"@id":"https:\/\/www.spottergps.com\/es\/mini-gps-localizador\/#breadcrumb"},"inLanguage":"es-ES","potentialAction":[{"@type":"ReadAction","target":["https:\/\/www.spottergps.com\/es\/mini-gps-localizador\/"]}]},{"@type":"ImageObject","inLanguage":"es-ES","@id":"https:\/\/www.spottergps.com\/es\/mini-gps-localizador\/#primaryimage","url":"https:\/\/www.spottergps.com\/es\/wp-content\/uploads\/sites\/7\/2023\/04\/Mini-GPS-rastreador-Observador-mano.jpg","contentUrl":"https:\/\/www.spottergps.com\/es\/wp-content\/uploads\/sites\/7\/2023\/04\/Mini-GPS-rastreador-Observador-mano.jpg","width":638,"height":720,"caption":"Mini-GPS-rastreador-Spotter-mano"},{"@type":"BreadcrumbList","@id":"https:\/\/www.spottergps.com\/es\/mini-gps-localizador\/#breadcrumb","itemListElement":[{"@type":"ListItem","position":1,"name":"Home","item":"https:\/\/www.spottergps.com\/es\/"},{"@type":"ListItem","position":2,"name":"Mini GPS Localizador Sin Suscripci\u00f3n"}]},{"@type":"WebSite","@id":"https:\/\/www.spottergps.com\/es\/#website","url":"https:\/\/www.spottergps.com\/es\/","name":"Spotter Spain","description":"Para todo lo que amas","publisher":{"@id":"https:\/\/www.spottergps.com\/es\/#organization"},"potentialAction":[{"@type":"SearchAction","target":{"@type":"EntryPoint","urlTemplate":"https:\/\/www.spottergps.com\/es\/?s={search_term_string}"},"query-input":{"@type":"PropertyValueSpecification","valueRequired":true,"valueName":"search_term_string"}}],"inLanguage":"es-ES"},{"@type":"Organization","@id":"https:\/\/www.spottergps.com\/es\/#organization","name":"Spotter B.V.","url":"https:\/\/www.spottergps.com\/es\/","logo":{"@type":"ImageObject","inLanguage":"es-ES","@id":"https:\/\/www.spottergps.com\/es\/#\/schema\/logo\/image\/","url":"https:\/\/www.spottergps.com\/es\/wp-content\/uploads\/sites\/7\/2023\/09\/Spotter_logo.png","contentUrl":"https:\/\/www.spottergps.com\/es\/wp-content\/uploads\/sites\/7\/2023\/09\/Spotter_logo.png","width":1500,"height":696,"caption":"Spotter B.V."},"image":{"@id":"https:\/\/www.spottergps.com\/es\/#\/schema\/logo\/image\/"}}]}},"_links":{"self":[{"href":"https:\/\/www.spottergps.com\/es\/wp-json\/wp\/v2\/pages\/555","targetHints":{"allow":["GET"]}}],"collection":[{"href":"https:\/\/www.spottergps.com\/es\/wp-json\/wp\/v2\/pages"}],"about":[{"href":"https:\/\/www.spottergps.com\/es\/wp-json\/wp\/v2\/types\/page"}],"author":[{"embeddable":true,"href":"https:\/\/www.spottergps.com\/es\/wp-json\/wp\/v2\/users\/10"}],"replies":[{"embeddable":true,"href":"https:\/\/www.spottergps.com\/es\/wp-json\/wp\/v2\/comments?post=555"}],"version-history":[{"count":49,"href":"https:\/\/www.spottergps.com\/es\/wp-json\/wp\/v2\/pages\/555\/revisions"}],"predecessor-version":[{"id":2555,"href":"https:\/\/www.spottergps.com\/es\/wp-json\/wp\/v2\/pages\/555\/revisions\/2555"}],"wp:featuredmedia":[{"embeddable":true,"href":"https:\/\/www.spottergps.com\/es\/wp-json\/wp\/v2\/media\/557"}],"wp:attachment":[{"href":"https:\/\/www.spottergps.com\/es\/wp-json\/wp\/v2\/media?parent=555"}],"wp:term":[{"taxonomy":"category","embeddable":true,"href":"https:\/\/www.spottergps.com\/es\/wp-json\/wp\/v2\/categories?post=555"},{"taxonomy":"post_tag","embeddable":true,"href":"https:\/\/www.spottergps.com\/es\/wp-json\/wp\/v2\/tags?post=555"}],"curies":[{"name":"wp","href":"https:\/\/api.w.org\/{rel}","templated":true}]}}