{"id":517,"date":"2023-05-26T12:42:55","date_gmt":"2023-05-26T12:42:55","guid":{"rendered":"https:\/\/www.spottergps.com\/es\/?page_id=517"},"modified":"2025-11-17T08:30:58","modified_gmt":"2025-11-17T08:30:58","slug":"localizador-gps-para-perros","status":"publish","type":"page","link":"https:\/\/www.spottergps.com\/es\/localizador-gps-para-perros\/","title":{"rendered":"El localizador GPS para perros m\u00e1s peque\u00f1o"},"content":{"rendered":"\n<h2 class=\"wp-block-heading\"><strong><em>Decubre las aventuras de tu peque\u00f1o amigo<\/em><\/strong><\/h2>\n\n\n\n<p>Con el localizador GPS para perros Spotter\u00ae usted puede seguir todas las aventuras de su mascota a trav\u00e9s de su tel\u00e9fono m\u00f3vil. Ver su ubicaci\u00f3n y revisar lo que su mascota ha hecho. Establecer zonas y recibir notificaciones cuando entre o salga de estas. O vea qu\u00e9 tan activo es su amigo de cuatro patas a trav\u00e9s del localizador de actividad. Debido a que este localizador GPS para perros es muy peque\u00f1o (4 cm) y pesa solo 21 gramos, es el dispositivo ideal para los due\u00f1os de perros.&nbsp;<\/p>\n\n\n\n<p><\/p>\n","protected":false},"excerpt":{"rendered":"<p>Decubre las aventuras de tu peque\u00f1o amigo Con el localizador GPS para perros Spotter\u00ae usted puede seguir todas las aventuras de su mascota a trav\u00e9s de su tel\u00e9fono m\u00f3vil. Ver su ubicaci\u00f3n y revisar lo que su mascota ha hecho. Establecer zonas y recibir notificaciones cuando entre o salga de estas. O vea qu\u00e9 tan [&hellip;]<\/p>\n","protected":false},"author":10,"featured_media":1793,"parent":0,"menu_order":0,"comment_status":"closed","ping_status":"closed","template":"","meta":{"_acf_changed":false,"footnotes":""},"categories":[],"tags":[],"class_list":["post-517","page","type-page","status-publish","has-post-thumbnail","hentry"],"acf":[],"yoast_head":"<!-- This site is optimized with the Yoast SEO plugin v25.9 - https:\/\/yoast.com\/wordpress\/plugins\/seo\/ -->\n<title>GPS para perros \u2013 Ahora 20 \u20ac de descuento | Spotter\u00ae \u2764<\/title>\n<meta name=\"description\" content=\"\u00a1As\u00ed siempre sabr\u00e1s d\u00f3nde est\u00e1 tu perro y qu\u00e9 ha hecho! Rastreador GPS para perros con zonas, rastreador de actividad y m\u00e1s. \u00bfInteresado?\" \/>\n<meta name=\"robots\" content=\"index, follow, max-snippet:-1, max-image-preview:large, max-video-preview:-1\" \/>\n<link rel=\"canonical\" href=\"https:\/\/www.spottergps.com\/es\/localizador-gps-para-perros\/\" \/>\n<meta property=\"og:locale\" content=\"es_ES\" \/>\n<meta property=\"og:type\" content=\"article\" \/>\n<meta property=\"og:title\" content=\"GPS para perros \u2013 Ahora 20 \u20ac de descuento | Spotter\u00ae \u2764\" \/>\n<meta property=\"og:description\" content=\"\u00a1As\u00ed siempre sabr\u00e1s d\u00f3nde est\u00e1 tu perro y qu\u00e9 ha hecho! Rastreador GPS para perros con zonas, rastreador de actividad y m\u00e1s. \u00bfInteresado?\" \/>\n<meta property=\"og:url\" content=\"https:\/\/www.spottergps.com\/es\/localizador-gps-para-perros\/\" \/>\n<meta property=\"og:site_name\" content=\"Spotter Spain\" \/>\n<meta property=\"article:modified_time\" content=\"2025-11-17T08:30:58+00:00\" \/>\n<meta property=\"og:image\" content=\"https:\/\/www.spottergps.com\/es\/wp-content\/uploads\/sites\/7\/2024\/02\/GPS-tracker-hond-Spotter-halsband.jpg\" \/>\n\t<meta property=\"og:image:width\" content=\"572\" \/>\n\t<meta property=\"og:image:height\" content=\"691\" \/>\n\t<meta property=\"og:image:type\" content=\"image\/jpeg\" \/>\n<meta name=\"twitter:card\" content=\"summary_large_image\" \/>\n<meta name=\"twitter:label1\" content=\"Tiempo de lectura\" \/>\n\t<meta name=\"twitter:data1\" content=\"1 minute\" \/>\n<script type=\"application\/ld+json\" class=\"yoast-schema-graph\">{\"@context\":\"https:\/\/schema.org\",\"@graph\":[{\"@type\":\"WebPage\",\"@id\":\"https:\/\/www.spottergps.com\/es\/localizador-gps-para-perros\/\",\"url\":\"https:\/\/www.spottergps.com\/es\/localizador-gps-para-perros\/\",\"name\":\"GPS para perros \u2013 Ahora 20 \u20ac de descuento | Spotter\u00ae \u2764\",\"isPartOf\":{\"@id\":\"https:\/\/www.spottergps.com\/es\/#website\"},\"primaryImageOfPage\":{\"@id\":\"https:\/\/www.spottergps.com\/es\/localizador-gps-para-perros\/#primaryimage\"},\"image\":{\"@id\":\"https:\/\/www.spottergps.com\/es\/localizador-gps-para-perros\/#primaryimage\"},\"thumbnailUrl\":\"https:\/\/www.spottergps.com\/es\/wp-content\/uploads\/sites\/7\/2024\/02\/GPS-tracker-hond-Spotter-halsband.jpg\",\"datePublished\":\"2023-05-26T12:42:55+00:00\",\"dateModified\":\"2025-11-17T08:30:58+00:00\",\"description\":\"\u00a1As\u00ed siempre sabr\u00e1s d\u00f3nde est\u00e1 tu perro y qu\u00e9 ha hecho! Rastreador GPS para perros con zonas, rastreador de actividad y m\u00e1s. \u00bfInteresado?\",\"breadcrumb\":{\"@id\":\"https:\/\/www.spottergps.com\/es\/localizador-gps-para-perros\/#breadcrumb\"},\"inLanguage\":\"es-ES\",\"potentialAction\":[{\"@type\":\"ReadAction\",\"target\":[\"https:\/\/www.spottergps.com\/es\/localizador-gps-para-perros\/\"]}]},{\"@type\":\"ImageObject\",\"inLanguage\":\"es-ES\",\"@id\":\"https:\/\/www.spottergps.com\/es\/localizador-gps-para-perros\/#primaryimage\",\"url\":\"https:\/\/www.spottergps.com\/es\/wp-content\/uploads\/sites\/7\/2024\/02\/GPS-tracker-hond-Spotter-halsband.jpg\",\"contentUrl\":\"https:\/\/www.spottergps.com\/es\/wp-content\/uploads\/sites\/7\/2024\/02\/GPS-tracker-hond-Spotter-halsband.jpg\",\"width\":572,\"height\":691,\"caption\":\"GPS para perros - Spotter\"},{\"@type\":\"BreadcrumbList\",\"@id\":\"https:\/\/www.spottergps.com\/es\/localizador-gps-para-perros\/#breadcrumb\",\"itemListElement\":[{\"@type\":\"ListItem\",\"position\":1,\"name\":\"Home\",\"item\":\"https:\/\/www.spottergps.com\/es\/\"},{\"@type\":\"ListItem\",\"position\":2,\"name\":\"El localizador GPS para perros m\u00e1s peque\u00f1o\"}]},{\"@type\":\"WebSite\",\"@id\":\"https:\/\/www.spottergps.com\/es\/#website\",\"url\":\"https:\/\/www.spottergps.com\/es\/\",\"name\":\"Spotter Spain\",\"description\":\"Para todo lo que amas\",\"publisher\":{\"@id\":\"https:\/\/www.spottergps.com\/es\/#organization\"},\"potentialAction\":[{\"@type\":\"SearchAction\",\"target\":{\"@type\":\"EntryPoint\",\"urlTemplate\":\"https:\/\/www.spottergps.com\/es\/?s={search_term_string}\"},\"query-input\":{\"@type\":\"PropertyValueSpecification\",\"valueRequired\":true,\"valueName\":\"search_term_string\"}}],\"inLanguage\":\"es-ES\"},{\"@type\":\"Organization\",\"@id\":\"https:\/\/www.spottergps.com\/es\/#organization\",\"name\":\"Spotter B.V.\",\"url\":\"https:\/\/www.spottergps.com\/es\/\",\"logo\":{\"@type\":\"ImageObject\",\"inLanguage\":\"es-ES\",\"@id\":\"https:\/\/www.spottergps.com\/es\/#\/schema\/logo\/image\/\",\"url\":\"https:\/\/www.spottergps.com\/es\/wp-content\/uploads\/sites\/7\/2023\/09\/Spotter_logo.png\",\"contentUrl\":\"https:\/\/www.spottergps.com\/es\/wp-content\/uploads\/sites\/7\/2023\/09\/Spotter_logo.png\",\"width\":1500,\"height\":696,\"caption\":\"Spotter B.V.\"},\"image\":{\"@id\":\"https:\/\/www.spottergps.com\/es\/#\/schema\/logo\/image\/\"}}]}<\/script>\n<!-- \/ Yoast SEO plugin. -->","yoast_head_json":{"title":"GPS para perros \u2013 Ahora 20 \u20ac de descuento | Spotter\u00ae \u2764","description":"\u00a1As\u00ed siempre sabr\u00e1s d\u00f3nde est\u00e1 tu perro y qu\u00e9 ha hecho! Rastreador GPS para perros con zonas, rastreador de actividad y m\u00e1s. \u00bfInteresado?","robots":{"index":"index","follow":"follow","max-snippet":"max-snippet:-1","max-image-preview":"max-image-preview:large","max-video-preview":"max-video-preview:-1"},"canonical":"https:\/\/www.spottergps.com\/es\/localizador-gps-para-perros\/","og_locale":"es_ES","og_type":"article","og_title":"GPS para perros \u2013 Ahora 20 \u20ac de descuento | Spotter\u00ae \u2764","og_description":"\u00a1As\u00ed siempre sabr\u00e1s d\u00f3nde est\u00e1 tu perro y qu\u00e9 ha hecho! Rastreador GPS para perros con zonas, rastreador de actividad y m\u00e1s. \u00bfInteresado?","og_url":"https:\/\/www.spottergps.com\/es\/localizador-gps-para-perros\/","og_site_name":"Spotter Spain","article_modified_time":"2025-11-17T08:30:58+00:00","og_image":[{"width":572,"height":691,"url":"https:\/\/www.spottergps.com\/es\/wp-content\/uploads\/sites\/7\/2024\/02\/GPS-tracker-hond-Spotter-halsband.jpg","type":"image\/jpeg"}],"twitter_card":"summary_large_image","twitter_misc":{"Tiempo de lectura":"1 minute"},"schema":{"@context":"https:\/\/schema.org","@graph":[{"@type":"WebPage","@id":"https:\/\/www.spottergps.com\/es\/localizador-gps-para-perros\/","url":"https:\/\/www.spottergps.com\/es\/localizador-gps-para-perros\/","name":"GPS para perros \u2013 Ahora 20 \u20ac de descuento | Spotter\u00ae \u2764","isPartOf":{"@id":"https:\/\/www.spottergps.com\/es\/#website"},"primaryImageOfPage":{"@id":"https:\/\/www.spottergps.com\/es\/localizador-gps-para-perros\/#primaryimage"},"image":{"@id":"https:\/\/www.spottergps.com\/es\/localizador-gps-para-perros\/#primaryimage"},"thumbnailUrl":"https:\/\/www.spottergps.com\/es\/wp-content\/uploads\/sites\/7\/2024\/02\/GPS-tracker-hond-Spotter-halsband.jpg","datePublished":"2023-05-26T12:42:55+00:00","dateModified":"2025-11-17T08:30:58+00:00","description":"\u00a1As\u00ed siempre sabr\u00e1s d\u00f3nde est\u00e1 tu perro y qu\u00e9 ha hecho! Rastreador GPS para perros con zonas, rastreador de actividad y m\u00e1s. \u00bfInteresado?","breadcrumb":{"@id":"https:\/\/www.spottergps.com\/es\/localizador-gps-para-perros\/#breadcrumb"},"inLanguage":"es-ES","potentialAction":[{"@type":"ReadAction","target":["https:\/\/www.spottergps.com\/es\/localizador-gps-para-perros\/"]}]},{"@type":"ImageObject","inLanguage":"es-ES","@id":"https:\/\/www.spottergps.com\/es\/localizador-gps-para-perros\/#primaryimage","url":"https:\/\/www.spottergps.com\/es\/wp-content\/uploads\/sites\/7\/2024\/02\/GPS-tracker-hond-Spotter-halsband.jpg","contentUrl":"https:\/\/www.spottergps.com\/es\/wp-content\/uploads\/sites\/7\/2024\/02\/GPS-tracker-hond-Spotter-halsband.jpg","width":572,"height":691,"caption":"GPS para perros - Spotter"},{"@type":"BreadcrumbList","@id":"https:\/\/www.spottergps.com\/es\/localizador-gps-para-perros\/#breadcrumb","itemListElement":[{"@type":"ListItem","position":1,"name":"Home","item":"https:\/\/www.spottergps.com\/es\/"},{"@type":"ListItem","position":2,"name":"El localizador GPS para perros m\u00e1s peque\u00f1o"}]},{"@type":"WebSite","@id":"https:\/\/www.spottergps.com\/es\/#website","url":"https:\/\/www.spottergps.com\/es\/","name":"Spotter Spain","description":"Para todo lo que amas","publisher":{"@id":"https:\/\/www.spottergps.com\/es\/#organization"},"potentialAction":[{"@type":"SearchAction","target":{"@type":"EntryPoint","urlTemplate":"https:\/\/www.spottergps.com\/es\/?s={search_term_string}"},"query-input":{"@type":"PropertyValueSpecification","valueRequired":true,"valueName":"search_term_string"}}],"inLanguage":"es-ES"},{"@type":"Organization","@id":"https:\/\/www.spottergps.com\/es\/#organization","name":"Spotter B.V.","url":"https:\/\/www.spottergps.com\/es\/","logo":{"@type":"ImageObject","inLanguage":"es-ES","@id":"https:\/\/www.spottergps.com\/es\/#\/schema\/logo\/image\/","url":"https:\/\/www.spottergps.com\/es\/wp-content\/uploads\/sites\/7\/2023\/09\/Spotter_logo.png","contentUrl":"https:\/\/www.spottergps.com\/es\/wp-content\/uploads\/sites\/7\/2023\/09\/Spotter_logo.png","width":1500,"height":696,"caption":"Spotter B.V."},"image":{"@id":"https:\/\/www.spottergps.com\/es\/#\/schema\/logo\/image\/"}}]}},"_links":{"self":[{"href":"https:\/\/www.spottergps.com\/es\/wp-json\/wp\/v2\/pages\/517","targetHints":{"allow":["GET"]}}],"collection":[{"href":"https:\/\/www.spottergps.com\/es\/wp-json\/wp\/v2\/pages"}],"about":[{"href":"https:\/\/www.spottergps.com\/es\/wp-json\/wp\/v2\/types\/page"}],"author":[{"embeddable":true,"href":"https:\/\/www.spottergps.com\/es\/wp-json\/wp\/v2\/users\/10"}],"replies":[{"embeddable":true,"href":"https:\/\/www.spottergps.com\/es\/wp-json\/wp\/v2\/comments?post=517"}],"version-history":[{"count":59,"href":"https:\/\/www.spottergps.com\/es\/wp-json\/wp\/v2\/pages\/517\/revisions"}],"predecessor-version":[{"id":2475,"href":"https:\/\/www.spottergps.com\/es\/wp-json\/wp\/v2\/pages\/517\/revisions\/2475"}],"wp:featuredmedia":[{"embeddable":true,"href":"https:\/\/www.spottergps.com\/es\/wp-json\/wp\/v2\/media\/1793"}],"wp:attachment":[{"href":"https:\/\/www.spottergps.com\/es\/wp-json\/wp\/v2\/media?parent=517"}],"wp:term":[{"taxonomy":"category","embeddable":true,"href":"https:\/\/www.spottergps.com\/es\/wp-json\/wp\/v2\/categories?post=517"},{"taxonomy":"post_tag","embeddable":true,"href":"https:\/\/www.spottergps.com\/es\/wp-json\/wp\/v2\/tags?post=517"}],"curies":[{"name":"wp","href":"https:\/\/api.w.org\/{rel}","templated":true}]}}