{"id":49,"date":"2023-03-29T09:07:46","date_gmt":"2023-03-29T09:07:46","guid":{"rendered":"https:\/\/www.spottergps.com\/es\/?page_id=49"},"modified":"2024-07-01T12:04:17","modified_gmt":"2024-07-01T12:04:17","slug":"reatiempo-de-respuesta-del-servicio-de-atencion-al-cliente","status":"publish","type":"page","link":"https:\/\/www.spottergps.com\/es\/faq\/general\/reatiempo-de-respuesta-del-servicio-de-atencion-al-cliente\/","title":{"rendered":"Tiempo de respuesta del servicio de atenci\u00f3n al cliente"},"content":{"rendered":"\n<p>Nuestro objetivo es responder a su mensaje dentro de las 48 horas en d\u00edas h\u00e1biles. En la pr\u00e1ctica, esto es a menudo dentro de unas pocas horas. Si completa el <a href=\"https:\/\/www.spottergps.com\/es\/servicio-al-cliente\/\" data-type=\"URL\" data-id=\"https:\/\/www.spottergps.com\/es\/servicio-al-cliente\/\">formulario de contacto<\/a> por completo, inmediatamente tenemos la informaci\u00f3n que necesitamos para ayudarlo lo m\u00e1s r\u00e1pido posible. Aqu\u00ed puede hacer su pregunta y pasar el c\u00f3digo Spotter.<\/p>\n","protected":false},"excerpt":{"rendered":"<p>Nuestro objetivo es responder a su mensaje dentro de las 48 horas en d\u00edas h\u00e1biles. En la pr\u00e1ctica, esto es a menudo dentro de unas pocas horas. Si completa el formulario de contacto por completo, inmediatamente tenemos la informaci\u00f3n que necesitamos para ayudarlo lo m\u00e1s r\u00e1pido posible. Aqu\u00ed puede hacer su pregunta y pasar el [&hellip;]<\/p>\n","protected":false},"author":10,"featured_media":0,"parent":35,"menu_order":0,"comment_status":"closed","ping_status":"closed","template":"faq-content.php","meta":{"_acf_changed":false,"footnotes":""},"categories":[2],"tags":[],"class_list":["post-49","page","type-page","status-publish","hentry","category-faq"],"acf":[],"yoast_head":"<!-- This site is optimized with the Yoast SEO plugin v25.9 - https:\/\/yoast.com\/wordpress\/plugins\/seo\/ -->\n<title>Tiempo de respuesta del servicio de atenci\u00f3n al cliente - Spotter Spain<\/title>\n<meta name=\"robots\" content=\"noindex, nofollow\" \/>\n<meta property=\"og:locale\" content=\"es_ES\" \/>\n<meta property=\"og:type\" content=\"article\" \/>\n<meta property=\"og:title\" content=\"Tiempo de respuesta del servicio de atenci\u00f3n al cliente - Spotter Spain\" \/>\n<meta property=\"og:description\" content=\"Nuestro objetivo es responder a su mensaje dentro de las 48 horas en d\u00edas h\u00e1biles. En la pr\u00e1ctica, esto es a menudo dentro de unas pocas horas. Si completa el formulario de contacto por completo, inmediatamente tenemos la informaci\u00f3n que necesitamos para ayudarlo lo m\u00e1s r\u00e1pido posible. Aqu\u00ed puede hacer su pregunta y pasar el [&hellip;]\" \/>\n<meta property=\"og:url\" content=\"https:\/\/www.spottergps.com\/es\/faq\/general\/reatiempo-de-respuesta-del-servicio-de-atencion-al-cliente\/\" \/>\n<meta property=\"og:site_name\" content=\"Spotter Spain\" \/>\n<meta property=\"article:modified_time\" content=\"2024-07-01T12:04:17+00:00\" \/>\n<meta name=\"twitter:card\" content=\"summary_large_image\" \/>\n<meta name=\"twitter:label1\" content=\"Tiempo de lectura\" \/>\n\t<meta name=\"twitter:data1\" content=\"1 minute\" \/>\n<script type=\"application\/ld+json\" class=\"yoast-schema-graph\">{\"@context\":\"https:\/\/schema.org\",\"@graph\":[{\"@type\":\"WebPage\",\"@id\":\"https:\/\/www.spottergps.com\/es\/faq\/general\/reatiempo-de-respuesta-del-servicio-de-atencion-al-cliente\/\",\"url\":\"https:\/\/www.spottergps.com\/es\/faq\/general\/reatiempo-de-respuesta-del-servicio-de-atencion-al-cliente\/\",\"name\":\"Tiempo de respuesta del servicio de atenci\u00f3n al cliente - Spotter Spain\",\"isPartOf\":{\"@id\":\"https:\/\/www.spottergps.com\/es\/#website\"},\"datePublished\":\"2023-03-29T09:07:46+00:00\",\"dateModified\":\"2024-07-01T12:04:17+00:00\",\"breadcrumb\":{\"@id\":\"https:\/\/www.spottergps.com\/es\/faq\/general\/reatiempo-de-respuesta-del-servicio-de-atencion-al-cliente\/#breadcrumb\"},\"inLanguage\":\"es-ES\",\"potentialAction\":[{\"@type\":\"ReadAction\",\"target\":[\"https:\/\/www.spottergps.com\/es\/faq\/general\/reatiempo-de-respuesta-del-servicio-de-atencion-al-cliente\/\"]}]},{\"@type\":\"BreadcrumbList\",\"@id\":\"https:\/\/www.spottergps.com\/es\/faq\/general\/reatiempo-de-respuesta-del-servicio-de-atencion-al-cliente\/#breadcrumb\",\"itemListElement\":[{\"@type\":\"ListItem\",\"position\":1,\"name\":\"Home\",\"item\":\"https:\/\/www.spottergps.com\/es\/\"},{\"@type\":\"ListItem\",\"position\":2,\"name\":\"\u00bfC\u00f3mo podemos ayudarte?\",\"item\":\"https:\/\/www.spottergps.com\/es\/faq\/\"},{\"@type\":\"ListItem\",\"position\":3,\"name\":\"General\",\"item\":\"https:\/\/www.spottergps.com\/es\/faq\/general\/\"},{\"@type\":\"ListItem\",\"position\":4,\"name\":\"Tiempo de respuesta del servicio de atenci\u00f3n al cliente\"}]},{\"@type\":\"WebSite\",\"@id\":\"https:\/\/www.spottergps.com\/es\/#website\",\"url\":\"https:\/\/www.spottergps.com\/es\/\",\"name\":\"Spotter Spain\",\"description\":\"Para todo lo que amas\",\"publisher\":{\"@id\":\"https:\/\/www.spottergps.com\/es\/#organization\"},\"potentialAction\":[{\"@type\":\"SearchAction\",\"target\":{\"@type\":\"EntryPoint\",\"urlTemplate\":\"https:\/\/www.spottergps.com\/es\/?s={search_term_string}\"},\"query-input\":{\"@type\":\"PropertyValueSpecification\",\"valueRequired\":true,\"valueName\":\"search_term_string\"}}],\"inLanguage\":\"es-ES\"},{\"@type\":\"Organization\",\"@id\":\"https:\/\/www.spottergps.com\/es\/#organization\",\"name\":\"Spotter B.V.\",\"url\":\"https:\/\/www.spottergps.com\/es\/\",\"logo\":{\"@type\":\"ImageObject\",\"inLanguage\":\"es-ES\",\"@id\":\"https:\/\/www.spottergps.com\/es\/#\/schema\/logo\/image\/\",\"url\":\"https:\/\/www.spottergps.com\/es\/wp-content\/uploads\/sites\/7\/2023\/09\/Spotter_logo.png\",\"contentUrl\":\"https:\/\/www.spottergps.com\/es\/wp-content\/uploads\/sites\/7\/2023\/09\/Spotter_logo.png\",\"width\":1500,\"height\":696,\"caption\":\"Spotter B.V.\"},\"image\":{\"@id\":\"https:\/\/www.spottergps.com\/es\/#\/schema\/logo\/image\/\"}}]}<\/script>\n<!-- \/ Yoast SEO plugin. -->","yoast_head_json":{"title":"Tiempo de respuesta del servicio de atenci\u00f3n al cliente - Spotter Spain","robots":{"index":"noindex","follow":"nofollow"},"og_locale":"es_ES","og_type":"article","og_title":"Tiempo de respuesta del servicio de atenci\u00f3n al cliente - Spotter Spain","og_description":"Nuestro objetivo es responder a su mensaje dentro de las 48 horas en d\u00edas h\u00e1biles. En la pr\u00e1ctica, esto es a menudo dentro de unas pocas horas. Si completa el formulario de contacto por completo, inmediatamente tenemos la informaci\u00f3n que necesitamos para ayudarlo lo m\u00e1s r\u00e1pido posible. Aqu\u00ed puede hacer su pregunta y pasar el [&hellip;]","og_url":"https:\/\/www.spottergps.com\/es\/faq\/general\/reatiempo-de-respuesta-del-servicio-de-atencion-al-cliente\/","og_site_name":"Spotter Spain","article_modified_time":"2024-07-01T12:04:17+00:00","twitter_card":"summary_large_image","twitter_misc":{"Tiempo de lectura":"1 minute"},"schema":{"@context":"https:\/\/schema.org","@graph":[{"@type":"WebPage","@id":"https:\/\/www.spottergps.com\/es\/faq\/general\/reatiempo-de-respuesta-del-servicio-de-atencion-al-cliente\/","url":"https:\/\/www.spottergps.com\/es\/faq\/general\/reatiempo-de-respuesta-del-servicio-de-atencion-al-cliente\/","name":"Tiempo de respuesta del servicio de atenci\u00f3n al cliente - Spotter Spain","isPartOf":{"@id":"https:\/\/www.spottergps.com\/es\/#website"},"datePublished":"2023-03-29T09:07:46+00:00","dateModified":"2024-07-01T12:04:17+00:00","breadcrumb":{"@id":"https:\/\/www.spottergps.com\/es\/faq\/general\/reatiempo-de-respuesta-del-servicio-de-atencion-al-cliente\/#breadcrumb"},"inLanguage":"es-ES","potentialAction":[{"@type":"ReadAction","target":["https:\/\/www.spottergps.com\/es\/faq\/general\/reatiempo-de-respuesta-del-servicio-de-atencion-al-cliente\/"]}]},{"@type":"BreadcrumbList","@id":"https:\/\/www.spottergps.com\/es\/faq\/general\/reatiempo-de-respuesta-del-servicio-de-atencion-al-cliente\/#breadcrumb","itemListElement":[{"@type":"ListItem","position":1,"name":"Home","item":"https:\/\/www.spottergps.com\/es\/"},{"@type":"ListItem","position":2,"name":"\u00bfC\u00f3mo podemos ayudarte?","item":"https:\/\/www.spottergps.com\/es\/faq\/"},{"@type":"ListItem","position":3,"name":"General","item":"https:\/\/www.spottergps.com\/es\/faq\/general\/"},{"@type":"ListItem","position":4,"name":"Tiempo de respuesta del servicio de atenci\u00f3n al cliente"}]},{"@type":"WebSite","@id":"https:\/\/www.spottergps.com\/es\/#website","url":"https:\/\/www.spottergps.com\/es\/","name":"Spotter Spain","description":"Para todo lo que amas","publisher":{"@id":"https:\/\/www.spottergps.com\/es\/#organization"},"potentialAction":[{"@type":"SearchAction","target":{"@type":"EntryPoint","urlTemplate":"https:\/\/www.spottergps.com\/es\/?s={search_term_string}"},"query-input":{"@type":"PropertyValueSpecification","valueRequired":true,"valueName":"search_term_string"}}],"inLanguage":"es-ES"},{"@type":"Organization","@id":"https:\/\/www.spottergps.com\/es\/#organization","name":"Spotter B.V.","url":"https:\/\/www.spottergps.com\/es\/","logo":{"@type":"ImageObject","inLanguage":"es-ES","@id":"https:\/\/www.spottergps.com\/es\/#\/schema\/logo\/image\/","url":"https:\/\/www.spottergps.com\/es\/wp-content\/uploads\/sites\/7\/2023\/09\/Spotter_logo.png","contentUrl":"https:\/\/www.spottergps.com\/es\/wp-content\/uploads\/sites\/7\/2023\/09\/Spotter_logo.png","width":1500,"height":696,"caption":"Spotter B.V."},"image":{"@id":"https:\/\/www.spottergps.com\/es\/#\/schema\/logo\/image\/"}}]}},"_links":{"self":[{"href":"https:\/\/www.spottergps.com\/es\/wp-json\/wp\/v2\/pages\/49","targetHints":{"allow":["GET"]}}],"collection":[{"href":"https:\/\/www.spottergps.com\/es\/wp-json\/wp\/v2\/pages"}],"about":[{"href":"https:\/\/www.spottergps.com\/es\/wp-json\/wp\/v2\/types\/page"}],"author":[{"embeddable":true,"href":"https:\/\/www.spottergps.com\/es\/wp-json\/wp\/v2\/users\/10"}],"replies":[{"embeddable":true,"href":"https:\/\/www.spottergps.com\/es\/wp-json\/wp\/v2\/comments?post=49"}],"version-history":[{"count":4,"href":"https:\/\/www.spottergps.com\/es\/wp-json\/wp\/v2\/pages\/49\/revisions"}],"predecessor-version":[{"id":1361,"href":"https:\/\/www.spottergps.com\/es\/wp-json\/wp\/v2\/pages\/49\/revisions\/1361"}],"up":[{"embeddable":true,"href":"https:\/\/www.spottergps.com\/es\/wp-json\/wp\/v2\/pages\/35"}],"wp:attachment":[{"href":"https:\/\/www.spottergps.com\/es\/wp-json\/wp\/v2\/media?parent=49"}],"wp:term":[{"taxonomy":"category","embeddable":true,"href":"https:\/\/www.spottergps.com\/es\/wp-json\/wp\/v2\/categories?post=49"},{"taxonomy":"post_tag","embeddable":true,"href":"https:\/\/www.spottergps.com\/es\/wp-json\/wp\/v2\/tags?post=49"}],"curies":[{"name":"wp","href":"https:\/\/api.w.org\/{rel}","templated":true}]}}