{"id":458,"date":"2023-04-17T08:03:11","date_gmt":"2023-04-17T08:03:11","guid":{"rendered":"https:\/\/www.spottergps.com\/es\/?page_id=458"},"modified":"2025-12-24T12:48:20","modified_gmt":"2025-12-24T12:48:20","slug":"localizador-para-gatos","status":"publish","type":"page","link":"https:\/\/www.spottergps.com\/es\/localizador-para-gatos\/","title":{"rendered":""},"content":{"rendered":"\n<div class=\"wp-block-columns is-layout-flex wp-container-core-columns-is-layout-9d6595d7 wp-block-columns-is-layout-flex\">\n<div class=\"wp-block-column is-layout-flow wp-block-column-is-layout-flow\">\n<p><\/p>\n<\/div>\n\n\n\n<div class=\"wp-block-column is-layout-flow wp-block-column-is-layout-flow\"><\/div>\n<\/div>\n\n\n\n<p><\/p>\n","protected":false},"excerpt":{"rendered":"","protected":false},"author":10,"featured_media":2401,"parent":0,"menu_order":0,"comment_status":"closed","ping_status":"closed","template":"","meta":{"_acf_changed":false,"footnotes":""},"categories":[],"tags":[],"class_list":["post-458","page","type-page","status-publish","has-post-thumbnail","hentry"],"acf":[],"yoast_head":"<!-- This site is optimized with the Yoast SEO plugin v25.9 - https:\/\/yoast.com\/wordpress\/plugins\/seo\/ -->\n<title>GPS para gatos \u2013 Vig\u00edlalo d\u00eda y noche | Spotter\u00ae \u2764<\/title>\n<meta name=\"description\" content=\"Le localizador GPS para gatos m\u00e1s peque\u00f1a sin suscripci\u00f3n. Observa todas las aventuras de tu gato a trav\u00e9s de tu tel\u00e9fono inteligente.\" \/>\n<meta name=\"robots\" content=\"index, follow, max-snippet:-1, max-image-preview:large, max-video-preview:-1\" \/>\n<link rel=\"canonical\" href=\"https:\/\/www.spottergps.com\/es\/localizador-para-gatos\/\" \/>\n<meta property=\"og:locale\" content=\"es_ES\" \/>\n<meta property=\"og:type\" content=\"article\" \/>\n<meta property=\"og:title\" content=\"GPS para gatos \u2013 Vig\u00edlalo d\u00eda y noche | Spotter\u00ae \u2764\" \/>\n<meta property=\"og:description\" content=\"Le localizador GPS para gatos m\u00e1s peque\u00f1a sin suscripci\u00f3n. Observa todas las aventuras de tu gato a trav\u00e9s de tu tel\u00e9fono inteligente.\" \/>\n<meta property=\"og:url\" content=\"https:\/\/www.spottergps.com\/es\/localizador-para-gatos\/\" \/>\n<meta property=\"og:site_name\" content=\"Spotter Spain\" \/>\n<meta property=\"article:modified_time\" content=\"2025-12-24T12:48:20+00:00\" \/>\n<meta property=\"og:image\" content=\"https:\/\/www.spottergps.com\/es\/wp-content\/uploads\/sites\/7\/2025\/07\/spotter_pet_kat_afbeeldingen-webshop_9.jpg\" \/>\n\t<meta property=\"og:image:width\" content=\"1800\" \/>\n\t<meta property=\"og:image:height\" content=\"1800\" \/>\n\t<meta property=\"og:image:type\" content=\"image\/jpeg\" \/>\n<meta name=\"twitter:card\" content=\"summary_large_image\" \/>\n<meta name=\"twitter:label1\" content=\"Tiempo de lectura\" \/>\n\t<meta name=\"twitter:data1\" content=\"1 minute\" \/>\n<script type=\"application\/ld+json\" class=\"yoast-schema-graph\">{\"@context\":\"https:\/\/schema.org\",\"@graph\":[{\"@type\":\"WebPage\",\"@id\":\"https:\/\/www.spottergps.com\/es\/localizador-para-gatos\/\",\"url\":\"https:\/\/www.spottergps.com\/es\/localizador-para-gatos\/\",\"name\":\"GPS para gatos \u2013 Vig\u00edlalo d\u00eda y noche | Spotter\u00ae \u2764\",\"isPartOf\":{\"@id\":\"https:\/\/www.spottergps.com\/es\/#website\"},\"primaryImageOfPage\":{\"@id\":\"https:\/\/www.spottergps.com\/es\/localizador-para-gatos\/#primaryimage\"},\"image\":{\"@id\":\"https:\/\/www.spottergps.com\/es\/localizador-para-gatos\/#primaryimage\"},\"thumbnailUrl\":\"https:\/\/www.spottergps.com\/es\/wp-content\/uploads\/sites\/7\/2025\/07\/spotter_pet_kat_afbeeldingen-webshop_9.jpg\",\"datePublished\":\"2023-04-17T08:03:11+00:00\",\"dateModified\":\"2025-12-24T12:48:20+00:00\",\"description\":\"Le localizador GPS para gatos m\u00e1s peque\u00f1a sin suscripci\u00f3n. Observa todas las aventuras de tu gato a trav\u00e9s de tu tel\u00e9fono inteligente.\",\"inLanguage\":\"es-ES\",\"potentialAction\":[{\"@type\":\"ReadAction\",\"target\":[\"https:\/\/www.spottergps.com\/es\/localizador-para-gatos\/\"]}]},{\"@type\":\"ImageObject\",\"inLanguage\":\"es-ES\",\"@id\":\"https:\/\/www.spottergps.com\/es\/localizador-para-gatos\/#primaryimage\",\"url\":\"https:\/\/www.spottergps.com\/es\/wp-content\/uploads\/sites\/7\/2025\/07\/spotter_pet_kat_afbeeldingen-webshop_9.jpg\",\"contentUrl\":\"https:\/\/www.spottergps.com\/es\/wp-content\/uploads\/sites\/7\/2025\/07\/spotter_pet_kat_afbeeldingen-webshop_9.jpg\",\"width\":1800,\"height\":1800,\"caption\":\"GPS para gatos - Spotter\"},{\"@type\":\"WebSite\",\"@id\":\"https:\/\/www.spottergps.com\/es\/#website\",\"url\":\"https:\/\/www.spottergps.com\/es\/\",\"name\":\"Spotter Spain\",\"description\":\"Para todo lo que amas\",\"publisher\":{\"@id\":\"https:\/\/www.spottergps.com\/es\/#organization\"},\"potentialAction\":[{\"@type\":\"SearchAction\",\"target\":{\"@type\":\"EntryPoint\",\"urlTemplate\":\"https:\/\/www.spottergps.com\/es\/?s={search_term_string}\"},\"query-input\":{\"@type\":\"PropertyValueSpecification\",\"valueRequired\":true,\"valueName\":\"search_term_string\"}}],\"inLanguage\":\"es-ES\"},{\"@type\":\"Organization\",\"@id\":\"https:\/\/www.spottergps.com\/es\/#organization\",\"name\":\"Spotter B.V.\",\"url\":\"https:\/\/www.spottergps.com\/es\/\",\"logo\":{\"@type\":\"ImageObject\",\"inLanguage\":\"es-ES\",\"@id\":\"https:\/\/www.spottergps.com\/es\/#\/schema\/logo\/image\/\",\"url\":\"https:\/\/www.spottergps.com\/es\/wp-content\/uploads\/sites\/7\/2023\/09\/Spotter_logo.png\",\"contentUrl\":\"https:\/\/www.spottergps.com\/es\/wp-content\/uploads\/sites\/7\/2023\/09\/Spotter_logo.png\",\"width\":1500,\"height\":696,\"caption\":\"Spotter B.V.\"},\"image\":{\"@id\":\"https:\/\/www.spottergps.com\/es\/#\/schema\/logo\/image\/\"}}]}<\/script>\n<!-- \/ Yoast SEO plugin. -->","yoast_head_json":{"title":"GPS para gatos \u2013 Vig\u00edlalo d\u00eda y noche | Spotter\u00ae \u2764","description":"Le localizador GPS para gatos m\u00e1s peque\u00f1a sin suscripci\u00f3n. Observa todas las aventuras de tu gato a trav\u00e9s de tu tel\u00e9fono inteligente.","robots":{"index":"index","follow":"follow","max-snippet":"max-snippet:-1","max-image-preview":"max-image-preview:large","max-video-preview":"max-video-preview:-1"},"canonical":"https:\/\/www.spottergps.com\/es\/localizador-para-gatos\/","og_locale":"es_ES","og_type":"article","og_title":"GPS para gatos \u2013 Vig\u00edlalo d\u00eda y noche | Spotter\u00ae \u2764","og_description":"Le localizador GPS para gatos m\u00e1s peque\u00f1a sin suscripci\u00f3n. Observa todas las aventuras de tu gato a trav\u00e9s de tu tel\u00e9fono inteligente.","og_url":"https:\/\/www.spottergps.com\/es\/localizador-para-gatos\/","og_site_name":"Spotter Spain","article_modified_time":"2025-12-24T12:48:20+00:00","og_image":[{"width":1800,"height":1800,"url":"https:\/\/www.spottergps.com\/es\/wp-content\/uploads\/sites\/7\/2025\/07\/spotter_pet_kat_afbeeldingen-webshop_9.jpg","type":"image\/jpeg"}],"twitter_card":"summary_large_image","twitter_misc":{"Tiempo de lectura":"1 minute"},"schema":{"@context":"https:\/\/schema.org","@graph":[{"@type":"WebPage","@id":"https:\/\/www.spottergps.com\/es\/localizador-para-gatos\/","url":"https:\/\/www.spottergps.com\/es\/localizador-para-gatos\/","name":"GPS para gatos \u2013 Vig\u00edlalo d\u00eda y noche | Spotter\u00ae \u2764","isPartOf":{"@id":"https:\/\/www.spottergps.com\/es\/#website"},"primaryImageOfPage":{"@id":"https:\/\/www.spottergps.com\/es\/localizador-para-gatos\/#primaryimage"},"image":{"@id":"https:\/\/www.spottergps.com\/es\/localizador-para-gatos\/#primaryimage"},"thumbnailUrl":"https:\/\/www.spottergps.com\/es\/wp-content\/uploads\/sites\/7\/2025\/07\/spotter_pet_kat_afbeeldingen-webshop_9.jpg","datePublished":"2023-04-17T08:03:11+00:00","dateModified":"2025-12-24T12:48:20+00:00","description":"Le localizador GPS para gatos m\u00e1s peque\u00f1a sin suscripci\u00f3n. Observa todas las aventuras de tu gato a trav\u00e9s de tu tel\u00e9fono inteligente.","inLanguage":"es-ES","potentialAction":[{"@type":"ReadAction","target":["https:\/\/www.spottergps.com\/es\/localizador-para-gatos\/"]}]},{"@type":"ImageObject","inLanguage":"es-ES","@id":"https:\/\/www.spottergps.com\/es\/localizador-para-gatos\/#primaryimage","url":"https:\/\/www.spottergps.com\/es\/wp-content\/uploads\/sites\/7\/2025\/07\/spotter_pet_kat_afbeeldingen-webshop_9.jpg","contentUrl":"https:\/\/www.spottergps.com\/es\/wp-content\/uploads\/sites\/7\/2025\/07\/spotter_pet_kat_afbeeldingen-webshop_9.jpg","width":1800,"height":1800,"caption":"GPS para gatos - Spotter"},{"@type":"WebSite","@id":"https:\/\/www.spottergps.com\/es\/#website","url":"https:\/\/www.spottergps.com\/es\/","name":"Spotter Spain","description":"Para todo lo que amas","publisher":{"@id":"https:\/\/www.spottergps.com\/es\/#organization"},"potentialAction":[{"@type":"SearchAction","target":{"@type":"EntryPoint","urlTemplate":"https:\/\/www.spottergps.com\/es\/?s={search_term_string}"},"query-input":{"@type":"PropertyValueSpecification","valueRequired":true,"valueName":"search_term_string"}}],"inLanguage":"es-ES"},{"@type":"Organization","@id":"https:\/\/www.spottergps.com\/es\/#organization","name":"Spotter B.V.","url":"https:\/\/www.spottergps.com\/es\/","logo":{"@type":"ImageObject","inLanguage":"es-ES","@id":"https:\/\/www.spottergps.com\/es\/#\/schema\/logo\/image\/","url":"https:\/\/www.spottergps.com\/es\/wp-content\/uploads\/sites\/7\/2023\/09\/Spotter_logo.png","contentUrl":"https:\/\/www.spottergps.com\/es\/wp-content\/uploads\/sites\/7\/2023\/09\/Spotter_logo.png","width":1500,"height":696,"caption":"Spotter B.V."},"image":{"@id":"https:\/\/www.spottergps.com\/es\/#\/schema\/logo\/image\/"}}]}},"_links":{"self":[{"href":"https:\/\/www.spottergps.com\/es\/wp-json\/wp\/v2\/pages\/458","targetHints":{"allow":["GET"]}}],"collection":[{"href":"https:\/\/www.spottergps.com\/es\/wp-json\/wp\/v2\/pages"}],"about":[{"href":"https:\/\/www.spottergps.com\/es\/wp-json\/wp\/v2\/types\/page"}],"author":[{"embeddable":true,"href":"https:\/\/www.spottergps.com\/es\/wp-json\/wp\/v2\/users\/10"}],"replies":[{"embeddable":true,"href":"https:\/\/www.spottergps.com\/es\/wp-json\/wp\/v2\/comments?post=458"}],"version-history":[{"count":94,"href":"https:\/\/www.spottergps.com\/es\/wp-json\/wp\/v2\/pages\/458\/revisions"}],"predecessor-version":[{"id":2472,"href":"https:\/\/www.spottergps.com\/es\/wp-json\/wp\/v2\/pages\/458\/revisions\/2472"}],"wp:featuredmedia":[{"embeddable":true,"href":"https:\/\/www.spottergps.com\/es\/wp-json\/wp\/v2\/media\/2401"}],"wp:attachment":[{"href":"https:\/\/www.spottergps.com\/es\/wp-json\/wp\/v2\/media?parent=458"}],"wp:term":[{"taxonomy":"category","embeddable":true,"href":"https:\/\/www.spottergps.com\/es\/wp-json\/wp\/v2\/categories?post=458"},{"taxonomy":"post_tag","embeddable":true,"href":"https:\/\/www.spottergps.com\/es\/wp-json\/wp\/v2\/tags?post=458"}],"curies":[{"name":"wp","href":"https:\/\/api.w.org\/{rel}","templated":true}]}}