{"id":40,"date":"2023-03-29T09:00:31","date_gmt":"2023-03-29T09:00:31","guid":{"rendered":"https:\/\/www.spottergps.com\/es\/?page_id=40"},"modified":"2026-01-12T13:36:51","modified_gmt":"2026-01-12T13:36:51","slug":"regimen-de-garantia","status":"publish","type":"page","link":"https:\/\/www.spottergps.com\/es\/faq\/general\/regimen-de-garantia\/","title":{"rendered":"R\u00e9gimen de garant\u00eda"},"content":{"rendered":"\n<p>Nuestros productos han sido desarrollados y compuestos con el m\u00e1ximo cuidado. Su Spotter viene con una garant\u00eda de 2 a\u00f1os. Entonces, si hay un problema, puede enviarnos el Spotter y lo resolveremos por usted. Lea atentamente las condiciones de garant\u00eda para saber si tiene derecho a una garant\u00eda para su producto.<\/p>\n\n\n\n<h3 class=\"wp-block-heading\">Nuestras condiciones de garant\u00eda<\/h3>\n\n\n\n<p><\/p>\n\n\n\n<ol class=\"wp-block-list\">\n<li>El per\u00edodo de garant\u00eda es de 2 a\u00f1os en el hardware. El per\u00edodo de garant\u00eda comienza desde el momento en que se entrega el hardware. El recibo de compra del hardware sirve como prueba de garant\u00eda, as\u00ed que gu\u00e1rdelo en un lugar seguro.<\/li>\n\n\n\n<li>Si se producen errores, imperfecciones y\/o defectos visibles durante la ejecuci\u00f3n del trabajo, en los materiales utilizados o en los bienes entregados, que deben haber estado presentes en el momento de la entrega, Spotter B.V. dentro del per\u00edodo de garant\u00eda, reparar o reemplazar esos bienes, a su elecci\u00f3n, sin cargo.<\/li>\n\n\n\n<li>Spotter BV garantiza que los bienes entregados tienen las propiedades requeridas para un uso normal.<\/li>\n\n\n\n<li>No puede haber garant\u00eda sobre el hardware si:<\/li>\n\n\n\n<li>Hay desgaste normal, exclusivamente a discreci\u00f3n de Spotter B.V.;<\/li>\n<\/ol>\n\n\n\n<ul class=\"wp-block-list\">\n<li>Si se han realizado cambios en o al producto, incluidas las reparaciones que no se han realizado con el permiso de Spotter B.V. ha sido interpretado;<\/li>\n\n\n\n<li>Si se han realizado cambios en o al producto, incluidas las reparaciones que no se han realizado con el permiso de Spotter B.V. ha sido interpretado;<\/li>\n\n\n\n<li>Si la factura original no se puede presentar, ha sido modificada o es ilegible;<\/li>\n\n\n\n<li>Si los defectos son el resultado de un uso no destinado o imprudente;<\/li>\n\n\n\n<li>&nbsp;Si el da\u00f1o es causado por dolo, negligencia grave o mantenimiento negligente;<\/li>\n\n\n\n<li>Si los enchufes, conectores, cableado est\u00e1n da\u00f1ados y\/o modificados.<\/li>\n<\/ul>\n\n\n\n<h3 class=\"wp-block-heading\">Invocar garant\u00eda<\/h3>\n\n\n\n<p>Si el propio Spotter es defectuoso (hardware) o hay otro defecto, p\u00f3ngase en contacto con nuestro servicio de atenci\u00f3n al cliente a trav\u00e9s del <a href=\"https:\/\/www.spottergps.com\/es\/contacto\/\">formulario de contacto<\/a>. El servicio de atenci\u00f3n al cliente comprueba el Spotter por usted y le informa sobre los pr\u00f3ximos pasos. Dependiendo de las respuestas a estas preguntas, recibir\u00e1 una direcci\u00f3n de remitente por correo electr\u00f3nico a la que puede enviar el Spotter. El servicio de atenci\u00f3n al cliente examinar\u00e1 el Spotter y le enviar\u00e1 uno nuevo o reparar\u00e1 el producto a cargo de Spotter B.V.<\/p>\n\n\n\n<h3 class=\"wp-block-heading\" id=\"tw-target-text\">Quejas <\/h3>\n\n\n\n<p id=\"tw-target-text\">\u00bfTodav\u00eda tienes alguna queja a pesar de nuestro buen servicio? Entonces nos disculpamos por esto. La satisfacci\u00f3n del cliente es nuestra principal prioridad. Desafortunadamente, tambi\u00e9n cometemos errores. Para quejas, puede comunicarse con nosotros en d\u00edas h\u00e1biles a trav\u00e9s de <a href=\"mailto:info@spottergps.com\">info@spottergps.com<\/a>. <\/p>\n\n\n\n<h3 class=\"wp-block-heading\">\u00bfA\u00fan no est\u00e1s satisfecho? Luego b\u00fascalo m\u00e1s arriba. \u00a1Escribenos! <\/h3>\n\n\n\n<p>Spotter BV <br>Leeuwenhoekweg 20c <br>2661 CZ Bergschenhoek <br>Los pa\u00edses bajos<\/p>\n","protected":false},"excerpt":{"rendered":"<p>Nuestros productos han sido desarrollados y compuestos con el m\u00e1ximo cuidado. Su Spotter viene con una garant\u00eda de 2 a\u00f1os. Entonces, si hay un problema, puede enviarnos el Spotter y lo resolveremos por usted. Lea atentamente las condiciones de garant\u00eda para saber si tiene derecho a una garant\u00eda para su producto. Nuestras condiciones de garant\u00eda [&hellip;]<\/p>\n","protected":false},"author":10,"featured_media":0,"parent":35,"menu_order":0,"comment_status":"closed","ping_status":"closed","template":"faq-content.php","meta":{"_acf_changed":false,"footnotes":""},"categories":[2],"tags":[],"class_list":["post-40","page","type-page","status-publish","hentry","category-faq"],"acf":[],"yoast_head":"<!-- This site is optimized with the Yoast SEO plugin v25.9 - https:\/\/yoast.com\/wordpress\/plugins\/seo\/ -->\n<title>R\u00e9gimen de garant\u00eda - Spotter Spain<\/title>\n<meta name=\"robots\" content=\"noindex, nofollow\" \/>\n<meta property=\"og:locale\" content=\"es_ES\" \/>\n<meta property=\"og:type\" content=\"article\" \/>\n<meta property=\"og:title\" content=\"R\u00e9gimen de garant\u00eda - Spotter Spain\" \/>\n<meta property=\"og:description\" content=\"Nuestros productos han sido desarrollados y compuestos con el m\u00e1ximo cuidado. Su Spotter viene con una garant\u00eda de 2 a\u00f1os. Entonces, si hay un problema, puede enviarnos el Spotter y lo resolveremos por usted. Lea atentamente las condiciones de garant\u00eda para saber si tiene derecho a una garant\u00eda para su producto. Nuestras condiciones de garant\u00eda [&hellip;]\" \/>\n<meta property=\"og:url\" content=\"https:\/\/www.spottergps.com\/es\/faq\/general\/regimen-de-garantia\/\" \/>\n<meta property=\"og:site_name\" content=\"Spotter Spain\" \/>\n<meta property=\"article:modified_time\" content=\"2026-01-12T13:36:51+00:00\" \/>\n<meta name=\"twitter:card\" content=\"summary_large_image\" \/>\n<meta name=\"twitter:label1\" content=\"Tiempo de lectura\" \/>\n\t<meta name=\"twitter:data1\" content=\"2 minutes\" \/>\n<script type=\"application\/ld+json\" class=\"yoast-schema-graph\">{\"@context\":\"https:\/\/schema.org\",\"@graph\":[{\"@type\":\"WebPage\",\"@id\":\"https:\/\/www.spottergps.com\/es\/faq\/general\/regimen-de-garantia\/\",\"url\":\"https:\/\/www.spottergps.com\/es\/faq\/general\/regimen-de-garantia\/\",\"name\":\"R\u00e9gimen de garant\u00eda - Spotter Spain\",\"isPartOf\":{\"@id\":\"https:\/\/www.spottergps.com\/es\/#website\"},\"datePublished\":\"2023-03-29T09:00:31+00:00\",\"dateModified\":\"2026-01-12T13:36:51+00:00\",\"breadcrumb\":{\"@id\":\"https:\/\/www.spottergps.com\/es\/faq\/general\/regimen-de-garantia\/#breadcrumb\"},\"inLanguage\":\"es-ES\",\"potentialAction\":[{\"@type\":\"ReadAction\",\"target\":[\"https:\/\/www.spottergps.com\/es\/faq\/general\/regimen-de-garantia\/\"]}]},{\"@type\":\"BreadcrumbList\",\"@id\":\"https:\/\/www.spottergps.com\/es\/faq\/general\/regimen-de-garantia\/#breadcrumb\",\"itemListElement\":[{\"@type\":\"ListItem\",\"position\":1,\"name\":\"Home\",\"item\":\"https:\/\/www.spottergps.com\/es\/\"},{\"@type\":\"ListItem\",\"position\":2,\"name\":\"\u00bfC\u00f3mo podemos ayudarte?\",\"item\":\"https:\/\/www.spottergps.com\/es\/faq\/\"},{\"@type\":\"ListItem\",\"position\":3,\"name\":\"General\",\"item\":\"https:\/\/www.spottergps.com\/es\/faq\/general\/\"},{\"@type\":\"ListItem\",\"position\":4,\"name\":\"R\u00e9gimen de garant\u00eda\"}]},{\"@type\":\"WebSite\",\"@id\":\"https:\/\/www.spottergps.com\/es\/#website\",\"url\":\"https:\/\/www.spottergps.com\/es\/\",\"name\":\"Spotter Spain\",\"description\":\"Para todo lo que amas\",\"publisher\":{\"@id\":\"https:\/\/www.spottergps.com\/es\/#organization\"},\"potentialAction\":[{\"@type\":\"SearchAction\",\"target\":{\"@type\":\"EntryPoint\",\"urlTemplate\":\"https:\/\/www.spottergps.com\/es\/?s={search_term_string}\"},\"query-input\":{\"@type\":\"PropertyValueSpecification\",\"valueRequired\":true,\"valueName\":\"search_term_string\"}}],\"inLanguage\":\"es-ES\"},{\"@type\":\"Organization\",\"@id\":\"https:\/\/www.spottergps.com\/es\/#organization\",\"name\":\"Spotter B.V.\",\"url\":\"https:\/\/www.spottergps.com\/es\/\",\"logo\":{\"@type\":\"ImageObject\",\"inLanguage\":\"es-ES\",\"@id\":\"https:\/\/www.spottergps.com\/es\/#\/schema\/logo\/image\/\",\"url\":\"https:\/\/www.spottergps.com\/es\/wp-content\/uploads\/sites\/7\/2023\/09\/Spotter_logo.png\",\"contentUrl\":\"https:\/\/www.spottergps.com\/es\/wp-content\/uploads\/sites\/7\/2023\/09\/Spotter_logo.png\",\"width\":1500,\"height\":696,\"caption\":\"Spotter B.V.\"},\"image\":{\"@id\":\"https:\/\/www.spottergps.com\/es\/#\/schema\/logo\/image\/\"}}]}<\/script>\n<!-- \/ Yoast SEO plugin. -->","yoast_head_json":{"title":"R\u00e9gimen de garant\u00eda - Spotter Spain","robots":{"index":"noindex","follow":"nofollow"},"og_locale":"es_ES","og_type":"article","og_title":"R\u00e9gimen de garant\u00eda - Spotter Spain","og_description":"Nuestros productos han sido desarrollados y compuestos con el m\u00e1ximo cuidado. Su Spotter viene con una garant\u00eda de 2 a\u00f1os. Entonces, si hay un problema, puede enviarnos el Spotter y lo resolveremos por usted. Lea atentamente las condiciones de garant\u00eda para saber si tiene derecho a una garant\u00eda para su producto. Nuestras condiciones de garant\u00eda [&hellip;]","og_url":"https:\/\/www.spottergps.com\/es\/faq\/general\/regimen-de-garantia\/","og_site_name":"Spotter Spain","article_modified_time":"2026-01-12T13:36:51+00:00","twitter_card":"summary_large_image","twitter_misc":{"Tiempo de lectura":"2 minutes"},"schema":{"@context":"https:\/\/schema.org","@graph":[{"@type":"WebPage","@id":"https:\/\/www.spottergps.com\/es\/faq\/general\/regimen-de-garantia\/","url":"https:\/\/www.spottergps.com\/es\/faq\/general\/regimen-de-garantia\/","name":"R\u00e9gimen de garant\u00eda - Spotter Spain","isPartOf":{"@id":"https:\/\/www.spottergps.com\/es\/#website"},"datePublished":"2023-03-29T09:00:31+00:00","dateModified":"2026-01-12T13:36:51+00:00","breadcrumb":{"@id":"https:\/\/www.spottergps.com\/es\/faq\/general\/regimen-de-garantia\/#breadcrumb"},"inLanguage":"es-ES","potentialAction":[{"@type":"ReadAction","target":["https:\/\/www.spottergps.com\/es\/faq\/general\/regimen-de-garantia\/"]}]},{"@type":"BreadcrumbList","@id":"https:\/\/www.spottergps.com\/es\/faq\/general\/regimen-de-garantia\/#breadcrumb","itemListElement":[{"@type":"ListItem","position":1,"name":"Home","item":"https:\/\/www.spottergps.com\/es\/"},{"@type":"ListItem","position":2,"name":"\u00bfC\u00f3mo podemos ayudarte?","item":"https:\/\/www.spottergps.com\/es\/faq\/"},{"@type":"ListItem","position":3,"name":"General","item":"https:\/\/www.spottergps.com\/es\/faq\/general\/"},{"@type":"ListItem","position":4,"name":"R\u00e9gimen de garant\u00eda"}]},{"@type":"WebSite","@id":"https:\/\/www.spottergps.com\/es\/#website","url":"https:\/\/www.spottergps.com\/es\/","name":"Spotter Spain","description":"Para todo lo que amas","publisher":{"@id":"https:\/\/www.spottergps.com\/es\/#organization"},"potentialAction":[{"@type":"SearchAction","target":{"@type":"EntryPoint","urlTemplate":"https:\/\/www.spottergps.com\/es\/?s={search_term_string}"},"query-input":{"@type":"PropertyValueSpecification","valueRequired":true,"valueName":"search_term_string"}}],"inLanguage":"es-ES"},{"@type":"Organization","@id":"https:\/\/www.spottergps.com\/es\/#organization","name":"Spotter B.V.","url":"https:\/\/www.spottergps.com\/es\/","logo":{"@type":"ImageObject","inLanguage":"es-ES","@id":"https:\/\/www.spottergps.com\/es\/#\/schema\/logo\/image\/","url":"https:\/\/www.spottergps.com\/es\/wp-content\/uploads\/sites\/7\/2023\/09\/Spotter_logo.png","contentUrl":"https:\/\/www.spottergps.com\/es\/wp-content\/uploads\/sites\/7\/2023\/09\/Spotter_logo.png","width":1500,"height":696,"caption":"Spotter B.V."},"image":{"@id":"https:\/\/www.spottergps.com\/es\/#\/schema\/logo\/image\/"}}]}},"_links":{"self":[{"href":"https:\/\/www.spottergps.com\/es\/wp-json\/wp\/v2\/pages\/40","targetHints":{"allow":["GET"]}}],"collection":[{"href":"https:\/\/www.spottergps.com\/es\/wp-json\/wp\/v2\/pages"}],"about":[{"href":"https:\/\/www.spottergps.com\/es\/wp-json\/wp\/v2\/types\/page"}],"author":[{"embeddable":true,"href":"https:\/\/www.spottergps.com\/es\/wp-json\/wp\/v2\/users\/10"}],"replies":[{"embeddable":true,"href":"https:\/\/www.spottergps.com\/es\/wp-json\/wp\/v2\/comments?post=40"}],"version-history":[{"count":9,"href":"https:\/\/www.spottergps.com\/es\/wp-json\/wp\/v2\/pages\/40\/revisions"}],"predecessor-version":[{"id":2537,"href":"https:\/\/www.spottergps.com\/es\/wp-json\/wp\/v2\/pages\/40\/revisions\/2537"}],"up":[{"embeddable":true,"href":"https:\/\/www.spottergps.com\/es\/wp-json\/wp\/v2\/pages\/35"}],"wp:attachment":[{"href":"https:\/\/www.spottergps.com\/es\/wp-json\/wp\/v2\/media?parent=40"}],"wp:term":[{"taxonomy":"category","embeddable":true,"href":"https:\/\/www.spottergps.com\/es\/wp-json\/wp\/v2\/categories?post=40"},{"taxonomy":"post_tag","embeddable":true,"href":"https:\/\/www.spottergps.com\/es\/wp-json\/wp\/v2\/tags?post=40"}],"curies":[{"name":"wp","href":"https:\/\/api.w.org\/{rel}","templated":true}]}}